{"id":12063,"date":"2025-12-31T07:28:45","date_gmt":"2025-12-31T06:28:45","guid":{"rendered":"https:\/\/beinghd.com\/?post_type=product&#038;p=12063"},"modified":"2026-04-18T18:36:14","modified_gmt":"2026-04-18T22:36:14","slug":"36x36-modular-matrix-switcher-with-ipad-app-control","status":"publish","type":"product","link":"https:\/\/beinghd.com\/ar\/%d8%a7%d9%84%d9%85%d9%86%d8%aa%d8%ac\/36x36-modular-matrix-switcher-with-ipad-app-control\/","title":{"rendered":"\u062c\u0647\u0627\u0632 \u062a\u0628\u062f\u064a\u0644 \u0627\u0644\u0645\u0635\u0641\u0648\u0641\u0627\u062a \u0627\u0644\u0645\u0639\u064a\u0627\u0631\u064a 36 \u00d7 36 \u0645\u0639 \u0627\u0644\u062a\u062d\u0643\u0645 \u0641\u064a \u062a\u0637\u0628\u064a\u0642 iPad"},"content":{"rendered":"<p data-rm-block-id=\"block-1\"><img fetchpriority=\"high\" decoding=\"async\" class=\"aligncenter wp-image-12078\" src=\"https:\/\/www.beinghd.com\/wp-content\/uploads\/2025\/12\/word-image-12063-1.png\" alt=\"\u062c\u0647\u0627\u0632 \u062a\u0628\u062f\u064a\u0644 \u0645\u0635\u0641\u0648\u0641\u0629 \u0648\u062d\u062f\u0627\u062a 36 \u00d7 36\" width=\"663\" height=\"683\" srcset=\"https:\/\/beinghd.com\/wp-content\/uploads\/2025\/12\/word-image-12063-1.png 663w, https:\/\/beinghd.com\/wp-content\/uploads\/2025\/12\/word-image-12063-1-291x300.png 291w, https:\/\/beinghd.com\/wp-content\/uploads\/2025\/12\/word-image-12063-1-12x12.png 12w, https:\/\/beinghd.com\/wp-content\/uploads\/2025\/12\/word-image-12063-1-600x618.png 600w\" sizes=\"(max-width: 663px) 100vw, 663px\" \/><\/p>\n<p data-rm-block-id=\"block-2\"><strong>\u0645\u0642\u062f\u0645\u0629<br \/>\nThe 36&#215;36 Modular Matrix Switcher (Model FM-3600) is a high-performance AV solution with a modular chassis, featuring 36 input slots and 36 output slots<br \/>\n<\/strong><\/p>\n<p data-rm-block-id=\"block-3\">This is a modular matrix switcher, with 9 input slots and 9 output slots, so it can support maximum 36 inputs and 36 outputs as it\u2019s using 1-card 4-port cards, the signals are including the DVI, HDMI, HDBasT, Fiber Optic, 3G-SDI. Users are able to have mixed signals inputs and mixed signals outputs.<\/p>\n<p data-rm-block-id=\"block-4\">\u064a\u0645\u0643\u0646 \u0623\u0646 \u062a\u0635\u0644 \u0633\u0631\u0639\u0629 \u062a\u0628\u062f\u064a\u0644 \u0627\u0644\u0625\u0634\u0627\u0631\u0629 \u0623\u062d\u0627\u062f\u064a\u0629 \u0627\u0644\u0642\u0646\u0627\u0629 \u0625\u0644\u0649 12.5 \u062c\u064a\u062c\u0627\u0628\u062a \u0641\u064a \u0627\u0644\u062b\u0627\u0646\u064a\u0629\u060c \u0648\u062a\u0633\u062a\u062e\u062f\u0645 \u0627\u0644\u0644\u0648\u062d\u0629 \u0627\u0644\u0631\u0626\u064a\u0633\u064a\u0629 \u062a\u0642\u0646\u064a\u0629 \u0627\u0644\u0645\u0639\u0627\u0644\u062c\u0629 \u0628\u0623\u0631\u0628\u0639\u0629 \u0648\u0635\u0644\u0627\u062a \u0623\u0633\u0627\u0633\u064a\u0629\u060c \u0648\u064a\u0645\u0643\u0646 \u0623\u0646 \u062a\u0635\u0644 \u0633\u0631\u0639\u0629 \u0642\u062f\u0631\u0629 \u0627\u0644\u062a\u0628\u062f\u064a\u0644 \u0625\u0644\u0649 32 \u062c\u064a\u062c\u0627\u0628\u062a \u0641\u064a \u0627\u0644\u062b\u0627\u0646\u064a\u0629. \u0645\u0639 \u062a\u0642\u0646\u064a\u0629 \u0646\u0642\u0644 \u063a\u064a\u0631 \u0645\u0636\u063a\u0648\u0637\u0629 \u0644\u0644\u0625\u0634\u0627\u0631\u0629 \u0627\u0644\u0631\u0642\u0645\u064a\u0629 \u0644\u0644\u062a\u0623\u0643\u062f \u0645\u0646 \u0623\u0646 \u0627\u0644\u0635\u0648\u0631\u0629 \u0639\u0627\u0644\u064a\u0629 \u0627\u0644\u062f\u0642\u0629 \u0641\u064a \u0627\u0644\u0625\u062e\u0631\u0627\u062c. \u062a\u0642\u0646\u064a\u0629 \u062a\u0635\u0645\u064a\u0645 \u0641\u0631\u064a\u062f\u0629 \u0645\u0646 \u0646\u0648\u0639\u0647\u0627 \u0644\u062a\u0635\u0645\u064a\u0645 \u0648\u0635\u0644\u0627\u062a \u0627\u0644\u0625\u0634\u0627\u0631\u0629 \u0627\u0644\u0648\u0627\u0642\u064a\u0629 \u0644\u0644\u062a\u0623\u0643\u062f \u0645\u0646 \u0627\u0643\u062a\u0645\u0627\u0644 \u0627\u0644\u0625\u0634\u0627\u0631\u0629\u060c \u0648\u064a\u062a\u0645\u062a\u0639 \u0645\u0641\u062a\u0627\u062d \u0627\u0644\u0628\u064a\u0627\u0646\u0627\u062a \u0627\u0644\u062f\u0627\u062e\u0644\u064a \u0628\u0642\u062f\u0631\u0629 \u0641\u0627\u0626\u0642\u0629 \u0639\u0644\u0649 \u0645\u0642\u0627\u0648\u0645\u0629 \u0627\u0644\u0627\u0636\u0637\u0631\u0627\u0628 \u0648\u0642\u062f\u0631\u0629 \u0639\u0645\u0644 \u0637\u0648\u064a\u0644\u0629 \u0648\u0645\u0633\u062a\u0642\u0631\u0629 \u0648\u0645\u0633\u062a\u0645\u0631\u0629 \u0648\u0645\u0633\u062a\u0642\u0631\u0629. \u064a\u062f\u0639\u0645 \u0627\u0644\u0639\u0645\u0644 \u0627\u0644\u0645\u0633\u062a\u0645\u0631 7*24 \u0628\u0634\u0643\u0644 \u0645\u0633\u062a\u0645\u0631 \u0648\u0645\u0639 \u0627\u0644\u062a\u062d\u0643\u0645 \u0627\u0644\u0627\u062d\u062a\u064a\u0627\u0637\u064a \u0627\u0644\u0645\u0632\u062f\u0648\u062c \u0641\u064a \u0634\u0628\u0643\u0629 LAN \u0648 RS232\u060c \u0645\u0646 \u0627\u0644\u0645\u0644\u0627\u0626\u0645 \u0644\u0644\u0645\u0633\u062a\u062e\u062f\u0645\u064a\u0646 \u0627\u0644\u062a\u062d\u0643\u0645 \u0639\u0628\u0631 \u0627\u0644\u0643\u0645\u0628\u064a\u0648\u062a\u0631 \u0627\u0644\u0634\u062e\u0635\u064a \u0648 iPad \u0648\u0627\u0644\u062a\u0637\u0628\u064a\u0642 \u0648 3<sup>\ud83b\ude0d<\/sup> \u0627\u0644\u062a\u062d\u0643\u0645 \u0627\u0644\u0645\u0631\u0643\u0632\u064a \u0644\u0644\u0623\u0637\u0631\u0627\u0641 \u0628\u0648\u0627\u0633\u0637\u0629 \u0623\u0648\u0627\u0645\u0631 \u0627\u0644\u062a\u062d\u0643\u0645 RS232.<\/p>\n<p data-rm-block-id=\"block-5\">\u0648\u0628\u0641\u0636\u0644 \u0627\u0644\u062a\u062d\u0643\u0645 \u0627\u0644\u0645\u0632\u062f\u0648\u062c \u0641\u064a RS232 \u0648\u0634\u0628\u0643\u0629 LAN\u060c \u064a\u0645\u0643\u0646 \u0644\u0644\u0645\u0633\u062a\u062e\u062f\u0645\u064a\u0646 \u0623\u064a\u0636\u064b\u0627 \u0625\u0639\u062f\u0627\u062f \u0627\u0644\u0645\u0639\u062f\u0627\u062a \u0627\u0644\u0645\u062d\u064a\u0637\u0629 \u0648\u0627\u0644\u062a\u062d\u0643\u0645 \u0641\u064a\u0647\u0627 \u0628\u0628\u0633\u0627\u0637\u0629\u060c \u0645\u062b\u0644 \u062c\u0647\u0627\u0632 \u0627\u0644\u0639\u0631\u0636 \u0648\u0627\u0644\u0633\u062a\u0627\u0631\u0629 \u0627\u0644\u0643\u0647\u0631\u0628\u0627\u0626\u064a\u0629 \u0648\u0623\u062c\u0647\u0632\u0629 \u0627\u0644\u062a\u0644\u0641\u0632\u064a\u0648\u0646.<\/p>\n<p data-rm-block-id=\"block-6\">\u062a\u0645 \u0627\u0633\u062a\u062e\u062f\u0627\u0645 \u0645\u062d\u0648\u0644\u0627\u062a \u0627\u0644\u0645\u0635\u0641\u0648\u0641\u0629 \u0647\u0630\u0647 \u0639\u0644\u0649 \u0646\u0637\u0627\u0642 \u0648\u0627\u0633\u0639 \u0641\u064a \u0627\u0644\u0645\u0624\u062a\u0645\u0631\u0627\u062a\u060c \u0648\u0645\u0634\u0631\u0648\u0639 \u0627\u0644\u0631\u0627\u062f\u064a\u0648 \u0648\u0627\u0644\u062a\u0644\u0641\u0632\u064a\u0648\u0646\u060c \u0648\u0642\u0627\u0639\u0629 \u0645\u0624\u062a\u0645\u0631\u0627\u062a \u0627\u0644\u0648\u0633\u0627\u0626\u0637 \u0627\u0644\u0645\u062a\u0639\u062f\u062f\u0629\u060c \u0648\u0645\u0634\u0631\u0648\u0639 \u0639\u0631\u0636 \u0627\u0644\u0634\u0627\u0634\u0629 \u0627\u0644\u0643\u0628\u064a\u0631\u0629\u060c \u0648\u0627\u0644\u062a\u062f\u0631\u064a\u0633 \u0627\u0644\u062a\u0644\u0641\u0632\u064a\u0648\u0646\u064a\u060c \u0648\u0645\u0631\u0643\u0632 \u0627\u0644\u062a\u062d\u0643\u0645 \u0641\u064a \u0627\u0644\u0642\u064a\u0627\u062f\u0629 \u0648\u0645\u0627 \u0625\u0644\u0649 \u0630\u0644\u0643 \u0645\u0646 \u0627\u0644\u062a\u0637\u0628\u064a\u0642\u0627\u062a.<br \/>\nThe 36&#215;36 Modular Matrix Switcher (Model FM-3600) features a modular chassis with 36 input slots and 36 output slots, supporting seamless switching and iPad APP control. Get a custom quote today!<\/p>\n<p data-rm-block-id=\"block-7\"><strong>\u0627\u0644\u0645\u064a\u0632\u0627\u062a<\/strong><\/p>\n<ul>\n<li data-rm-block-id=\"block-8\"><a id=\"post-12063-OLE_LINK4\"><\/a> \u0647\u064a\u0643\u0644 \u0628\u062a\u0635\u0645\u064a\u0645 \u0645\u0639\u064a\u0627\u0631\u064a\u060c \u0645\u0639 36 \u0641\u062a\u062d\u0629 \u0625\u062f\u062e\u0627\u0644 \u064836 \u0641\u062a\u062d\u0629 \u0625\u062e\u0631\u0627\u062c<\/li>\n<li data-rm-block-id=\"block-9\">1-card 4-port input and output card,36&#215;36 Modular Matrix Switcher<\/li>\n<li data-rm-block-id=\"block-10\">Supports 1080P and 4K60 for selections<\/li>\n<li data-rm-block-id=\"block-11\">\u064a\u062f\u0639\u0645 DVI-I\/ HDMI\/ 3GSDI\/ 3GSDI\/ HDBaseT\/ \u0641\u0627\u064a\u0628\u0631 \u0644\u0645\u0632\u062c \u0627\u0644\u0645\u062f\u062e\u0644\u0627\u062a \u0648\u0627\u0644\u0645\u062e\u0631\u062c\u0627\u062a<\/li>\n<li data-rm-block-id=\"block-12\">\u062f\u0639\u0645 \u062d\u0627\u0626\u0637 \u0627\u0644\u0641\u064a\u062f\u064a\u0648 \u0648\u0627\u0644\u062a\u0628\u062f\u064a\u0644 \u0627\u0644\u0633\u0644\u0633 \u0645\u0639 \u0628\u0637\u0627\u0642\u0627\u062a 1080P \u06484K60 \u0628\u062f\u0642\u0629 1080P<\/li>\n<li data-rm-block-id=\"block-13\">\u062f\u0639\u0645 \u0648\u0638\u064a\u0641\u0629 \u062a\u0636\u0645\u064a\u0646 \u0627\u0644\u0635\u0648\u062a 3.5 \u0645\u0645 \u0648\u0625\u0644\u063a\u0627\u0621 \u0627\u0644\u062a\u0636\u0645\u064a\u0646<\/li>\n<li data-rm-block-id=\"block-14\">\u062f\u0639\u0645 \u0648\u0638\u064a\u0641\u0629 \u0627\u0644\u062a\u062d\u062c\u064a\u0645 \u0644\u0623\u0639\u0644\u0649\/\u0644\u0623\u0633\u0641\u0644 \u0639\u0628\u0631 \u0645\u0641\u062a\u0627\u062d DIP<\/li>\n<li data-rm-block-id=\"block-15\">\u062f\u0639\u0645 \u0645\u0646\u0641\u0630\u064a LAN \u0648 RS232 \u0627\u0644\u0645\u0632\u062f\u0648\u062c\u064a\u0646 \u0644\u0644\u062a\u062d\u0643\u0645 \u0627\u0644\u0627\u062d\u062a\u064a\u0627\u0637\u064a<\/li>\n<li data-rm-block-id=\"block-16\">\u0623\u0632\u0631\u0627\u0631 \u0623\u0645\u0627\u0645\u064a\u0629 \u0645\u0632\u0648\u062f\u0629 \u0628\u0623\u0636\u0648\u0627\u0621 \u062e\u0644\u0641\u064a\u0629\u060c \u064a\u0633\u0647\u0644 \u062a\u0634\u063a\u064a\u0644\u0647\u0627 \u0641\u064a \u0623\u064a \u0648\u0642\u062a<\/li>\n<li data-rm-block-id=\"block-17\">\u062f\u0639\u0645 \u0627\u0644\u062d\u0645\u0627\u064a\u0629 \u0627\u0644\u062a\u0644\u0642\u0627\u0626\u064a\u0629 \u0644\u0644\u062d\u0641\u0638 \u0627\u0644\u062a\u0644\u0642\u0627\u0626\u064a \u0648\u0648\u0638\u064a\u0641\u0629 \u0627\u0644\u0627\u0633\u062a\u0631\u062f\u0627\u062f \u0627\u0644\u062a\u0644\u0642\u0627\u0626\u064a \u0623\u062b\u0646\u0627\u0621 \u0627\u0646\u0642\u0637\u0627\u0639 \u0627\u0644\u062a\u064a\u0627\u0631 \u0627\u0644\u0643\u0647\u0631\u0628\u0627\u0626\u064a<\/li>\n<\/ul>\n<p data-rm-block-id=\"block-18\"><strong>\u0627\u0644\u0645\u0648\u0627\u0635\u0641\u0627\u062a<\/strong><\/p>\n<table>\n<tbody>\n<tr>\n<td data-rm-block-id=\"block-19\"><strong>\u0627\u0644\u0637\u0631\u0627\u0632<\/strong><\/td>\n<td data-rm-block-id=\"block-20\"><strong>FM-3600<\/strong><\/td>\n<\/tr>\n<tr>\n<td data-rm-block-id=\"block-21\"><strong>\u0627\u0644\u0648\u0635\u0641<\/strong><\/td>\n<td data-rm-block-id=\"block-22\">36&#215;36\u00a0modular\u00a0matrix\u00a0switcher<\/td>\n<\/tr>\n<tr>\n<td data-rm-block-id=\"block-23\"><strong>\u0627\u0644\u0645\u062f\u062e\u0644\u0627\u062a<\/strong><\/td>\n<td data-rm-block-id=\"block-24\">1-\u0628\u0637\u0627\u0642\u0629 \u0625\u062f\u062e\u0627\u0644 \u0645\u0646 4 \u0645\u0646\u0627\u0641\u0630\u060c \u0628\u0645\u0627 \u0641\u064a \u0630\u0644\u0643 DVI\/HDMI\/VGA\/VGA\/VVBS\/YPbbPr\/SDI\/HDBaseT\/\u0627\u0644\u0623\u0644\u064a\u0627\u0641<\/td>\n<\/tr>\n<tr>\n<td data-rm-block-id=\"block-25\"><strong>\u0627\u0644\u0645\u062e\u0631\u062c\u0627\u062a<\/strong><\/td>\n<td data-rm-block-id=\"block-26\">1-\u0628\u0637\u0627\u0642\u0629 \u0648\u0627\u062d\u062f\u0629 \u0630\u0627\u062a 4 \u0645\u0646\u0627\u0641\u0630\u060c \u0628\u0645\u0627 \u0641\u064a \u0630\u0644\u0643 \u0645\u062e\u0631\u062c DVI\/HDMI\/VGA\/VGA\/CVBS\/YPbbPr\/SDI\/HDBaseT\/\u0627\u0644\u0623\u0644\u064a\u0627\u0641<\/td>\n<\/tr>\n<tr>\n<td data-rm-block-id=\"block-27\"><strong>\u0645\u0639\u064a\u0627\u0631 \u0627\u0644\u0628\u0631\u0648\u062a\u0648\u0643\u0648\u0644<\/strong><\/td>\n<td data-rm-block-id=\"block-28\">\u064a\u062f\u0639\u0645 HDMI1.4\u060c HDCP1.4\u060c HDMI2.0.HDCP2.2<\/td>\n<\/tr>\n<tr>\n<td data-rm-block-id=\"block-29\"><strong>\u0645\u0633\u0627\u062d\u0629 \u0627\u0644\u0644\u0648\u0646<\/strong><\/td>\n<td data-rm-block-id=\"block-30\">\u062f\u0639\u0645 \u0627\u0645\u062a\u062f\u0627\u062f \u0627\u0644\u0623\u0644\u0648\u0627\u0646 \u0627\u0644\u0642\u064a\u0627\u0633\u064a RGB444 \u0648 YUV444 \u0648 YUV422 \u0648 x.v.C<\/td>\n<\/tr>\n<tr>\n<td data-rm-block-id=\"block-31\"><strong>\u0627\u0644\u0642\u0631\u0627\u0631<\/strong><\/td>\n<td data-rm-block-id=\"block-32\">640\u00d7480-3840\u00d72160\u00d72160@60 \u0647\u0631\u062a\u0632 (VESA)\u060c 480i-4K@60 \u0647\u0631\u062a\u0632 (HDTV)<\/td>\n<\/tr>\n<tr>\n<td data-rm-block-id=\"block-33\"><strong>\u0627\u0644\u0645\u0633\u0627\u0641\u0629<\/strong><\/td>\n<td data-rm-block-id=\"block-34\">HDMI\/DVI: 15 \u0645\/40 \u0642\u062f\u0645\u064b\u0627\u061b HDBaseT: 70 \u0645\/220 \u0642\u062f\u0645\u064b\u0627\u061b \u0627\u0644\u0623\u0644\u064a\u0627\u0641: 2 \u0643\u0645\/6000 \u0642\u062f\u0645<\/td>\n<\/tr>\n<tr>\n<td data-rm-block-id=\"block-35\"><strong>\u0627\u0644\u062a\u062d\u0643\u0645<\/strong><\/td>\n<td data-rm-block-id=\"block-36\">\u062a\u0637\u0628\u064a\u0642\u0627\u062a iOS\/\u0623\u0646\u062f\u0631\u0648\u064a\u062f\u060c \u0648\u0627\u062c\u0647\u0629 \u0627\u0644\u0645\u0633\u062a\u062e\u062f\u0645 \u0627\u0644\u0631\u0633\u0648\u0645\u064a\u0629 \u0639\u0644\u0649 \u0627\u0644\u0648\u064a\u0628\u060c RS232 \u0648\u0623\u0632\u0631\u0627\u0631 \u0623\u0645\u0627\u0645\u064a\u0629 \u0645\u0639 \u0625\u0636\u0627\u0621\u0629 \u062e\u0644\u0641\u064a\u0629<\/td>\n<\/tr>\n<tr>\n<td data-rm-block-id=\"block-37\"><strong>\u0627\u0644\u0637\u0627\u0642\u0629<\/strong><\/td>\n<td data-rm-block-id=\"block-38\">\u0627\u0644\u062a\u064a\u0627\u0631 \u0627\u0644\u0645\u062a\u0631\u062f\u062f: 110 \u0641\u0648\u0644\u062a - 260 \u0641\u0648\u0644\u062a 50\/60 \u0647\u0631\u062a\u0632<\/td>\n<\/tr>\n<tr>\n<td data-rm-block-id=\"block-39\"><strong>\u0627\u0644\u0627\u0633\u062a\u0647\u0644\u0627\u0643<\/strong><\/td>\n<td data-rm-block-id=\"block-40\">17 \u0648\u0627\u0637 (\u0628\u062f\u0648\u0646 \u0628\u0637\u0627\u0642\u0627\u062a)<\/td>\n<\/tr>\n<tr>\n<td data-rm-block-id=\"block-41\"><strong>\u0627\u0644\u0628\u064f\u0639\u062f<\/strong><\/td>\n<td data-rm-block-id=\"block-42\">6U, 482*405*267(mm)\/ 18.97*15.35*10.5(inch); Packing size: 56*51*25(cm)<\/td>\n<\/tr>\n<tr>\n<td data-rm-block-id=\"block-43\"><strong>\u0627\u0644\u0648\u0632\u0646<\/strong><\/td>\n<td data-rm-block-id=\"block-44\">13 \u0643\u062c\u0645\/ 28.66 \u0631\u0637\u0644\u0627\u064b (\u0628\u062f\u0648\u0646 \u0628\u0637\u0627\u0642\u0627\u062a)<\/td>\n<\/tr>\n<tr>\n<td data-rm-block-id=\"block-45\"><strong>\u062f\u0631\u062c\u0629 \u062d\u0631\u0627\u0631\u0629 \u0627\u0644\u0639\u0645\u0644<\/strong><\/td>\n<td data-rm-block-id=\"block-46\">0\u2103 ~50\u2103<\/td>\n<\/tr>\n<tr>\n<td data-rm-block-id=\"block-47\"><strong>\u062f\u0631\u062c\u0629 \u062d\u0631\u0627\u0631\u0629 \u0627\u0644\u062a\u062e\u0632\u064a\u0646<\/strong><\/td>\n<td data-rm-block-id=\"block-48\">-20\u2103 ~55\u2103<\/td>\n<\/tr>\n<\/tbody>\n<\/table>\n<p data-rm-block-id=\"block-49\"><strong>\u0628\u0637\u0627\u0642\u0629 \u0627\u0644\u0625\u062f\u062e\u0627\u0644 \u0648\u0627\u0644\u0625\u062e\u0631\u0627\u062c<\/strong><\/p>\n<p data-rm-block-id=\"block-50\"><img decoding=\"async\" width=\"613\" height=\"322\" class=\"wp-image-12079\" src=\"https:\/\/www.beinghd.com\/wp-content\/uploads\/2025\/12\/word-image-12063-2.png\" srcset=\"https:\/\/beinghd.com\/wp-content\/uploads\/2025\/12\/word-image-12063-2.png 613w, https:\/\/beinghd.com\/wp-content\/uploads\/2025\/12\/word-image-12063-2-300x158.png 300w, https:\/\/beinghd.com\/wp-content\/uploads\/2025\/12\/word-image-12063-2-18x9.png 18w, https:\/\/beinghd.com\/wp-content\/uploads\/2025\/12\/word-image-12063-2-600x315.png 600w\" sizes=\"(max-width: 613px) 100vw, 613px\" \/> <img decoding=\"async\" width=\"578\" height=\"324\" class=\"wp-image-12080\" src=\"https:\/\/www.beinghd.com\/wp-content\/uploads\/2025\/12\/word-image-12063-3.png\" srcset=\"https:\/\/beinghd.com\/wp-content\/uploads\/2025\/12\/word-image-12063-3.png 578w, https:\/\/beinghd.com\/wp-content\/uploads\/2025\/12\/word-image-12063-3-300x168.png 300w, https:\/\/beinghd.com\/wp-content\/uploads\/2025\/12\/word-image-12063-3-18x10.png 18w\" sizes=\"(max-width: 578px) 100vw, 578px\" \/><\/p>\n<p data-rm-block-id=\"block-51\"><strong>Matrix Size Drawing(482*282*385)mm(L*H*D)<\/strong><\/p>\n<p data-rm-block-id=\"block-52\"><img loading=\"lazy\" decoding=\"async\" width=\"1211\" height=\"836\" class=\"wp-image-12081\" src=\"https:\/\/www.beinghd.com\/wp-content\/uploads\/2025\/12\/word-image-12063-4.png\" srcset=\"https:\/\/beinghd.com\/wp-content\/uploads\/2025\/12\/word-image-12063-4.png 1211w, https:\/\/beinghd.com\/wp-content\/uploads\/2025\/12\/word-image-12063-4-300x207.png 300w, https:\/\/beinghd.com\/wp-content\/uploads\/2025\/12\/word-image-12063-4-1024x707.png 1024w, https:\/\/beinghd.com\/wp-content\/uploads\/2025\/12\/word-image-12063-4-768x530.png 768w, https:\/\/beinghd.com\/wp-content\/uploads\/2025\/12\/word-image-12063-4-18x12.png 18w, https:\/\/beinghd.com\/wp-content\/uploads\/2025\/12\/word-image-12063-4-600x414.png 600w, https:\/\/beinghd.com\/wp-content\/uploads\/2025\/12\/word-image-12063-4-1200x828.png 1200w\" sizes=\"(max-width: 1211px) 100vw, 1211px\" \/><\/p>\n<p data-rm-block-id=\"block-53\"><a id=\"post-12063-OLE_LINK1\"><\/a><strong>\u0645\u062e\u0637\u0637 \u0627\u0644\u062a\u0648\u0635\u064a\u0644<\/strong><\/p>\n<p data-rm-block-id=\"block-54\"><img loading=\"lazy\" decoding=\"async\" width=\"1851\" height=\"1036\" class=\"wp-image-12082\" src=\"https:\/\/www.beinghd.com\/wp-content\/uploads\/2025\/12\/word-image-12063-5.png\" srcset=\"https:\/\/beinghd.com\/wp-content\/uploads\/2025\/12\/word-image-12063-5.png 1851w, https:\/\/beinghd.com\/wp-content\/uploads\/2025\/12\/word-image-12063-5-300x168.png 300w, https:\/\/beinghd.com\/wp-content\/uploads\/2025\/12\/word-image-12063-5-1024x573.png 1024w, https:\/\/beinghd.com\/wp-content\/uploads\/2025\/12\/word-image-12063-5-768x430.png 768w, https:\/\/beinghd.com\/wp-content\/uploads\/2025\/12\/word-image-12063-5-1536x860.png 1536w, https:\/\/beinghd.com\/wp-content\/uploads\/2025\/12\/word-image-12063-5-18x10.png 18w, https:\/\/beinghd.com\/wp-content\/uploads\/2025\/12\/word-image-12063-5-600x336.png 600w, https:\/\/beinghd.com\/wp-content\/uploads\/2025\/12\/word-image-12063-5-1200x672.png 1200w\" sizes=\"(max-width: 1851px) 100vw, 1851px\" \/><\/p>","protected":false},"excerpt":{"rendered":"<ul>\n<li>Model:\u00a0 FM-3600<\/li>\n<li>\u0647\u064a\u0643\u0644 \u0628\u062a\u0635\u0645\u064a\u0645 \u0645\u0639\u064a\u0627\u0631\u064a\u060c \u0645\u0639 36 \u0641\u062a\u062d\u0629 \u0625\u062f\u062e\u0627\u0644 \u064836 \u0641\u062a\u062d\u0629 \u0625\u062e\u0631\u0627\u062c<\/li>\n<li>1-\u0628\u0637\u0627\u0642\u0629 \u0625\u062f\u062e\u0627\u0644 \u0648\u0625\u062e\u0631\u0627\u062c \u0645\u0646 4 \u0645\u0646\u0627\u0641\u0630 \u0628\u0637\u0627\u0642\u0629 1 - \u0628\u0637\u0627\u0642\u0629 \u0625\u062f\u062e\u0627\u0644 \u0648\u0625\u062e\u0631\u0627\u062c<\/li>\n<li>Supports 1080P and 4K60 for selections<\/li>\n<li>\u064a\u062f\u0639\u0645 DVI-I\/ HDMI\/ 3GSDI\/ 3GSDI\/ HDBaseT\/ \u0641\u0627\u064a\u0628\u0631 \u0644\u0645\u0632\u062c \u0627\u0644\u0645\u062f\u062e\u0644\u0627\u062a \u0648\u0627\u0644\u0645\u062e\u0631\u062c\u0627\u062a<\/li>\n<li>\u062f\u0639\u0645 \u062d\u0627\u0626\u0637 \u0627\u0644\u0641\u064a\u062f\u064a\u0648 \u0648\u0627\u0644\u062a\u0628\u062f\u064a\u0644 \u0627\u0644\u0633\u0644\u0633 \u0645\u0639 \u0628\u0637\u0627\u0642\u0627\u062a 1080P \u06484K60 \u0628\u062f\u0642\u0629 1080P<\/li>\n<li>\u062f\u0639\u0645 \u0648\u0638\u064a\u0641\u0629 \u062a\u0636\u0645\u064a\u0646 \u0627\u0644\u0635\u0648\u062a 3.5 \u0645\u0645 \u0648\u0625\u0644\u063a\u0627\u0621 \u0627\u0644\u062a\u0636\u0645\u064a\u0646<\/li>\n<li>\u062f\u0639\u0645 \u0648\u0638\u064a\u0641\u0629 \u0627\u0644\u062a\u062d\u062c\u064a\u0645 \u0644\u0623\u0639\u0644\u0649\/\u0644\u0623\u0633\u0641\u0644 \u0639\u0628\u0631 \u0645\u0641\u062a\u0627\u062d DIP<\/li>\n<li>\u062f\u0639\u0645 \u0645\u0646\u0641\u0630\u064a LAN \u0648 RS232 \u0627\u0644\u0645\u0632\u062f\u0648\u062c\u064a\u0646 \u0644\u0644\u062a\u062d\u0643\u0645 \u0627\u0644\u0627\u062d\u062a\u064a\u0627\u0637\u064a<\/li>\n<li>\u0623\u0632\u0631\u0627\u0631 \u0623\u0645\u0627\u0645\u064a\u0629 \u0645\u0632\u0648\u062f\u0629 \u0628\u0623\u0636\u0648\u0627\u0621 \u062e\u0644\u0641\u064a\u0629\u060c \u064a\u0633\u0647\u0644 \u062a\u0634\u063a\u064a\u0644\u0647\u0627 \u0641\u064a \u0623\u064a \u0648\u0642\u062a<\/li>\n<li>\u062f\u0639\u0645 \u0627\u0644\u062d\u0645\u0627\u064a\u0629 \u0627\u0644\u062a\u0644\u0642\u0627\u0626\u064a\u0629 \u0644\u0644\u062d\u0641\u0638 \u0627\u0644\u062a\u0644\u0642\u0627\u0626\u064a \u0648\u0648\u0638\u064a\u0641\u0629 \u0627\u0644\u0627\u0633\u062a\u0631\u062f\u0627\u062f \u0627\u0644\u062a\u0644\u0642\u0627\u0626\u064a \u0623\u062b\u0646\u0627\u0621 \u0627\u0646\u0642\u0637\u0627\u0639 \u0627\u0644\u062a\u064a\u0627\u0631 \u0627\u0644\u0643\u0647\u0631\u0628\u0627\u0626\u064a<\/li>\n<\/ul>","protected":false},"featured_media":13691,"comment_status":"open","ping_status":"closed","template":"","meta":{"site-sidebar-layout":"default","site-content-layout":"","ast-site-content-layout":"default","site-content-style":"default","site-sidebar-style":"default","ast-global-header-display":"","ast-banner-title-visibility":"","ast-main-header-display":"","ast-hfb-above-header-display":"","ast-hfb-below-header-display":"","ast-hfb-mobile-header-display":"","site-post-title":"","ast-breadcrumbs-content":"","ast-featured-img":"","footer-sml-layout":"","theme-transparent-header-meta":"default","adv-header-id-meta":"","stick-header-meta":"default","header-above-stick-meta":"","header-main-stick-meta":"","header-below-stick-meta":"","astra-migrate-meta-layouts":"set","ast-page-background-enabled":"default","ast-page-background-meta":{"desktop":{"background-color":"","background-image":"","background-repeat":"repeat","background-position":"center center","background-size":"auto","background-attachment":"scroll","background-type":"","background-media":"","overlay-type":"","overlay-color":"","overlay-opacity":"","overlay-gradient":""},"tablet":{"background-color":"","background-image":"","background-repeat":"repeat","background-position":"center center","background-size":"auto","background-attachment":"scroll","background-type":"","background-media":"","overlay-type":"","overlay-color":"","overlay-opacity":"","overlay-gradient":""},"mobile":{"background-color":"","background-image":"","background-repeat":"repeat","background-position":"center center","background-size":"auto","background-attachment":"scroll","background-type":"","background-media":"","overlay-type":"","overlay-color":"","overlay-opacity":"","overlay-gradient":""}},"ast-content-background-meta":{"desktop":{"background-color":"var(--ast-global-color-5)","background-image":"","background-repeat":"repeat","background-position":"center center","background-size":"auto","background-attachment":"scroll","background-type":"","background-media":"","overlay-type":"","overlay-color":"","overlay-opacity":"","overlay-gradient":""},"tablet":{"background-color":"var(--ast-global-color-5)","background-image":"","background-repeat":"repeat","background-position":"center center","background-size":"auto","background-attachment":"scroll","background-type":"","background-media":"","overlay-type":"","overlay-color":"","overlay-opacity":"","overlay-gradient":""},"mobile":{"background-color":"var(--ast-global-color-5)","background-image":"","background-repeat":"repeat","background-position":"center center","background-size":"auto","background-attachment":"scroll","background-type":"","background-media":"","overlay-type":"","overlay-color":"","overlay-opacity":"","overlay-gradient":""}}},"product_brand":[],"product_cat":[15,135,149],"product_tag":[],"class_list":{"0":"post-12063","1":"product","2":"type-product","3":"status-publish","4":"has-post-thumbnail","6":"product_cat-product","7":"product_cat-modular-matrix-switcher","8":"product_cat-fm-series","9":"desktop-align-left","10":"tablet-align-left","11":"mobile-align-left","12":"ast-product-gallery-layout-horizontal-slider","13":"ast-product-tabs-layout-horizontal","15":"first","16":"instock","17":"shipping-taxable","18":"product-type-simple"},"_links":{"self":[{"href":"https:\/\/beinghd.com\/ar\/wp-json\/wp\/v2\/product\/12063","targetHints":{"allow":["GET"]}}],"collection":[{"href":"https:\/\/beinghd.com\/ar\/wp-json\/wp\/v2\/product"}],"about":[{"href":"https:\/\/beinghd.com\/ar\/wp-json\/wp\/v2\/types\/product"}],"replies":[{"embeddable":true,"href":"https:\/\/beinghd.com\/ar\/wp-json\/wp\/v2\/comments?post=12063"}],"version-history":[{"count":0,"href":"https:\/\/beinghd.com\/ar\/wp-json\/wp\/v2\/product\/12063\/revisions"}],"wp:featuredmedia":[{"embeddable":true,"href":"https:\/\/beinghd.com\/ar\/wp-json\/wp\/v2\/media\/13691"}],"wp:attachment":[{"href":"https:\/\/beinghd.com\/ar\/wp-json\/wp\/v2\/media?parent=12063"}],"wp:term":[{"taxonomy":"product_brand","embeddable":true,"href":"https:\/\/beinghd.com\/ar\/wp-json\/wp\/v2\/product_brand?post=12063"},{"taxonomy":"product_cat","embeddable":true,"href":"https:\/\/beinghd.com\/ar\/wp-json\/wp\/v2\/product_cat?post=12063"},{"taxonomy":"product_tag","embeddable":true,"href":"https:\/\/beinghd.com\/ar\/wp-json\/wp\/v2\/product_tag?post=12063"}],"curies":[{"name":"wp","href":"https:\/\/api.w.org\/{rel}","templated":true}]}}