{"id":12313,"date":"2025-12-31T11:07:09","date_gmt":"2025-12-31T10:07:09","guid":{"rendered":"https:\/\/beinghd.com\/?post_type=product&#038;p=12313"},"modified":"2025-12-31T11:07:09","modified_gmt":"2025-12-31T10:07:09","slug":"9x9-modular-matrix-switcher-with-ipad-app-control","status":"publish","type":"product","link":"https:\/\/beinghd.com\/ar\/%d8%a7%d9%84%d9%85%d9%86%d8%aa%d8%ac\/9x9-modular-matrix-switcher-with-ipad-app-control\/","title":{"rendered":"\u062c\u0647\u0627\u0632 \u062a\u0628\u062f\u064a\u0644 \u0645\u0635\u0641\u0648\u0641\u0629 \u0645\u0639\u064a\u0627\u0631\u064a 9\u00d79 \u0645\u0639 \u0627\u0644\u062a\u062d\u0643\u0645 \u0641\u064a \u062a\u0637\u0628\u064a\u0642 iPad"},"content":{"rendered":"<p><img fetchpriority=\"high\" decoding=\"async\" width=\"1266\" height=\"708\" class=\"wp-image-12323\" src=\"https:\/\/www.beinghd.com\/wp-content\/uploads\/2025\/12\/word-image-12313-1.png\" srcset=\"https:\/\/beinghd.com\/wp-content\/uploads\/2025\/12\/word-image-12313-1.png 1266w, https:\/\/beinghd.com\/wp-content\/uploads\/2025\/12\/word-image-12313-1-300x168.png 300w, https:\/\/beinghd.com\/wp-content\/uploads\/2025\/12\/word-image-12313-1-1024x573.png 1024w, https:\/\/beinghd.com\/wp-content\/uploads\/2025\/12\/word-image-12313-1-768x429.png 768w, https:\/\/beinghd.com\/wp-content\/uploads\/2025\/12\/word-image-12313-1-18x10.png 18w, https:\/\/beinghd.com\/wp-content\/uploads\/2025\/12\/word-image-12313-1-600x336.png 600w, https:\/\/beinghd.com\/wp-content\/uploads\/2025\/12\/word-image-12313-1-1200x671.png 1200w\" sizes=\"(max-width: 1266px) 100vw, 1266px\" \/><\/p>\n<p><strong>\u0645\u0642\u062f\u0645\u0629<\/strong><\/p>\n<p>\u0647\u0630\u0627 \u0647\u0648 \u0645\u062d\u0648\u0651\u0644 \u0645\u0635\u0641\u0648\u0641\u0629 \u0645\u0639\u064a\u0627\u0631\u064a\u060c \u0645\u0639 9 \u0641\u062a\u062d\u0627\u062a \u0625\u062f\u062e\u0627\u0644 \u06489 \u0641\u062a\u062d\u0627\u062a \u0625\u062e\u0631\u0627\u062c\u060c \u0644\u0630\u0644\u0643 \u064a\u0645\u0643\u0646\u0647 \u062f\u0639\u0645 9 \u0645\u062f\u062e\u0644\u0627\u062a \u06489 \u0645\u062e\u0631\u062c\u0627\u062a \u0643\u062d\u062f \u0623\u0642\u0635\u0649\u060c \u062c\u0645\u064a\u0639 \u0628\u0637\u0627\u0642\u0627\u062a \u0627\u0644\u0625\u062f\u062e\u0627\u0644 \u0648\u0627\u0644\u0625\u062e\u0631\u0627\u062c \u062a\u0633\u062a\u062e\u062f\u0645 \u0628\u0637\u0627\u0642\u0629 \u0648\u0627\u062d\u062f\u0629 \u0648\u0645\u0646\u0641\u0630 \u0648\u0627\u062d\u062f\u060c \u0627\u0644\u0625\u0634\u0627\u0631\u0627\u062a \u062a\u0634\u0645\u0644 DVI \u0648HDMI \u0648HDBasT \u0648HDBasT \u0648\u0627\u0644\u0623\u0644\u064a\u0627\u0641 \u0627\u0644\u0628\u0635\u0631\u064a\u0629 \u06483G-SDI. \u064a\u0645\u0643\u0646 \u0644\u0644\u0645\u0633\u062a\u062e\u062f\u0645\u064a\u0646 \u0627\u0644\u062d\u0635\u0648\u0644 \u0639\u0644\u0649 \u0645\u062f\u062e\u0644\u0627\u062a \u0625\u0634\u0627\u0631\u0627\u062a \u0645\u062e\u062a\u0644\u0637\u0629 \u0648\u0645\u062e\u0631\u062c\u0627\u062a \u0625\u0634\u0627\u0631\u0627\u062a \u0645\u062e\u062a\u0644\u0637\u0629.<\/p>\n<p>\u064a\u0645\u0643\u0646 \u0623\u0646 \u062a\u0635\u0644 \u0633\u0631\u0639\u0629 \u062a\u0628\u062f\u064a\u0644 \u0627\u0644\u0625\u0634\u0627\u0631\u0629 \u0623\u062d\u0627\u062f\u064a\u0629 \u0627\u0644\u0642\u0646\u0627\u0629 \u0625\u0644\u0649 12.5 \u062c\u064a\u062c\u0627\u0628\u062a \u0641\u064a \u0627\u0644\u062b\u0627\u0646\u064a\u0629\u060c \u0648\u062a\u0633\u062a\u062e\u062f\u0645 \u0627\u0644\u0644\u0648\u062d\u0629 \u0627\u0644\u0631\u0626\u064a\u0633\u064a\u0629 \u062a\u0642\u0646\u064a\u0629 \u0627\u0644\u0645\u0639\u0627\u0644\u062c\u0629 \u0628\u0623\u0631\u0628\u0639\u0629 \u0648\u0635\u0644\u0627\u062a \u0623\u0633\u0627\u0633\u064a\u0629\u060c \u0648\u064a\u0645\u0643\u0646 \u0623\u0646 \u062a\u0635\u0644 \u0633\u0631\u0639\u0629 \u0642\u062f\u0631\u0629 \u0627\u0644\u062a\u0628\u062f\u064a\u0644 \u0625\u0644\u0649 32 \u062c\u064a\u062c\u0627\u0628\u062a \u0641\u064a \u0627\u0644\u062b\u0627\u0646\u064a\u0629. \u0645\u0639 \u062a\u0642\u0646\u064a\u0629 \u0646\u0642\u0644 \u063a\u064a\u0631 \u0645\u0636\u063a\u0648\u0637\u0629 \u0644\u0644\u0625\u0634\u0627\u0631\u0629 \u0627\u0644\u0631\u0642\u0645\u064a\u0629 \u0644\u0644\u062a\u0623\u0643\u062f \u0645\u0646 \u0623\u0646 \u0627\u0644\u0635\u0648\u0631\u0629 \u0639\u0627\u0644\u064a\u0629 \u0627\u0644\u062f\u0642\u0629 \u0641\u064a \u0627\u0644\u0625\u062e\u0631\u0627\u062c. \u062a\u0642\u0646\u064a\u0629 \u062a\u0635\u0645\u064a\u0645 \u0641\u0631\u064a\u062f\u0629 \u0645\u0646 \u0646\u0648\u0639\u0647\u0627 \u0644\u062a\u0635\u0645\u064a\u0645 \u0648\u0635\u0644\u0627\u062a \u0627\u0644\u0625\u0634\u0627\u0631\u0629 \u0627\u0644\u0648\u0627\u0642\u064a\u0629 \u0644\u0644\u062a\u0623\u0643\u062f \u0645\u0646 \u0627\u0643\u062a\u0645\u0627\u0644 \u0627\u0644\u0625\u0634\u0627\u0631\u0629\u060c \u0648\u064a\u062a\u0645\u062a\u0639 \u0645\u0641\u062a\u0627\u062d \u0627\u0644\u0628\u064a\u0627\u0646\u0627\u062a \u0627\u0644\u062f\u0627\u062e\u0644\u064a \u0628\u0642\u062f\u0631\u0629 \u0641\u0627\u0626\u0642\u0629 \u0639\u0644\u0649 \u0645\u0642\u0627\u0648\u0645\u0629 \u0627\u0644\u0627\u0636\u0637\u0631\u0627\u0628 \u0648\u0642\u062f\u0631\u0629 \u0639\u0645\u0644 \u0637\u0648\u064a\u0644\u0629 \u0648\u0645\u0633\u062a\u0642\u0631\u0629 \u0648\u0645\u0633\u062a\u0645\u0631\u0629 \u0648\u0645\u0633\u062a\u0642\u0631\u0629. \u064a\u062f\u0639\u0645 \u0627\u0644\u0639\u0645\u0644 \u0627\u0644\u0645\u0633\u062a\u0645\u0631 7*24 \u0628\u0634\u0643\u0644 \u0645\u0633\u062a\u0645\u0631 \u0648\u0645\u0639 \u062a\u062d\u0643\u0645 \u0627\u062d\u062a\u064a\u0627\u0637\u064a \u0645\u0632\u062f\u0648\u062c \u0628\u0634\u0628\u0643\u0629 LAN \u0648 RS232\u060c \u0645\u0646 \u0627\u0644\u0645\u0644\u0627\u0626\u0645 \u0644\u0644\u0645\u0633\u062a\u062e\u062f\u0645\u064a\u0646 \u0627\u0644\u062a\u062d\u0643\u0645 \u0639\u0628\u0631 \u0627\u0644\u0643\u0645\u0628\u064a\u0648\u062a\u0631 \u0627\u0644\u0634\u062e\u0635\u064a\u060c \u0648 iPad\u060c \u0648\u0627\u0644\u062a\u0637\u0628\u064a\u0642\u060c \u0648\u0627\u0644\u062a\u062d\u0643\u0645 \u0627\u0644\u0645\u0631\u0643\u0632\u064a \u0644\u0644\u0623\u0637\u0631\u0627\u0641 \u0627\u0644\u062b\u0627\u0644\u062b\u0629 \u0628\u0648\u0627\u0633\u0637\u0629 \u0623\u0648\u0627\u0645\u0631 \u0627\u0644\u062a\u062d\u0643\u0645 RS232.<\/p>\n<p>\u0648\u0628\u0641\u0636\u0644 \u0627\u0644\u062a\u062d\u0643\u0645 \u0627\u0644\u0645\u0632\u062f\u0648\u062c \u0641\u064a RS232 \u0648\u0634\u0628\u0643\u0629 LAN\u060c \u064a\u0645\u0643\u0646 \u0644\u0644\u0645\u0633\u062a\u062e\u062f\u0645\u064a\u0646 \u0623\u064a\u0636\u064b\u0627 \u0625\u0639\u062f\u0627\u062f \u0627\u0644\u0645\u0639\u062f\u0627\u062a \u0627\u0644\u0645\u062d\u064a\u0637\u0629 \u0648\u0627\u0644\u062a\u062d\u0643\u0645 \u0641\u064a\u0647\u0627 \u0628\u0628\u0633\u0627\u0637\u0629\u060c \u0645\u062b\u0644 \u062c\u0647\u0627\u0632 \u0627\u0644\u0639\u0631\u0636 \u0648\u0627\u0644\u0633\u062a\u0627\u0631\u0629 \u0627\u0644\u0643\u0647\u0631\u0628\u0627\u0626\u064a\u0629 \u0648\u0623\u062c\u0647\u0632\u0629 \u0627\u0644\u062a\u0644\u0641\u0632\u064a\u0648\u0646.<\/p>\n<p><strong>\u0627\u0644\u0645\u064a\u0632\u0627\u062a<\/strong><\/p>\n<ul>\n<li><a id=\"post-12313-OLE_LINK4\"><\/a> \u0647\u064a\u0643\u0644 \u0628\u062a\u0635\u0645\u064a\u0645 \u0645\u0639\u064a\u0627\u0631\u064a\u060c \u0645\u0639 9 \u0641\u062a\u062d\u0627\u062a \u0625\u062f\u062e\u0627\u0644 \u06489 \u0641\u062a\u062d\u0627\u062a \u0625\u062e\u0631\u0627\u062c<\/li>\n<li>\u0628\u0637\u0627\u0642\u0629 \u0625\u062f\u062e\u0627\u0644 \u0648\u0625\u062e\u0631\u0627\u062c 1 - \u0628\u0637\u0627\u0642\u0629 1 - \u0645\u0646\u0641\u0630 \u0648\u0627\u062d\u062f 1 - \u0628\u0637\u0627\u0642\u0629 \u0625\u062f\u062e\u0627\u0644 \u0648\u0625\u062e\u0631\u0627\u062c<\/li>\n<li>\u064a\u062f\u0639\u0645 \u0628\u0637\u0627\u0642\u0627\u062a 1080P \u0648 4K30 \u0648 4K60 \u0644\u0644\u0627\u062e\u062a\u064a\u0627\u0631 \u0645\u0646 \u0628\u064a\u0646\u0647\u0627<\/li>\n<li>\u064a\u062f\u0639\u0645 DVI-I\/ HDMI\/ 3GSDI\/ 3GSDI\/ HDBaseT\/ \u0641\u0627\u064a\u0628\u0631 \u0644\u0645\u0632\u062c \u0627\u0644\u0645\u062f\u062e\u0644\u0627\u062a \u0648\u0627\u0644\u0645\u062e\u0631\u062c\u0627\u062a<\/li>\n<li>\u062f\u0639\u0645 \u062d\u0627\u0626\u0637 \u0627\u0644\u0641\u064a\u062f\u064a\u0648 \u0648\u0627\u0644\u062a\u0628\u062f\u064a\u0644 \u0627\u0644\u0633\u0644\u0633 \u0645\u0639 \u0628\u0637\u0627\u0642\u0627\u062a 1080P \u06484K60 \u0628\u062f\u0642\u0629 1080P<\/li>\n<li>\u062f\u0639\u0645 \u0648\u0638\u064a\u0641\u0629 \u062a\u0636\u0645\u064a\u0646 \u0627\u0644\u0635\u0648\u062a 3.5 \u0645\u0645 \u0648\u0625\u0644\u063a\u0627\u0621 \u0627\u0644\u062a\u0636\u0645\u064a\u0646<\/li>\n<li>\u062f\u0639\u0645 \u0648\u0638\u064a\u0641\u0629 \u0627\u0644\u062a\u062d\u062c\u064a\u0645 \u0644\u0623\u0639\u0644\u0649\/\u0644\u0623\u0633\u0641\u0644 \u0639\u0628\u0631 \u0645\u0641\u062a\u0627\u062d DIP<\/li>\n<li>\u062f\u0639\u0645 \u0645\u0646\u0641\u0630\u064a LAN \u0648 RS232 \u0627\u0644\u0645\u0632\u062f\u0648\u062c\u064a\u0646 \u0644\u0644\u062a\u062d\u0643\u0645 \u0627\u0644\u0627\u062d\u062a\u064a\u0627\u0637\u064a<\/li>\n<li>\u0623\u0632\u0631\u0627\u0631 \u0623\u0645\u0627\u0645\u064a\u0629 \u0645\u0632\u0648\u062f\u0629 \u0628\u0623\u0636\u0648\u0627\u0621 \u062e\u0644\u0641\u064a\u0629\u060c \u064a\u0633\u0647\u0644 \u062a\u0634\u063a\u064a\u0644\u0647\u0627 \u0641\u064a \u0623\u064a \u0648\u0642\u062a<\/li>\n<li>\u062f\u0639\u0645 \u0627\u0644\u062d\u0645\u0627\u064a\u0629 \u0627\u0644\u062a\u0644\u0642\u0627\u0626\u064a\u0629 \u0644\u0644\u062d\u0641\u0638 \u0627\u0644\u062a\u0644\u0642\u0627\u0626\u064a \u0648\u0648\u0638\u064a\u0641\u0629 \u0627\u0644\u0627\u0633\u062a\u0631\u062f\u0627\u062f \u0627\u0644\u062a\u0644\u0642\u0627\u0626\u064a \u0623\u062b\u0646\u0627\u0621 \u0627\u0646\u0642\u0637\u0627\u0639 \u0627\u0644\u062a\u064a\u0627\u0631 \u0627\u0644\u0643\u0647\u0631\u0628\u0627\u0626\u064a<\/li>\n<\/ul>\n<p><strong>\u0627\u0644\u0645\u0648\u0627\u0635\u0641\u0627\u062a<\/strong><\/p>\n<table>\n<tbody>\n<tr>\n<td><strong>\u0627\u0644\u0637\u0631\u0627\u0632<\/strong><\/td>\n<td><strong>\u0645\u064a\u0646-\u0645\u0627\u0646\u062c\u0631-900<\/strong><\/td>\n<\/tr>\n<tr>\n<td><strong>\u0627\u0644\u0648\u0635\u0641<\/strong><\/td>\n<td>\u0645\u062d\u0648\u0644 \u0645\u0635\u0641\u0648\u0641\u0629 \u0645\u0639\u064a\u0627\u0631\u064a 9\u00d79<\/td>\n<\/tr>\n<tr>\n<td><strong>\u0627\u0644\u0645\u062f\u062e\u0644\u0627\u062a<\/strong><\/td>\n<td>1-\u0628\u0637\u0627\u0642\u0629 \u0625\u062f\u062e\u0627\u0644 \u0645\u0646 \u0645\u0646\u0641\u0630 \u0648\u0627\u062d\u062f\u060c \u0628\u0645\u0627 \u0641\u064a \u0630\u0644\u0643 DVI\/HDMI\/VGA\/VGA\/CVBS\/YPbbPr\/SDI\/HDBaseT\/\u0627\u0644\u0623\u0644\u064a\u0627\u0641<\/td>\n<\/tr>\n<tr>\n<td><strong>\u0627\u0644\u0645\u062e\u0631\u062c\u0627\u062a<\/strong><\/td>\n<td>\u062f\u0639\u0645 \u0625\u062e\u0631\u0627\u062c DVI\/HDMI\/VGA\/VGA\/CVBS\/YPbbPr\/SDI\/HDBaseT\/VGA\/VVBS\/YPbbPr\/SDI\/HDBaseT\/\u0641\u0627\u064a\u0628\u0631 \u0623\u0648\u062a\u0628\u0643<\/td>\n<\/tr>\n<tr>\n<td><strong>\u0645\u0639\u064a\u0627\u0631 \u0627\u0644\u0628\u0631\u0648\u062a\u0648\u0643\u0648\u0644<\/strong><\/td>\n<td>1-\u0628\u0637\u0627\u0642\u0629 \u0648\u0627\u062d\u062f\u0629 \u0630\u0627\u062a \u0645\u0646\u0641\u0630 \u0648\u0627\u062d\u062f\u060c \u0628\u0645\u0627 \u0641\u064a \u0630\u0644\u0643 \u0645\u062e\u0631\u062c DVI\/HDMI\/VGA\/VGA\/CVBS\/YPbbPr\/SDI\/HDBaseT\/\u0627\u0644\u0623\u0644\u064a\u0627\u0641<\/td>\n<\/tr>\n<tr>\n<td><strong>\u0645\u0633\u0627\u062d\u0629 \u0627\u0644\u0644\u0648\u0646<\/strong><\/td>\n<td>\u062f\u0639\u0645 \u0627\u0645\u062a\u062f\u0627\u062f \u0627\u0644\u0623\u0644\u0648\u0627\u0646 \u0627\u0644\u0642\u064a\u0627\u0633\u064a RGB444 \u0648 YUV444 \u0648 YUV422 \u0648 x.v.C<\/td>\n<\/tr>\n<tr>\n<td><strong>\u0627\u0644\u0642\u0631\u0627\u0631<\/strong><\/td>\n<td>640\u00d7480-3840\u00d72160\u00d72160@60 \u0647\u0631\u062a\u0632 (VESA)\u060c 480i-4K@60 \u0647\u0631\u062a\u0632 (HDTV)<\/td>\n<\/tr>\n<tr>\n<td><strong>\u0627\u0644\u0645\u0633\u0627\u0641\u0629<\/strong><\/td>\n<td>HDMI\/DVI: 15 \u0645\/40 \u0642\u062f\u0645\u064b\u0627\u061b HDBaseT: 70 \u0645\/220 \u0642\u062f\u0645\u064b\u0627\u061b \u0627\u0644\u0623\u0644\u064a\u0627\u0641: 2 \u0643\u0645\/6000 \u0642\u062f\u0645<\/td>\n<\/tr>\n<tr>\n<td><strong>\u0627\u0644\u062a\u062d\u0643\u0645<\/strong><\/td>\n<td>\u062a\u0637\u0628\u064a\u0642\u0627\u062a iOS\/\u0623\u0646\u062f\u0631\u0648\u064a\u062f\u060c \u0648\u0648\u0627\u062c\u0647\u0629 \u0627\u0644\u0645\u0633\u062a\u062e\u062f\u0645 \u0627\u0644\u0631\u0633\u0648\u0645\u064a\u0629 \u0639\u0644\u0649 \u0627\u0644\u0648\u064a\u0628\u060c \u0648\u062c\u0647\u0627\u0632 \u062a\u062d\u0643\u0645 \u0639\u0646 \u0628\u064f\u0639\u062f \u0628\u0627\u0644\u0623\u0634\u0639\u0629 \u062a\u062d\u062a \u0627\u0644\u062d\u0645\u0631\u0627\u0621\u060c \u0648\u0623\u0632\u0631\u0627\u0631 RS232 \u0648\u0623\u0632\u0631\u0627\u0631 \u0623\u0645\u0627\u0645\u064a\u0629 \u0645\u0639 \u0625\u0636\u0627\u0621\u0629 \u062e\u0644\u0641\u064a\u0629<\/td>\n<\/tr>\n<tr>\n<td><strong>\u0627\u0644\u0637\u0627\u0642\u0629<\/strong><\/td>\n<td>\u0627\u0644\u062a\u064a\u0627\u0631 \u0627\u0644\u0645\u062a\u0631\u062f\u062f: 110 \u0641\u0648\u0644\u062a - 260 \u0641\u0648\u0644\u062a 50\/60 \u0647\u0631\u062a\u0632<\/td>\n<\/tr>\n<tr>\n<td><strong>\u0627\u0644\u0627\u0633\u062a\u0647\u0644\u0627\u0643<\/strong><\/td>\n<td>17 \u0648\u0627\u0637 (\u0628\u062f\u0648\u0646 \u0628\u0637\u0627\u0642\u0627\u062a)<\/td>\n<\/tr>\n<tr>\n<td><strong>\u0627\u0644\u0628\u064f\u0639\u062f<\/strong><\/td>\n<td>2 \u064a\u0648\u060c 482\u00d7385\u00d789 (\u0645\u0645) \/ 18.97*15.35*3.51 (\u0628\u0648\u0635\u0629) \/ \u0627\u0644\u062a\u0639\u0628\u0626\u0629: 56*49*20()<\/td>\n<\/tr>\n<tr>\n<td><strong>\u0627\u0644\u0648\u0632\u0646<\/strong><\/td>\n<td>6 \u0643\u062c\u0645\/ 13.22 \u0631\u0637\u0644\u0627\u064b (\u0628\u062f\u0648\u0646 \u0628\u0637\u0627\u0642\u0627\u062a)<\/td>\n<\/tr>\n<tr>\n<td><strong>\u062f\u0631\u062c\u0629 \u062d\u0631\u0627\u0631\u0629 \u0627\u0644\u0639\u0645\u0644<\/strong><\/td>\n<td>0\u2103 ~50\u2103<\/td>\n<\/tr>\n<tr>\n<td><strong>\u062f\u0631\u062c\u0629 \u062d\u0631\u0627\u0631\u0629 \u0627\u0644\u062a\u062e\u0632\u064a\u0646<\/strong><\/td>\n<td>-20\u2103 ~55\u2103<\/td>\n<\/tr>\n<\/tbody>\n<\/table>\n<p><strong>\u0628\u0637\u0627\u0642\u0629 \u0625\u062f\u062e\u0627\u0644 \u0648\u0625\u062e\u0631\u0627\u062c 1 - \u0628\u0637\u0627\u0642\u0629 1 - \u0645\u0646\u0641\u0630 \u0648\u0627\u062d\u062f 1 - \u0628\u0637\u0627\u0642\u0629 \u0625\u062f\u062e\u0627\u0644 \u0648\u0625\u062e\u0631\u0627\u062c<\/strong><\/p>\n<p><img decoding=\"async\" width=\"1473\" height=\"443\" class=\"wp-image-12324\" src=\"https:\/\/www.beinghd.com\/wp-content\/uploads\/2025\/12\/word-image-12313-2.png\" srcset=\"https:\/\/beinghd.com\/wp-content\/uploads\/2025\/12\/word-image-12313-2.png 1473w, https:\/\/beinghd.com\/wp-content\/uploads\/2025\/12\/word-image-12313-2-300x90.png 300w, https:\/\/beinghd.com\/wp-content\/uploads\/2025\/12\/word-image-12313-2-1024x308.png 1024w, https:\/\/beinghd.com\/wp-content\/uploads\/2025\/12\/word-image-12313-2-768x231.png 768w, https:\/\/beinghd.com\/wp-content\/uploads\/2025\/12\/word-image-12313-2-18x5.png 18w, https:\/\/beinghd.com\/wp-content\/uploads\/2025\/12\/word-image-12313-2-600x180.png 600w, https:\/\/beinghd.com\/wp-content\/uploads\/2025\/12\/word-image-12313-2-1200x361.png 1200w\" sizes=\"(max-width: 1473px) 100vw, 1473px\" \/><\/p>\n<p><a id=\"post-12313-OLE_LINK1\"><\/a><strong>\u0631\u0633\u0645 \u062d\u062c\u0645 \u0627\u0644\u0645\u0635\u0641\u0648\u0641\u0629 (482*89*387*387) \u0645\u0645 (\u0627\u0644\u0637\u0648\u0644*\u0627\u0644\u0627\u0631\u062a\u0641\u0627\u0639*\u0627\u0644\u0639\u0645\u0642)<\/strong><\/p>\n<p><img decoding=\"async\" width=\"1004\" height=\"917\" class=\"wp-image-12325\" src=\"https:\/\/www.beinghd.com\/wp-content\/uploads\/2025\/12\/word-image-12313-3.png\" srcset=\"https:\/\/beinghd.com\/wp-content\/uploads\/2025\/12\/word-image-12313-3.png 1004w, https:\/\/beinghd.com\/wp-content\/uploads\/2025\/12\/word-image-12313-3-300x274.png 300w, https:\/\/beinghd.com\/wp-content\/uploads\/2025\/12\/word-image-12313-3-768x701.png 768w, https:\/\/beinghd.com\/wp-content\/uploads\/2025\/12\/word-image-12313-3-13x12.png 13w, https:\/\/beinghd.com\/wp-content\/uploads\/2025\/12\/word-image-12313-3-600x548.png 600w\" sizes=\"(max-width: 1004px) 100vw, 1004px\" \/><\/p>\n<p><strong>\u0645\u062e\u0637\u0637 \u0627\u0644\u062a\u0648\u0635\u064a\u0644<\/strong><\/p>\n<p><img loading=\"lazy\" decoding=\"async\" width=\"1200\" height=\"762\" class=\"wp-image-12326\" src=\"https:\/\/www.beinghd.com\/wp-content\/uploads\/2025\/12\/9x9-connection-diagram.jpeg\" alt=\"9x9-\u062a\u0633\u0639\u0629-\u0631\u0628\u0637-\u0631\u0633\u0645 \u0628\u064a\u0627\u0646\u064a\" srcset=\"https:\/\/beinghd.com\/wp-content\/uploads\/2025\/12\/9x9-connection-diagram.jpeg 1200w, https:\/\/beinghd.com\/wp-content\/uploads\/2025\/12\/9x9-connection-diagram-300x191.jpeg 300w, https:\/\/beinghd.com\/wp-content\/uploads\/2025\/12\/9x9-connection-diagram-1024x650.jpeg 1024w, https:\/\/beinghd.com\/wp-content\/uploads\/2025\/12\/9x9-connection-diagram-768x488.jpeg 768w, https:\/\/beinghd.com\/wp-content\/uploads\/2025\/12\/9x9-connection-diagram-18x12.jpeg 18w, https:\/\/beinghd.com\/wp-content\/uploads\/2025\/12\/9x9-connection-diagram-600x381.jpeg 600w\" sizes=\"(max-width: 1200px) 100vw, 1200px\" \/><\/p>\n<p>&nbsp;<\/p>","protected":false},"excerpt":{"rendered":"<ul>\n<li>\u0647\u064a\u0643\u0644 \u0628\u062a\u0635\u0645\u064a\u0645 \u0645\u0639\u064a\u0627\u0631\u064a\u060c \u0645\u0639 9 \u0641\u062a\u062d\u0627\u062a \u0625\u062f\u062e\u0627\u0644 \u06489 \u0641\u062a\u062d\u0627\u062a \u0625\u062e\u0631\u0627\u062c<\/li>\n<li>\u0628\u0637\u0627\u0642\u0629 \u0625\u062f\u062e\u0627\u0644 \u0648\u0625\u062e\u0631\u0627\u062c 1 - \u0628\u0637\u0627\u0642\u0629 1 - \u0645\u0646\u0641\u0630 \u0648\u0627\u062d\u062f 1 - \u0628\u0637\u0627\u0642\u0629 \u0625\u062f\u062e\u0627\u0644 \u0648\u0625\u062e\u0631\u0627\u062c<\/li>\n<li>\u064a\u062f\u0639\u0645 \u0628\u0637\u0627\u0642\u0627\u062a 1080P \u0648 4K30 \u0648 4K60 \u0644\u0644\u0627\u062e\u062a\u064a\u0627\u0631 \u0645\u0646 \u0628\u064a\u0646\u0647\u0627<\/li>\n<li>\u064a\u062f\u0639\u0645 DVI-I\/ HDMI\/ 3GSDI\/ 3GSDI\/ HDBaseT\/ \u0641\u0627\u064a\u0628\u0631 \u0644\u0645\u0632\u062c \u0627\u0644\u0645\u062f\u062e\u0644\u0627\u062a \u0648\u0627\u0644\u0645\u062e\u0631\u062c\u0627\u062a<\/li>\n<li>\u062f\u0639\u0645 \u062d\u0627\u0626\u0637 \u0627\u0644\u0641\u064a\u062f\u064a\u0648 \u0648\u0627\u0644\u062a\u0628\u062f\u064a\u0644 \u0627\u0644\u0633\u0644\u0633 \u0645\u0639 \u0628\u0637\u0627\u0642\u0627\u062a 1080P \u06484K60 \u0628\u062f\u0642\u0629 1080P<\/li>\n<li>\u062f\u0639\u0645 \u0648\u0638\u064a\u0641\u0629 \u062a\u0636\u0645\u064a\u0646 \u0627\u0644\u0635\u0648\u062a 3.5 \u0645\u0645 \u0648\u0625\u0644\u063a\u0627\u0621 \u0627\u0644\u062a\u0636\u0645\u064a\u0646<\/li>\n<li>\u062f\u0639\u0645 \u0648\u0638\u064a\u0641\u0629 \u0627\u0644\u062a\u062d\u062c\u064a\u0645 \u0644\u0623\u0639\u0644\u0649\/\u0644\u0623\u0633\u0641\u0644 \u0639\u0628\u0631 \u0645\u0641\u062a\u0627\u062d DIP<\/li>\n<li>\u062f\u0639\u0645 \u0645\u0646\u0641\u0630\u064a LAN \u0648 RS232 \u0627\u0644\u0645\u0632\u062f\u0648\u062c\u064a\u0646 \u0644\u0644\u062a\u062d\u0643\u0645 \u0627\u0644\u0627\u062d\u062a\u064a\u0627\u0637\u064a<\/li>\n<li>\u0623\u0632\u0631\u0627\u0631 \u0623\u0645\u0627\u0645\u064a\u0629 \u0645\u0632\u0648\u062f\u0629 \u0628\u0623\u0636\u0648\u0627\u0621 \u062e\u0644\u0641\u064a\u0629\u060c \u064a\u0633\u0647\u0644 \u062a\u0634\u063a\u064a\u0644\u0647\u0627 \u0641\u064a \u0623\u064a \u0648\u0642\u062a<\/li>\n<li>\u062f\u0639\u0645 \u0627\u0644\u062d\u0645\u0627\u064a\u0629 \u0627\u0644\u062a\u0644\u0642\u0627\u0626\u064a\u0629 \u0644\u0644\u062d\u0641\u0638 \u0627\u0644\u062a\u0644\u0642\u0627\u0626\u064a \u0648\u0648\u0638\u064a\u0641\u0629 \u0627\u0644\u0627\u0633\u062a\u0631\u062f\u0627\u062f \u0627\u0644\u062a\u0644\u0642\u0627\u0626\u064a \u0623\u062b\u0646\u0627\u0621 \u0627\u0646\u0642\u0637\u0627\u0639 \u0627\u0644\u062a\u064a\u0627\u0631 \u0627\u0644\u0643\u0647\u0631\u0628\u0627\u0626\u064a<\/li>\n<\/ul>","protected":false},"featured_media":12314,"comment_status":"open","ping_status":"closed","template":"","meta":{"site-sidebar-layout":"default","site-content-layout":"","ast-site-content-layout":"default","site-content-style":"default","site-sidebar-style":"default","ast-global-header-display":"","ast-banner-title-visibility":"","ast-main-header-display":"","ast-hfb-above-header-display":"","ast-hfb-below-header-display":"","ast-hfb-mobile-header-display":"","site-post-title":"","ast-breadcrumbs-content":"","ast-featured-img":"","footer-sml-layout":"","theme-transparent-header-meta":"default","adv-header-id-meta":"","stick-header-meta":"default","header-above-stick-meta":"","header-main-stick-meta":"","header-below-stick-meta":"","astra-migrate-meta-layouts":"set","ast-page-background-enabled":"default","ast-page-background-meta":{"desktop":{"background-color":"","background-image":"","background-repeat":"repeat","background-position":"center center","background-size":"auto","background-attachment":"scroll","background-type":"","background-media":"","overlay-type":"","overlay-color":"","overlay-opacity":"","overlay-gradient":""},"tablet":{"background-color":"","background-image":"","background-repeat":"repeat","background-position":"center center","background-size":"auto","background-attachment":"scroll","background-type":"","background-media":"","overlay-type":"","overlay-color":"","overlay-opacity":"","overlay-gradient":""},"mobile":{"background-color":"","background-image":"","background-repeat":"repeat","background-position":"center center","background-size":"auto","background-attachment":"scroll","background-type":"","background-media":"","overlay-type":"","overlay-color":"","overlay-opacity":"","overlay-gradient":""}},"ast-content-background-meta":{"desktop":{"background-color":"var(--ast-global-color-5)","background-image":"","background-repeat":"repeat","background-position":"center center","background-size":"auto","background-attachment":"scroll","background-type":"","background-media":"","overlay-type":"","overlay-color":"","overlay-opacity":"","overlay-gradient":""},"tablet":{"background-color":"var(--ast-global-color-5)","background-image":"","background-repeat":"repeat","background-position":"center center","background-size":"auto","background-attachment":"scroll","background-type":"","background-media":"","overlay-type":"","overlay-color":"","overlay-opacity":"","overlay-gradient":""},"mobile":{"background-color":"var(--ast-global-color-5)","background-image":"","background-repeat":"repeat","background-position":"center center","background-size":"auto","background-attachment":"scroll","background-type":"","background-media":"","overlay-type":"","overlay-color":"","overlay-opacity":"","overlay-gradient":""}}},"product_brand":[],"product_cat":[15,135,150],"product_tag":[],"class_list":{"0":"post-12313","1":"product","2":"type-product","3":"status-publish","4":"has-post-thumbnail","6":"product_cat-product","7":"product_cat-modular-matrix-switcher","8":"product_cat-mini-series","9":"desktop-align-left","10":"tablet-align-left","11":"mobile-align-left","12":"ast-product-gallery-layout-horizontal-slider","13":"ast-product-tabs-layout-horizontal","15":"first","16":"instock","17":"shipping-taxable","18":"product-type-simple"},"_links":{"self":[{"href":"https:\/\/beinghd.com\/ar\/wp-json\/wp\/v2\/product\/12313","targetHints":{"allow":["GET"]}}],"collection":[{"href":"https:\/\/beinghd.com\/ar\/wp-json\/wp\/v2\/product"}],"about":[{"href":"https:\/\/beinghd.com\/ar\/wp-json\/wp\/v2\/types\/product"}],"replies":[{"embeddable":true,"href":"https:\/\/beinghd.com\/ar\/wp-json\/wp\/v2\/comments?post=12313"}],"version-history":[{"count":0,"href":"https:\/\/beinghd.com\/ar\/wp-json\/wp\/v2\/product\/12313\/revisions"}],"wp:featuredmedia":[{"embeddable":true,"href":"https:\/\/beinghd.com\/ar\/wp-json\/wp\/v2\/media\/12314"}],"wp:attachment":[{"href":"https:\/\/beinghd.com\/ar\/wp-json\/wp\/v2\/media?parent=12313"}],"wp:term":[{"taxonomy":"product_brand","embeddable":true,"href":"https:\/\/beinghd.com\/ar\/wp-json\/wp\/v2\/product_brand?post=12313"},{"taxonomy":"product_cat","embeddable":true,"href":"https:\/\/beinghd.com\/ar\/wp-json\/wp\/v2\/product_cat?post=12313"},{"taxonomy":"product_tag","embeddable":true,"href":"https:\/\/beinghd.com\/ar\/wp-json\/wp\/v2\/product_tag?post=12313"}],"curies":[{"name":"wp","href":"https:\/\/api.w.org\/{rel}","templated":true}]}}