{"id":12756,"date":"2026-01-05T03:36:26","date_gmt":"2026-01-05T02:36:26","guid":{"rendered":"https:\/\/beinghd.com\/?post_type=product&#038;p=12756"},"modified":"2026-01-05T03:40:11","modified_gmt":"2026-01-05T02:40:11","slug":"em-8x8-modular-matrix-switcher-with-ipad-app-control","status":"publish","type":"product","link":"https:\/\/beinghd.com\/ar\/%d8%a7%d9%84%d9%85%d9%86%d8%aa%d8%ac\/em-8x8-modular-matrix-switcher-with-ipad-app-control\/","title":{"rendered":"\u062c\u0647\u0627\u0632 \u062a\u0628\u062f\u064a\u0644 \u0627\u0644\u0645\u0635\u0641\u0648\u0641\u0629 \u0627\u0644\u0645\u0639\u064a\u0627\u0631\u064a EM 8\u00d78 \u0627\u0644\u0645\u0639\u064a\u0627\u0631\u064a \u0645\u0639 \u0627\u0644\u062a\u062d\u0643\u0645 \u0641\u064a \u062a\u0637\u0628\u064a\u0642 iPad"},"content":{"rendered":"<p><img fetchpriority=\"high\" decoding=\"async\" width=\"1266\" height=\"471\" class=\"wp-image-12765\" src=\"https:\/\/www.beinghd.com\/wp-content\/uploads\/2026\/01\/7a2b6560352be19924db15344c2e0db.png\" alt=\"7a2b6560352be19924db15344c2e0db\" srcset=\"https:\/\/beinghd.com\/wp-content\/uploads\/2026\/01\/7a2b6560352be19924db15344c2e0db.png 1266w, https:\/\/beinghd.com\/wp-content\/uploads\/2026\/01\/7a2b6560352be19924db15344c2e0db-300x112.png 300w, https:\/\/beinghd.com\/wp-content\/uploads\/2026\/01\/7a2b6560352be19924db15344c2e0db-1024x381.png 1024w, https:\/\/beinghd.com\/wp-content\/uploads\/2026\/01\/7a2b6560352be19924db15344c2e0db-768x286.png 768w, https:\/\/beinghd.com\/wp-content\/uploads\/2026\/01\/7a2b6560352be19924db15344c2e0db-18x7.png 18w, https:\/\/beinghd.com\/wp-content\/uploads\/2026\/01\/7a2b6560352be19924db15344c2e0db-600x223.png 600w, https:\/\/beinghd.com\/wp-content\/uploads\/2026\/01\/7a2b6560352be19924db15344c2e0db-1200x446.png 1200w\" sizes=\"(max-width: 1266px) 100vw, 1266px\" \/><\/p>\n<p><strong>\u0645\u0642\u062f\u0645\u0629<\/strong><\/p>\n<p>This is a modular matrix switcher, with 2 input slots and 2 output slots, so it can support maximum 8 inputs and 8 outputs as it\u2019s using the 1-card 4-port cards, the signals are including the DVI, HDMI, HDBasT, Fiber Optic, 3G-SDI. Users are able to have mixed signals inputs and mixed signals outputs.<\/p>\n<p>\u064a\u0645\u0643\u0646 \u0623\u0646 \u062a\u0635\u0644 \u0633\u0631\u0639\u0629 \u062a\u0628\u062f\u064a\u0644 \u0627\u0644\u0625\u0634\u0627\u0631\u0629 \u0623\u062d\u0627\u062f\u064a\u0629 \u0627\u0644\u0642\u0646\u0627\u0629 \u0625\u0644\u0649 12.5 \u062c\u064a\u062c\u0627\u0628\u062a \u0641\u064a \u0627\u0644\u062b\u0627\u0646\u064a\u0629\u060c \u0648\u062a\u0633\u062a\u062e\u062f\u0645 \u0627\u0644\u0644\u0648\u062d\u0629 \u0627\u0644\u0631\u0626\u064a\u0633\u064a\u0629 \u062a\u0642\u0646\u064a\u0629 \u0627\u0644\u0645\u0639\u0627\u0644\u062c\u0629 \u0628\u0623\u0631\u0628\u0639\u0629 \u0648\u0635\u0644\u0627\u062a \u0623\u0633\u0627\u0633\u064a\u0629\u060c \u0648\u064a\u0645\u0643\u0646 \u0623\u0646 \u062a\u0635\u0644 \u0633\u0631\u0639\u0629 \u0642\u062f\u0631\u0629 \u0627\u0644\u062a\u0628\u062f\u064a\u0644 \u0625\u0644\u0649 32 \u062c\u064a\u062c\u0627\u0628\u062a \u0641\u064a \u0627\u0644\u062b\u0627\u0646\u064a\u0629. \u0645\u0639 \u062a\u0642\u0646\u064a\u0629 \u0646\u0642\u0644 \u063a\u064a\u0631 \u0645\u0636\u063a\u0648\u0637\u0629 \u0644\u0644\u0625\u0634\u0627\u0631\u0629 \u0627\u0644\u0631\u0642\u0645\u064a\u0629 \u0644\u0644\u062a\u0623\u0643\u062f \u0645\u0646 \u0623\u0646 \u0627\u0644\u0635\u0648\u0631\u0629 \u0639\u0627\u0644\u064a\u0629 \u0627\u0644\u062f\u0642\u0629 \u0641\u064a \u0627\u0644\u0625\u062e\u0631\u0627\u062c. \u062a\u0642\u0646\u064a\u0629 \u062a\u0635\u0645\u064a\u0645 \u0641\u0631\u064a\u062f\u0629 \u0645\u0646 \u0646\u0648\u0639\u0647\u0627 \u0644\u062a\u0635\u0645\u064a\u0645 \u0648\u0635\u0644\u0627\u062a \u0627\u0644\u0625\u0634\u0627\u0631\u0629 \u0627\u0644\u0648\u0627\u0642\u064a\u0629 \u0644\u0644\u062a\u0623\u0643\u062f \u0645\u0646 \u0627\u0643\u062a\u0645\u0627\u0644 \u0627\u0644\u0625\u0634\u0627\u0631\u0629\u060c \u0648\u064a\u062a\u0645\u062a\u0639 \u0645\u0641\u062a\u0627\u062d \u0627\u0644\u0628\u064a\u0627\u0646\u0627\u062a \u0627\u0644\u062f\u0627\u062e\u0644\u064a \u0628\u0642\u062f\u0631\u0629 \u0641\u0627\u0626\u0642\u0629 \u0639\u0644\u0649 \u0645\u0642\u0627\u0648\u0645\u0629 \u0627\u0644\u0627\u0636\u0637\u0631\u0627\u0628 \u0648\u0642\u062f\u0631\u0629 \u0639\u0645\u0644 \u0637\u0648\u064a\u0644\u0629 \u0648\u0645\u0633\u062a\u0642\u0631\u0629 \u0648\u0645\u0633\u062a\u0645\u0631\u0629 \u0648\u0645\u0633\u062a\u0642\u0631\u0629. \u064a\u062f\u0639\u0645 \u0627\u0644\u0639\u0645\u0644 \u0627\u0644\u0645\u0633\u062a\u0645\u0631 7*24 \u0628\u0634\u0643\u0644 \u0645\u0633\u062a\u0645\u0631 \u0648\u0645\u0639 \u0627\u0644\u062a\u062d\u0643\u0645 \u0627\u0644\u0627\u062d\u062a\u064a\u0627\u0637\u064a \u0627\u0644\u0645\u0632\u062f\u0648\u062c \u0641\u064a \u0634\u0628\u0643\u0629 LAN \u0648 RS232\u060c \u0645\u0646 \u0627\u0644\u0645\u0644\u0627\u0626\u0645 \u0644\u0644\u0645\u0633\u062a\u062e\u062f\u0645\u064a\u0646 \u0627\u0644\u062a\u062d\u0643\u0645 \u0639\u0628\u0631 \u0627\u0644\u0643\u0645\u0628\u064a\u0648\u062a\u0631 \u0627\u0644\u0634\u062e\u0635\u064a \u0648 iPad \u0648\u0627\u0644\u062a\u0637\u0628\u064a\u0642 \u0648 3<sup>\ud83b\ude0d<\/sup> \u0627\u0644\u062a\u062d\u0643\u0645 \u0627\u0644\u0645\u0631\u0643\u0632\u064a \u0644\u0644\u0623\u0637\u0631\u0627\u0641 \u0628\u0648\u0627\u0633\u0637\u0629 \u0623\u0648\u0627\u0645\u0631 \u0627\u0644\u062a\u062d\u0643\u0645 RS232.<\/p>\n<p>\u0648\u0628\u0641\u0636\u0644 \u0627\u0644\u062a\u062d\u0643\u0645 \u0627\u0644\u0645\u0632\u062f\u0648\u062c \u0641\u064a RS232 \u0648\u0634\u0628\u0643\u0629 LAN\u060c \u064a\u0645\u0643\u0646 \u0644\u0644\u0645\u0633\u062a\u062e\u062f\u0645\u064a\u0646 \u0623\u064a\u0636\u064b\u0627 \u0625\u0639\u062f\u0627\u062f \u0627\u0644\u0645\u0639\u062f\u0627\u062a \u0627\u0644\u0645\u062d\u064a\u0637\u0629 \u0648\u0627\u0644\u062a\u062d\u0643\u0645 \u0641\u064a\u0647\u0627 \u0628\u0628\u0633\u0627\u0637\u0629\u060c \u0645\u062b\u0644 \u062c\u0647\u0627\u0632 \u0627\u0644\u0639\u0631\u0636 \u0648\u0627\u0644\u0633\u062a\u0627\u0631\u0629 \u0627\u0644\u0643\u0647\u0631\u0628\u0627\u0626\u064a\u0629 \u0648\u0623\u062c\u0647\u0632\u0629 \u0627\u0644\u062a\u0644\u0641\u0632\u064a\u0648\u0646.<\/p>\n<p>\u062a\u0645 \u0627\u0633\u062a\u062e\u062f\u0627\u0645 \u0645\u062d\u0648\u0644\u0627\u062a \u0627\u0644\u0645\u0635\u0641\u0648\u0641\u0629 \u0647\u0630\u0647 \u0639\u0644\u0649 \u0646\u0637\u0627\u0642 \u0648\u0627\u0633\u0639 \u0641\u064a \u0627\u0644\u0645\u0624\u062a\u0645\u0631\u0627\u062a\u060c \u0648\u0645\u0634\u0631\u0648\u0639 \u0627\u0644\u0631\u0627\u062f\u064a\u0648 \u0648\u0627\u0644\u062a\u0644\u0641\u0632\u064a\u0648\u0646\u060c \u0648\u0642\u0627\u0639\u0629 \u0645\u0624\u062a\u0645\u0631\u0627\u062a \u0627\u0644\u0648\u0633\u0627\u0626\u0637 \u0627\u0644\u0645\u062a\u0639\u062f\u062f\u0629\u060c \u0648\u0645\u0634\u0631\u0648\u0639 \u0639\u0631\u0636 \u0627\u0644\u0634\u0627\u0634\u0629 \u0627\u0644\u0643\u0628\u064a\u0631\u0629\u060c \u0648\u0627\u0644\u062a\u062f\u0631\u064a\u0633 \u0627\u0644\u062a\u0644\u0641\u0632\u064a\u0648\u0646\u064a\u060c \u0648\u0645\u0631\u0643\u0632 \u0627\u0644\u062a\u062d\u0643\u0645 \u0641\u064a \u0627\u0644\u0642\u064a\u0627\u062f\u0629 \u0648\u0645\u0627 \u0625\u0644\u0649 \u0630\u0644\u0643 \u0645\u0646 \u0627\u0644\u062a\u0637\u0628\u064a\u0642\u0627\u062a.<\/p>\n<p><strong>\u0627\u0644\u0645\u064a\u0632\u0627\u062a<\/strong><\/p>\n<ul>\n<li><a id=\"post-12756-OLE_LINK4\"><\/a> Modular designing chassis, with 2 input slots and 2 output slots<\/li>\n<li>1-\u0628\u0637\u0627\u0642\u0629 \u0625\u062f\u062e\u0627\u0644 \u0648\u0625\u062e\u0631\u0627\u062c \u0645\u0646 4 \u0645\u0646\u0627\u0641\u0630 \u0628\u0637\u0627\u0642\u0629 1 - \u0628\u0637\u0627\u0642\u0629 \u0625\u062f\u062e\u0627\u0644 \u0648\u0625\u062e\u0631\u0627\u062c<\/li>\n<li>\u064a\u062f\u0639\u0645 \u0628\u0637\u0627\u0642\u0627\u062a 1080P \u0648 4K30 \u0648 4K60 \u0644\u0644\u0627\u062e\u062a\u064a\u0627\u0631 \u0645\u0646 \u0628\u064a\u0646\u0647\u0627<\/li>\n<li>\u064a\u062f\u0639\u0645 DVI-I\/ HDMI\/ 3GSDI\/ 3GSDI\/ HDBaseT\/ \u0641\u0627\u064a\u0628\u0631 \u0644\u0645\u0632\u062c \u0627\u0644\u0645\u062f\u062e\u0644\u0627\u062a \u0648\u0627\u0644\u0645\u062e\u0631\u062c\u0627\u062a<\/li>\n<li>\u062f\u0639\u0645 \u062d\u0627\u0626\u0637 \u0627\u0644\u0641\u064a\u062f\u064a\u0648 \u0648\u0627\u0644\u062a\u0628\u062f\u064a\u0644 \u0627\u0644\u0633\u0644\u0633 \u0645\u0639 \u0628\u0637\u0627\u0642\u0627\u062a 1080P \u06484K60 \u0628\u062f\u0642\u0629 1080P<\/li>\n<li>\u062f\u0639\u0645 \u0648\u0638\u064a\u0641\u0629 \u062a\u0636\u0645\u064a\u0646 \u0627\u0644\u0635\u0648\u062a 3.5 \u0645\u0645 \u0648\u0625\u0644\u063a\u0627\u0621 \u0627\u0644\u062a\u0636\u0645\u064a\u0646<\/li>\n<li>\u062f\u0639\u0645 \u0648\u0638\u064a\u0641\u0629 \u0627\u0644\u062a\u062d\u062c\u064a\u0645 \u0644\u0623\u0639\u0644\u0649\/\u0644\u0623\u0633\u0641\u0644 \u0639\u0628\u0631 \u0645\u0641\u062a\u0627\u062d DIP<\/li>\n<li>\u062f\u0639\u0645 \u0645\u0646\u0641\u0630\u064a LAN \u0648 RS232 \u0627\u0644\u0645\u0632\u062f\u0648\u062c\u064a\u0646 \u0644\u0644\u062a\u062d\u0643\u0645 \u0627\u0644\u0627\u062d\u062a\u064a\u0627\u0637\u064a<\/li>\n<li>\u0623\u0632\u0631\u0627\u0631 \u0623\u0645\u0627\u0645\u064a\u0629 \u0645\u0632\u0648\u062f\u0629 \u0628\u0623\u0636\u0648\u0627\u0621 \u062e\u0644\u0641\u064a\u0629\u060c \u064a\u0633\u0647\u0644 \u062a\u0634\u063a\u064a\u0644\u0647\u0627 \u0641\u064a \u0623\u064a \u0648\u0642\u062a<\/li>\n<li>\u062f\u0639\u0645 \u0627\u0644\u062d\u0645\u0627\u064a\u0629 \u0627\u0644\u062a\u0644\u0642\u0627\u0626\u064a\u0629 \u0644\u0644\u062d\u0641\u0638 \u0627\u0644\u062a\u0644\u0642\u0627\u0626\u064a \u0648\u0648\u0638\u064a\u0641\u0629 \u0627\u0644\u0627\u0633\u062a\u0631\u062f\u0627\u062f \u0627\u0644\u062a\u0644\u0642\u0627\u0626\u064a \u0623\u062b\u0646\u0627\u0621 \u0627\u0646\u0642\u0637\u0627\u0639 \u0627\u0644\u062a\u064a\u0627\u0631 \u0627\u0644\u0643\u0647\u0631\u0628\u0627\u0626\u064a<\/li>\n<\/ul>\n<p><strong>\u0627\u0644\u0645\u0648\u0627\u0635\u0641\u0627\u062a<\/strong><\/p>\n<table>\n<tbody>\n<tr>\n<td><strong>\u0627\u0644\u0637\u0631\u0627\u0632<\/strong><\/td>\n<td><strong>FM-800<\/strong><\/td>\n<\/tr>\n<tr>\n<td><strong>\u0627\u0644\u0648\u0635\u0641<\/strong><\/td>\n<td>\u0645\u062d\u0648\u0644 \u0645\u0635\u0641\u0648\u0641\u0629 \u0645\u0639\u064a\u0627\u0631\u064a 8\u00d78<\/td>\n<\/tr>\n<tr>\n<td><strong>\u0627\u0644\u0645\u062f\u062e\u0644\u0627\u062a<\/strong><\/td>\n<td>1-\u0628\u0637\u0627\u0642\u0629 \u0625\u062f\u062e\u0627\u0644 \u0645\u0646 4 \u0645\u0646\u0627\u0641\u0630\u060c \u0628\u0645\u0627 \u0641\u064a \u0630\u0644\u0643 DVI\/HDMI\/VGA\/VGA\/VVBS\/YPbbPr\/SDI\/HDBaseT\/\u0627\u0644\u0623\u0644\u064a\u0627\u0641<\/td>\n<\/tr>\n<tr>\n<td><strong>\u0627\u0644\u0645\u062e\u0631\u062c\u0627\u062a<\/strong><\/td>\n<td>\u062f\u0639\u0645 \u0625\u062e\u0631\u0627\u062c DVI\/HDMI\/VGA\/VGA\/CVBS\/YPbbPr\/SDI\/HDBaseT\/VGA\/VVBS\/YPbbPr\/SDI\/HDBaseT\/\u0641\u0627\u064a\u0628\u0631 \u0623\u0648\u062a\u0628\u0643<\/td>\n<\/tr>\n<tr>\n<td><strong>\u0645\u0639\u064a\u0627\u0631 \u0627\u0644\u0628\u0631\u0648\u062a\u0648\u0643\u0648\u0644<\/strong><\/td>\n<td>\u064a\u062f\u0639\u0645 HDMI1.4\u060c HDCP1.4\u060c HDMI2.0.HDCP2.2<\/td>\n<\/tr>\n<tr>\n<td><strong>\u0645\u0633\u0627\u062d\u0629 \u0627\u0644\u0644\u0648\u0646<\/strong><\/td>\n<td>\u062f\u0639\u0645 \u0627\u0645\u062a\u062f\u0627\u062f \u0627\u0644\u0623\u0644\u0648\u0627\u0646 \u0627\u0644\u0642\u064a\u0627\u0633\u064a RGB444 \u0648 YUV444 \u0648 YUV422 \u0648 x.v.C<\/td>\n<\/tr>\n<tr>\n<td><strong>\u0627\u0644\u0642\u0631\u0627\u0631<\/strong><\/td>\n<td>640\u00d7480-3840\u00d72160\u00d72160@60 \u0647\u0631\u062a\u0632 (VESA)\u060c 480i-4K@60 \u0647\u0631\u062a\u0632 (HDTV)<\/td>\n<\/tr>\n<tr>\n<td><strong>\u0627\u0644\u0645\u0633\u0627\u0641\u0629<\/strong><\/td>\n<td>HDMI\/DVI: 15 \u0645\/40 \u0642\u062f\u0645\u064b\u0627\u061b HDBaseT: 70 \u0645\/220 \u0642\u062f\u0645\u064b\u0627\u061b \u0627\u0644\u0623\u0644\u064a\u0627\u0641: 2 \u0643\u0645\/6000 \u0642\u062f\u0645<\/td>\n<\/tr>\n<tr>\n<td><strong>\u0627\u0644\u062a\u062d\u0643\u0645<\/strong><\/td>\n<td>\u062a\u0637\u0628\u064a\u0642\u0627\u062a iOS\/\u0623\u0646\u062f\u0631\u0648\u064a\u062f\u060c \u0648\u0627\u062c\u0647\u0629 \u0627\u0644\u0645\u0633\u062a\u062e\u062f\u0645 \u0627\u0644\u0631\u0633\u0648\u0645\u064a\u0629 \u0639\u0644\u0649 \u0627\u0644\u0648\u064a\u0628\u060c RS232 \u0648\u0623\u0632\u0631\u0627\u0631 \u0623\u0645\u0627\u0645\u064a\u0629 \u0645\u0639 \u0625\u0636\u0627\u0621\u0629 \u062e\u0644\u0641\u064a\u0629<\/td>\n<\/tr>\n<tr>\n<td><strong>\u0627\u0644\u0637\u0627\u0642\u0629<\/strong><\/td>\n<td>\u0627\u0644\u062a\u064a\u0627\u0631 \u0627\u0644\u0645\u062a\u0631\u062f\u062f: 110 \u0641\u0648\u0644\u062a - 260 \u0641\u0648\u0644\u062a 50\/60 \u0647\u0631\u062a\u0632<\/td>\n<\/tr>\n<tr>\n<td><strong>\u0627\u0644\u0627\u0633\u062a\u0647\u0644\u0627\u0643<\/strong><\/td>\n<td>15 \u0648\u0627\u062a (\u0628\u062f\u0648\u0646 \u0628\u0637\u0627\u0642\u0627\u062a)<\/td>\n<\/tr>\n<tr>\n<td><strong>\u0627\u0644\u0628\u064f\u0639\u062f<\/strong><\/td>\n<td>2U, 482*320*89(mm)<\/td>\n<\/tr>\n<tr>\n<td><strong>\u0627\u0644\u0648\u0632\u0646<\/strong><\/td>\n<td>6 \u0643\u062c\u0645\/ 13.22 \u0631\u0637\u0644\u0627\u064b (\u0628\u062f\u0648\u0646 \u0628\u0637\u0627\u0642\u0627\u062a)<\/td>\n<\/tr>\n<tr>\n<td><strong>\u062f\u0631\u062c\u0629 \u062d\u0631\u0627\u0631\u0629 \u0627\u0644\u0639\u0645\u0644<\/strong><\/td>\n<td>0\u2103 ~50\u2103<\/td>\n<\/tr>\n<tr>\n<td><strong>\u062f\u0631\u062c\u0629 \u062d\u0631\u0627\u0631\u0629 \u0627\u0644\u062a\u062e\u0632\u064a\u0646<\/strong><\/td>\n<td>-20\u2103 ~55\u2103<\/td>\n<\/tr>\n<\/tbody>\n<\/table>\n<p><strong>Matrix Size Drawing <\/strong><\/p>\n<p><img decoding=\"async\" width=\"1134\" height=\"1108\" class=\"wp-image-12766\" src=\"https:\/\/www.beinghd.com\/wp-content\/uploads\/2026\/01\/10c1e525f2610f48a9217e9ae97161b.png\" alt=\"10c1e525f2610f48a9217e9ae97161b\" srcset=\"https:\/\/beinghd.com\/wp-content\/uploads\/2026\/01\/10c1e525f2610f48a9217e9ae97161b.png 1134w, https:\/\/beinghd.com\/wp-content\/uploads\/2026\/01\/10c1e525f2610f48a9217e9ae97161b-300x293.png 300w, https:\/\/beinghd.com\/wp-content\/uploads\/2026\/01\/10c1e525f2610f48a9217e9ae97161b-1024x1001.png 1024w, https:\/\/beinghd.com\/wp-content\/uploads\/2026\/01\/10c1e525f2610f48a9217e9ae97161b-768x750.png 768w, https:\/\/beinghd.com\/wp-content\/uploads\/2026\/01\/10c1e525f2610f48a9217e9ae97161b-12x12.png 12w, https:\/\/beinghd.com\/wp-content\/uploads\/2026\/01\/10c1e525f2610f48a9217e9ae97161b-600x586.png 600w\" sizes=\"(max-width: 1134px) 100vw, 1134px\" \/><\/p>\n<p><a id=\"post-12756-OLE_LINK1\"><\/a><strong>\u0645\u062e\u0637\u0637 \u0627\u0644\u062a\u0648\u0635\u064a\u0644<\/strong><\/p>\n<p><img decoding=\"async\" width=\"2178\" height=\"1223\" class=\"wp-image-12767\" src=\"https:\/\/www.beinghd.com\/wp-content\/uploads\/2026\/01\/word-image-12756-3.png\" srcset=\"https:\/\/beinghd.com\/wp-content\/uploads\/2026\/01\/word-image-12756-3.png 2178w, https:\/\/beinghd.com\/wp-content\/uploads\/2026\/01\/word-image-12756-3-300x168.png 300w, https:\/\/beinghd.com\/wp-content\/uploads\/2026\/01\/word-image-12756-3-1024x575.png 1024w, https:\/\/beinghd.com\/wp-content\/uploads\/2026\/01\/word-image-12756-3-768x431.png 768w, https:\/\/beinghd.com\/wp-content\/uploads\/2026\/01\/word-image-12756-3-1536x863.png 1536w, https:\/\/beinghd.com\/wp-content\/uploads\/2026\/01\/word-image-12756-3-2048x1150.png 2048w, https:\/\/beinghd.com\/wp-content\/uploads\/2026\/01\/word-image-12756-3-18x10.png 18w, https:\/\/beinghd.com\/wp-content\/uploads\/2026\/01\/word-image-12756-3-600x337.png 600w, https:\/\/beinghd.com\/wp-content\/uploads\/2026\/01\/word-image-12756-3-1200x674.png 1200w\" sizes=\"(max-width: 2178px) 100vw, 2178px\" \/><\/p>\n<p>&nbsp;<\/p>","protected":false},"excerpt":{"rendered":"<ul>\n<li>Modular designing chassis, with 2 input slots and 2 output slots<\/li>\n<li>1-\u0628\u0637\u0627\u0642\u0629 \u0625\u062f\u062e\u0627\u0644 \u0648\u0625\u062e\u0631\u0627\u062c \u0645\u0646 4 \u0645\u0646\u0627\u0641\u0630 \u0628\u0637\u0627\u0642\u0629 1 - \u0628\u0637\u0627\u0642\u0629 \u0625\u062f\u062e\u0627\u0644 \u0648\u0625\u062e\u0631\u0627\u062c<\/li>\n<li>\u064a\u062f\u0639\u0645 \u0628\u0637\u0627\u0642\u0627\u062a 1080P \u0648 4K30 \u0648 4K60 \u0644\u0644\u0627\u062e\u062a\u064a\u0627\u0631 \u0645\u0646 \u0628\u064a\u0646\u0647\u0627<\/li>\n<li>\u064a\u062f\u0639\u0645 DVI-I\/ HDMI\/ 3GSDI\/ 3GSDI\/ HDBaseT\/ \u0641\u0627\u064a\u0628\u0631 \u0644\u0645\u0632\u062c \u0627\u0644\u0645\u062f\u062e\u0644\u0627\u062a \u0648\u0627\u0644\u0645\u062e\u0631\u062c\u0627\u062a<\/li>\n<li>\u062f\u0639\u0645 \u062d\u0627\u0626\u0637 \u0627\u0644\u0641\u064a\u062f\u064a\u0648 \u0648\u0627\u0644\u062a\u0628\u062f\u064a\u0644 \u0627\u0644\u0633\u0644\u0633 \u0645\u0639 \u0628\u0637\u0627\u0642\u0627\u062a 1080P \u06484K60 \u0628\u062f\u0642\u0629 1080P<\/li>\n<li>\u062f\u0639\u0645 \u0648\u0638\u064a\u0641\u0629 \u062a\u0636\u0645\u064a\u0646 \u0627\u0644\u0635\u0648\u062a 3.5 \u0645\u0645 \u0648\u0625\u0644\u063a\u0627\u0621 \u0627\u0644\u062a\u0636\u0645\u064a\u0646<\/li>\n<li>\u062f\u0639\u0645 \u0648\u0638\u064a\u0641\u0629 \u0627\u0644\u062a\u062d\u062c\u064a\u0645 \u0644\u0623\u0639\u0644\u0649\/\u0644\u0623\u0633\u0641\u0644 \u0639\u0628\u0631 \u0645\u0641\u062a\u0627\u062d DIP<\/li>\n<li>\u062f\u0639\u0645 \u0645\u0646\u0641\u0630\u064a LAN \u0648 RS232 \u0627\u0644\u0645\u0632\u062f\u0648\u062c\u064a\u0646 \u0644\u0644\u062a\u062d\u0643\u0645 \u0627\u0644\u0627\u062d\u062a\u064a\u0627\u0637\u064a<\/li>\n<li>\u0623\u0632\u0631\u0627\u0631 \u0623\u0645\u0627\u0645\u064a\u0629 \u0645\u0632\u0648\u062f\u0629 \u0628\u0623\u0636\u0648\u0627\u0621 \u062e\u0644\u0641\u064a\u0629\u060c \u064a\u0633\u0647\u0644 \u062a\u0634\u063a\u064a\u0644\u0647\u0627 \u0641\u064a \u0623\u064a \u0648\u0642\u062a<\/li>\n<li>\u062f\u0639\u0645 \u0627\u0644\u062d\u0645\u0627\u064a\u0629 \u0627\u0644\u062a\u0644\u0642\u0627\u0626\u064a\u0629 \u0644\u0644\u062d\u0641\u0638 \u0627\u0644\u062a\u0644\u0642\u0627\u0626\u064a \u0648\u0648\u0638\u064a\u0641\u0629 \u0627\u0644\u0627\u0633\u062a\u0631\u062f\u0627\u062f \u0627\u0644\u062a\u0644\u0642\u0627\u0626\u064a \u0623\u062b\u0646\u0627\u0621 \u0627\u0646\u0642\u0637\u0627\u0639 \u0627\u0644\u062a\u064a\u0627\u0631 \u0627\u0644\u0643\u0647\u0631\u0628\u0627\u0626\u064a<\/li>\n<\/ul>","protected":false},"featured_media":12758,"comment_status":"open","ping_status":"closed","template":"","meta":{"site-sidebar-layout":"default","site-content-layout":"","ast-site-content-layout":"default","site-content-style":"default","site-sidebar-style":"default","ast-global-header-display":"","ast-banner-title-visibility":"","ast-main-header-display":"","ast-hfb-above-header-display":"","ast-hfb-below-header-display":"","ast-hfb-mobile-header-display":"","site-post-title":"","ast-breadcrumbs-content":"","ast-featured-img":"","footer-sml-layout":"","theme-transparent-header-meta":"default","adv-header-id-meta":"","stick-header-meta":"default","header-above-stick-meta":"","header-main-stick-meta":"","header-below-stick-meta":"","astra-migrate-meta-layouts":"set","ast-page-background-enabled":"default","ast-page-background-meta":{"desktop":{"background-color":"","background-image":"","background-repeat":"repeat","background-position":"center center","background-size":"auto","background-attachment":"scroll","background-type":"","background-media":"","overlay-type":"","overlay-color":"","overlay-opacity":"","overlay-gradient":""},"tablet":{"background-color":"","background-image":"","background-repeat":"repeat","background-position":"center center","background-size":"auto","background-attachment":"scroll","background-type":"","background-media":"","overlay-type":"","overlay-color":"","overlay-opacity":"","overlay-gradient":""},"mobile":{"background-color":"","background-image":"","background-repeat":"repeat","background-position":"center center","background-size":"auto","background-attachment":"scroll","background-type":"","background-media":"","overlay-type":"","overlay-color":"","overlay-opacity":"","overlay-gradient":""}},"ast-content-background-meta":{"desktop":{"background-color":"var(--ast-global-color-5)","background-image":"","background-repeat":"repeat","background-position":"center center","background-size":"auto","background-attachment":"scroll","background-type":"","background-media":"","overlay-type":"","overlay-color":"","overlay-opacity":"","overlay-gradient":""},"tablet":{"background-color":"var(--ast-global-color-5)","background-image":"","background-repeat":"repeat","background-position":"center center","background-size":"auto","background-attachment":"scroll","background-type":"","background-media":"","overlay-type":"","overlay-color":"","overlay-opacity":"","overlay-gradient":""},"mobile":{"background-color":"var(--ast-global-color-5)","background-image":"","background-repeat":"repeat","background-position":"center center","background-size":"auto","background-attachment":"scroll","background-type":"","background-media":"","overlay-type":"","overlay-color":"","overlay-opacity":"","overlay-gradient":""}}},"product_brand":[],"product_cat":[15,135,152],"product_tag":[],"class_list":{"0":"post-12756","1":"product","2":"type-product","3":"status-publish","4":"has-post-thumbnail","6":"product_cat-product","7":"product_cat-modular-matrix-switcher","8":"product_cat-em-series","9":"desktop-align-left","10":"tablet-align-left","11":"mobile-align-left","12":"ast-product-gallery-layout-horizontal-slider","13":"ast-product-tabs-layout-horizontal","15":"first","16":"instock","17":"shipping-taxable","18":"product-type-simple"},"_links":{"self":[{"href":"https:\/\/beinghd.com\/ar\/wp-json\/wp\/v2\/product\/12756","targetHints":{"allow":["GET"]}}],"collection":[{"href":"https:\/\/beinghd.com\/ar\/wp-json\/wp\/v2\/product"}],"about":[{"href":"https:\/\/beinghd.com\/ar\/wp-json\/wp\/v2\/types\/product"}],"replies":[{"embeddable":true,"href":"https:\/\/beinghd.com\/ar\/wp-json\/wp\/v2\/comments?post=12756"}],"version-history":[{"count":0,"href":"https:\/\/beinghd.com\/ar\/wp-json\/wp\/v2\/product\/12756\/revisions"}],"wp:featuredmedia":[{"embeddable":true,"href":"https:\/\/beinghd.com\/ar\/wp-json\/wp\/v2\/media\/12758"}],"wp:attachment":[{"href":"https:\/\/beinghd.com\/ar\/wp-json\/wp\/v2\/media?parent=12756"}],"wp:term":[{"taxonomy":"product_brand","embeddable":true,"href":"https:\/\/beinghd.com\/ar\/wp-json\/wp\/v2\/product_brand?post=12756"},{"taxonomy":"product_cat","embeddable":true,"href":"https:\/\/beinghd.com\/ar\/wp-json\/wp\/v2\/product_cat?post=12756"},{"taxonomy":"product_tag","embeddable":true,"href":"https:\/\/beinghd.com\/ar\/wp-json\/wp\/v2\/product_tag?post=12756"}],"curies":[{"name":"wp","href":"https:\/\/api.w.org\/{rel}","templated":true}]}}