{"id":11958,"date":"2025-12-29T14:12:07","date_gmt":"2025-12-29T13:12:07","guid":{"rendered":"https:\/\/beinghd.com\/?post_type=product&#038;p=11958"},"modified":"2025-12-31T07:03:08","modified_gmt":"2025-12-31T06:03:08","slug":"8x8-modular-matrix-switcher-with-ipad-app-control","status":"publish","type":"product","link":"https:\/\/beinghd.com\/de\/produkt\/8x8-modular-matrix-switcher-with-ipad-app-control\/","title":{"rendered":"8\u00d78 Modularer Matrix-Switcher mit iPad APP-Steuerung"},"content":{"rendered":"<p><img fetchpriority=\"high\" decoding=\"async\" width=\"1080\" height=\"696\" class=\"wp-image-11989\" src=\"https:\/\/www.beinghd.com\/wp-content\/uploads\/2025\/12\/word-image-11958-1-2.png\" srcset=\"https:\/\/beinghd.com\/wp-content\/uploads\/2025\/12\/word-image-11958-1-2.png 1080w, https:\/\/beinghd.com\/wp-content\/uploads\/2025\/12\/word-image-11958-1-2-600x387.png 600w, https:\/\/beinghd.com\/wp-content\/uploads\/2025\/12\/word-image-11958-1-2-300x193.png 300w, https:\/\/beinghd.com\/wp-content\/uploads\/2025\/12\/word-image-11958-1-2-768x495.png 768w, https:\/\/beinghd.com\/wp-content\/uploads\/2025\/12\/word-image-11958-1-2-1024x660.png 1024w, https:\/\/beinghd.com\/wp-content\/uploads\/2025\/12\/word-image-11958-1-2-18x12.png 18w\" sizes=\"(max-width: 1080px) 100vw, 1080px\" \/><\/p>\n<p><strong>Einf\u00fchrung<\/strong><\/p>\n<p>Dies ist ein modularer Matrix-Switcher, mit 2 Eingangssteckpl\u00e4tzen und 2 Ausgangssteckpl\u00e4tzen, so dass er maximal 8 Eing\u00e4nge und 8 Ausg\u00e4nge unterst\u00fctzen kann, da er die 1-Karten-1-Port-Karten verwendet, die Signale sind einschlie\u00dflich der DVI, HDMI, HDBasT, Fiber Optic, 3G-SDI. Benutzer sind in der Lage, gemischte Signale Eing\u00e4nge und gemischte Signale Ausg\u00e4nge haben.<\/p>\n<p>Die Einzelkanal-Signal-Schaltgeschwindigkeit kann 12,5 Gbps erreichen, und die Hauptplatine ist mit vier Kern vier Links Verarbeitungstechnologie, die Schaltf\u00e4higkeit Geschwindigkeit kann 32 Gbps erreichen. Mit unkomprimierten \u00dcbertragungstechnologie f\u00fcr das digitale Signal, um sicherzustellen, dass das Bild High-Fidelity-Ausgang zu machen. Einzigartige Technologie zur Abschirmung von Signallinks, um die Vollst\u00e4ndigkeit des Signals zu gew\u00e4hrleisten. Der interne Datenschalter hat eine starke Kapazit\u00e4t, um St\u00f6rungen zu widerstehen und lange und stabil zu arbeiten. Unterst\u00fctzt 7*24 kontinuierlich arbeiten und mit Dual-LAN-und RS232-Backup-Steuerung, ist es bequem f\u00fcr die Nutzer \u00fcber PC, iPad, APP und die 3 zu steuern<sup>rd<\/sup> Parteien die zentrale Steuerung \u00fcber die RS232-Steuerbefehle.<\/p>\n<p>Mit der doppelten RS232- und LAN-Steuerung k\u00f6nnen die Benutzer auch die umliegenden Ger\u00e4te, wie Projektor, elektrischer Vorhang und Fernseher, einfach einrichten und steuern.<\/p>\n<p>Diese Matrix-Switchers wurden weithin in der Konferenz, Radio &amp; Fernsehen Projekt, Multimedia-Konferenzsaal, Gro\u00dfbildschirm-Projekt, Fernsehen Unterricht, Kommandozentrale und so weiter Anwendungen verwendet.<\/p>\n<p><strong>Eigenschaften<\/strong><\/p>\n<ul>\n<li><a id=\"post-11958-OLE_LINK4\"><\/a> Modular aufgebautes Geh\u00e4use, mit 8 Eingangs- und 8 Ausgangssteckpl\u00e4tzen<\/li>\n<li>4-Port-Eingangs- und Ausgangskarte mit 1 Karte<\/li>\n<li>Unterst\u00fctzt 1080P, 4K30 und 4K60 Karten zur Auswahl<\/li>\n<li>Unterst\u00fctzt DVI-I\/ HDMI\/ 3GSDI\/ HDBaseT\/ Fiber zum Mischen von Eingang und Ausgang<\/li>\n<li>Unterst\u00fctzung von Videow\u00e4nden und nahtloses Umschalten mit den 1080P- und 4K60-Karten<\/li>\n<li>Unterst\u00fctzt 3.5mm Audio embedded und de-embedd Funktion<\/li>\n<li>Unterst\u00fctzung der Aufw\u00e4rts-\/Abw\u00e4rts-Skalierungsfunktion \u00fcber den DIP-Schalter<\/li>\n<li>Unterst\u00fctzt zwei LAN- und RS232-Anschl\u00fcsse f\u00fcr die Backup-Steuerung<\/li>\n<li>Tasten auf der Vorderseite mit Hintergrundbeleuchtung, leichtere Bedienung zu jeder Zeit<\/li>\n<li>Unterst\u00fctzt automatischen Speicherschutz und automatische Wiederherstellungsfunktion bei Stromausfall<\/li>\n<\/ul>\n<p><strong>Spezifikation<\/strong><\/p>\n<table>\n<tbody>\n<tr>\n<td><strong>Modell<\/strong><\/td>\n<td><strong>FM-800<\/strong><\/td>\n<\/tr>\n<tr>\n<td><strong>Beschreibung<\/strong><\/td>\n<td>Modularer 8\u00d78-Matrix-Switcher<\/td>\n<\/tr>\n<tr>\n<td><strong>Eingabe<\/strong><\/td>\n<td>1 Karte mit 4 Anschl\u00fcssen, einschlie\u00dflich DVI\/HDMI\/VGA\/CVBS\/YPbPr\/SDI\/HDBaseT\/Glasfaser<\/td>\n<\/tr>\n<tr>\n<td><strong>Ausgabe<\/strong><\/td>\n<td>Unterst\u00fctzt DVI\/HDMI\/VGA\/CVBS\/YPbPr\/SDI\/HDBaseT\/Fiber Otpic Ausgang<\/td>\n<\/tr>\n<tr>\n<td><strong>Protokoll Standard<\/strong><\/td>\n<td>Unterst\u00fctzt HDMI1.4, HDCP1.4, HDMI2.0.HDCP2.2<\/td>\n<\/tr>\n<tr>\n<td><strong>Farbraum<\/strong><\/td>\n<td>Unterst\u00fctzt RGB444, YUV444, YUV422, x.v.C Standard-Farberweiterung<\/td>\n<\/tr>\n<tr>\n<td><strong>Aufl\u00f6sung<\/strong><\/td>\n<td>640\u00d7480-3840\u00d72160@60Hz(VESA ), 480i-4K@60Hz(HDTV )<\/td>\n<\/tr>\n<tr>\n<td><strong>Entfernung<\/strong><\/td>\n<td>HDMI\/DVI: 15m\/40ft; HDBaseT: 70m\/220ft; Glasfaser: 2km\/6000ft<\/td>\n<\/tr>\n<tr>\n<td><strong>Kontrolle<\/strong><\/td>\n<td>iOS\/Android Apps, WEB GUI, RS232 &amp; Fronttasten mit Hintergrundbeleuchtung<\/td>\n<\/tr>\n<tr>\n<td><strong>Strom<\/strong><\/td>\n<td>AC: 110V-260V 50\/60Hz<\/td>\n<\/tr>\n<tr>\n<td><strong>Verbrauch<\/strong><\/td>\n<td>15W(Keine Karten)<\/td>\n<\/tr>\n<tr>\n<td><strong>Dimension<\/strong><\/td>\n<td>2U, 482*405*89(mm)\/ 18.97*15.35*3.51(Zoll); Verpackungsgr\u00f6\u00dfe: 56X51X20(cm)<\/td>\n<\/tr>\n<tr>\n<td><strong>Gewicht<\/strong><\/td>\n<td>6kg\/ 13.22lbs (Keine Karten)<\/td>\n<\/tr>\n<tr>\n<td><strong>Arbeitstemperatur<\/strong><\/td>\n<td>0\u2103 ~50\u2103<\/td>\n<\/tr>\n<tr>\n<td><strong>Lagertemperatur<\/strong><\/td>\n<td>-20\u2103 ~55\u2103<\/td>\n<\/tr>\n<\/tbody>\n<\/table>\n<p><strong>Eingangs- und Ausgangskarte<\/strong><\/p>\n<p><img decoding=\"async\" width=\"613\" height=\"322\" class=\"wp-image-11990\" src=\"https:\/\/www.beinghd.com\/wp-content\/uploads\/2025\/12\/word-image-11958-2-2.png\" srcset=\"https:\/\/beinghd.com\/wp-content\/uploads\/2025\/12\/word-image-11958-2-2.png 613w, https:\/\/beinghd.com\/wp-content\/uploads\/2025\/12\/word-image-11958-2-2-600x315.png 600w, https:\/\/beinghd.com\/wp-content\/uploads\/2025\/12\/word-image-11958-2-2-300x158.png 300w, https:\/\/beinghd.com\/wp-content\/uploads\/2025\/12\/word-image-11958-2-2-18x9.png 18w\" sizes=\"(max-width: 613px) 100vw, 613px\" \/> <img decoding=\"async\" width=\"578\" height=\"324\" class=\"wp-image-11991\" src=\"https:\/\/www.beinghd.com\/wp-content\/uploads\/2025\/12\/word-image-11958-3-2.png\" srcset=\"https:\/\/beinghd.com\/wp-content\/uploads\/2025\/12\/word-image-11958-3-2.png 578w, https:\/\/beinghd.com\/wp-content\/uploads\/2025\/12\/word-image-11958-3-2-300x168.png 300w, https:\/\/beinghd.com\/wp-content\/uploads\/2025\/12\/word-image-11958-3-2-18x10.png 18w\" sizes=\"(max-width: 578px) 100vw, 578px\" \/><\/p>\n<p><strong>Matrix Gr\u00f6\u00dfe Zeichnung (482*90*385)mm (L*H*D)<\/strong><\/p>\n<p><img loading=\"lazy\" decoding=\"async\" width=\"939\" height=\"842\" class=\"wp-image-11992\" src=\"https:\/\/www.beinghd.com\/wp-content\/uploads\/2025\/12\/word-image-11958-4-2.png\" srcset=\"https:\/\/beinghd.com\/wp-content\/uploads\/2025\/12\/word-image-11958-4-2.png 939w, https:\/\/beinghd.com\/wp-content\/uploads\/2025\/12\/word-image-11958-4-2-600x538.png 600w, https:\/\/beinghd.com\/wp-content\/uploads\/2025\/12\/word-image-11958-4-2-300x269.png 300w, https:\/\/beinghd.com\/wp-content\/uploads\/2025\/12\/word-image-11958-4-2-768x689.png 768w, https:\/\/beinghd.com\/wp-content\/uploads\/2025\/12\/word-image-11958-4-2-13x12.png 13w\" sizes=\"(max-width: 939px) 100vw, 939px\" \/><\/p>\n<p><a id=\"post-11958-OLE_LINK1\"><\/a><strong>Anschlussplan<\/strong><\/p>\n<p><img decoding=\"async\" class=\"wp-image-11993\" src=\"https:\/\/www.beinghd.com\/wp-content\/uploads\/2025\/12\/fm800-2.jpeg\" alt=\"FM800\" \/><\/p>","protected":false},"excerpt":{"rendered":"<ul>\n<li>Modular aufgebautes Geh\u00e4use, mit 8 Eingangs- und 8 Ausgangssteckpl\u00e4tzen<\/li>\n<li>4-Port-Eingangs- und Ausgangskarte mit 1 Karte<\/li>\n<li>Unterst\u00fctzt 1080P, 4K30 und 4K60 Karten zur Auswahl<\/li>\n<li>Unterst\u00fctzt DVI-I\/ HDMI\/ 3GSDI\/ HDBaseT\/ Fiber zum Mischen von Eingang und Ausgang<\/li>\n<li>Unterst\u00fctzung von Videow\u00e4nden und nahtloses Umschalten mit den 1080P- und 4K60-Karten<\/li>\n<li>Unterst\u00fctzt 3.5mm Audio embedded und de-embedd Funktion<\/li>\n<li>Unterst\u00fctzung der Aufw\u00e4rts-\/Abw\u00e4rts-Skalierungsfunktion \u00fcber den DIP-Schalter<\/li>\n<li>Unterst\u00fctzt zwei LAN- und RS232-Anschl\u00fcsse f\u00fcr die Backup-Steuerung<\/li>\n<li>Tasten auf der Vorderseite mit Hintergrundbeleuchtung, leichtere Bedienung zu jeder Zeit<\/li>\n<li>Unterst\u00fctzt automatischen Speicherschutz und automatische Wiederherstellungsfunktion bei Stromausfall<\/li>\n<\/ul>","protected":false},"featured_media":12062,"comment_status":"open","ping_status":"closed","template":"","meta":{"site-sidebar-layout":"default","site-content-layout":"","ast-site-content-layout":"default","site-content-style":"default","site-sidebar-style":"default","ast-global-header-display":"","ast-banner-title-visibility":"","ast-main-header-display":"","ast-hfb-above-header-display":"","ast-hfb-below-header-display":"","ast-hfb-mobile-header-display":"","site-post-title":"","ast-breadcrumbs-content":"","ast-featured-img":"","footer-sml-layout":"","theme-transparent-header-meta":"default","adv-header-id-meta":"","stick-header-meta":"default","header-above-stick-meta":"","header-main-stick-meta":"","header-below-stick-meta":"","astra-migrate-meta-layouts":"set","ast-page-background-enabled":"default","ast-page-background-meta":{"desktop":{"background-color":"","background-image":"","background-repeat":"repeat","background-position":"center center","background-size":"auto","background-attachment":"scroll","background-type":"","background-media":"","overlay-type":"","overlay-color":"","overlay-opacity":"","overlay-gradient":""},"tablet":{"background-color":"","background-image":"","background-repeat":"repeat","background-position":"center center","background-size":"auto","background-attachment":"scroll","background-type":"","background-media":"","overlay-type":"","overlay-color":"","overlay-opacity":"","overlay-gradient":""},"mobile":{"background-color":"","background-image":"","background-repeat":"repeat","background-position":"center center","background-size":"auto","background-attachment":"scroll","background-type":"","background-media":"","overlay-type":"","overlay-color":"","overlay-opacity":"","overlay-gradient":""}},"ast-content-background-meta":{"desktop":{"background-color":"var(--ast-global-color-5)","background-image":"","background-repeat":"repeat","background-position":"center center","background-size":"auto","background-attachment":"scroll","background-type":"","background-media":"","overlay-type":"","overlay-color":"","overlay-opacity":"","overlay-gradient":""},"tablet":{"background-color":"var(--ast-global-color-5)","background-image":"","background-repeat":"repeat","background-position":"center center","background-size":"auto","background-attachment":"scroll","background-type":"","background-media":"","overlay-type":"","overlay-color":"","overlay-opacity":"","overlay-gradient":""},"mobile":{"background-color":"var(--ast-global-color-5)","background-image":"","background-repeat":"repeat","background-position":"center center","background-size":"auto","background-attachment":"scroll","background-type":"","background-media":"","overlay-type":"","overlay-color":"","overlay-opacity":"","overlay-gradient":""}}},"product_brand":[],"product_cat":[15,135,149],"product_tag":[],"class_list":{"0":"post-11958","1":"product","2":"type-product","3":"status-publish","4":"has-post-thumbnail","6":"product_cat-product","7":"product_cat-modular-matrix-switcher","8":"product_cat-fm-series","9":"desktop-align-left","10":"tablet-align-left","11":"mobile-align-left","12":"ast-product-gallery-layout-horizontal-slider","13":"ast-product-tabs-layout-horizontal","15":"first","16":"instock","17":"shipping-taxable","18":"product-type-simple"},"_links":{"self":[{"href":"https:\/\/beinghd.com\/de\/wp-json\/wp\/v2\/product\/11958","targetHints":{"allow":["GET"]}}],"collection":[{"href":"https:\/\/beinghd.com\/de\/wp-json\/wp\/v2\/product"}],"about":[{"href":"https:\/\/beinghd.com\/de\/wp-json\/wp\/v2\/types\/product"}],"replies":[{"embeddable":true,"href":"https:\/\/beinghd.com\/de\/wp-json\/wp\/v2\/comments?post=11958"}],"version-history":[{"count":0,"href":"https:\/\/beinghd.com\/de\/wp-json\/wp\/v2\/product\/11958\/revisions"}],"wp:featuredmedia":[{"embeddable":true,"href":"https:\/\/beinghd.com\/de\/wp-json\/wp\/v2\/media\/12062"}],"wp:attachment":[{"href":"https:\/\/beinghd.com\/de\/wp-json\/wp\/v2\/media?parent=11958"}],"wp:term":[{"taxonomy":"product_brand","embeddable":true,"href":"https:\/\/beinghd.com\/de\/wp-json\/wp\/v2\/product_brand?post=11958"},{"taxonomy":"product_cat","embeddable":true,"href":"https:\/\/beinghd.com\/de\/wp-json\/wp\/v2\/product_cat?post=11958"},{"taxonomy":"product_tag","embeddable":true,"href":"https:\/\/beinghd.com\/de\/wp-json\/wp\/v2\/product_tag?post=11958"}],"curies":[{"name":"wp","href":"https:\/\/api.w.org\/{rel}","templated":true}]}}