{"id":12087,"date":"2025-12-31T08:02:37","date_gmt":"2025-12-31T07:02:37","guid":{"rendered":"https:\/\/beinghd.com\/?post_type=product&#038;p=12087"},"modified":"2025-12-31T09:15:19","modified_gmt":"2025-12-31T08:15:19","slug":"48x48-modular-matrix-switcher-with-ipad-app-control","status":"publish","type":"product","link":"https:\/\/beinghd.com\/de\/produkt\/48x48-modular-matrix-switcher-with-ipad-app-control\/","title":{"rendered":"48\u00d748 Modularer Matrix-Switcher mit iPad APP-Steuerung"},"content":{"rendered":"<p><img fetchpriority=\"high\" decoding=\"async\" width=\"1876\" height=\"717\" class=\"wp-image-12096\" src=\"https:\/\/www.beinghd.com\/wp-content\/uploads\/2025\/12\/word-image-12087-1.png\" srcset=\"https:\/\/beinghd.com\/wp-content\/uploads\/2025\/12\/word-image-12087-1.png 1876w, https:\/\/beinghd.com\/wp-content\/uploads\/2025\/12\/word-image-12087-1-300x115.png 300w, https:\/\/beinghd.com\/wp-content\/uploads\/2025\/12\/word-image-12087-1-1024x391.png 1024w, https:\/\/beinghd.com\/wp-content\/uploads\/2025\/12\/word-image-12087-1-768x294.png 768w, https:\/\/beinghd.com\/wp-content\/uploads\/2025\/12\/word-image-12087-1-1536x587.png 1536w, https:\/\/beinghd.com\/wp-content\/uploads\/2025\/12\/word-image-12087-1-18x7.png 18w, https:\/\/beinghd.com\/wp-content\/uploads\/2025\/12\/word-image-12087-1-600x229.png 600w, https:\/\/beinghd.com\/wp-content\/uploads\/2025\/12\/word-image-12087-1-1200x459.png 1200w\" sizes=\"(max-width: 1876px) 100vw, 1876px\" \/><\/p>\n<p><strong>Einf\u00fchrung<\/strong><\/p>\n<p>This is a modular matrix switcher, with 12 input slots and 12 output slots, so it can support maximum 48 inputs and 48 outputs, all the input and output cards are using 1-card 4-port, the signals are including the DVI, HDMI, HDBasT, Fiber Optic, 3G\/12G-SDI. Users are able to have mixed signals inputs and mixed signals outputs.<\/p>\n<p>Unique signal links shielding designing technology to make sure the signal completeness, the internal data switch has super strong capacity of resisting disturbance and long continuous and stable working ability. Supports 7*24 continuously working and with dual LAN and RS232 backup control, it\u2019s convenient for users to control via PC, iPad, APP and the 3rd parties central control by the the RS232 control commands.<\/p>\n<p><strong>Eigenschaften<\/strong><\/p>\n<ul>\n<li>Modular designing chassis, with 12 input slots and 12 output slots<\/li>\n<li>1-card 4-port cards<\/li>\n<li>Unterst\u00fctzt 1080P, 4K30 und 4K60 Karten zur Auswahl<\/li>\n<li>Supports DVI-I\/ HDMI\/ 3G\/12G-SDI\/ HDBaseT\/ Fiber to mix using<\/li>\n<li>Unterst\u00fctzung von Videow\u00e4nden und nahtloses Umschalten mit den 1080P- und 4K60-Karten<\/li>\n<li>Unterst\u00fctzt 3.5mm Audio embedded und de-embedd Funktion<\/li>\n<li>Unterst\u00fctzung der Aufw\u00e4rts-\/Abw\u00e4rts-Skalierungsfunktion \u00fcber den DIP-Schalter<\/li>\n<li>Unterst\u00fctzt zwei LAN- und RS232-Anschl\u00fcsse f\u00fcr die Backup-Steuerung<\/li>\n<li>Supports WEB GUI, APP, 7-Inch touch screen, RS232 commands control<\/li>\n<li>Unterst\u00fctzt automatischen Speicherschutz und automatische Wiederherstellungsfunktion bei Stromausfall<\/li>\n<\/ul>\n<p><strong>Spezifikation<\/strong><\/p>\n<table>\n<tbody>\n<tr>\n<td><strong>Name<\/strong><\/td>\n<td><strong>48&#215;48\u00a0modular matrix chassis<\/strong><\/td>\n<\/tr>\n<tr>\n<td><strong>Beschreibung<\/strong><\/td>\n<td>48&#215;48\u00a0Modular\u00a0Matrix\u00a0System\u00a0Chassis<\/td>\n<\/tr>\n<tr>\n<td><strong>Eingabe<\/strong><\/td>\n<td>1 Karte mit 4 Anschl\u00fcssen, einschlie\u00dflich DVI\/HDMI\/VGA\/CVBS\/YPbPr\/SDI\/HDBaseT\/Glasfaser<\/td>\n<\/tr>\n<tr>\n<td><strong>Ausgabe<\/strong><\/td>\n<td>1-card\u00a04-port\u00a0output,\u00a0including\u00a0DVI\/HDMI\/VGA\/CVBS\/YPbPr\/SDI\/\u00a0HDBaseT\/Fiber<\/td>\n<\/tr>\n<tr>\n<td><strong>Protokoll Standard<\/strong><\/td>\n<td>Support\u00a0HDMI1.4,\u00a0HDMI2.0,\u00a0DVI1.0.\u00a0\u00a0HDCP1.4,\u00a0HDP2.2<\/td>\n<\/tr>\n<tr>\n<td><strong>Farbraum<\/strong><\/td>\n<td>Unterst\u00fctzt RGB444, YUV444, YUV422, x.v.C Standard-Farberweiterung<\/td>\n<\/tr>\n<tr>\n<td><strong>Aufl\u00f6sung<\/strong><\/td>\n<td>640\u00d7480-3840\u00d72160@60Hz(VESA ), 480i-4K@60Hz(HDTV )<\/td>\n<\/tr>\n<tr>\n<td><strong>Entfernung<\/strong><\/td>\n<td>HDMI\/DVI: 15m\/40ft; HDBaseT: 70m\/220ft; Glasfaser: 2km\/6000ft<\/td>\n<\/tr>\n<tr>\n<td><strong>Kontrolle<\/strong><\/td>\n<td>iOS\/Android\u00a0Apps,\u00a0WEB\u00a0GUI,\u00a0RS232\u00a0&amp;\u00a010&#8243;\u00a0Color\u00a0Touchscreen<\/td>\n<\/tr>\n<tr>\n<td><strong>Strom<\/strong><\/td>\n<td>AC: 110V-260V 50\/60Hz<\/td>\n<\/tr>\n<tr>\n<td><strong>Verbrauch<\/strong><\/td>\n<td>50W(No\u00a0Cards)<\/td>\n<\/tr>\n<tr>\n<td><strong>Dimension<\/strong><\/td>\n<td>8U, 482x385x355(mm)\/ 18.97*15.35*13.97(inch); Packing: 60*55*51(cm)<\/td>\n<\/tr>\n<tr>\n<td><strong>Gewicht<\/strong><\/td>\n<td>25kg\/55.12lbs(No Cards)<\/td>\n<\/tr>\n<tr>\n<td><strong>Arbeitstemperatur<\/strong><\/td>\n<td>0\u2103 ~50\u2103<\/td>\n<\/tr>\n<tr>\n<td><strong>Lagertemperatur<\/strong><\/td>\n<td>-20\u2103 ~55\u2103<\/td>\n<\/tr>\n<\/tbody>\n<\/table>\n<p><strong>Input and output cards:<\/strong><\/p>\n<p><img decoding=\"async\" width=\"1740\" height=\"1476\" class=\"wp-image-12097\" src=\"https:\/\/www.beinghd.com\/wp-content\/uploads\/2025\/12\/word-image-12087-2.png\" srcset=\"https:\/\/beinghd.com\/wp-content\/uploads\/2025\/12\/word-image-12087-2.png 1740w, https:\/\/beinghd.com\/wp-content\/uploads\/2025\/12\/word-image-12087-2-300x254.png 300w, https:\/\/beinghd.com\/wp-content\/uploads\/2025\/12\/word-image-12087-2-1024x869.png 1024w, https:\/\/beinghd.com\/wp-content\/uploads\/2025\/12\/word-image-12087-2-768x651.png 768w, https:\/\/beinghd.com\/wp-content\/uploads\/2025\/12\/word-image-12087-2-1536x1303.png 1536w, https:\/\/beinghd.com\/wp-content\/uploads\/2025\/12\/word-image-12087-2-14x12.png 14w, https:\/\/beinghd.com\/wp-content\/uploads\/2025\/12\/word-image-12087-2-600x509.png 600w, https:\/\/beinghd.com\/wp-content\/uploads\/2025\/12\/word-image-12087-2-1200x1018.png 1200w\" sizes=\"(max-width: 1740px) 100vw, 1740px\" \/><\/p>\n<p><img decoding=\"async\" width=\"934\" height=\"1396\" class=\"wp-image-12098\" src=\"https:\/\/www.beinghd.com\/wp-content\/uploads\/2025\/12\/word-image-12087-3.png\" srcset=\"https:\/\/beinghd.com\/wp-content\/uploads\/2025\/12\/word-image-12087-3.png 934w, https:\/\/beinghd.com\/wp-content\/uploads\/2025\/12\/word-image-12087-3-201x300.png 201w, https:\/\/beinghd.com\/wp-content\/uploads\/2025\/12\/word-image-12087-3-685x1024.png 685w, https:\/\/beinghd.com\/wp-content\/uploads\/2025\/12\/word-image-12087-3-768x1148.png 768w, https:\/\/beinghd.com\/wp-content\/uploads\/2025\/12\/word-image-12087-3-8x12.png 8w, https:\/\/beinghd.com\/wp-content\/uploads\/2025\/12\/word-image-12087-3-600x897.png 600w\" sizes=\"(max-width: 934px) 100vw, 934px\" \/><\/p>\n<p><strong>Product dimension(mm)<\/strong><\/p>\n<p><img loading=\"lazy\" decoding=\"async\" width=\"1199\" height=\"498\" class=\"wp-image-12099\" src=\"https:\/\/www.beinghd.com\/wp-content\/uploads\/2025\/12\/word-image-12087-4.png\" srcset=\"https:\/\/beinghd.com\/wp-content\/uploads\/2025\/12\/word-image-12087-4.png 1199w, https:\/\/beinghd.com\/wp-content\/uploads\/2025\/12\/word-image-12087-4-300x125.png 300w, https:\/\/beinghd.com\/wp-content\/uploads\/2025\/12\/word-image-12087-4-1024x425.png 1024w, https:\/\/beinghd.com\/wp-content\/uploads\/2025\/12\/word-image-12087-4-768x319.png 768w, https:\/\/beinghd.com\/wp-content\/uploads\/2025\/12\/word-image-12087-4-18x7.png 18w, https:\/\/beinghd.com\/wp-content\/uploads\/2025\/12\/word-image-12087-4-600x249.png 600w\" sizes=\"(max-width: 1199px) 100vw, 1199px\" \/><\/p>\n<p><strong>Anschlussplan<\/strong><\/p>\n<p><img loading=\"lazy\" decoding=\"async\" width=\"2080\" height=\"1351\" class=\"wp-image-12100\" src=\"https:\/\/www.beinghd.com\/wp-content\/uploads\/2025\/12\/word-image-12087-5.png\" srcset=\"https:\/\/beinghd.com\/wp-content\/uploads\/2025\/12\/word-image-12087-5.png 2080w, https:\/\/beinghd.com\/wp-content\/uploads\/2025\/12\/word-image-12087-5-300x195.png 300w, https:\/\/beinghd.com\/wp-content\/uploads\/2025\/12\/word-image-12087-5-1024x665.png 1024w, https:\/\/beinghd.com\/wp-content\/uploads\/2025\/12\/word-image-12087-5-768x499.png 768w, https:\/\/beinghd.com\/wp-content\/uploads\/2025\/12\/word-image-12087-5-1536x998.png 1536w, https:\/\/beinghd.com\/wp-content\/uploads\/2025\/12\/word-image-12087-5-2048x1330.png 2048w, https:\/\/beinghd.com\/wp-content\/uploads\/2025\/12\/word-image-12087-5-18x12.png 18w, https:\/\/beinghd.com\/wp-content\/uploads\/2025\/12\/word-image-12087-5-600x390.png 600w, https:\/\/beinghd.com\/wp-content\/uploads\/2025\/12\/word-image-12087-5-1200x779.png 1200w\" sizes=\"(max-width: 2080px) 100vw, 2080px\" \/><\/p>\n<p>&nbsp;<\/p>","protected":false},"excerpt":{"rendered":"<ul>\n<li>Modular designing chassis, with 12 input slots and 12 output slots<\/li>\n<li>1-card 4-port cards<\/li>\n<li>Unterst\u00fctzt 1080P, 4K30 und 4K60 Karten zur Auswahl<\/li>\n<li>Supports DVI-I\/ HDMI\/ 3G\/12G-SDI\/ HDBaseT\/ Fiber to mix using<\/li>\n<li>Unterst\u00fctzung von Videow\u00e4nden und nahtloses Umschalten mit den 1080P- und 4K60-Karten<\/li>\n<li>Unterst\u00fctzt 3.5mm Audio embedded und de-embedd Funktion<\/li>\n<li>Unterst\u00fctzung der Aufw\u00e4rts-\/Abw\u00e4rts-Skalierungsfunktion \u00fcber den DIP-Schalter<\/li>\n<li>Unterst\u00fctzt zwei LAN- und RS232-Anschl\u00fcsse f\u00fcr die Backup-Steuerung<\/li>\n<li>Supports WEB GUI, APP, 7-Inch touch screen, RS232 commands control<\/li>\n<li>Unterst\u00fctzt automatischen Speicherschutz und automatische Wiederherstellungsfunktion bei Stromausfall<\/li>\n<\/ul>","protected":false},"featured_media":12118,"comment_status":"open","ping_status":"closed","template":"","meta":{"site-sidebar-layout":"default","site-content-layout":"","ast-site-content-layout":"default","site-content-style":"default","site-sidebar-style":"default","ast-global-header-display":"","ast-banner-title-visibility":"","ast-main-header-display":"","ast-hfb-above-header-display":"","ast-hfb-below-header-display":"","ast-hfb-mobile-header-display":"","site-post-title":"","ast-breadcrumbs-content":"","ast-featured-img":"","footer-sml-layout":"","theme-transparent-header-meta":"default","adv-header-id-meta":"","stick-header-meta":"default","header-above-stick-meta":"","header-main-stick-meta":"","header-below-stick-meta":"","astra-migrate-meta-layouts":"set","ast-page-background-enabled":"default","ast-page-background-meta":{"desktop":{"background-color":"","background-image":"","background-repeat":"repeat","background-position":"center center","background-size":"auto","background-attachment":"scroll","background-type":"","background-media":"","overlay-type":"","overlay-color":"","overlay-opacity":"","overlay-gradient":""},"tablet":{"background-color":"","background-image":"","background-repeat":"repeat","background-position":"center center","background-size":"auto","background-attachment":"scroll","background-type":"","background-media":"","overlay-type":"","overlay-color":"","overlay-opacity":"","overlay-gradient":""},"mobile":{"background-color":"","background-image":"","background-repeat":"repeat","background-position":"center center","background-size":"auto","background-attachment":"scroll","background-type":"","background-media":"","overlay-type":"","overlay-color":"","overlay-opacity":"","overlay-gradient":""}},"ast-content-background-meta":{"desktop":{"background-color":"var(--ast-global-color-5)","background-image":"","background-repeat":"repeat","background-position":"center center","background-size":"auto","background-attachment":"scroll","background-type":"","background-media":"","overlay-type":"","overlay-color":"","overlay-opacity":"","overlay-gradient":""},"tablet":{"background-color":"var(--ast-global-color-5)","background-image":"","background-repeat":"repeat","background-position":"center center","background-size":"auto","background-attachment":"scroll","background-type":"","background-media":"","overlay-type":"","overlay-color":"","overlay-opacity":"","overlay-gradient":""},"mobile":{"background-color":"var(--ast-global-color-5)","background-image":"","background-repeat":"repeat","background-position":"center center","background-size":"auto","background-attachment":"scroll","background-type":"","background-media":"","overlay-type":"","overlay-color":"","overlay-opacity":"","overlay-gradient":""}}},"product_brand":[],"product_cat":[15,135,149],"product_tag":[],"class_list":{"0":"post-12087","1":"product","2":"type-product","3":"status-publish","4":"has-post-thumbnail","6":"product_cat-product","7":"product_cat-modular-matrix-switcher","8":"product_cat-fm-series","9":"desktop-align-left","10":"tablet-align-left","11":"mobile-align-left","12":"ast-product-gallery-layout-horizontal-slider","13":"ast-product-tabs-layout-horizontal","15":"first","16":"instock","17":"shipping-taxable","18":"product-type-simple"},"_links":{"self":[{"href":"https:\/\/beinghd.com\/de\/wp-json\/wp\/v2\/product\/12087","targetHints":{"allow":["GET"]}}],"collection":[{"href":"https:\/\/beinghd.com\/de\/wp-json\/wp\/v2\/product"}],"about":[{"href":"https:\/\/beinghd.com\/de\/wp-json\/wp\/v2\/types\/product"}],"replies":[{"embeddable":true,"href":"https:\/\/beinghd.com\/de\/wp-json\/wp\/v2\/comments?post=12087"}],"version-history":[{"count":0,"href":"https:\/\/beinghd.com\/de\/wp-json\/wp\/v2\/product\/12087\/revisions"}],"wp:featuredmedia":[{"embeddable":true,"href":"https:\/\/beinghd.com\/de\/wp-json\/wp\/v2\/media\/12118"}],"wp:attachment":[{"href":"https:\/\/beinghd.com\/de\/wp-json\/wp\/v2\/media?parent=12087"}],"wp:term":[{"taxonomy":"product_brand","embeddable":true,"href":"https:\/\/beinghd.com\/de\/wp-json\/wp\/v2\/product_brand?post=12087"},{"taxonomy":"product_cat","embeddable":true,"href":"https:\/\/beinghd.com\/de\/wp-json\/wp\/v2\/product_cat?post=12087"},{"taxonomy":"product_tag","embeddable":true,"href":"https:\/\/beinghd.com\/de\/wp-json\/wp\/v2\/product_tag?post=12087"}],"curies":[{"name":"wp","href":"https:\/\/api.w.org\/{rel}","templated":true}]}}