{"id":12103,"date":"2025-12-31T09:12:02","date_gmt":"2025-12-31T08:12:02","guid":{"rendered":"https:\/\/beinghd.com\/?post_type=product&#038;p=12103"},"modified":"2026-04-11T22:32:30","modified_gmt":"2026-04-12T02:32:30","slug":"80x80-modular-matrix-switcher-with-ipad-app-control","status":"publish","type":"product","link":"https:\/\/beinghd.com\/de\/produkt\/80x80-modular-matrix-switcher-with-ipad-app-control\/","title":{"rendered":"80\u00d780 Modularer Matrix Switcher mit iPad APP Steuerung"},"content":{"rendered":"<p data-rm-block-id=\"block-1\"><img fetchpriority=\"high\" decoding=\"async\" class=\"aligncenter wp-image-12111\" src=\"https:\/\/www.beinghd.com\/wp-content\/uploads\/2025\/12\/word-image-12103-1.png\" alt=\"Modularer 80x80-Matrix-Switcher\" width=\"1045\" height=\"758\" srcset=\"https:\/\/beinghd.com\/wp-content\/uploads\/2025\/12\/word-image-12103-1.png 1656w, https:\/\/beinghd.com\/wp-content\/uploads\/2025\/12\/word-image-12103-1-300x218.png 300w, https:\/\/beinghd.com\/wp-content\/uploads\/2025\/12\/word-image-12103-1-1024x743.png 1024w, https:\/\/beinghd.com\/wp-content\/uploads\/2025\/12\/word-image-12103-1-768x557.png 768w, https:\/\/beinghd.com\/wp-content\/uploads\/2025\/12\/word-image-12103-1-1536x1114.png 1536w, https:\/\/beinghd.com\/wp-content\/uploads\/2025\/12\/word-image-12103-1-18x12.png 18w, https:\/\/beinghd.com\/wp-content\/uploads\/2025\/12\/word-image-12103-1-600x435.png 600w, https:\/\/beinghd.com\/wp-content\/uploads\/2025\/12\/word-image-12103-1-1200x870.png 1200w\" sizes=\"(max-width: 1045px) 100vw, 1045px\" \/><\/p>\n<p data-rm-block-id=\"block-2\"><strong>Einf\u00fchrung<\/strong><\/p>\n<p data-rm-block-id=\"block-3\">This is a modular matrix switcher, with 80 input slots and 80 output slots, so it can support maximum 80 inputs and 80 outputs, all the input and output cards are using 1-card 4-port, the signals are including the DVI, HDMI, HDBasT, Fiber Optic, 3G-SDI. Users are able to have mixed signals inputs and mixed signals outputs.<\/p>\n<p data-rm-block-id=\"block-4\">Unique signal links shielding designing technology to make sure the signal completeness, the internal data switch has super strong capacity of resisting disturbance and long continuous and stable working ability. Supports 7*24 continuously working and with dual LAN and RS232 backup control, it\u2019s convenient for users to control via PC, iPad, APP and the 3rd parties central control by the the RS232 control commands.<\/p>\n<p data-rm-block-id=\"block-5\">The 80&#215;80 Modular Matrix Switcher (Model FM-8000) features a modular chassis with 80 input slots and 80 output slots, supporting 1-card 4-port configurations.This 80&#215;80 Modular Matrix Switcher supports up\/down scaling via DIP switch and dual LAN\/RS232 ports for reliable control.<\/p>\n<p data-rm-block-id=\"block-6\"><strong>Eigenschaften<\/strong><\/p>\n<ul>\n<li data-rm-block-id=\"block-7\">Modular designing chassis, with 80 input slots and 80 output slots<\/li>\n<li data-rm-block-id=\"block-8\">1-card 4-port cards,80&#215;80 Modular Matrix Switcher<\/li>\n<li data-rm-block-id=\"block-9\">Unterst\u00fctzt 1080P, 4K30 und 4K60 Karten zur Auswahl<\/li>\n<li data-rm-block-id=\"block-10\">Supports DVI-I\/ HDMI\/ 3GSDI\/ HDBaseT\/ Fiber to mix using<\/li>\n<li data-rm-block-id=\"block-11\">Unterst\u00fctzung von Videow\u00e4nden und nahtloses Umschalten mit den 1080P- und 4K60-Karten<\/li>\n<li data-rm-block-id=\"block-12\">Unterst\u00fctzt 3.5mm Audio embedded und de-embedd Funktion<\/li>\n<li data-rm-block-id=\"block-13\">Unterst\u00fctzung der Aufw\u00e4rts-\/Abw\u00e4rts-Skalierungsfunktion \u00fcber den DIP-Schalter<\/li>\n<li data-rm-block-id=\"block-14\">Unterst\u00fctzt zwei LAN- und RS232-Anschl\u00fcsse f\u00fcr die Backup-Steuerung<\/li>\n<li data-rm-block-id=\"block-15\">Supports WEB GUI, APP, 7-Inch touch screen, RS232 commands control<\/li>\n<li data-rm-block-id=\"block-16\">Unterst\u00fctzt automatischen Speicherschutz und automatische Wiederherstellungsfunktion bei Stromausfall<\/li>\n<\/ul>\n<p data-rm-block-id=\"block-17\"><strong>Spezifikation<\/strong><\/p>\n<table>\n<tbody>\n<tr>\n<td data-rm-block-id=\"block-18\"><strong>Name<\/strong><\/td>\n<td data-rm-block-id=\"block-19\"><strong>80&#215;80\u00a0modular matrix chassis<\/strong><\/td>\n<\/tr>\n<tr>\n<td data-rm-block-id=\"block-20\"><strong>Beschreibung<\/strong><\/td>\n<td data-rm-block-id=\"block-21\">80&#215;80\u00a0Modular\u00a0Matrix\u00a0System\u00a0Chassis<\/td>\n<\/tr>\n<tr>\n<td data-rm-block-id=\"block-22\"><strong>Eingabe<\/strong><\/td>\n<td data-rm-block-id=\"block-23\">1 Karte mit 4 Anschl\u00fcssen, einschlie\u00dflich DVI\/HDMI\/VGA\/CVBS\/YPbPr\/SDI\/HDBaseT\/Glasfaser<\/td>\n<\/tr>\n<tr>\n<td data-rm-block-id=\"block-24\"><strong>Ausgabe<\/strong><\/td>\n<td data-rm-block-id=\"block-25\">1-card\u00a04-port\u00a0output,\u00a0including\u00a0DVI\/HDMI\/VGA\/CVBS\/YPbPr\/SDI\/\u00a0HDBaseT\/Fiber<\/td>\n<\/tr>\n<tr>\n<td data-rm-block-id=\"block-26\"><strong>Protokoll Standard<\/strong><\/td>\n<td data-rm-block-id=\"block-27\">Support\u00a0HDMI1.4,\u00a0HDMI2.0,\u00a0DVI1.0.\u00a0\u00a0HDCP1.4,\u00a0HDP2.2<\/td>\n<\/tr>\n<tr>\n<td data-rm-block-id=\"block-28\"><strong>Farbraum<\/strong><\/td>\n<td data-rm-block-id=\"block-29\">Unterst\u00fctzt RGB444, YUV444, YUV422, x.v.C Standard-Farberweiterung<\/td>\n<\/tr>\n<tr>\n<td data-rm-block-id=\"block-30\"><strong>Aufl\u00f6sung<\/strong><\/td>\n<td data-rm-block-id=\"block-31\">640\u00d7480-3840\u00d72160@60Hz(VESA ), 480i-4K@60Hz(HDTV )<\/td>\n<\/tr>\n<tr>\n<td data-rm-block-id=\"block-32\"><strong>Entfernung<\/strong><\/td>\n<td data-rm-block-id=\"block-33\">HDMI\/DVI: 15m\/40ft; HDBaseT: 70m\/220ft; Glasfaser: 2km\/6000ft<\/td>\n<\/tr>\n<tr>\n<td data-rm-block-id=\"block-34\"><strong>Kontrolle<\/strong><\/td>\n<td data-rm-block-id=\"block-35\">iOS\/Android\u00a0Apps,\u00a0WEB\u00a0GUI,\u00a0RS232\u00a0&amp;\u00a010&#8243;\u00a0Color\u00a0Touchscreen<\/td>\n<\/tr>\n<tr>\n<td data-rm-block-id=\"block-36\"><strong>Strom<\/strong><\/td>\n<td data-rm-block-id=\"block-37\">AC: 110V-260V 50\/60Hz<\/td>\n<\/tr>\n<tr>\n<td data-rm-block-id=\"block-38\"><strong>Verbrauch<\/strong><\/td>\n<td data-rm-block-id=\"block-39\">180W(No\u00a0Cards)<\/td>\n<\/tr>\n<tr>\n<td data-rm-block-id=\"block-40\"><strong>Dimension<\/strong><\/td>\n<td data-rm-block-id=\"block-41\">16U,\u00a0482*390*726(mm)\/\u00a018.97*15.35*28.58(inch)<\/td>\n<\/tr>\n<tr>\n<td data-rm-block-id=\"block-42\"><strong>Gewicht<\/strong><\/td>\n<td data-rm-block-id=\"block-43\">28kg\/61.7294lbs\u00a0(No\u00a0Cards)<\/td>\n<\/tr>\n<tr>\n<td data-rm-block-id=\"block-44\"><strong>Arbeitstemperatur<\/strong><\/td>\n<td data-rm-block-id=\"block-45\">0\u2103 ~50\u2103<\/td>\n<\/tr>\n<tr>\n<td data-rm-block-id=\"block-46\"><strong>Lagertemperatur<\/strong><\/td>\n<td data-rm-block-id=\"block-47\">-20\u2103 ~55\u2103<\/td>\n<\/tr>\n<\/tbody>\n<\/table>\n<p data-rm-block-id=\"block-48\"><strong>Input and output cards:<\/strong><\/p>\n<p data-rm-block-id=\"block-49\"><img decoding=\"async\" width=\"744\" height=\"1066\" class=\"wp-image-12112\" src=\"https:\/\/www.beinghd.com\/wp-content\/uploads\/2025\/12\/word-image-12103-2.png\" srcset=\"https:\/\/beinghd.com\/wp-content\/uploads\/2025\/12\/word-image-12103-2.png 744w, https:\/\/beinghd.com\/wp-content\/uploads\/2025\/12\/word-image-12103-2-209x300.png 209w, https:\/\/beinghd.com\/wp-content\/uploads\/2025\/12\/word-image-12103-2-715x1024.png 715w, https:\/\/beinghd.com\/wp-content\/uploads\/2025\/12\/word-image-12103-2-8x12.png 8w, https:\/\/beinghd.com\/wp-content\/uploads\/2025\/12\/word-image-12103-2-600x860.png 600w\" sizes=\"(max-width: 744px) 100vw, 744px\" \/> <img decoding=\"async\" width=\"745\" height=\"665\" class=\"wp-image-12113\" src=\"https:\/\/www.beinghd.com\/wp-content\/uploads\/2025\/12\/word-image-12103-3.png\" srcset=\"https:\/\/beinghd.com\/wp-content\/uploads\/2025\/12\/word-image-12103-3.png 745w, https:\/\/beinghd.com\/wp-content\/uploads\/2025\/12\/word-image-12103-3-300x268.png 300w, https:\/\/beinghd.com\/wp-content\/uploads\/2025\/12\/word-image-12103-3-13x12.png 13w, https:\/\/beinghd.com\/wp-content\/uploads\/2025\/12\/word-image-12103-3-600x536.png 600w\" sizes=\"(max-width: 745px) 100vw, 745px\" \/><\/p>\n<p data-rm-block-id=\"block-50\"><strong>Product dimension(mm)<\/strong><\/p>\n<p data-rm-block-id=\"block-51\"><img loading=\"lazy\" decoding=\"async\" class=\"wp-image-12114 aligncenter\" src=\"https:\/\/www.beinghd.com\/wp-content\/uploads\/2025\/12\/word-image-12103-4.png\" width=\"1084\" height=\"813\" srcset=\"https:\/\/beinghd.com\/wp-content\/uploads\/2025\/12\/word-image-12103-4.png 1555w, https:\/\/beinghd.com\/wp-content\/uploads\/2025\/12\/word-image-12103-4-300x225.png 300w, https:\/\/beinghd.com\/wp-content\/uploads\/2025\/12\/word-image-12103-4-1024x768.png 1024w, https:\/\/beinghd.com\/wp-content\/uploads\/2025\/12\/word-image-12103-4-768x576.png 768w, https:\/\/beinghd.com\/wp-content\/uploads\/2025\/12\/word-image-12103-4-1536x1153.png 1536w, https:\/\/beinghd.com\/wp-content\/uploads\/2025\/12\/word-image-12103-4-16x12.png 16w, https:\/\/beinghd.com\/wp-content\/uploads\/2025\/12\/word-image-12103-4-600x450.png 600w, https:\/\/beinghd.com\/wp-content\/uploads\/2025\/12\/word-image-12103-4-1200x901.png 1200w\" sizes=\"(max-width: 1084px) 100vw, 1084px\" \/><\/p>\n<p data-rm-block-id=\"block-52\"><strong>Anschlussplan<\/strong><\/p>\n<p data-rm-block-id=\"block-53\"><img loading=\"lazy\" decoding=\"async\" class=\"wp-image-12115 aligncenter\" src=\"https:\/\/www.beinghd.com\/wp-content\/uploads\/2025\/12\/word-image-12103-5.png\" width=\"988\" height=\"631\" srcset=\"https:\/\/beinghd.com\/wp-content\/uploads\/2025\/12\/word-image-12103-5.png 1070w, https:\/\/beinghd.com\/wp-content\/uploads\/2025\/12\/word-image-12103-5-300x191.png 300w, https:\/\/beinghd.com\/wp-content\/uploads\/2025\/12\/word-image-12103-5-1024x654.png 1024w, https:\/\/beinghd.com\/wp-content\/uploads\/2025\/12\/word-image-12103-5-768x490.png 768w, https:\/\/beinghd.com\/wp-content\/uploads\/2025\/12\/word-image-12103-5-18x12.png 18w, https:\/\/beinghd.com\/wp-content\/uploads\/2025\/12\/word-image-12103-5-600x383.png 600w\" sizes=\"(max-width: 988px) 100vw, 988px\" \/><\/p>\n<p data-rm-block-id=\"block-54\">","protected":false},"excerpt":{"rendered":"<ul>\n<li>Model:\u00a0 FM-8000<\/li>\n<li>Modular designing chassis, with 80input slots and 80\u00a0output slots<\/li>\n<li>1-card 4-port cards<\/li>\n<li>Unterst\u00fctzt 1080P, 4K30 und 4K60 Karten zur Auswahl<\/li>\n<li>Supports DVI-I\/ HDMI\/ 3GSDI\/ HDBaseT\/ Fiber to mix using<\/li>\n<li>Unterst\u00fctzung von Videow\u00e4nden und nahtloses Umschalten mit den 1080P- und 4K60-Karten<\/li>\n<li>Unterst\u00fctzt 3.5mm Audio embedded und de-embedd Funktion<\/li>\n<li>Unterst\u00fctzung der Aufw\u00e4rts-\/Abw\u00e4rts-Skalierungsfunktion \u00fcber den DIP-Schalter<\/li>\n<li>Unterst\u00fctzt zwei LAN- und RS232-Anschl\u00fcsse f\u00fcr die Backup-Steuerung<\/li>\n<li>Supports WEB GUI, APP, 7-Inch touch screen, RS232 commands control<\/li>\n<li>Unterst\u00fctzt automatischen Speicherschutz und automatische Wiederherstellungsfunktion bei Stromausfall<\/li>\n<\/ul>","protected":false},"featured_media":13336,"comment_status":"open","ping_status":"closed","template":"","meta":{"site-sidebar-layout":"default","site-content-layout":"","ast-site-content-layout":"default","site-content-style":"default","site-sidebar-style":"default","ast-global-header-display":"","ast-banner-title-visibility":"","ast-main-header-display":"","ast-hfb-above-header-display":"","ast-hfb-below-header-display":"","ast-hfb-mobile-header-display":"","site-post-title":"","ast-breadcrumbs-content":"","ast-featured-img":"","footer-sml-layout":"","theme-transparent-header-meta":"default","adv-header-id-meta":"","stick-header-meta":"default","header-above-stick-meta":"","header-main-stick-meta":"","header-below-stick-meta":"","astra-migrate-meta-layouts":"set","ast-page-background-enabled":"default","ast-page-background-meta":{"desktop":{"background-color":"","background-image":"","background-repeat":"repeat","background-position":"center center","background-size":"auto","background-attachment":"scroll","background-type":"","background-media":"","overlay-type":"","overlay-color":"","overlay-opacity":"","overlay-gradient":""},"tablet":{"background-color":"","background-image":"","background-repeat":"repeat","background-position":"center center","background-size":"auto","background-attachment":"scroll","background-type":"","background-media":"","overlay-type":"","overlay-color":"","overlay-opacity":"","overlay-gradient":""},"mobile":{"background-color":"","background-image":"","background-repeat":"repeat","background-position":"center center","background-size":"auto","background-attachment":"scroll","background-type":"","background-media":"","overlay-type":"","overlay-color":"","overlay-opacity":"","overlay-gradient":""}},"ast-content-background-meta":{"desktop":{"background-color":"var(--ast-global-color-5)","background-image":"","background-repeat":"repeat","background-position":"center center","background-size":"auto","background-attachment":"scroll","background-type":"","background-media":"","overlay-type":"","overlay-color":"","overlay-opacity":"","overlay-gradient":""},"tablet":{"background-color":"var(--ast-global-color-5)","background-image":"","background-repeat":"repeat","background-position":"center center","background-size":"auto","background-attachment":"scroll","background-type":"","background-media":"","overlay-type":"","overlay-color":"","overlay-opacity":"","overlay-gradient":""},"mobile":{"background-color":"var(--ast-global-color-5)","background-image":"","background-repeat":"repeat","background-position":"center center","background-size":"auto","background-attachment":"scroll","background-type":"","background-media":"","overlay-type":"","overlay-color":"","overlay-opacity":"","overlay-gradient":""}}},"product_brand":[],"product_cat":[15,135,149],"product_tag":[],"class_list":{"0":"post-12103","1":"product","2":"type-product","3":"status-publish","4":"has-post-thumbnail","6":"product_cat-product","7":"product_cat-modular-matrix-switcher","8":"product_cat-fm-series","9":"desktop-align-left","10":"tablet-align-left","11":"mobile-align-left","12":"ast-product-gallery-layout-horizontal-slider","13":"ast-product-tabs-layout-horizontal","15":"first","16":"instock","17":"shipping-taxable","18":"product-type-simple"},"_links":{"self":[{"href":"https:\/\/beinghd.com\/de\/wp-json\/wp\/v2\/product\/12103","targetHints":{"allow":["GET"]}}],"collection":[{"href":"https:\/\/beinghd.com\/de\/wp-json\/wp\/v2\/product"}],"about":[{"href":"https:\/\/beinghd.com\/de\/wp-json\/wp\/v2\/types\/product"}],"replies":[{"embeddable":true,"href":"https:\/\/beinghd.com\/de\/wp-json\/wp\/v2\/comments?post=12103"}],"version-history":[{"count":0,"href":"https:\/\/beinghd.com\/de\/wp-json\/wp\/v2\/product\/12103\/revisions"}],"wp:featuredmedia":[{"embeddable":true,"href":"https:\/\/beinghd.com\/de\/wp-json\/wp\/v2\/media\/13336"}],"wp:attachment":[{"href":"https:\/\/beinghd.com\/de\/wp-json\/wp\/v2\/media?parent=12103"}],"wp:term":[{"taxonomy":"product_brand","embeddable":true,"href":"https:\/\/beinghd.com\/de\/wp-json\/wp\/v2\/product_brand?post=12103"},{"taxonomy":"product_cat","embeddable":true,"href":"https:\/\/beinghd.com\/de\/wp-json\/wp\/v2\/product_cat?post=12103"},{"taxonomy":"product_tag","embeddable":true,"href":"https:\/\/beinghd.com\/de\/wp-json\/wp\/v2\/product_tag?post=12103"}],"curies":[{"name":"wp","href":"https:\/\/api.w.org\/{rel}","templated":true}]}}