{"id":12313,"date":"2025-12-31T11:07:09","date_gmt":"2025-12-31T10:07:09","guid":{"rendered":"https:\/\/beinghd.com\/?post_type=product&#038;p=12313"},"modified":"2025-12-31T11:07:09","modified_gmt":"2025-12-31T10:07:09","slug":"9x9-modular-matrix-switcher-with-ipad-app-control","status":"publish","type":"product","link":"https:\/\/beinghd.com\/de\/produkt\/9x9-modular-matrix-switcher-with-ipad-app-control\/","title":{"rendered":"9\u00d79 Modularer Matrix-Switcher mit iPad APP-Steuerung"},"content":{"rendered":"<p><img fetchpriority=\"high\" decoding=\"async\" width=\"1266\" height=\"708\" class=\"wp-image-12323\" src=\"https:\/\/www.beinghd.com\/wp-content\/uploads\/2025\/12\/word-image-12313-1.png\" srcset=\"https:\/\/beinghd.com\/wp-content\/uploads\/2025\/12\/word-image-12313-1.png 1266w, https:\/\/beinghd.com\/wp-content\/uploads\/2025\/12\/word-image-12313-1-300x168.png 300w, https:\/\/beinghd.com\/wp-content\/uploads\/2025\/12\/word-image-12313-1-1024x573.png 1024w, https:\/\/beinghd.com\/wp-content\/uploads\/2025\/12\/word-image-12313-1-768x429.png 768w, https:\/\/beinghd.com\/wp-content\/uploads\/2025\/12\/word-image-12313-1-18x10.png 18w, https:\/\/beinghd.com\/wp-content\/uploads\/2025\/12\/word-image-12313-1-600x336.png 600w, https:\/\/beinghd.com\/wp-content\/uploads\/2025\/12\/word-image-12313-1-1200x671.png 1200w\" sizes=\"(max-width: 1266px) 100vw, 1266px\" \/><\/p>\n<p><strong>Einf\u00fchrung<\/strong><\/p>\n<p>This is a modular matrix switcher, with 9 input slots and 9 output slots, so it can support maximum 9 inputs and 9 outputs, all the input and output cards are using 1-card 1-port, the signals are including the DVI, HDMI, HDBasT, Fiber Optic, 3G-SDI. Users are able to have mixed signals inputs and mixed signals outputs.<\/p>\n<p>Die Einzelkanal-Signal-Schaltgeschwindigkeit kann 12,5 Gbps erreichen, und die Hauptplatine ist mit vier Kern vier Links Verarbeitungstechnologie, die Schaltf\u00e4higkeit Geschwindigkeit kann 32 Gbps erreichen. Mit unkomprimierten \u00dcbertragungstechnologie f\u00fcr das digitale Signal, um sicherzustellen, dass das Bild High-Fidelity-Ausgang zu machen. Einzigartige Technologie zur Abschirmung von Signallinks, um die Vollst\u00e4ndigkeit des Signals zu gew\u00e4hrleisten. Der interne Datenschalter hat eine sehr hohe Kapazit\u00e4t, um St\u00f6rungen zu widerstehen und lange und stabil zu arbeiten. Unterst\u00fctzt 7 * 24 kontinuierlich arbeiten und mit Dual-LAN und RS232-Backup-Steuerung, ist es bequem f\u00fcr die Benutzer \u00fcber PC, iPad, APP und die 3. Parteien zentrale Steuerung durch die RS232-Steuerbefehle zu steuern.<\/p>\n<p>Mit der doppelten RS232- und LAN-Steuerung k\u00f6nnen die Benutzer auch die umliegenden Ger\u00e4te, wie Projektor, elektrischer Vorhang und Fernseher, einfach einrichten und steuern.<\/p>\n<p><strong>Eigenschaften<\/strong><\/p>\n<ul>\n<li><a id=\"post-12313-OLE_LINK4\"><\/a> Modular designing chassis, with 9 input slots and 9 output slots<\/li>\n<li>1-Karten-Eingangs- und Ausgangskarte mit 1 Port<\/li>\n<li>Unterst\u00fctzt 1080P, 4K30 und 4K60 Karten zur Auswahl<\/li>\n<li>Unterst\u00fctzt DVI-I\/ HDMI\/ 3GSDI\/ HDBaseT\/ Fiber zum Mischen von Eingang und Ausgang<\/li>\n<li>Unterst\u00fctzung von Videow\u00e4nden und nahtloses Umschalten mit den 1080P- und 4K60-Karten<\/li>\n<li>Unterst\u00fctzt 3.5mm Audio embedded und de-embedd Funktion<\/li>\n<li>Unterst\u00fctzung der Aufw\u00e4rts-\/Abw\u00e4rts-Skalierungsfunktion \u00fcber den DIP-Schalter<\/li>\n<li>Unterst\u00fctzt zwei LAN- und RS232-Anschl\u00fcsse f\u00fcr die Backup-Steuerung<\/li>\n<li>Tasten auf der Vorderseite mit Hintergrundbeleuchtung, leichtere Bedienung zu jeder Zeit<\/li>\n<li>Unterst\u00fctzt automatischen Speicherschutz und automatische Wiederherstellungsfunktion bei Stromausfall<\/li>\n<\/ul>\n<p><strong>Spezifikation<\/strong><\/p>\n<table>\n<tbody>\n<tr>\n<td><strong>Modell<\/strong><\/td>\n<td><strong>MIN-MANAGER-900<\/strong><\/td>\n<\/tr>\n<tr>\n<td><strong>Beschreibung<\/strong><\/td>\n<td>9&#215;9\u00a0modular\u00a0matrix\u00a0switcher<\/td>\n<\/tr>\n<tr>\n<td><strong>Eingabe<\/strong><\/td>\n<td>1 Karte mit 1 Anschluss, einschlie\u00dflich DVI\/HDMI\/VGA\/CVBS\/YPbPr\/SDI\/HDBaseT\/Glasfaser<\/td>\n<\/tr>\n<tr>\n<td><strong>Ausgabe<\/strong><\/td>\n<td>Unterst\u00fctzt DVI\/HDMI\/VGA\/CVBS\/YPbPr\/SDI\/HDBaseT\/Fiber Otpic Ausgang<\/td>\n<\/tr>\n<tr>\n<td><strong>Protokoll Standard<\/strong><\/td>\n<td>1-Karten-Ausgang mit 1 Anschluss, einschlie\u00dflich DVI\/HDMI\/VGA\/CVBS\/YPbPr\/SDI\/HDBaseT\/Glasfaser<\/td>\n<\/tr>\n<tr>\n<td><strong>Farbraum<\/strong><\/td>\n<td>Unterst\u00fctzt RGB444, YUV444, YUV422, x.v.C Standard-Farberweiterung<\/td>\n<\/tr>\n<tr>\n<td><strong>Aufl\u00f6sung<\/strong><\/td>\n<td>640\u00d7480-3840\u00d72160@60Hz(VESA ), 480i-4K@60Hz(HDTV )<\/td>\n<\/tr>\n<tr>\n<td><strong>Entfernung<\/strong><\/td>\n<td>HDMI\/DVI: 15m\/40ft; HDBaseT: 70m\/220ft; Glasfaser: 2km\/6000ft<\/td>\n<\/tr>\n<tr>\n<td><strong>Kontrolle<\/strong><\/td>\n<td>iOS\/Android\u00a0Apps,\u00a0WEB\u00a0GUI,\u00a0IR remote, RS232\u00a0&amp;\u00a0Front buttons with background light<\/td>\n<\/tr>\n<tr>\n<td><strong>Strom<\/strong><\/td>\n<td>AC: 110V-260V 50\/60Hz<\/td>\n<\/tr>\n<tr>\n<td><strong>Verbrauch<\/strong><\/td>\n<td>17W(No\u00a0Cards)<\/td>\n<\/tr>\n<tr>\n<td><strong>Dimension<\/strong><\/td>\n<td>2U,\u00a0482\u00d7385\u00d789(mm)\/ 18.97*15.35*3.51(inch)\/ Packing: 56*49*20()<\/td>\n<\/tr>\n<tr>\n<td><strong>Gewicht<\/strong><\/td>\n<td>6kg\/ 13.22lbs (Keine Karten)<\/td>\n<\/tr>\n<tr>\n<td><strong>Arbeitstemperatur<\/strong><\/td>\n<td>0\u2103 ~50\u2103<\/td>\n<\/tr>\n<tr>\n<td><strong>Lagertemperatur<\/strong><\/td>\n<td>-20\u2103 ~55\u2103<\/td>\n<\/tr>\n<\/tbody>\n<\/table>\n<p><strong>1-Karte 1-Port Eingangs- und Ausgangskarte<\/strong><\/p>\n<p><img decoding=\"async\" width=\"1473\" height=\"443\" class=\"wp-image-12324\" src=\"https:\/\/www.beinghd.com\/wp-content\/uploads\/2025\/12\/word-image-12313-2.png\" srcset=\"https:\/\/beinghd.com\/wp-content\/uploads\/2025\/12\/word-image-12313-2.png 1473w, https:\/\/beinghd.com\/wp-content\/uploads\/2025\/12\/word-image-12313-2-300x90.png 300w, https:\/\/beinghd.com\/wp-content\/uploads\/2025\/12\/word-image-12313-2-1024x308.png 1024w, https:\/\/beinghd.com\/wp-content\/uploads\/2025\/12\/word-image-12313-2-768x231.png 768w, https:\/\/beinghd.com\/wp-content\/uploads\/2025\/12\/word-image-12313-2-18x5.png 18w, https:\/\/beinghd.com\/wp-content\/uploads\/2025\/12\/word-image-12313-2-600x180.png 600w, https:\/\/beinghd.com\/wp-content\/uploads\/2025\/12\/word-image-12313-2-1200x361.png 1200w\" sizes=\"(max-width: 1473px) 100vw, 1473px\" \/><\/p>\n<p><a id=\"post-12313-OLE_LINK1\"><\/a><strong>Matrix Gr\u00f6\u00dfe Zeichnung (482*89*387)mm (L*H*D)<\/strong><\/p>\n<p><img decoding=\"async\" width=\"1004\" height=\"917\" class=\"wp-image-12325\" src=\"https:\/\/www.beinghd.com\/wp-content\/uploads\/2025\/12\/word-image-12313-3.png\" srcset=\"https:\/\/beinghd.com\/wp-content\/uploads\/2025\/12\/word-image-12313-3.png 1004w, https:\/\/beinghd.com\/wp-content\/uploads\/2025\/12\/word-image-12313-3-300x274.png 300w, https:\/\/beinghd.com\/wp-content\/uploads\/2025\/12\/word-image-12313-3-768x701.png 768w, https:\/\/beinghd.com\/wp-content\/uploads\/2025\/12\/word-image-12313-3-13x12.png 13w, https:\/\/beinghd.com\/wp-content\/uploads\/2025\/12\/word-image-12313-3-600x548.png 600w\" sizes=\"(max-width: 1004px) 100vw, 1004px\" \/><\/p>\n<p><strong>Anschlussplan<\/strong><\/p>\n<p><img loading=\"lazy\" decoding=\"async\" width=\"1200\" height=\"762\" class=\"wp-image-12326\" src=\"https:\/\/www.beinghd.com\/wp-content\/uploads\/2025\/12\/9x9-connection-diagram.jpeg\" alt=\"9x9-connection-diagram\" srcset=\"https:\/\/beinghd.com\/wp-content\/uploads\/2025\/12\/9x9-connection-diagram.jpeg 1200w, https:\/\/beinghd.com\/wp-content\/uploads\/2025\/12\/9x9-connection-diagram-300x191.jpeg 300w, https:\/\/beinghd.com\/wp-content\/uploads\/2025\/12\/9x9-connection-diagram-1024x650.jpeg 1024w, https:\/\/beinghd.com\/wp-content\/uploads\/2025\/12\/9x9-connection-diagram-768x488.jpeg 768w, https:\/\/beinghd.com\/wp-content\/uploads\/2025\/12\/9x9-connection-diagram-18x12.jpeg 18w, https:\/\/beinghd.com\/wp-content\/uploads\/2025\/12\/9x9-connection-diagram-600x381.jpeg 600w\" sizes=\"(max-width: 1200px) 100vw, 1200px\" \/><\/p>\n<p>&nbsp;<\/p>","protected":false},"excerpt":{"rendered":"<ul>\n<li>Modular designing chassis, with 9 input slots and 9 output slots<\/li>\n<li>1-Karten-Eingangs- und Ausgangskarte mit 1 Port<\/li>\n<li>Unterst\u00fctzt 1080P, 4K30 und 4K60 Karten zur Auswahl<\/li>\n<li>Unterst\u00fctzt DVI-I\/ HDMI\/ 3GSDI\/ HDBaseT\/ Fiber zum Mischen von Eingang und Ausgang<\/li>\n<li>Unterst\u00fctzung von Videow\u00e4nden und nahtloses Umschalten mit den 1080P- und 4K60-Karten<\/li>\n<li>Unterst\u00fctzt 3.5mm Audio embedded und de-embedd Funktion<\/li>\n<li>Unterst\u00fctzung der Aufw\u00e4rts-\/Abw\u00e4rts-Skalierungsfunktion \u00fcber den DIP-Schalter<\/li>\n<li>Unterst\u00fctzt zwei LAN- und RS232-Anschl\u00fcsse f\u00fcr die Backup-Steuerung<\/li>\n<li>Tasten auf der Vorderseite mit Hintergrundbeleuchtung, leichtere Bedienung zu jeder Zeit<\/li>\n<li>Unterst\u00fctzt automatischen Speicherschutz und automatische Wiederherstellungsfunktion bei Stromausfall<\/li>\n<\/ul>","protected":false},"featured_media":12314,"comment_status":"open","ping_status":"closed","template":"","meta":{"site-sidebar-layout":"default","site-content-layout":"","ast-site-content-layout":"default","site-content-style":"default","site-sidebar-style":"default","ast-global-header-display":"","ast-banner-title-visibility":"","ast-main-header-display":"","ast-hfb-above-header-display":"","ast-hfb-below-header-display":"","ast-hfb-mobile-header-display":"","site-post-title":"","ast-breadcrumbs-content":"","ast-featured-img":"","footer-sml-layout":"","theme-transparent-header-meta":"default","adv-header-id-meta":"","stick-header-meta":"default","header-above-stick-meta":"","header-main-stick-meta":"","header-below-stick-meta":"","astra-migrate-meta-layouts":"set","ast-page-background-enabled":"default","ast-page-background-meta":{"desktop":{"background-color":"","background-image":"","background-repeat":"repeat","background-position":"center center","background-size":"auto","background-attachment":"scroll","background-type":"","background-media":"","overlay-type":"","overlay-color":"","overlay-opacity":"","overlay-gradient":""},"tablet":{"background-color":"","background-image":"","background-repeat":"repeat","background-position":"center center","background-size":"auto","background-attachment":"scroll","background-type":"","background-media":"","overlay-type":"","overlay-color":"","overlay-opacity":"","overlay-gradient":""},"mobile":{"background-color":"","background-image":"","background-repeat":"repeat","background-position":"center center","background-size":"auto","background-attachment":"scroll","background-type":"","background-media":"","overlay-type":"","overlay-color":"","overlay-opacity":"","overlay-gradient":""}},"ast-content-background-meta":{"desktop":{"background-color":"var(--ast-global-color-5)","background-image":"","background-repeat":"repeat","background-position":"center center","background-size":"auto","background-attachment":"scroll","background-type":"","background-media":"","overlay-type":"","overlay-color":"","overlay-opacity":"","overlay-gradient":""},"tablet":{"background-color":"var(--ast-global-color-5)","background-image":"","background-repeat":"repeat","background-position":"center center","background-size":"auto","background-attachment":"scroll","background-type":"","background-media":"","overlay-type":"","overlay-color":"","overlay-opacity":"","overlay-gradient":""},"mobile":{"background-color":"var(--ast-global-color-5)","background-image":"","background-repeat":"repeat","background-position":"center center","background-size":"auto","background-attachment":"scroll","background-type":"","background-media":"","overlay-type":"","overlay-color":"","overlay-opacity":"","overlay-gradient":""}}},"product_brand":[],"product_cat":[15,135,150],"product_tag":[],"class_list":{"0":"post-12313","1":"product","2":"type-product","3":"status-publish","4":"has-post-thumbnail","6":"product_cat-product","7":"product_cat-modular-matrix-switcher","8":"product_cat-mini-series","9":"desktop-align-left","10":"tablet-align-left","11":"mobile-align-left","12":"ast-product-gallery-layout-horizontal-slider","13":"ast-product-tabs-layout-horizontal","15":"first","16":"instock","17":"shipping-taxable","18":"product-type-simple"},"_links":{"self":[{"href":"https:\/\/beinghd.com\/de\/wp-json\/wp\/v2\/product\/12313","targetHints":{"allow":["GET"]}}],"collection":[{"href":"https:\/\/beinghd.com\/de\/wp-json\/wp\/v2\/product"}],"about":[{"href":"https:\/\/beinghd.com\/de\/wp-json\/wp\/v2\/types\/product"}],"replies":[{"embeddable":true,"href":"https:\/\/beinghd.com\/de\/wp-json\/wp\/v2\/comments?post=12313"}],"version-history":[{"count":0,"href":"https:\/\/beinghd.com\/de\/wp-json\/wp\/v2\/product\/12313\/revisions"}],"wp:featuredmedia":[{"embeddable":true,"href":"https:\/\/beinghd.com\/de\/wp-json\/wp\/v2\/media\/12314"}],"wp:attachment":[{"href":"https:\/\/beinghd.com\/de\/wp-json\/wp\/v2\/media?parent=12313"}],"wp:term":[{"taxonomy":"product_brand","embeddable":true,"href":"https:\/\/beinghd.com\/de\/wp-json\/wp\/v2\/product_brand?post=12313"},{"taxonomy":"product_cat","embeddable":true,"href":"https:\/\/beinghd.com\/de\/wp-json\/wp\/v2\/product_cat?post=12313"},{"taxonomy":"product_tag","embeddable":true,"href":"https:\/\/beinghd.com\/de\/wp-json\/wp\/v2\/product_tag?post=12313"}],"curies":[{"name":"wp","href":"https:\/\/api.w.org\/{rel}","templated":true}]}}