{"id":12377,"date":"2026-01-02T10:16:53","date_gmt":"2026-01-02T09:16:53","guid":{"rendered":"https:\/\/beinghd.com\/?post_type=product&#038;p=12377"},"modified":"2026-01-06T11:23:58","modified_gmt":"2026-01-06T10:23:58","slug":"160x160-modular-matrix-switcher-with-ipad-app-control","status":"publish","type":"product","link":"https:\/\/beinghd.com\/de\/produkt\/160x160-modular-matrix-switcher-with-ipad-app-control\/","title":{"rendered":"160\u00d7160 Modularer Matrix Switcher mit iPad APP Steuerung"},"content":{"rendered":"<p><img fetchpriority=\"high\" decoding=\"async\" width=\"548\" height=\"740\" class=\"wp-image-12387\" src=\"https:\/\/www.beinghd.com\/wp-content\/uploads\/2026\/01\/fm160160.jpeg\" alt=\"FM160160\" srcset=\"https:\/\/beinghd.com\/wp-content\/uploads\/2026\/01\/fm160160.jpeg 548w, https:\/\/beinghd.com\/wp-content\/uploads\/2026\/01\/fm160160-222x300.jpeg 222w, https:\/\/beinghd.com\/wp-content\/uploads\/2026\/01\/fm160160-9x12.jpeg 9w\" sizes=\"(max-width: 548px) 100vw, 548px\" \/><\/p>\n<p><strong>Einf\u00fchrung<\/strong><\/p>\n<p>This is a modular matrix switcher, with 160 input slots and 160 output slots, so it can support maximum 160 inputs and 160 outputs, all the input and output cards are using 1-card 4-port, the signals are including the DVI, HDMI, HDBasT, Fiber Optic, 3G-SDI. Users are able to have mixed signals inputs and mixed signals outputs.<\/p>\n<p>Die Einzelkanal-Signal-Schaltgeschwindigkeit kann 12,5 Gbps erreichen, und die Hauptplatine ist mit vier Kern vier Links Verarbeitungstechnologie, die Schaltf\u00e4higkeit Geschwindigkeit kann 32 Gbps erreichen. Mit unkomprimierten \u00dcbertragungstechnologie f\u00fcr das digitale Signal, um sicherzustellen, dass das Bild High-Fidelity-Ausgang zu machen. Einzigartige Technologie zur Abschirmung von Signallinks, um die Vollst\u00e4ndigkeit des Signals zu gew\u00e4hrleisten. Der interne Datenschalter hat eine sehr hohe Kapazit\u00e4t, um St\u00f6rungen zu widerstehen und lange und stabil zu arbeiten. Unterst\u00fctzt 7 * 24 kontinuierlich arbeiten und mit Dual-LAN und RS232-Backup-Steuerung, ist es bequem f\u00fcr die Benutzer \u00fcber PC, iPad, APP und die 3. Parteien zentrale Steuerung durch die RS232-Steuerbefehle zu steuern.<\/p>\n<p>Mit der doppelten RS232- und LAN-Steuerung k\u00f6nnen die Benutzer auch die umliegenden Ger\u00e4te, wie Projektor, elektrischer Vorhang und Fernseher, einfach einrichten und steuern.<\/p>\n<p><strong>Eigenschaften<\/strong><\/p>\n<ul>\n<li><a id=\"post-12377-OLE_LINK4\"><\/a> Modular designing chassis, with 160 input slots and 160 output slots<\/li>\n<li>4-Port-Eingangs- und Ausgangskarte mit 1 Karte<\/li>\n<li>Unterst\u00fctzt 1080P, 4K30 und 4K60 Karten zur Auswahl<\/li>\n<li>Unterst\u00fctzt DVI-I\/ HDMI\/ 3GSDI\/ HDBaseT\/ Fiber zum Mischen von Eingang und Ausgang<\/li>\n<li>Unterst\u00fctzung von Videow\u00e4nden und nahtloses Umschalten mit den 1080P- und 4K60-Karten<\/li>\n<li>Unterst\u00fctzt 3.5mm Audio embedded und de-embedd Funktion<\/li>\n<li>Unterst\u00fctzung der Aufw\u00e4rts-\/Abw\u00e4rts-Skalierungsfunktion \u00fcber den DIP-Schalter<\/li>\n<li>Unterst\u00fctzt zwei LAN- und RS232-Anschl\u00fcsse f\u00fcr die Backup-Steuerung<\/li>\n<li>Tasten auf der Vorderseite mit Hintergrundbeleuchtung, leichtere Bedienung zu jeder Zeit<\/li>\n<li>Unterst\u00fctzt automatischen Speicherschutz und automatische Wiederherstellungsfunktion bei Stromausfall<\/li>\n<\/ul>\n<p><strong>Spezifikation<\/strong><\/p>\n<table>\n<tbody>\n<tr>\n<td><strong>Modell<\/strong><\/td>\n<td><strong>160&#215;160\u00a0Card\u00a0Cage<\/strong><\/td>\n<\/tr>\n<tr>\n<td><strong>Beschreibung<\/strong><\/td>\n<td>160&#215;160\u00a0Modular\u00a0Matrix\u00a0System\u00a0Chassis<\/td>\n<\/tr>\n<tr>\n<td><strong>Eingabe<\/strong><\/td>\n<td>1 Karte mit 4 Anschl\u00fcssen, einschlie\u00dflich DVI\/HDMI\/VGA\/CVBS\/YPbPr\/SDI\/HDBaseT\/Glasfaser<\/td>\n<\/tr>\n<tr>\n<td><strong>Ausgabe<\/strong><\/td>\n<td>1-card\u00a04-port\u00a0output,\u00a0including\u00a0DVI\/HDMI\/VGA\/CVBS\/YPbPr\/SDI\/\u00a0HDBaseT\/Fiber<\/td>\n<\/tr>\n<tr>\n<td><strong>Protokoll Standard<\/strong><\/td>\n<td>Support\u00a0HDMI1.4,\u00a0HDMI2.0,\u00a0DVI1.0.\u00a0\u00a0HDCP1.4,\u00a0HDP2.2<\/td>\n<\/tr>\n<tr>\n<td><strong>Farbraum<\/strong><\/td>\n<td>Unterst\u00fctzt RGB444, YUV444, YUV422, x.v.C Standard-Farberweiterung<\/td>\n<\/tr>\n<tr>\n<td><strong>Aufl\u00f6sung<\/strong><\/td>\n<td>640\u00d7480-3840\u00d72160@60Hz(VESA ), 480i-4K@60Hz(HDTV )<\/td>\n<\/tr>\n<tr>\n<td><strong>Entfernung<\/strong><\/td>\n<td>HDMI\/DVI: 15m\/40ft; HDBaseT: 70m\/220ft; Glasfaser: 2km\/6000ft<\/td>\n<\/tr>\n<tr>\n<td><strong>Kontrolle<\/strong><\/td>\n<td>iOS\/Android\u00a0Apps,\u00a0WEB\u00a0GUI,\u00a0RS232\u00a0&amp;\u00a010&#8243;\u00a0Color\u00a0Touchscreen<\/td>\n<\/tr>\n<tr>\n<td><strong>Strom<\/strong><\/td>\n<td>AC: 110V-260V 50\/60Hz<\/td>\n<\/tr>\n<tr>\n<td><strong>Verbrauch<\/strong><\/td>\n<td>1400W(No Cards)<\/td>\n<\/tr>\n<tr>\n<td><strong>Dimension<\/strong><\/td>\n<td>31.5U, 482*465*1400(mm)\/ 18.97*18.30*55.11(inch)<\/td>\n<\/tr>\n<tr>\n<td><strong>Gewicht<\/strong><\/td>\n<td>45kg\/ 99.21lbs (No Cards)<\/td>\n<\/tr>\n<tr>\n<td><strong>Arbeitstemperatur<\/strong><\/td>\n<td>0\u2103 ~50\u2103<\/td>\n<\/tr>\n<tr>\n<td><strong>Lagertemperatur<\/strong><\/td>\n<td>-20\u2103 ~55\u2103<\/td>\n<\/tr>\n<\/tbody>\n<\/table>\n<p><strong>1-card 4-port Input and output card<\/strong><\/p>\n<p><img decoding=\"async\" width=\"2227\" height=\"1065\" class=\"wp-image-12388\" src=\"https:\/\/www.beinghd.com\/wp-content\/uploads\/2026\/01\/word-image-12377-2.png\" srcset=\"https:\/\/beinghd.com\/wp-content\/uploads\/2026\/01\/word-image-12377-2.png 2227w, https:\/\/beinghd.com\/wp-content\/uploads\/2026\/01\/word-image-12377-2-300x143.png 300w, https:\/\/beinghd.com\/wp-content\/uploads\/2026\/01\/word-image-12377-2-1024x490.png 1024w, https:\/\/beinghd.com\/wp-content\/uploads\/2026\/01\/word-image-12377-2-768x367.png 768w, https:\/\/beinghd.com\/wp-content\/uploads\/2026\/01\/word-image-12377-2-1536x735.png 1536w, https:\/\/beinghd.com\/wp-content\/uploads\/2026\/01\/word-image-12377-2-2048x979.png 2048w, https:\/\/beinghd.com\/wp-content\/uploads\/2026\/01\/word-image-12377-2-18x9.png 18w, https:\/\/beinghd.com\/wp-content\/uploads\/2026\/01\/word-image-12377-2-600x287.png 600w, https:\/\/beinghd.com\/wp-content\/uploads\/2026\/01\/word-image-12377-2-1200x574.png 1200w\" sizes=\"(max-width: 2227px) 100vw, 2227px\" \/><\/p>\n<p><a id=\"post-12377-OLE_LINK1\"><\/a><strong>Anschlussplan<\/strong><\/p>\n<p><img decoding=\"async\" width=\"877\" height=\"647\" class=\"wp-image-12389\" src=\"https:\/\/www.beinghd.com\/wp-content\/uploads\/2026\/01\/word-image-12377-3.png\" srcset=\"https:\/\/beinghd.com\/wp-content\/uploads\/2026\/01\/word-image-12377-3.png 877w, https:\/\/beinghd.com\/wp-content\/uploads\/2026\/01\/word-image-12377-3-300x221.png 300w, https:\/\/beinghd.com\/wp-content\/uploads\/2026\/01\/word-image-12377-3-768x567.png 768w, https:\/\/beinghd.com\/wp-content\/uploads\/2026\/01\/word-image-12377-3-16x12.png 16w, https:\/\/beinghd.com\/wp-content\/uploads\/2026\/01\/word-image-12377-3-600x443.png 600w\" sizes=\"(max-width: 877px) 100vw, 877px\" \/><\/p>\n<p>&nbsp;<\/p>","protected":false},"excerpt":{"rendered":"<ul>\n<li>Modular designing chassis, with 160input slots and 160\u00a0output slots<\/li>\n<li>4-Port-Eingangs- und Ausgangskarte mit 1 Karte<\/li>\n<li>Unterst\u00fctzt 1080P, 4K30 und 4K60 Karten zur Auswahl<\/li>\n<li>Unterst\u00fctzt DVI-I\/ HDMI\/ 3GSDI\/ HDBaseT\/ Fiber zum Mischen von Eingang und Ausgang<\/li>\n<li>Unterst\u00fctzung von Videow\u00e4nden und nahtloses Umschalten mit den 1080P- und 4K60-Karten<\/li>\n<li>Unterst\u00fctzt 3.5mm Audio embedded und de-embedd Funktion<\/li>\n<li>Unterst\u00fctzung der Aufw\u00e4rts-\/Abw\u00e4rts-Skalierungsfunktion \u00fcber den DIP-Schalter<\/li>\n<li>Unterst\u00fctzt zwei LAN- und RS232-Anschl\u00fcsse f\u00fcr die Backup-Steuerung<\/li>\n<li>Tasten auf der Vorderseite mit Hintergrundbeleuchtung, leichtere Bedienung zu jeder Zeit<\/li>\n<li>Unterst\u00fctzt automatischen Speicherschutz und automatische Wiederherstellungsfunktion bei Stromausfall<\/li>\n<\/ul>","protected":false},"featured_media":12941,"comment_status":"open","ping_status":"closed","template":"","meta":{"site-sidebar-layout":"default","site-content-layout":"","ast-site-content-layout":"default","site-content-style":"default","site-sidebar-style":"default","ast-global-header-display":"","ast-banner-title-visibility":"","ast-main-header-display":"","ast-hfb-above-header-display":"","ast-hfb-below-header-display":"","ast-hfb-mobile-header-display":"","site-post-title":"","ast-breadcrumbs-content":"","ast-featured-img":"","footer-sml-layout":"","theme-transparent-header-meta":"default","adv-header-id-meta":"","stick-header-meta":"default","header-above-stick-meta":"","header-main-stick-meta":"","header-below-stick-meta":"","astra-migrate-meta-layouts":"set","ast-page-background-enabled":"default","ast-page-background-meta":{"desktop":{"background-color":"","background-image":"","background-repeat":"repeat","background-position":"center center","background-size":"auto","background-attachment":"scroll","background-type":"","background-media":"","overlay-type":"","overlay-color":"","overlay-opacity":"","overlay-gradient":""},"tablet":{"background-color":"","background-image":"","background-repeat":"repeat","background-position":"center center","background-size":"auto","background-attachment":"scroll","background-type":"","background-media":"","overlay-type":"","overlay-color":"","overlay-opacity":"","overlay-gradient":""},"mobile":{"background-color":"","background-image":"","background-repeat":"repeat","background-position":"center center","background-size":"auto","background-attachment":"scroll","background-type":"","background-media":"","overlay-type":"","overlay-color":"","overlay-opacity":"","overlay-gradient":""}},"ast-content-background-meta":{"desktop":{"background-color":"var(--ast-global-color-5)","background-image":"","background-repeat":"repeat","background-position":"center center","background-size":"auto","background-attachment":"scroll","background-type":"","background-media":"","overlay-type":"","overlay-color":"","overlay-opacity":"","overlay-gradient":""},"tablet":{"background-color":"var(--ast-global-color-5)","background-image":"","background-repeat":"repeat","background-position":"center center","background-size":"auto","background-attachment":"scroll","background-type":"","background-media":"","overlay-type":"","overlay-color":"","overlay-opacity":"","overlay-gradient":""},"mobile":{"background-color":"var(--ast-global-color-5)","background-image":"","background-repeat":"repeat","background-position":"center center","background-size":"auto","background-attachment":"scroll","background-type":"","background-media":"","overlay-type":"","overlay-color":"","overlay-opacity":"","overlay-gradient":""}}},"product_brand":[],"product_cat":[15,135,151],"product_tag":[],"class_list":{"0":"post-12377","1":"product","2":"type-product","3":"status-publish","4":"has-post-thumbnail","6":"product_cat-product","7":"product_cat-modular-matrix-switcher","8":"product_cat-vm-series","9":"desktop-align-left","10":"tablet-align-left","11":"mobile-align-left","12":"ast-product-gallery-layout-horizontal-slider","13":"ast-product-tabs-layout-horizontal","15":"first","16":"instock","17":"shipping-taxable","18":"product-type-simple"},"_links":{"self":[{"href":"https:\/\/beinghd.com\/de\/wp-json\/wp\/v2\/product\/12377","targetHints":{"allow":["GET"]}}],"collection":[{"href":"https:\/\/beinghd.com\/de\/wp-json\/wp\/v2\/product"}],"about":[{"href":"https:\/\/beinghd.com\/de\/wp-json\/wp\/v2\/types\/product"}],"replies":[{"embeddable":true,"href":"https:\/\/beinghd.com\/de\/wp-json\/wp\/v2\/comments?post=12377"}],"version-history":[{"count":0,"href":"https:\/\/beinghd.com\/de\/wp-json\/wp\/v2\/product\/12377\/revisions"}],"wp:featuredmedia":[{"embeddable":true,"href":"https:\/\/beinghd.com\/de\/wp-json\/wp\/v2\/media\/12941"}],"wp:attachment":[{"href":"https:\/\/beinghd.com\/de\/wp-json\/wp\/v2\/media?parent=12377"}],"wp:term":[{"taxonomy":"product_brand","embeddable":true,"href":"https:\/\/beinghd.com\/de\/wp-json\/wp\/v2\/product_brand?post=12377"},{"taxonomy":"product_cat","embeddable":true,"href":"https:\/\/beinghd.com\/de\/wp-json\/wp\/v2\/product_cat?post=12377"},{"taxonomy":"product_tag","embeddable":true,"href":"https:\/\/beinghd.com\/de\/wp-json\/wp\/v2\/product_tag?post=12377"}],"curies":[{"name":"wp","href":"https:\/\/api.w.org\/{rel}","templated":true}]}}