{"id":12040,"date":"2025-12-31T04:54:06","date_gmt":"2025-12-31T03:54:06","guid":{"rendered":"https:\/\/beinghd.com\/?post_type=product&#038;p=12040"},"modified":"2026-01-06T11:18:36","modified_gmt":"2026-01-06T10:18:36","slug":"16x16-modular-matrix-switcher-with-ipad-app-control","status":"publish","type":"product","link":"https:\/\/beinghd.com\/es\/producto\/16x16-modular-matrix-switcher-with-ipad-app-control\/","title":{"rendered":"Matriz de conmutaci\u00f3n modular 16\u00d716 con control mediante APP para iPad"},"content":{"rendered":"<p><strong><img fetchpriority=\"high\" decoding=\"async\" width=\"1262\" height=\"755\" class=\"wp-image-12052\" src=\"https:\/\/www.beinghd.com\/wp-content\/uploads\/2025\/12\/07.png\" alt=\"07\" srcset=\"https:\/\/beinghd.com\/wp-content\/uploads\/2025\/12\/07.png 1262w, https:\/\/beinghd.com\/wp-content\/uploads\/2025\/12\/07-300x179.png 300w, https:\/\/beinghd.com\/wp-content\/uploads\/2025\/12\/07-1024x613.png 1024w, https:\/\/beinghd.com\/wp-content\/uploads\/2025\/12\/07-768x459.png 768w, https:\/\/beinghd.com\/wp-content\/uploads\/2025\/12\/07-18x12.png 18w, https:\/\/beinghd.com\/wp-content\/uploads\/2025\/12\/07-600x359.png 600w, https:\/\/beinghd.com\/wp-content\/uploads\/2025\/12\/07-1200x718.png 1200w\" sizes=\"(max-width: 1262px) 100vw, 1262px\" \/><\/strong><\/p>\n<p><strong>Introducci\u00f3n<\/strong><\/p>\n<p>This is a modular matrix switcher, with 4 input slots and 4 output slots, so it can support maximum 16 inputs and 16 outputs. It can support variety of interfaces including DVI, HDMI, HD Base T, Fiber Optic, 3G-SDI. The single channel signal switching speed can reach 12.5Gbps, and the main board is using four core four links processing technology, the switching ability speed can reach 32Gbps. With uncompressed transmission technology for the digital signal to make sure the image high fidelity output. Unique signal links shielding designing technology to make sure the signal completeness, the internal data switch has strong capacity of resisting disturbance, long continuous and stable working ability. Supports 7*24 continuously working and with dual LAN and RS232 backup control, it\u2019s convenient for users to control via PC, iPad, APP and the 3<sup>rd<\/sup> party control by RS232 control commands.<\/p>\n<p>These matrix switchers have been widely used in the conferencing applications, radio &amp; television studios, multimedia conferencing hall, large screen display projects, command and control centers.<\/p>\n<p><strong>Caracter\u00edsticas<\/strong><\/p>\n<ul>\n<li><a id=\"post-12040-OLE_LINK4\"><\/a> Modular chassis, with 4 input slots and 4 output slots<\/li>\n<li>4-port input and output card<\/li>\n<li>Supports 1080P, 4K30 in 4K60 cards<\/li>\n<li>Supports DVI-I\/ HDMI\/ 3GSDI\/ HD Base T\/ Fiber<\/li>\n<li>Admite videowall y conmutaci\u00f3n sin fisuras con las tarjetas 1080P y 4K60<\/li>\n<li>Support 3.5mm audio embedder and de-embedder function<\/li>\n<li>Admite la funci\u00f3n de escala ascendente\/descendente mediante el interruptor DIP<\/li>\n<li>Support dual LAN and RS232 ports for redundancy<\/li>\n<li>Botones frontales con luces de fondo, m\u00e1s f\u00e1ciles de manejar en cualquier momento<\/li>\n<li>Support auto saving protection and auto recovery function while power cut off.<\/li>\n<\/ul>\n<p><strong>Especificaci\u00f3n<\/strong><\/p>\n<table>\n<tbody>\n<tr>\n<td><strong>Modelo<\/strong><\/td>\n<td><strong>FM-1600<\/strong><\/td>\n<\/tr>\n<tr>\n<td><strong>Descripci\u00f3n<\/strong><\/td>\n<td>16&#215;16\u00a0modular\u00a0matrix\u00a0switcher<\/td>\n<\/tr>\n<tr>\n<td><strong>Entrada<\/strong><\/td>\n<td>4-port\u00a0input,\u00a0including\u00a0DVI\/HDMI\/VGA\/CVBS\/YPbPr\/SDI\/\u00a0HDBaseT\/Fiber<\/td>\n<\/tr>\n<tr>\n<td><strong>Salida<\/strong><\/td>\n<td>4-port\u00a0output,\u00a0including\u00a0DVI\/HDMI\/VGA\/CVBS\/YPbPr\/SDI\/\u00a0HDBaseT\/Fiber<\/td>\n<\/tr>\n<tr>\n<td><strong>Protocolo est\u00e1ndar<\/strong><\/td>\n<td>Supports HDMI1.4 , HDCP1.4, HDMI2.0. HDCP2.2<\/td>\n<\/tr>\n<tr>\n<td><strong>Espacio de color<\/strong><\/td>\n<td>Support\u00a0RGB 4:4:4,\u00a0YUV 4:4:4,\u00a0YUV 4:2:2<\/td>\n<\/tr>\n<tr>\n<td><strong>Resoluci\u00f3n<\/strong><\/td>\n<td>640\u00d7480-3840\u00d72160@60Hz(VESA ), 480i-4K@60Hz(HDTV )<\/td>\n<\/tr>\n<tr>\n<td><strong>Controlar<\/strong><\/td>\n<td>Aplicaciones iOS\/Android, GUI WEB, RS232 y botones frontales con luz de fondo<\/td>\n<\/tr>\n<tr>\n<td><strong>Potencia<\/strong><\/td>\n<td>CA: 110V-260V 50\/60Hz<\/td>\n<\/tr>\n<tr>\n<td><strong>Consumo<\/strong><\/td>\n<td>17W (No\u00a0Cards)<\/td>\n<\/tr>\n<tr>\n<td><strong>Dimensi\u00f3n<\/strong><\/td>\n<td>3U, 482(W)*383.2(D)*133.4(H)(mm), Packing size: 560(W)*510(D)*250(H)(mm)<\/td>\n<\/tr>\n<tr>\n<td><strong>Peso<\/strong><\/td>\n<td>13kg\/ 28.66lbs (Sin Tarjetas)<\/td>\n<\/tr>\n<tr>\n<td><strong>Temperatura de trabajo<\/strong><\/td>\n<td>0\u2103 ~50\u2103<\/td>\n<\/tr>\n<tr>\n<td><strong>Temperatura de almacenamiento<\/strong><\/td>\n<td>-20\u2103 ~55\u2103<\/td>\n<\/tr>\n<\/tbody>\n<\/table>\n<p><img decoding=\"async\" width=\"987\" height=\"806\" class=\"wp-image-12053\" src=\"https:\/\/www.beinghd.com\/wp-content\/uploads\/2025\/12\/word-image-12040-2.png\" srcset=\"https:\/\/beinghd.com\/wp-content\/uploads\/2025\/12\/word-image-12040-2.png 987w, https:\/\/beinghd.com\/wp-content\/uploads\/2025\/12\/word-image-12040-2-300x245.png 300w, https:\/\/beinghd.com\/wp-content\/uploads\/2025\/12\/word-image-12040-2-768x627.png 768w, https:\/\/beinghd.com\/wp-content\/uploads\/2025\/12\/word-image-12040-2-15x12.png 15w, https:\/\/beinghd.com\/wp-content\/uploads\/2025\/12\/word-image-12040-2-600x490.png 600w\" sizes=\"(max-width: 987px) 100vw, 987px\" \/> <img decoding=\"async\" width=\"995\" height=\"1308\" class=\"wp-image-12054\" src=\"https:\/\/www.beinghd.com\/wp-content\/uploads\/2025\/12\/word-image-12040-3.png\" srcset=\"https:\/\/beinghd.com\/wp-content\/uploads\/2025\/12\/word-image-12040-3.png 995w, https:\/\/beinghd.com\/wp-content\/uploads\/2025\/12\/word-image-12040-3-228x300.png 228w, https:\/\/beinghd.com\/wp-content\/uploads\/2025\/12\/word-image-12040-3-779x1024.png 779w, https:\/\/beinghd.com\/wp-content\/uploads\/2025\/12\/word-image-12040-3-768x1010.png 768w, https:\/\/beinghd.com\/wp-content\/uploads\/2025\/12\/word-image-12040-3-9x12.png 9w, https:\/\/beinghd.com\/wp-content\/uploads\/2025\/12\/word-image-12040-3-600x789.png 600w\" sizes=\"(max-width: 995px) 100vw, 995px\" \/><strong>Tarjeta de entrada y salida<\/strong><\/p>\n<p><strong>Matrix Size Drawing(482*133.4*383.2)mm(W*H*D)<\/strong><\/p>\n<p><img loading=\"lazy\" decoding=\"async\" width=\"1008\" height=\"832\" class=\"wp-image-12055\" src=\"https:\/\/www.beinghd.com\/wp-content\/uploads\/2025\/12\/word-image-12040-4.png\" srcset=\"https:\/\/beinghd.com\/wp-content\/uploads\/2025\/12\/word-image-12040-4.png 1008w, https:\/\/beinghd.com\/wp-content\/uploads\/2025\/12\/word-image-12040-4-300x248.png 300w, https:\/\/beinghd.com\/wp-content\/uploads\/2025\/12\/word-image-12040-4-768x634.png 768w, https:\/\/beinghd.com\/wp-content\/uploads\/2025\/12\/word-image-12040-4-15x12.png 15w, https:\/\/beinghd.com\/wp-content\/uploads\/2025\/12\/word-image-12040-4-600x495.png 600w\" sizes=\"(max-width: 1008px) 100vw, 1008px\" \/><\/p>\n<p><a id=\"post-12040-OLE_LINK1\"><\/a><strong>Esquema de conexi\u00f3n<\/strong><\/p>\n<p><img loading=\"lazy\" decoding=\"async\" width=\"1326\" height=\"746\" class=\"wp-image-12056\" src=\"https:\/\/www.beinghd.com\/wp-content\/uploads\/2025\/12\/connection.jpeg\" alt=\"connection\" srcset=\"https:\/\/beinghd.com\/wp-content\/uploads\/2025\/12\/connection.jpeg 1326w, https:\/\/beinghd.com\/wp-content\/uploads\/2025\/12\/connection-300x169.jpeg 300w, https:\/\/beinghd.com\/wp-content\/uploads\/2025\/12\/connection-1024x576.jpeg 1024w, https:\/\/beinghd.com\/wp-content\/uploads\/2025\/12\/connection-768x432.jpeg 768w, https:\/\/beinghd.com\/wp-content\/uploads\/2025\/12\/connection-18x10.jpeg 18w, https:\/\/beinghd.com\/wp-content\/uploads\/2025\/12\/connection-600x338.jpeg 600w, https:\/\/beinghd.com\/wp-content\/uploads\/2025\/12\/connection-1200x675.jpeg 1200w\" sizes=\"(max-width: 1326px) 100vw, 1326px\" \/><\/p>","protected":false},"excerpt":{"rendered":"<ul>\n<li>Modular chassis, with 4input slots and 4\u00a0output slots<\/li>\n<li>4-port input and output card<\/li>\n<li>Supports 1080P, 4K30 in 4K60cards<\/li>\n<li>Supports DVI-I\/ HDMI\/ 3GSDI\/ HDBase T\/ Fiber<\/li>\n<li>Admite videowall y conmutaci\u00f3n sin fisuras con las tarjetas 1080P y 4K60<\/li>\n<li>Support 3.5mm audio embedderand de-embedder\u00a0function<\/li>\n<li>Admite la funci\u00f3n de escala ascendente\/descendente mediante el interruptor DIP<\/li>\n<li>Support dual LAN and RS232 ports for redundancy<\/li>\n<li>Botones frontales con luces de fondo, m\u00e1s f\u00e1ciles de manejar en cualquier momento<\/li>\n<li>Apoya la protecci\u00f3n de ahorro autom\u00e1tico y la funci\u00f3n de recuperaci\u00f3n autom\u00e1tica mientras se corta la energ\u00eda<\/li>\n<\/ul>","protected":false},"featured_media":12940,"comment_status":"open","ping_status":"closed","template":"","meta":{"site-sidebar-layout":"default","site-content-layout":"","ast-site-content-layout":"default","site-content-style":"default","site-sidebar-style":"default","ast-global-header-display":"","ast-banner-title-visibility":"","ast-main-header-display":"","ast-hfb-above-header-display":"","ast-hfb-below-header-display":"","ast-hfb-mobile-header-display":"","site-post-title":"","ast-breadcrumbs-content":"","ast-featured-img":"","footer-sml-layout":"","theme-transparent-header-meta":"default","adv-header-id-meta":"","stick-header-meta":"default","header-above-stick-meta":"","header-main-stick-meta":"","header-below-stick-meta":"","astra-migrate-meta-layouts":"set","ast-page-background-enabled":"default","ast-page-background-meta":{"desktop":{"background-color":"","background-image":"","background-repeat":"repeat","background-position":"center center","background-size":"auto","background-attachment":"scroll","background-type":"","background-media":"","overlay-type":"","overlay-color":"","overlay-opacity":"","overlay-gradient":""},"tablet":{"background-color":"","background-image":"","background-repeat":"repeat","background-position":"center center","background-size":"auto","background-attachment":"scroll","background-type":"","background-media":"","overlay-type":"","overlay-color":"","overlay-opacity":"","overlay-gradient":""},"mobile":{"background-color":"","background-image":"","background-repeat":"repeat","background-position":"center center","background-size":"auto","background-attachment":"scroll","background-type":"","background-media":"","overlay-type":"","overlay-color":"","overlay-opacity":"","overlay-gradient":""}},"ast-content-background-meta":{"desktop":{"background-color":"var(--ast-global-color-5)","background-image":"","background-repeat":"repeat","background-position":"center center","background-size":"auto","background-attachment":"scroll","background-type":"","background-media":"","overlay-type":"","overlay-color":"","overlay-opacity":"","overlay-gradient":""},"tablet":{"background-color":"var(--ast-global-color-5)","background-image":"","background-repeat":"repeat","background-position":"center center","background-size":"auto","background-attachment":"scroll","background-type":"","background-media":"","overlay-type":"","overlay-color":"","overlay-opacity":"","overlay-gradient":""},"mobile":{"background-color":"var(--ast-global-color-5)","background-image":"","background-repeat":"repeat","background-position":"center center","background-size":"auto","background-attachment":"scroll","background-type":"","background-media":"","overlay-type":"","overlay-color":"","overlay-opacity":"","overlay-gradient":""}}},"product_brand":[],"product_cat":[15,135,149],"product_tag":[],"class_list":{"0":"post-12040","1":"product","2":"type-product","3":"status-publish","4":"has-post-thumbnail","6":"product_cat-product","7":"product_cat-modular-matrix-switcher","8":"product_cat-fm-series","9":"desktop-align-left","10":"tablet-align-left","11":"mobile-align-left","12":"ast-product-gallery-layout-horizontal-slider","13":"ast-product-tabs-layout-horizontal","15":"first","16":"instock","17":"shipping-taxable","18":"product-type-simple"},"_links":{"self":[{"href":"https:\/\/beinghd.com\/es\/wp-json\/wp\/v2\/product\/12040","targetHints":{"allow":["GET"]}}],"collection":[{"href":"https:\/\/beinghd.com\/es\/wp-json\/wp\/v2\/product"}],"about":[{"href":"https:\/\/beinghd.com\/es\/wp-json\/wp\/v2\/types\/product"}],"replies":[{"embeddable":true,"href":"https:\/\/beinghd.com\/es\/wp-json\/wp\/v2\/comments?post=12040"}],"version-history":[{"count":0,"href":"https:\/\/beinghd.com\/es\/wp-json\/wp\/v2\/product\/12040\/revisions"}],"wp:featuredmedia":[{"embeddable":true,"href":"https:\/\/beinghd.com\/es\/wp-json\/wp\/v2\/media\/12940"}],"wp:attachment":[{"href":"https:\/\/beinghd.com\/es\/wp-json\/wp\/v2\/media?parent=12040"}],"wp:term":[{"taxonomy":"product_brand","embeddable":true,"href":"https:\/\/beinghd.com\/es\/wp-json\/wp\/v2\/product_brand?post=12040"},{"taxonomy":"product_cat","embeddable":true,"href":"https:\/\/beinghd.com\/es\/wp-json\/wp\/v2\/product_cat?post=12040"},{"taxonomy":"product_tag","embeddable":true,"href":"https:\/\/beinghd.com\/es\/wp-json\/wp\/v2\/product_tag?post=12040"}],"curies":[{"name":"wp","href":"https:\/\/api.w.org\/{rel}","templated":true}]}}