{"id":12756,"date":"2026-01-05T03:36:26","date_gmt":"2026-01-05T02:36:26","guid":{"rendered":"https:\/\/beinghd.com\/?post_type=product&#038;p=12756"},"modified":"2026-01-05T03:40:11","modified_gmt":"2026-01-05T02:40:11","slug":"em-8x8-modular-matrix-switcher-with-ipad-app-control","status":"publish","type":"product","link":"https:\/\/beinghd.com\/es\/producto\/em-8x8-modular-matrix-switcher-with-ipad-app-control\/","title":{"rendered":"Matriz de conmutaci\u00f3n modular EM 8\u00d78 con control mediante APP para iPad"},"content":{"rendered":"<p><img fetchpriority=\"high\" decoding=\"async\" width=\"1266\" height=\"471\" class=\"wp-image-12765\" src=\"https:\/\/www.beinghd.com\/wp-content\/uploads\/2026\/01\/7a2b6560352be19924db15344c2e0db.png\" alt=\"7a2b6560352be19924db15344c2e0db\" srcset=\"https:\/\/beinghd.com\/wp-content\/uploads\/2026\/01\/7a2b6560352be19924db15344c2e0db.png 1266w, https:\/\/beinghd.com\/wp-content\/uploads\/2026\/01\/7a2b6560352be19924db15344c2e0db-300x112.png 300w, https:\/\/beinghd.com\/wp-content\/uploads\/2026\/01\/7a2b6560352be19924db15344c2e0db-1024x381.png 1024w, https:\/\/beinghd.com\/wp-content\/uploads\/2026\/01\/7a2b6560352be19924db15344c2e0db-768x286.png 768w, https:\/\/beinghd.com\/wp-content\/uploads\/2026\/01\/7a2b6560352be19924db15344c2e0db-18x7.png 18w, https:\/\/beinghd.com\/wp-content\/uploads\/2026\/01\/7a2b6560352be19924db15344c2e0db-600x223.png 600w, https:\/\/beinghd.com\/wp-content\/uploads\/2026\/01\/7a2b6560352be19924db15344c2e0db-1200x446.png 1200w\" sizes=\"(max-width: 1266px) 100vw, 1266px\" \/><\/p>\n<p><strong>Introducci\u00f3n<\/strong><\/p>\n<p>This is a modular matrix switcher, with 2 input slots and 2 output slots, so it can support maximum 8 inputs and 8 outputs as it\u2019s using the 1-card 4-port cards, the signals are including the DVI, HDMI, HDBasT, Fiber Optic, 3G-SDI. Users are able to have mixed signals inputs and mixed signals outputs.<\/p>\n<p>La velocidad de conmutaci\u00f3n de la se\u00f1al de un solo canal puede alcanzar los 12,5 Gbps, y la placa base utiliza tecnolog\u00eda de procesamiento de cuatro n\u00facleos y cuatro enlaces, por lo que la velocidad de conmutaci\u00f3n puede alcanzar los 32 Gbps. La tecnolog\u00eda de transmisi\u00f3n sin compresi\u00f3n de la se\u00f1al digital garantiza una salida de imagen de alta fidelidad. Tecnolog\u00eda \u00fanica de dise\u00f1o de blindaje de enlaces de se\u00f1al para garantizar la integridad de la se\u00f1al, el conmutador de datos interno tiene una gran capacidad de resistencia a las perturbaciones y una larga capacidad de trabajo continuo y estable. Soporta 7 * 24 de trabajo continuo y con doble LAN y RS232 de control de copia de seguridad, es conveniente para los usuarios controlar a trav\u00e9s de PC, iPad, APP y la 3<sup>rd<\/sup> control centralizado de los partidos mediante los comandos de control RS232.<\/p>\n<p>Con el control dual RS232 y LAN, los usuarios tambi\u00e9n pueden configurar y controlar f\u00e1cilmente los equipos circundantes, como el proyector, la cortina el\u00e9ctrica y los televisores.<\/p>\n<p>Estos conmutadores matriciales se han utilizado ampliamente en conferencias, proyectos de radio y televisi\u00f3n, salas de conferencias multimedia, proyectos de visualizaci\u00f3n en pantalla grande, ense\u00f1anza de televisi\u00f3n, centros de control de mando, etc.<\/p>\n<p><strong>Caracter\u00edsticas<\/strong><\/p>\n<ul>\n<li><a id=\"post-12756-OLE_LINK4\"><\/a> Modular designing chassis, with 2 input slots and 2 output slots<\/li>\n<li>Tarjeta de entrada y salida de 4 puertos de 1 tarjeta<\/li>\n<li>Admite tarjetas 1080P, 4K30 y 4K60 para selecciones<\/li>\n<li>Admite DVI-I\/ HDMI\/ 3GSDI\/ HDBaseT\/ Fibra para mezclar entrada y salida<\/li>\n<li>Admite videowall y conmutaci\u00f3n sin fisuras con las tarjetas 1080P y 4K60<\/li>\n<li>Admite la funci\u00f3n de incrustaci\u00f3n y desincrustaci\u00f3n de audio de 3,5 mm<\/li>\n<li>Admite la funci\u00f3n de escala ascendente\/descendente mediante el interruptor DIP<\/li>\n<li>Admite dos puertos LAN y RS232 para control de reserva<\/li>\n<li>Botones frontales con luces de fondo, m\u00e1s f\u00e1ciles de manejar en cualquier momento<\/li>\n<li>Apoya la protecci\u00f3n de ahorro autom\u00e1tico y la funci\u00f3n de recuperaci\u00f3n autom\u00e1tica mientras se corta la energ\u00eda<\/li>\n<\/ul>\n<p><strong>Especificaci\u00f3n<\/strong><\/p>\n<table>\n<tbody>\n<tr>\n<td><strong>Modelo<\/strong><\/td>\n<td><strong>FM-800<\/strong><\/td>\n<\/tr>\n<tr>\n<td><strong>Descripci\u00f3n<\/strong><\/td>\n<td>Conmutador matricial modular 8\u00d78<\/td>\n<\/tr>\n<tr>\n<td><strong>Entrada<\/strong><\/td>\n<td>1 tarjeta de entrada de 4 puertos, incluidos DVI\/HDMI\/VGA\/CVBS\/YPbPr\/SDI\/ HDBaseT\/Fibra<\/td>\n<\/tr>\n<tr>\n<td><strong>Salida<\/strong><\/td>\n<td>Soporta salida DVI\/HDMI\/VGA\/CVBS\/YPbPr\/SDI\/HDBaseT\/Fiber Otpic<\/td>\n<\/tr>\n<tr>\n<td><strong>Protocolo est\u00e1ndar<\/strong><\/td>\n<td>Compatible con HDMI1.4, HDCP1.4, HDMI2.0.HDCP2.2<\/td>\n<\/tr>\n<tr>\n<td><strong>Espacio de color<\/strong><\/td>\n<td>Soporta RGB444, YUV444, YUV422 , extensi\u00f3n de color est\u00e1ndar x.v.C<\/td>\n<\/tr>\n<tr>\n<td><strong>Resoluci\u00f3n<\/strong><\/td>\n<td>640\u00d7480-3840\u00d72160@60Hz(VESA ), 480i-4K@60Hz(HDTV )<\/td>\n<\/tr>\n<tr>\n<td><strong>Distancia<\/strong><\/td>\n<td>HDMI\/DVI: 15m\/40ft ; HDBaseT: 70m\/220ft; Fibra: 2km\/6000ft<\/td>\n<\/tr>\n<tr>\n<td><strong>Controlar<\/strong><\/td>\n<td>Aplicaciones iOS\/Android, GUI WEB, RS232 y botones frontales con luz de fondo<\/td>\n<\/tr>\n<tr>\n<td><strong>Potencia<\/strong><\/td>\n<td>CA: 110V-260V 50\/60Hz<\/td>\n<\/tr>\n<tr>\n<td><strong>Consumo<\/strong><\/td>\n<td>15 W (sin tarjetas)<\/td>\n<\/tr>\n<tr>\n<td><strong>Dimensi\u00f3n<\/strong><\/td>\n<td>2U, 482*320*89(mm)<\/td>\n<\/tr>\n<tr>\n<td><strong>Peso<\/strong><\/td>\n<td>6kg\/ 13.22lbs (Sin Tarjetas)<\/td>\n<\/tr>\n<tr>\n<td><strong>Temperatura de trabajo<\/strong><\/td>\n<td>0\u2103 ~50\u2103<\/td>\n<\/tr>\n<tr>\n<td><strong>Temperatura de almacenamiento<\/strong><\/td>\n<td>-20\u2103 ~55\u2103<\/td>\n<\/tr>\n<\/tbody>\n<\/table>\n<p><strong>Matrix Size Drawing <\/strong><\/p>\n<p><img decoding=\"async\" width=\"1134\" height=\"1108\" class=\"wp-image-12766\" src=\"https:\/\/www.beinghd.com\/wp-content\/uploads\/2026\/01\/10c1e525f2610f48a9217e9ae97161b.png\" alt=\"10c1e525f2610f48a9217e9ae97161b\" srcset=\"https:\/\/beinghd.com\/wp-content\/uploads\/2026\/01\/10c1e525f2610f48a9217e9ae97161b.png 1134w, https:\/\/beinghd.com\/wp-content\/uploads\/2026\/01\/10c1e525f2610f48a9217e9ae97161b-300x293.png 300w, https:\/\/beinghd.com\/wp-content\/uploads\/2026\/01\/10c1e525f2610f48a9217e9ae97161b-1024x1001.png 1024w, https:\/\/beinghd.com\/wp-content\/uploads\/2026\/01\/10c1e525f2610f48a9217e9ae97161b-768x750.png 768w, https:\/\/beinghd.com\/wp-content\/uploads\/2026\/01\/10c1e525f2610f48a9217e9ae97161b-12x12.png 12w, https:\/\/beinghd.com\/wp-content\/uploads\/2026\/01\/10c1e525f2610f48a9217e9ae97161b-600x586.png 600w\" sizes=\"(max-width: 1134px) 100vw, 1134px\" \/><\/p>\n<p><a id=\"post-12756-OLE_LINK1\"><\/a><strong>Esquema de conexi\u00f3n<\/strong><\/p>\n<p><img decoding=\"async\" width=\"2178\" height=\"1223\" class=\"wp-image-12767\" src=\"https:\/\/www.beinghd.com\/wp-content\/uploads\/2026\/01\/word-image-12756-3.png\" srcset=\"https:\/\/beinghd.com\/wp-content\/uploads\/2026\/01\/word-image-12756-3.png 2178w, https:\/\/beinghd.com\/wp-content\/uploads\/2026\/01\/word-image-12756-3-300x168.png 300w, https:\/\/beinghd.com\/wp-content\/uploads\/2026\/01\/word-image-12756-3-1024x575.png 1024w, https:\/\/beinghd.com\/wp-content\/uploads\/2026\/01\/word-image-12756-3-768x431.png 768w, https:\/\/beinghd.com\/wp-content\/uploads\/2026\/01\/word-image-12756-3-1536x863.png 1536w, https:\/\/beinghd.com\/wp-content\/uploads\/2026\/01\/word-image-12756-3-2048x1150.png 2048w, https:\/\/beinghd.com\/wp-content\/uploads\/2026\/01\/word-image-12756-3-18x10.png 18w, https:\/\/beinghd.com\/wp-content\/uploads\/2026\/01\/word-image-12756-3-600x337.png 600w, https:\/\/beinghd.com\/wp-content\/uploads\/2026\/01\/word-image-12756-3-1200x674.png 1200w\" sizes=\"(max-width: 2178px) 100vw, 2178px\" \/><\/p>\n<p>&nbsp;<\/p>","protected":false},"excerpt":{"rendered":"<ul>\n<li>Modular designing chassis, with 2 input slots and 2 output slots<\/li>\n<li>Tarjeta de entrada y salida de 4 puertos de 1 tarjeta<\/li>\n<li>Admite tarjetas 1080P, 4K30 y 4K60 para selecciones<\/li>\n<li>Admite DVI-I\/ HDMI\/ 3GSDI\/ HDBaseT\/ Fibra para mezclar entrada y salida<\/li>\n<li>Admite videowall y conmutaci\u00f3n sin fisuras con las tarjetas 1080P y 4K60<\/li>\n<li>Admite la funci\u00f3n de incrustaci\u00f3n y desincrustaci\u00f3n de audio de 3,5 mm<\/li>\n<li>Admite la funci\u00f3n de escala ascendente\/descendente mediante el interruptor DIP<\/li>\n<li>Admite dos puertos LAN y RS232 para control de reserva<\/li>\n<li>Botones frontales con luces de fondo, m\u00e1s f\u00e1ciles de manejar en cualquier momento<\/li>\n<li>Apoya la protecci\u00f3n de ahorro autom\u00e1tico y la funci\u00f3n de recuperaci\u00f3n autom\u00e1tica mientras se corta la energ\u00eda<\/li>\n<\/ul>","protected":false},"featured_media":12758,"comment_status":"open","ping_status":"closed","template":"","meta":{"site-sidebar-layout":"default","site-content-layout":"","ast-site-content-layout":"default","site-content-style":"default","site-sidebar-style":"default","ast-global-header-display":"","ast-banner-title-visibility":"","ast-main-header-display":"","ast-hfb-above-header-display":"","ast-hfb-below-header-display":"","ast-hfb-mobile-header-display":"","site-post-title":"","ast-breadcrumbs-content":"","ast-featured-img":"","footer-sml-layout":"","theme-transparent-header-meta":"default","adv-header-id-meta":"","stick-header-meta":"default","header-above-stick-meta":"","header-main-stick-meta":"","header-below-stick-meta":"","astra-migrate-meta-layouts":"set","ast-page-background-enabled":"default","ast-page-background-meta":{"desktop":{"background-color":"","background-image":"","background-repeat":"repeat","background-position":"center center","background-size":"auto","background-attachment":"scroll","background-type":"","background-media":"","overlay-type":"","overlay-color":"","overlay-opacity":"","overlay-gradient":""},"tablet":{"background-color":"","background-image":"","background-repeat":"repeat","background-position":"center center","background-size":"auto","background-attachment":"scroll","background-type":"","background-media":"","overlay-type":"","overlay-color":"","overlay-opacity":"","overlay-gradient":""},"mobile":{"background-color":"","background-image":"","background-repeat":"repeat","background-position":"center center","background-size":"auto","background-attachment":"scroll","background-type":"","background-media":"","overlay-type":"","overlay-color":"","overlay-opacity":"","overlay-gradient":""}},"ast-content-background-meta":{"desktop":{"background-color":"var(--ast-global-color-5)","background-image":"","background-repeat":"repeat","background-position":"center center","background-size":"auto","background-attachment":"scroll","background-type":"","background-media":"","overlay-type":"","overlay-color":"","overlay-opacity":"","overlay-gradient":""},"tablet":{"background-color":"var(--ast-global-color-5)","background-image":"","background-repeat":"repeat","background-position":"center center","background-size":"auto","background-attachment":"scroll","background-type":"","background-media":"","overlay-type":"","overlay-color":"","overlay-opacity":"","overlay-gradient":""},"mobile":{"background-color":"var(--ast-global-color-5)","background-image":"","background-repeat":"repeat","background-position":"center center","background-size":"auto","background-attachment":"scroll","background-type":"","background-media":"","overlay-type":"","overlay-color":"","overlay-opacity":"","overlay-gradient":""}}},"product_brand":[],"product_cat":[15,135,152],"product_tag":[],"class_list":{"0":"post-12756","1":"product","2":"type-product","3":"status-publish","4":"has-post-thumbnail","6":"product_cat-product","7":"product_cat-modular-matrix-switcher","8":"product_cat-em-series","9":"desktop-align-left","10":"tablet-align-left","11":"mobile-align-left","12":"ast-product-gallery-layout-horizontal-slider","13":"ast-product-tabs-layout-horizontal","15":"first","16":"instock","17":"shipping-taxable","18":"product-type-simple"},"_links":{"self":[{"href":"https:\/\/beinghd.com\/es\/wp-json\/wp\/v2\/product\/12756","targetHints":{"allow":["GET"]}}],"collection":[{"href":"https:\/\/beinghd.com\/es\/wp-json\/wp\/v2\/product"}],"about":[{"href":"https:\/\/beinghd.com\/es\/wp-json\/wp\/v2\/types\/product"}],"replies":[{"embeddable":true,"href":"https:\/\/beinghd.com\/es\/wp-json\/wp\/v2\/comments?post=12756"}],"version-history":[{"count":0,"href":"https:\/\/beinghd.com\/es\/wp-json\/wp\/v2\/product\/12756\/revisions"}],"wp:featuredmedia":[{"embeddable":true,"href":"https:\/\/beinghd.com\/es\/wp-json\/wp\/v2\/media\/12758"}],"wp:attachment":[{"href":"https:\/\/beinghd.com\/es\/wp-json\/wp\/v2\/media?parent=12756"}],"wp:term":[{"taxonomy":"product_brand","embeddable":true,"href":"https:\/\/beinghd.com\/es\/wp-json\/wp\/v2\/product_brand?post=12756"},{"taxonomy":"product_cat","embeddable":true,"href":"https:\/\/beinghd.com\/es\/wp-json\/wp\/v2\/product_cat?post=12756"},{"taxonomy":"product_tag","embeddable":true,"href":"https:\/\/beinghd.com\/es\/wp-json\/wp\/v2\/product_tag?post=12756"}],"curies":[{"name":"wp","href":"https:\/\/api.w.org\/{rel}","templated":true}]}}