{"id":12923,"date":"2026-01-06T10:31:17","date_gmt":"2026-01-06T09:31:17","guid":{"rendered":"https:\/\/beinghd.com\/?post_type=product&#038;p=12923"},"modified":"2026-01-06T10:31:18","modified_gmt":"2026-01-06T09:31:18","slug":"4k60-fixed-4x4-hdmi-matrix-switcher-with-seamless-switch-web-gui-app-control","status":"publish","type":"product","link":"https:\/\/beinghd.com\/es\/producto\/4k60-fixed-4x4-hdmi-matrix-switcher-with-seamless-switch-web-gui-app-control\/","title":{"rendered":"4K60 Fijo 4\u00d74 HDMI Matrix Switcher con interruptor sin fisuras, WEB GUI, APP de control"},"content":{"rendered":"<p><strong><img fetchpriority=\"high\" decoding=\"async\" width=\"1267\" height=\"434\" class=\"wp-image-12924\" src=\"https:\/\/www.beinghd.com\/wp-content\/uploads\/2026\/01\/07.jpeg\" alt=\"07\" srcset=\"https:\/\/beinghd.com\/wp-content\/uploads\/2026\/01\/07.jpeg 1267w, https:\/\/beinghd.com\/wp-content\/uploads\/2026\/01\/07-300x103.jpeg 300w, https:\/\/beinghd.com\/wp-content\/uploads\/2026\/01\/07-1024x351.jpeg 1024w, https:\/\/beinghd.com\/wp-content\/uploads\/2026\/01\/07-768x263.jpeg 768w, https:\/\/beinghd.com\/wp-content\/uploads\/2026\/01\/07-18x6.jpeg 18w, https:\/\/beinghd.com\/wp-content\/uploads\/2026\/01\/07-600x206.jpeg 600w, https:\/\/beinghd.com\/wp-content\/uploads\/2026\/01\/07-1200x411.jpeg 1200w\" sizes=\"(max-width: 1267px) 100vw, 1267px\" \/><\/strong><\/p>\n<ol>\n<li><a id=\"post-12923-_Toc500861420\"><\/a><strong>Product Introduction<\/strong><\/li>\n<\/ol>\n<p>This is a 4K60 seamless 4&#215;4 HDMI matrix switcher with the user-friendly WEB GUI, APP control and video wall function.<\/p>\n<p>With uncompressed transmission technology for the digital signal to make sure the image High fidelity output. Unique signal links shielding designing technology to make sure the signal completeness, the internal data switch has super strong capacity of resisting disturbance and long continuous and stable working ability. Supports 7*24 continuously working and with dual LAN and RS232 backup control, it\u2019s convenient for users to control via PC, iPad, APP and the 3<sup>rd<\/sup> control centralizado de los partidos mediante los comandos de control RS232.<\/p>\n<p>Con el control dual RS232 y LAN, los usuarios tambi\u00e9n pueden configurar y controlar f\u00e1cilmente los equipos circundantes, como el proyector, la cortina el\u00e9ctrica y los televisores.<\/p>\n<p>Estos conmutadores matriciales se han utilizado ampliamente en conferencias, proyectos de radio y televisi\u00f3n, salas de conferencias multimedia, proyectos de visualizaci\u00f3n en pantalla grande, ense\u00f1anza de televisi\u00f3n, centros de control de mando, etc.<\/p>\n<ol>\n<li><a id=\"post-12923-_Toc500861421\"><\/a><strong>Product Features<\/strong><\/li>\n<\/ol>\n<ul>\n<li>Fixed 1.5 U chassis height<\/li>\n<li>Supports 4 HDMI inputs with EDID management and 3.5mm audio embedded function<\/li>\n<li>Supports 4 HDMI outputs with 3.5mm audio de-embedded function<\/li>\n<li>The input and output resolution can up to 4K60<\/li>\n<li>Admite videowall y conmutaci\u00f3n sin fisuras con las tarjetas 1080P y 4K60<\/li>\n<li>Admite dos puertos LAN y RS232 para control de reserva<\/li>\n<li>Botones frontales con luces de fondo, m\u00e1s f\u00e1ciles de manejar en cualquier momento<\/li>\n<li>Apoya la protecci\u00f3n de ahorro autom\u00e1tico y la funci\u00f3n de recuperaci\u00f3n autom\u00e1tica mientras se corta la energ\u00eda<\/li>\n<\/ul>\n<ol>\n<li><strong>Technical Datasheet<\/strong><\/li>\n<\/ol>\n<table>\n<tbody>\n<tr>\n<td><strong>Modelo<\/strong><\/td>\n<td><strong>FIX-SVM-800P-4K60<\/strong><\/td>\n<\/tr>\n<tr>\n<td><strong>Descripci\u00f3n<\/strong><\/td>\n<td>4K60 4&#215;4 HDMI Matrix\u00a0Switcher<\/td>\n<\/tr>\n<tr>\n<td><strong>Entrada<\/strong><\/td>\n<td>4* HDMI inputs with 4* 3.5mm audio embedded ports<\/td>\n<\/tr>\n<tr>\n<td><strong>Salida<\/strong><\/td>\n<td>4* HDMI outputs with 4* 3.5mm audio de-embedded ports<\/td>\n<\/tr>\n<tr>\n<td><strong>Protocolo est\u00e1ndar<\/strong><\/td>\n<td>Supports HDMI1.4, HDCP1.4<\/td>\n<\/tr>\n<tr>\n<td><strong>Espacio de color<\/strong><\/td>\n<td>Support\u00a0RGB444,\u00a0YUV444,\u00a0YUV422<\/td>\n<\/tr>\n<tr>\n<td><strong>Resoluci\u00f3n<\/strong><\/td>\n<td>640\u00d7480-3840\u00d72160@60Hz(VESA ), 480i-4K@60Hz(HDTV )<\/td>\n<\/tr>\n<tr>\n<td><strong>Distancia<\/strong><\/td>\n<td>HDMI:\u00a015m\/40ft\u00a0for 1080P, for 4K60 up to 10m\/30ft<\/td>\n<\/tr>\n<tr>\n<td><strong>Controlar<\/strong><\/td>\n<td>Aplicaciones iOS\/Android, GUI WEB, RS232 y botones frontales con luz de fondo<\/td>\n<\/tr>\n<tr>\n<td><strong>Potencia<\/strong><\/td>\n<td>CA: 110V-260V 50\/60Hz<\/td>\n<\/tr>\n<tr>\n<td><strong>Consumo<\/strong><\/td>\n<td>8.5W~45W when fully loaded<\/td>\n<\/tr>\n<tr>\n<td><strong>Dimensi\u00f3n<\/strong><\/td>\n<td>1.5U, 484*280*67(mm), the rubber feet are 15mm, so the total height with rubber feet are 82mm<\/td>\n<\/tr>\n<tr>\n<td><strong>Peso<\/strong><\/td>\n<td>6kg\/ 13.22lbs (Sin Tarjetas)<\/td>\n<\/tr>\n<tr>\n<td><strong>Temperatura de trabajo<\/strong><\/td>\n<td>0\u2103 ~50\u2103<\/td>\n<\/tr>\n<tr>\n<td><strong>Temperatura de almacenamiento<\/strong><\/td>\n<td>-20\u2103 ~55\u2103<\/td>\n<\/tr>\n<\/tbody>\n<\/table>\n<p><img decoding=\"async\" width=\"1272\" height=\"1092\" class=\"wp-image-12925\" src=\"https:\/\/www.beinghd.com\/wp-content\/uploads\/2026\/01\/word-image-12923-2.png\" srcset=\"https:\/\/beinghd.com\/wp-content\/uploads\/2026\/01\/word-image-12923-2.png 1272w, https:\/\/beinghd.com\/wp-content\/uploads\/2026\/01\/word-image-12923-2-300x258.png 300w, https:\/\/beinghd.com\/wp-content\/uploads\/2026\/01\/word-image-12923-2-1024x879.png 1024w, https:\/\/beinghd.com\/wp-content\/uploads\/2026\/01\/word-image-12923-2-768x659.png 768w, https:\/\/beinghd.com\/wp-content\/uploads\/2026\/01\/word-image-12923-2-14x12.png 14w, https:\/\/beinghd.com\/wp-content\/uploads\/2026\/01\/word-image-12923-2-600x515.png 600w, https:\/\/beinghd.com\/wp-content\/uploads\/2026\/01\/word-image-12923-2-1200x1030.png 1200w\" sizes=\"(max-width: 1272px) 100vw, 1272px\" \/><\/p>\n<p>&nbsp;<\/p>","protected":false},"excerpt":{"rendered":"<ul>\n<li>Fixed 1.5 U chassis height<\/li>\n<li>Supports 4HDMI inputs with EDID management and 3.5mm audio embedded function<\/li>\n<li>Supports 4HDMI outputs with 3.5mm audio de-embedded function<\/li>\n<li>The input and output resolution can up to 4K60<\/li>\n<li>Admite videowall y conmutaci\u00f3n sin fisuras con las tarjetas 1080P y 4K60<\/li>\n<li>Admite dos puertos LAN y RS232 para control de reserva<\/li>\n<li>Botones frontales con luces de fondo, m\u00e1s f\u00e1ciles de manejar en cualquier momento<\/li>\n<li>Apoya la protecci\u00f3n de ahorro autom\u00e1tico y la funci\u00f3n de recuperaci\u00f3n autom\u00e1tica mientras se corta la energ\u00eda<\/li>\n<\/ul>","protected":false},"featured_media":12926,"comment_status":"open","ping_status":"closed","template":"","meta":{"site-sidebar-layout":"default","site-content-layout":"","ast-site-content-layout":"default","site-content-style":"default","site-sidebar-style":"default","ast-global-header-display":"","ast-banner-title-visibility":"","ast-main-header-display":"","ast-hfb-above-header-display":"","ast-hfb-below-header-display":"","ast-hfb-mobile-header-display":"","site-post-title":"","ast-breadcrumbs-content":"","ast-featured-img":"","footer-sml-layout":"","theme-transparent-header-meta":"default","adv-header-id-meta":"","stick-header-meta":"default","header-above-stick-meta":"","header-main-stick-meta":"","header-below-stick-meta":"","astra-migrate-meta-layouts":"set","ast-page-background-enabled":"default","ast-page-background-meta":{"desktop":{"background-color":"","background-image":"","background-repeat":"repeat","background-position":"center center","background-size":"auto","background-attachment":"scroll","background-type":"","background-media":"","overlay-type":"","overlay-color":"","overlay-opacity":"","overlay-gradient":""},"tablet":{"background-color":"","background-image":"","background-repeat":"repeat","background-position":"center center","background-size":"auto","background-attachment":"scroll","background-type":"","background-media":"","overlay-type":"","overlay-color":"","overlay-opacity":"","overlay-gradient":""},"mobile":{"background-color":"","background-image":"","background-repeat":"repeat","background-position":"center center","background-size":"auto","background-attachment":"scroll","background-type":"","background-media":"","overlay-type":"","overlay-color":"","overlay-opacity":"","overlay-gradient":""}},"ast-content-background-meta":{"desktop":{"background-color":"var(--ast-global-color-5)","background-image":"","background-repeat":"repeat","background-position":"center center","background-size":"auto","background-attachment":"scroll","background-type":"","background-media":"","overlay-type":"","overlay-color":"","overlay-opacity":"","overlay-gradient":""},"tablet":{"background-color":"var(--ast-global-color-5)","background-image":"","background-repeat":"repeat","background-position":"center center","background-size":"auto","background-attachment":"scroll","background-type":"","background-media":"","overlay-type":"","overlay-color":"","overlay-opacity":"","overlay-gradient":""},"mobile":{"background-color":"var(--ast-global-color-5)","background-image":"","background-repeat":"repeat","background-position":"center center","background-size":"auto","background-attachment":"scroll","background-type":"","background-media":"","overlay-type":"","overlay-color":"","overlay-opacity":"","overlay-gradient":""}}},"product_brand":[],"product_cat":[15,141,154],"product_tag":[],"class_list":{"0":"post-12923","1":"product","2":"type-product","3":"status-publish","4":"has-post-thumbnail","6":"product_cat-product","7":"product_cat-hdmi-matrix-switcher","8":"product_cat-4k60-hdmi-matrix-switcher","9":"desktop-align-left","10":"tablet-align-left","11":"mobile-align-left","12":"ast-product-gallery-layout-horizontal-slider","13":"ast-product-tabs-layout-horizontal","15":"first","16":"instock","17":"shipping-taxable","18":"product-type-simple"},"_links":{"self":[{"href":"https:\/\/beinghd.com\/es\/wp-json\/wp\/v2\/product\/12923","targetHints":{"allow":["GET"]}}],"collection":[{"href":"https:\/\/beinghd.com\/es\/wp-json\/wp\/v2\/product"}],"about":[{"href":"https:\/\/beinghd.com\/es\/wp-json\/wp\/v2\/types\/product"}],"replies":[{"embeddable":true,"href":"https:\/\/beinghd.com\/es\/wp-json\/wp\/v2\/comments?post=12923"}],"version-history":[{"count":0,"href":"https:\/\/beinghd.com\/es\/wp-json\/wp\/v2\/product\/12923\/revisions"}],"wp:featuredmedia":[{"embeddable":true,"href":"https:\/\/beinghd.com\/es\/wp-json\/wp\/v2\/media\/12926"}],"wp:attachment":[{"href":"https:\/\/beinghd.com\/es\/wp-json\/wp\/v2\/media?parent=12923"}],"wp:term":[{"taxonomy":"product_brand","embeddable":true,"href":"https:\/\/beinghd.com\/es\/wp-json\/wp\/v2\/product_brand?post=12923"},{"taxonomy":"product_cat","embeddable":true,"href":"https:\/\/beinghd.com\/es\/wp-json\/wp\/v2\/product_cat?post=12923"},{"taxonomy":"product_tag","embeddable":true,"href":"https:\/\/beinghd.com\/es\/wp-json\/wp\/v2\/product_tag?post=12923"}],"curies":[{"name":"wp","href":"https:\/\/api.w.org\/{rel}","templated":true}]}}