{"id":12982,"date":"2026-01-06T13:56:29","date_gmt":"2026-01-06T12:56:29","guid":{"rendered":"https:\/\/beinghd.com\/?post_type=product&#038;p=12982"},"modified":"2026-01-06T13:56:29","modified_gmt":"2026-01-06T12:56:29","slug":"4k60-fix-svm-4x4-8x8-and-16x16-hdmi-matrix-switcher-with-seamless-switch-and-tv-wall-function","status":"publish","type":"product","link":"https:\/\/beinghd.com\/es\/producto\/4k60-fix-svm-4x4-8x8-and-16x16-hdmi-matrix-switcher-with-seamless-switch-and-tv-wall-function\/","title":{"rendered":"Conmutador de matriz HDMI 4K60 FIX-SVM 4\u00d74, 8\u00d78 y 16\u00d716 con conmutaci\u00f3n sin fisuras y funci\u00f3n TV Wall"},"content":{"rendered":"<p><img fetchpriority=\"high\" decoding=\"async\" width=\"441\" height=\"127\" class=\"wp-image-12983\" src=\"https:\/\/www.beinghd.com\/wp-content\/uploads\/2026\/01\/word-image-12982-1.png\" srcset=\"https:\/\/beinghd.com\/wp-content\/uploads\/2026\/01\/word-image-12982-1.png 441w, https:\/\/beinghd.com\/wp-content\/uploads\/2026\/01\/word-image-12982-1-300x86.png 300w, https:\/\/beinghd.com\/wp-content\/uploads\/2026\/01\/word-image-12982-1-18x5.png 18w\" sizes=\"(max-width: 441px) 100vw, 441px\" \/> <img decoding=\"async\" width=\"447\" height=\"128\" class=\"wp-image-12984\" src=\"https:\/\/www.beinghd.com\/wp-content\/uploads\/2026\/01\/48765f60ae61be4dc05a41639dec000.png\" alt=\"48765f60ae61be4dc05a41639dec000\" srcset=\"https:\/\/beinghd.com\/wp-content\/uploads\/2026\/01\/48765f60ae61be4dc05a41639dec000.png 447w, https:\/\/beinghd.com\/wp-content\/uploads\/2026\/01\/48765f60ae61be4dc05a41639dec000-300x86.png 300w, https:\/\/beinghd.com\/wp-content\/uploads\/2026\/01\/48765f60ae61be4dc05a41639dec000-18x5.png 18w\" sizes=\"(max-width: 447px) 100vw, 447px\" \/> <img decoding=\"async\" width=\"308\" height=\"175\" class=\"wp-image-12985\" src=\"https:\/\/www.beinghd.com\/wp-content\/uploads\/2026\/01\/57fda9c90f94044cb286710b7488d4f.png\" alt=\"57fda9c90f94044cb286710b7488d4f\" srcset=\"https:\/\/beinghd.com\/wp-content\/uploads\/2026\/01\/57fda9c90f94044cb286710b7488d4f.png 308w, https:\/\/beinghd.com\/wp-content\/uploads\/2026\/01\/57fda9c90f94044cb286710b7488d4f-300x170.png 300w, https:\/\/beinghd.com\/wp-content\/uploads\/2026\/01\/57fda9c90f94044cb286710b7488d4f-18x10.png 18w\" sizes=\"(max-width: 308px) 100vw, 308px\" \/><\/p>\n<p><strong>Introducci\u00f3n<\/strong><\/p>\n<p>This is a new 4K60 FIX SVM series matrix switcher with the seamless switch, Video Wall function, EDID management, audio embedded&amp;de-embedded, scaling function and all ports are HDCP compliant. With the friendly user control methods by IR remote, 2-Key push buttons with background blue light, WEB GUI\/TCPIP\/RS232\/APP control, supports EDID management, this matrix switcher can work with the Blu-Ray Players, Set-Top boxes, Home Theater, and game consoles etc HDMI input sources to route to the HDMI displays, it has been widely used in different audio visual applications.<\/p>\n<p><strong>Caracter\u00edsticas<\/strong><\/p>\n<ul>\n<li>The resolution can up to 4K@60Hz inputs and outputs with scaling<\/li>\n<li>Supports seamless switching, no black\/blue screen during the sources switch<\/li>\n<li>Supports the video wall function<\/li>\n<li>Supports the 3.5mm audio embedded and de-embedded<\/li>\n<li>Supports EDID management<\/li>\n<li>Supports RS-232 and TCP\/IP Control(WEB GUI, APP), IR remote control<\/li>\n<li>Supports the push buttons control with blue lights<\/li>\n<li>Supports to rename the inputs and outputs<\/li>\n<li>Supports up to 40 scenes<\/li>\n<\/ul>\n<p><strong>Especificaci\u00f3n<\/strong><\/p>\n<table>\n<tbody>\n<tr>\n<td><strong>Modelo<\/strong><\/td>\n<td><strong>FIX-SVM-400P-4K30<\/strong><\/td>\n<td><strong>FIX-SVM-800P-4K30<\/strong><\/td>\n<td><strong>FIX-SVM-1600P-4K30<\/strong><\/td>\n<\/tr>\n<tr>\n<td><strong>Descripci\u00f3n<\/strong><\/td>\n<td>4&#215;4<\/td>\n<td>8&#215;8<\/td>\n<td>16&#215;16<\/td>\n<\/tr>\n<tr>\n<td><strong>Entrada<\/strong><\/td>\n<td>4* HDMI, 4* 3.5mm audio<\/td>\n<td>8* HDMI, 8* 3.5mm audio<\/td>\n<td>16* HDMI, 16* 3.5mm audio<\/td>\n<\/tr>\n<tr>\n<td><strong>Salida<\/strong><\/td>\n<td>4* HDMI, 4* 3.5mm audio<\/td>\n<td>8* HDMI, 8* 3.5mm audio<\/td>\n<td>16* HDMI, 16* 3.5mm audio<\/td>\n<\/tr>\n<tr>\n<td><strong>Protocolo est\u00e1ndar<\/strong><\/td>\n<td colspan=\"3\">Supports HDMI1.4, HDCP1.4<\/td>\n<\/tr>\n<tr>\n<td><strong>Espacio de color<\/strong><\/td>\n<td colspan=\"3\">Soporta RGB444, YUV444, YUV422 , extensi\u00f3n de color est\u00e1ndar x.v.C<\/td>\n<\/tr>\n<tr>\n<td><strong>Resoluci\u00f3n<\/strong><\/td>\n<td colspan=\"3\">640\u00d7480-3840\u00d72160@60Hz(VESA ), 480i-4K@60Hz(HDTV )<\/td>\n<\/tr>\n<tr>\n<td><strong>Distancia<\/strong><\/td>\n<td colspan=\"3\">HDMI\/DVI:\u00a015m\/40ft\u00a0for 1080P, for 4K30 up to 10m\/30ft<\/td>\n<\/tr>\n<tr>\n<td><strong>Controlar<\/strong><\/td>\n<td colspan=\"3\">Aplicaciones iOS\/Android, GUI WEB, RS232 y botones frontales con luz de fondo<\/td>\n<\/tr>\n<tr>\n<td><strong>Potencia<\/strong><\/td>\n<td colspan=\"3\">CA: 110V-260V 50\/60Hz<\/td>\n<\/tr>\n<tr>\n<td><strong>Consumo<\/strong><\/td>\n<td>15 W (sin tarjetas)<\/td>\n<td><\/td>\n<td><\/td>\n<\/tr>\n<tr>\n<td><strong>Dimensi\u00f3n<\/strong><\/td>\n<td colspan=\"2\">1.5U, 484*280*67(mm)<\/td>\n<td>3U, 484*280*128(mm)<\/td>\n<\/tr>\n<tr>\n<td><strong>Peso<\/strong><\/td>\n<td colspan=\"2\">4kg<\/td>\n<td>7 kg<\/td>\n<\/tr>\n<tr>\n<td><strong>Temperatura de trabajo<\/strong><\/td>\n<td colspan=\"3\">0\u2103 ~50\u2103<\/td>\n<\/tr>\n<tr>\n<td><strong>Temperatura de almacenamiento<\/strong><\/td>\n<td colspan=\"3\">-20\u2103 ~55\u2103<\/td>\n<\/tr>\n<\/tbody>\n<\/table>\n<p><a id=\"post-12982-OLE_LINK1\"><\/a><strong>Esquema de conexi\u00f3n<\/strong><\/p>\n<p><img loading=\"lazy\" decoding=\"async\" width=\"823\" height=\"465\" class=\"wp-image-12986\" src=\"https:\/\/www.beinghd.com\/wp-content\/uploads\/2026\/01\/word-image-12982-4.png\" srcset=\"https:\/\/beinghd.com\/wp-content\/uploads\/2026\/01\/word-image-12982-4.png 823w, https:\/\/beinghd.com\/wp-content\/uploads\/2026\/01\/word-image-12982-4-300x170.png 300w, https:\/\/beinghd.com\/wp-content\/uploads\/2026\/01\/word-image-12982-4-768x434.png 768w, https:\/\/beinghd.com\/wp-content\/uploads\/2026\/01\/word-image-12982-4-18x10.png 18w, https:\/\/beinghd.com\/wp-content\/uploads\/2026\/01\/word-image-12982-4-600x339.png 600w\" sizes=\"(max-width: 823px) 100vw, 823px\" \/><\/p>\n<p><strong>Dimensiones del producto (mm)<\/strong><\/p>\n<p><img loading=\"lazy\" decoding=\"async\" width=\"1272\" height=\"1092\" class=\"wp-image-12987\" src=\"https:\/\/www.beinghd.com\/wp-content\/uploads\/2026\/01\/word-image-12982-5.png\" srcset=\"https:\/\/beinghd.com\/wp-content\/uploads\/2026\/01\/word-image-12982-5.png 1272w, https:\/\/beinghd.com\/wp-content\/uploads\/2026\/01\/word-image-12982-5-300x258.png 300w, https:\/\/beinghd.com\/wp-content\/uploads\/2026\/01\/word-image-12982-5-1024x879.png 1024w, https:\/\/beinghd.com\/wp-content\/uploads\/2026\/01\/word-image-12982-5-768x659.png 768w, https:\/\/beinghd.com\/wp-content\/uploads\/2026\/01\/word-image-12982-5-14x12.png 14w, https:\/\/beinghd.com\/wp-content\/uploads\/2026\/01\/word-image-12982-5-600x515.png 600w, https:\/\/beinghd.com\/wp-content\/uploads\/2026\/01\/word-image-12982-5-1200x1030.png 1200w\" sizes=\"(max-width: 1272px) 100vw, 1272px\" \/> <img loading=\"lazy\" decoding=\"async\" width=\"1111\" height=\"1137\" class=\"wp-image-12989\" src=\"https:\/\/www.beinghd.com\/wp-content\/uploads\/2026\/01\/word-image-12982-6.png\" srcset=\"https:\/\/beinghd.com\/wp-content\/uploads\/2026\/01\/word-image-12982-6.png 1111w, https:\/\/beinghd.com\/wp-content\/uploads\/2026\/01\/word-image-12982-6-293x300.png 293w, https:\/\/beinghd.com\/wp-content\/uploads\/2026\/01\/word-image-12982-6-1001x1024.png 1001w, https:\/\/beinghd.com\/wp-content\/uploads\/2026\/01\/word-image-12982-6-768x786.png 768w, https:\/\/beinghd.com\/wp-content\/uploads\/2026\/01\/word-image-12982-6-12x12.png 12w, https:\/\/beinghd.com\/wp-content\/uploads\/2026\/01\/word-image-12982-6-600x614.png 600w\" sizes=\"(max-width: 1111px) 100vw, 1111px\" \/><\/p>\n<p>16&#215;16<\/p>\n<p>4&#215;4 and 8&#215;8<\/p>\n<p>&nbsp;<\/p>","protected":false},"excerpt":{"rendered":"<ul>\n<li>The resolution can up to 4K@60Hzinputs and outputs with scaling<\/li>\n<li>Supports seamless switching, no black\/blue screen during the sources switch<\/li>\n<li>Supports the video wall function<\/li>\n<li>Supports the 3.5mm audio embedded and de-embedded<\/li>\n<li>Supports EDID management<\/li>\n<li>Supports RS-232 and TCP\/IP Control(WEB GUI, APP), IR remote control<\/li>\n<li>Supports the push buttons control with blue lights<\/li>\n<li>Supports to rename the inputs and outputs<\/li>\n<li>Supports up to 40 scenes<\/li>\n<\/ul>","protected":false},"featured_media":12988,"comment_status":"open","ping_status":"closed","template":"","meta":{"site-sidebar-layout":"default","site-content-layout":"","ast-site-content-layout":"default","site-content-style":"default","site-sidebar-style":"default","ast-global-header-display":"","ast-banner-title-visibility":"","ast-main-header-display":"","ast-hfb-above-header-display":"","ast-hfb-below-header-display":"","ast-hfb-mobile-header-display":"","site-post-title":"","ast-breadcrumbs-content":"","ast-featured-img":"","footer-sml-layout":"","theme-transparent-header-meta":"default","adv-header-id-meta":"","stick-header-meta":"default","header-above-stick-meta":"","header-main-stick-meta":"","header-below-stick-meta":"","astra-migrate-meta-layouts":"set","ast-page-background-enabled":"default","ast-page-background-meta":{"desktop":{"background-color":"","background-image":"","background-repeat":"repeat","background-position":"center center","background-size":"auto","background-attachment":"scroll","background-type":"","background-media":"","overlay-type":"","overlay-color":"","overlay-opacity":"","overlay-gradient":""},"tablet":{"background-color":"","background-image":"","background-repeat":"repeat","background-position":"center center","background-size":"auto","background-attachment":"scroll","background-type":"","background-media":"","overlay-type":"","overlay-color":"","overlay-opacity":"","overlay-gradient":""},"mobile":{"background-color":"","background-image":"","background-repeat":"repeat","background-position":"center center","background-size":"auto","background-attachment":"scroll","background-type":"","background-media":"","overlay-type":"","overlay-color":"","overlay-opacity":"","overlay-gradient":""}},"ast-content-background-meta":{"desktop":{"background-color":"var(--ast-global-color-5)","background-image":"","background-repeat":"repeat","background-position":"center center","background-size":"auto","background-attachment":"scroll","background-type":"","background-media":"","overlay-type":"","overlay-color":"","overlay-opacity":"","overlay-gradient":""},"tablet":{"background-color":"var(--ast-global-color-5)","background-image":"","background-repeat":"repeat","background-position":"center center","background-size":"auto","background-attachment":"scroll","background-type":"","background-media":"","overlay-type":"","overlay-color":"","overlay-opacity":"","overlay-gradient":""},"mobile":{"background-color":"var(--ast-global-color-5)","background-image":"","background-repeat":"repeat","background-position":"center center","background-size":"auto","background-attachment":"scroll","background-type":"","background-media":"","overlay-type":"","overlay-color":"","overlay-opacity":"","overlay-gradient":""}}},"product_brand":[],"product_cat":[15,141,154],"product_tag":[],"class_list":{"0":"post-12982","1":"product","2":"type-product","3":"status-publish","4":"has-post-thumbnail","6":"product_cat-product","7":"product_cat-hdmi-matrix-switcher","8":"product_cat-4k60-hdmi-matrix-switcher","9":"desktop-align-left","10":"tablet-align-left","11":"mobile-align-left","12":"ast-product-gallery-layout-horizontal-slider","13":"ast-product-tabs-layout-horizontal","15":"first","16":"instock","17":"shipping-taxable","18":"product-type-simple"},"_links":{"self":[{"href":"https:\/\/beinghd.com\/es\/wp-json\/wp\/v2\/product\/12982","targetHints":{"allow":["GET"]}}],"collection":[{"href":"https:\/\/beinghd.com\/es\/wp-json\/wp\/v2\/product"}],"about":[{"href":"https:\/\/beinghd.com\/es\/wp-json\/wp\/v2\/types\/product"}],"replies":[{"embeddable":true,"href":"https:\/\/beinghd.com\/es\/wp-json\/wp\/v2\/comments?post=12982"}],"version-history":[{"count":0,"href":"https:\/\/beinghd.com\/es\/wp-json\/wp\/v2\/product\/12982\/revisions"}],"wp:featuredmedia":[{"embeddable":true,"href":"https:\/\/beinghd.com\/es\/wp-json\/wp\/v2\/media\/12988"}],"wp:attachment":[{"href":"https:\/\/beinghd.com\/es\/wp-json\/wp\/v2\/media?parent=12982"}],"wp:term":[{"taxonomy":"product_brand","embeddable":true,"href":"https:\/\/beinghd.com\/es\/wp-json\/wp\/v2\/product_brand?post=12982"},{"taxonomy":"product_cat","embeddable":true,"href":"https:\/\/beinghd.com\/es\/wp-json\/wp\/v2\/product_cat?post=12982"},{"taxonomy":"product_tag","embeddable":true,"href":"https:\/\/beinghd.com\/es\/wp-json\/wp\/v2\/product_tag?post=12982"}],"curies":[{"name":"wp","href":"https:\/\/api.w.org\/{rel}","templated":true}]}}