{"id":12063,"date":"2025-12-31T07:28:45","date_gmt":"2025-12-31T06:28:45","guid":{"rendered":"https:\/\/beinghd.com\/?post_type=product&#038;p=12063"},"modified":"2026-04-18T18:36:14","modified_gmt":"2026-04-18T22:36:14","slug":"36x36-modular-matrix-switcher-with-ipad-app-control","status":"publish","type":"product","link":"https:\/\/beinghd.com\/fr\/produit\/36x36-modular-matrix-switcher-with-ipad-app-control\/","title":{"rendered":"Matrice de commutation modulaire 36\u00d736 avec contr\u00f4le par iPad APP"},"content":{"rendered":"<p data-rm-block-id=\"block-1\"><img fetchpriority=\"high\" decoding=\"async\" class=\"aligncenter wp-image-12078\" src=\"https:\/\/www.beinghd.com\/wp-content\/uploads\/2025\/12\/word-image-12063-1.png\" alt=\"Matrice de commutation modulaire 36x36\" width=\"663\" height=\"683\" srcset=\"https:\/\/beinghd.com\/wp-content\/uploads\/2025\/12\/word-image-12063-1.png 663w, https:\/\/beinghd.com\/wp-content\/uploads\/2025\/12\/word-image-12063-1-291x300.png 291w, https:\/\/beinghd.com\/wp-content\/uploads\/2025\/12\/word-image-12063-1-12x12.png 12w, https:\/\/beinghd.com\/wp-content\/uploads\/2025\/12\/word-image-12063-1-600x618.png 600w\" sizes=\"(max-width: 663px) 100vw, 663px\" \/><\/p>\n<p data-rm-block-id=\"block-2\"><strong>Introduction<br \/>\nThe 36&#215;36 Modular Matrix Switcher (Model FM-3600) is a high-performance AV solution with a modular chassis, featuring 36 input slots and 36 output slots<br \/>\n<\/strong><\/p>\n<p data-rm-block-id=\"block-3\">This is a modular matrix switcher, with 9 input slots and 9 output slots, so it can support maximum 36 inputs and 36 outputs as it\u2019s using 1-card 4-port cards, the signals are including the DVI, HDMI, HDBasT, Fiber Optic, 3G-SDI. Users are able to have mixed signals inputs and mixed signals outputs.<\/p>\n<p data-rm-block-id=\"block-4\">La vitesse de commutation du signal d'un seul canal peut atteindre 12,5 Gbps, et la carte principale utilise la technologie de traitement \u00e0 quatre noyaux et quatre liens, la vitesse de commutation peut atteindre 32 Gbps. La technologie de transmission non compress\u00e9e du signal num\u00e9rique garantit une sortie haute fid\u00e9lit\u00e9 de l'image. La technologie unique de blindage des liaisons de signaux garantit l'int\u00e9gralit\u00e9 du signal. Le commutateur de donn\u00e9es interne a une capacit\u00e9 de r\u00e9sistance aux perturbations tr\u00e8s \u00e9lev\u00e9e et une capacit\u00e9 de fonctionnement continu et stable \u00e0 long terme. Prend en charge le fonctionnement continu 7*24 et avec un double contr\u00f4le de sauvegarde LAN et RS232, il est pratique pour les utilisateurs de contr\u00f4ler via PC, iPad, APP et les 3 autres syst\u00e8mes de contr\u00f4le.<sup>rd<\/sup> les parties contr\u00f4lent de mani\u00e8re centralis\u00e9e par les commandes de contr\u00f4le RS232.<\/p>\n<p data-rm-block-id=\"block-5\">Gr\u00e2ce \u00e0 la double commande RS232 et LAN, les utilisateurs peuvent \u00e9galement configurer et contr\u00f4ler simplement les \u00e9quipements environnants, tels que le projecteur, le rideau \u00e9lectrique et les t\u00e9l\u00e9viseurs.<\/p>\n<p data-rm-block-id=\"block-6\">Ces commutateurs matriciels sont largement utilis\u00e9s dans les conf\u00e9rences, les projets de radio et de t\u00e9l\u00e9vision, les salles de conf\u00e9rence multim\u00e9dia, les projets d'affichage sur grand \u00e9cran, l'enseignement de la t\u00e9l\u00e9vision, les centres de contr\u00f4le et autres applications.<br \/>\nThe 36&#215;36 Modular Matrix Switcher (Model FM-3600) features a modular chassis with 36 input slots and 36 output slots, supporting seamless switching and iPad APP control. Get a custom quote today!<\/p>\n<p data-rm-block-id=\"block-7\"><strong>Caract\u00e9ristiques<\/strong><\/p>\n<ul>\n<li data-rm-block-id=\"block-8\"><a id=\"post-12063-OLE_LINK4\"><\/a> Modular designing chassis, with 36 input slots and 36 output slots<\/li>\n<li data-rm-block-id=\"block-9\">1-card 4-port input and output card,36&#215;36 Modular Matrix Switcher<\/li>\n<li data-rm-block-id=\"block-10\">Supports 1080P and 4K60 for selections<\/li>\n<li data-rm-block-id=\"block-11\">Prise en charge de DVI-I\/ HDMI\/ 3GSDI\/ HDBaseT\/ Fibre pour m\u00e9langer l'entr\u00e9e et la sortie<\/li>\n<li data-rm-block-id=\"block-12\">Prise en charge du mur d'images et de la commutation transparente avec les cartes 1080P et 4K60<\/li>\n<li data-rm-block-id=\"block-13\">Prise en charge de la fonction d'int\u00e9gration et de d\u00e9simbrication de l'audio 3,5 mm<\/li>\n<li data-rm-block-id=\"block-14\">Prise en charge de la fonction de mise \u00e0 l'\u00e9chelle ascendante\/descendante via le commutateur DIP<\/li>\n<li data-rm-block-id=\"block-15\">Prise en charge de deux ports LAN et RS232 pour le contr\u00f4le de sauvegarde<\/li>\n<li data-rm-block-id=\"block-16\">Boutons frontaux avec r\u00e9tro-\u00e9clairage, plus faciles \u00e0 utiliser \u00e0 tout moment<\/li>\n<li data-rm-block-id=\"block-17\">Prise en charge de la protection par sauvegarde automatique et de la fonction de r\u00e9cup\u00e9ration automatique en cas de coupure de courant<\/li>\n<\/ul>\n<p data-rm-block-id=\"block-18\"><strong>Sp\u00e9cifications<\/strong><\/p>\n<table>\n<tbody>\n<tr>\n<td data-rm-block-id=\"block-19\"><strong>Mod\u00e8le<\/strong><\/td>\n<td data-rm-block-id=\"block-20\"><strong>FM-3600<\/strong><\/td>\n<\/tr>\n<tr>\n<td data-rm-block-id=\"block-21\"><strong>Description<\/strong><\/td>\n<td data-rm-block-id=\"block-22\">36&#215;36\u00a0modular\u00a0matrix\u00a0switcher<\/td>\n<\/tr>\n<tr>\n<td data-rm-block-id=\"block-23\"><strong>Entr\u00e9e<\/strong><\/td>\n<td data-rm-block-id=\"block-24\">1 carte \u00e0 4 ports d'entr\u00e9e, y compris DVI\/HDMI\/VGA\/CVBS\/YPbPr\/SDI\/ HDBaseT\/Fibre<\/td>\n<\/tr>\n<tr>\n<td data-rm-block-id=\"block-25\"><strong>Sortie<\/strong><\/td>\n<td data-rm-block-id=\"block-26\">1-card\u00a04-port\u00a0output,\u00a0including\u00a0DVI\/HDMI\/VGA\/CVBS\/YPbPr\/SDI\/\u00a0HDBaseT\/Fiber<\/td>\n<\/tr>\n<tr>\n<td data-rm-block-id=\"block-27\"><strong>Norme de protocole<\/strong><\/td>\n<td data-rm-block-id=\"block-28\">Supporte HDMI1.4, HDCP1.4, HDMI2.0.HDCP2.2<\/td>\n<\/tr>\n<tr>\n<td data-rm-block-id=\"block-29\"><strong>Espace couleur<\/strong><\/td>\n<td data-rm-block-id=\"block-30\">Prise en charge de l'extension des couleurs RGB444, YUV444, YUV422, x.v.C standard<\/td>\n<\/tr>\n<tr>\n<td data-rm-block-id=\"block-31\"><strong>R\u00e9solution<\/strong><\/td>\n<td data-rm-block-id=\"block-32\">640\u00d7480-3840\u00d72160@60Hz(VESA ), 480i-4K@60Hz(HDTV )<\/td>\n<\/tr>\n<tr>\n<td data-rm-block-id=\"block-33\"><strong>Distance<\/strong><\/td>\n<td data-rm-block-id=\"block-34\">HDMI\/DVI : 15m\/40ft ; HDBaseT : 70m\/220ft ; Fibre : 2km\/6000ft<\/td>\n<\/tr>\n<tr>\n<td data-rm-block-id=\"block-35\"><strong>Contr\u00f4le<\/strong><\/td>\n<td data-rm-block-id=\"block-36\">Apps iOS\/Android, GUI WEB, RS232 &amp; Boutons frontaux avec lumi\u00e8re d'arri\u00e8re-plan<\/td>\n<\/tr>\n<tr>\n<td data-rm-block-id=\"block-37\"><strong>Puissance<\/strong><\/td>\n<td data-rm-block-id=\"block-38\">AC : 110V-260V 50\/60Hz<\/td>\n<\/tr>\n<tr>\n<td data-rm-block-id=\"block-39\"><strong>Consommation<\/strong><\/td>\n<td data-rm-block-id=\"block-40\">17W(No\u00a0Cards)<\/td>\n<\/tr>\n<tr>\n<td data-rm-block-id=\"block-41\"><strong>Dimension<\/strong><\/td>\n<td data-rm-block-id=\"block-42\">6U, 482*405*267(mm)\/ 18.97*15.35*10.5(inch); Packing size: 56*51*25(cm)<\/td>\n<\/tr>\n<tr>\n<td data-rm-block-id=\"block-43\"><strong>Poids<\/strong><\/td>\n<td data-rm-block-id=\"block-44\">13kg\/ 28.66lbs (sans cartes)<\/td>\n<\/tr>\n<tr>\n<td data-rm-block-id=\"block-45\"><strong>Temp\u00e9rature de travail<\/strong><\/td>\n<td data-rm-block-id=\"block-46\">0\u2103 ~50\u2103<\/td>\n<\/tr>\n<tr>\n<td data-rm-block-id=\"block-47\"><strong>Temp\u00e9rature de stockage<\/strong><\/td>\n<td data-rm-block-id=\"block-48\">-20\u2103 ~55\u2103<\/td>\n<\/tr>\n<\/tbody>\n<\/table>\n<p data-rm-block-id=\"block-49\"><strong>Carte d'entr\u00e9e et de sortie<\/strong><\/p>\n<p data-rm-block-id=\"block-50\"><img decoding=\"async\" width=\"613\" height=\"322\" class=\"wp-image-12079\" src=\"https:\/\/www.beinghd.com\/wp-content\/uploads\/2025\/12\/word-image-12063-2.png\" srcset=\"https:\/\/beinghd.com\/wp-content\/uploads\/2025\/12\/word-image-12063-2.png 613w, https:\/\/beinghd.com\/wp-content\/uploads\/2025\/12\/word-image-12063-2-300x158.png 300w, https:\/\/beinghd.com\/wp-content\/uploads\/2025\/12\/word-image-12063-2-18x9.png 18w, https:\/\/beinghd.com\/wp-content\/uploads\/2025\/12\/word-image-12063-2-600x315.png 600w\" sizes=\"(max-width: 613px) 100vw, 613px\" \/> <img decoding=\"async\" width=\"578\" height=\"324\" class=\"wp-image-12080\" src=\"https:\/\/www.beinghd.com\/wp-content\/uploads\/2025\/12\/word-image-12063-3.png\" srcset=\"https:\/\/beinghd.com\/wp-content\/uploads\/2025\/12\/word-image-12063-3.png 578w, https:\/\/beinghd.com\/wp-content\/uploads\/2025\/12\/word-image-12063-3-300x168.png 300w, https:\/\/beinghd.com\/wp-content\/uploads\/2025\/12\/word-image-12063-3-18x10.png 18w\" sizes=\"(max-width: 578px) 100vw, 578px\" \/><\/p>\n<p data-rm-block-id=\"block-51\"><strong>Matrix Size Drawing(482*282*385)mm(L*H*D)<\/strong><\/p>\n<p data-rm-block-id=\"block-52\"><img loading=\"lazy\" decoding=\"async\" width=\"1211\" height=\"836\" class=\"wp-image-12081\" src=\"https:\/\/www.beinghd.com\/wp-content\/uploads\/2025\/12\/word-image-12063-4.png\" srcset=\"https:\/\/beinghd.com\/wp-content\/uploads\/2025\/12\/word-image-12063-4.png 1211w, https:\/\/beinghd.com\/wp-content\/uploads\/2025\/12\/word-image-12063-4-300x207.png 300w, https:\/\/beinghd.com\/wp-content\/uploads\/2025\/12\/word-image-12063-4-1024x707.png 1024w, https:\/\/beinghd.com\/wp-content\/uploads\/2025\/12\/word-image-12063-4-768x530.png 768w, https:\/\/beinghd.com\/wp-content\/uploads\/2025\/12\/word-image-12063-4-18x12.png 18w, https:\/\/beinghd.com\/wp-content\/uploads\/2025\/12\/word-image-12063-4-600x414.png 600w, https:\/\/beinghd.com\/wp-content\/uploads\/2025\/12\/word-image-12063-4-1200x828.png 1200w\" sizes=\"(max-width: 1211px) 100vw, 1211px\" \/><\/p>\n<p data-rm-block-id=\"block-53\"><a id=\"post-12063-OLE_LINK1\"><\/a><strong>Sch\u00e9ma de connexion<\/strong><\/p>\n<p data-rm-block-id=\"block-54\"><img loading=\"lazy\" decoding=\"async\" width=\"1851\" height=\"1036\" class=\"wp-image-12082\" src=\"https:\/\/www.beinghd.com\/wp-content\/uploads\/2025\/12\/word-image-12063-5.png\" srcset=\"https:\/\/beinghd.com\/wp-content\/uploads\/2025\/12\/word-image-12063-5.png 1851w, https:\/\/beinghd.com\/wp-content\/uploads\/2025\/12\/word-image-12063-5-300x168.png 300w, https:\/\/beinghd.com\/wp-content\/uploads\/2025\/12\/word-image-12063-5-1024x573.png 1024w, https:\/\/beinghd.com\/wp-content\/uploads\/2025\/12\/word-image-12063-5-768x430.png 768w, https:\/\/beinghd.com\/wp-content\/uploads\/2025\/12\/word-image-12063-5-1536x860.png 1536w, https:\/\/beinghd.com\/wp-content\/uploads\/2025\/12\/word-image-12063-5-18x10.png 18w, https:\/\/beinghd.com\/wp-content\/uploads\/2025\/12\/word-image-12063-5-600x336.png 600w, https:\/\/beinghd.com\/wp-content\/uploads\/2025\/12\/word-image-12063-5-1200x672.png 1200w\" sizes=\"(max-width: 1851px) 100vw, 1851px\" \/><\/p>","protected":false},"excerpt":{"rendered":"<ul>\n<li>Model:\u00a0 FM-3600<\/li>\n<li>Modular designing chassis, with 36 input slots and 36 output slots<\/li>\n<li>Carte d'entr\u00e9e et de sortie \u00e0 4 ports (1 carte)<\/li>\n<li>Supports 1080P and 4K60 for selections<\/li>\n<li>Prise en charge de DVI-I\/ HDMI\/ 3GSDI\/ HDBaseT\/ Fibre pour m\u00e9langer l'entr\u00e9e et la sortie<\/li>\n<li>Prise en charge du mur d'images et de la commutation transparente avec les cartes 1080P et 4K60<\/li>\n<li>Prise en charge de la fonction d'int\u00e9gration et de d\u00e9simbrication de l'audio 3,5 mm<\/li>\n<li>Prise en charge de la fonction de mise \u00e0 l'\u00e9chelle ascendante\/descendante via le commutateur DIP<\/li>\n<li>Prise en charge de deux ports LAN et RS232 pour le contr\u00f4le de sauvegarde<\/li>\n<li>Boutons frontaux avec r\u00e9tro-\u00e9clairage, plus faciles \u00e0 utiliser \u00e0 tout moment<\/li>\n<li>Prise en charge de la protection par sauvegarde automatique et de la fonction de r\u00e9cup\u00e9ration automatique en cas de coupure de courant<\/li>\n<\/ul>","protected":false},"featured_media":13691,"comment_status":"open","ping_status":"closed","template":"","meta":{"site-sidebar-layout":"default","site-content-layout":"","ast-site-content-layout":"default","site-content-style":"default","site-sidebar-style":"default","ast-global-header-display":"","ast-banner-title-visibility":"","ast-main-header-display":"","ast-hfb-above-header-display":"","ast-hfb-below-header-display":"","ast-hfb-mobile-header-display":"","site-post-title":"","ast-breadcrumbs-content":"","ast-featured-img":"","footer-sml-layout":"","theme-transparent-header-meta":"default","adv-header-id-meta":"","stick-header-meta":"default","header-above-stick-meta":"","header-main-stick-meta":"","header-below-stick-meta":"","astra-migrate-meta-layouts":"set","ast-page-background-enabled":"default","ast-page-background-meta":{"desktop":{"background-color":"","background-image":"","background-repeat":"repeat","background-position":"center center","background-size":"auto","background-attachment":"scroll","background-type":"","background-media":"","overlay-type":"","overlay-color":"","overlay-opacity":"","overlay-gradient":""},"tablet":{"background-color":"","background-image":"","background-repeat":"repeat","background-position":"center center","background-size":"auto","background-attachment":"scroll","background-type":"","background-media":"","overlay-type":"","overlay-color":"","overlay-opacity":"","overlay-gradient":""},"mobile":{"background-color":"","background-image":"","background-repeat":"repeat","background-position":"center center","background-size":"auto","background-attachment":"scroll","background-type":"","background-media":"","overlay-type":"","overlay-color":"","overlay-opacity":"","overlay-gradient":""}},"ast-content-background-meta":{"desktop":{"background-color":"var(--ast-global-color-5)","background-image":"","background-repeat":"repeat","background-position":"center center","background-size":"auto","background-attachment":"scroll","background-type":"","background-media":"","overlay-type":"","overlay-color":"","overlay-opacity":"","overlay-gradient":""},"tablet":{"background-color":"var(--ast-global-color-5)","background-image":"","background-repeat":"repeat","background-position":"center center","background-size":"auto","background-attachment":"scroll","background-type":"","background-media":"","overlay-type":"","overlay-color":"","overlay-opacity":"","overlay-gradient":""},"mobile":{"background-color":"var(--ast-global-color-5)","background-image":"","background-repeat":"repeat","background-position":"center center","background-size":"auto","background-attachment":"scroll","background-type":"","background-media":"","overlay-type":"","overlay-color":"","overlay-opacity":"","overlay-gradient":""}}},"product_brand":[],"product_cat":[15,135,149],"product_tag":[],"class_list":{"0":"post-12063","1":"product","2":"type-product","3":"status-publish","4":"has-post-thumbnail","6":"product_cat-product","7":"product_cat-modular-matrix-switcher","8":"product_cat-fm-series","9":"desktop-align-left","10":"tablet-align-left","11":"mobile-align-left","12":"ast-product-gallery-layout-horizontal-slider","13":"ast-product-tabs-layout-horizontal","15":"first","16":"instock","17":"shipping-taxable","18":"product-type-simple"},"_links":{"self":[{"href":"https:\/\/beinghd.com\/fr\/wp-json\/wp\/v2\/product\/12063","targetHints":{"allow":["GET"]}}],"collection":[{"href":"https:\/\/beinghd.com\/fr\/wp-json\/wp\/v2\/product"}],"about":[{"href":"https:\/\/beinghd.com\/fr\/wp-json\/wp\/v2\/types\/product"}],"replies":[{"embeddable":true,"href":"https:\/\/beinghd.com\/fr\/wp-json\/wp\/v2\/comments?post=12063"}],"version-history":[{"count":0,"href":"https:\/\/beinghd.com\/fr\/wp-json\/wp\/v2\/product\/12063\/revisions"}],"wp:featuredmedia":[{"embeddable":true,"href":"https:\/\/beinghd.com\/fr\/wp-json\/wp\/v2\/media\/13691"}],"wp:attachment":[{"href":"https:\/\/beinghd.com\/fr\/wp-json\/wp\/v2\/media?parent=12063"}],"wp:term":[{"taxonomy":"product_brand","embeddable":true,"href":"https:\/\/beinghd.com\/fr\/wp-json\/wp\/v2\/product_brand?post=12063"},{"taxonomy":"product_cat","embeddable":true,"href":"https:\/\/beinghd.com\/fr\/wp-json\/wp\/v2\/product_cat?post=12063"},{"taxonomy":"product_tag","embeddable":true,"href":"https:\/\/beinghd.com\/fr\/wp-json\/wp\/v2\/product_tag?post=12063"}],"curies":[{"name":"wp","href":"https:\/\/api.w.org\/{rel}","templated":true}]}}