{"id":12313,"date":"2025-12-31T11:07:09","date_gmt":"2025-12-31T10:07:09","guid":{"rendered":"https:\/\/beinghd.com\/?post_type=product&#038;p=12313"},"modified":"2025-12-31T11:07:09","modified_gmt":"2025-12-31T10:07:09","slug":"9x9-modular-matrix-switcher-with-ipad-app-control","status":"publish","type":"product","link":"https:\/\/beinghd.com\/fr\/produit\/9x9-modular-matrix-switcher-with-ipad-app-control\/","title":{"rendered":"Matrice de commutation modulaire 9\u00d79 avec contr\u00f4le par iPad APP"},"content":{"rendered":"<p><img fetchpriority=\"high\" decoding=\"async\" width=\"1266\" height=\"708\" class=\"wp-image-12323\" src=\"https:\/\/www.beinghd.com\/wp-content\/uploads\/2025\/12\/word-image-12313-1.png\" srcset=\"https:\/\/beinghd.com\/wp-content\/uploads\/2025\/12\/word-image-12313-1.png 1266w, https:\/\/beinghd.com\/wp-content\/uploads\/2025\/12\/word-image-12313-1-300x168.png 300w, https:\/\/beinghd.com\/wp-content\/uploads\/2025\/12\/word-image-12313-1-1024x573.png 1024w, https:\/\/beinghd.com\/wp-content\/uploads\/2025\/12\/word-image-12313-1-768x429.png 768w, https:\/\/beinghd.com\/wp-content\/uploads\/2025\/12\/word-image-12313-1-18x10.png 18w, https:\/\/beinghd.com\/wp-content\/uploads\/2025\/12\/word-image-12313-1-600x336.png 600w, https:\/\/beinghd.com\/wp-content\/uploads\/2025\/12\/word-image-12313-1-1200x671.png 1200w\" sizes=\"(max-width: 1266px) 100vw, 1266px\" \/><\/p>\n<p><strong>Introduction<\/strong><\/p>\n<p>This is a modular matrix switcher, with 9 input slots and 9 output slots, so it can support maximum 9 inputs and 9 outputs, all the input and output cards are using 1-card 1-port, the signals are including the DVI, HDMI, HDBasT, Fiber Optic, 3G-SDI. Users are able to have mixed signals inputs and mixed signals outputs.<\/p>\n<p>La vitesse de commutation du signal d'un seul canal peut atteindre 12,5 Gbps, et la carte principale utilise la technologie de traitement \u00e0 quatre noyaux et quatre liens, la vitesse de commutation peut atteindre 32 Gbps. La technologie de transmission non compress\u00e9e du signal num\u00e9rique garantit une sortie haute fid\u00e9lit\u00e9 de l'image. La technologie unique de blindage des liaisons de signaux garantit l'int\u00e9gralit\u00e9 du signal. Le commutateur de donn\u00e9es interne a une capacit\u00e9 de r\u00e9sistance aux perturbations tr\u00e8s \u00e9lev\u00e9e et une capacit\u00e9 de fonctionnement continu et stable \u00e0 long terme. L'appareil fonctionne en continu 7*24 et dispose d'un double contr\u00f4le LAN et RS232. Il est pratique pour les utilisateurs de contr\u00f4ler l'appareil via un PC, un iPad, une application et le contr\u00f4le central d'un tiers \u00e0 l'aide des commandes de contr\u00f4le RS232.<\/p>\n<p>Gr\u00e2ce \u00e0 la double commande RS232 et LAN, les utilisateurs peuvent \u00e9galement configurer et contr\u00f4ler simplement les \u00e9quipements environnants, tels que le projecteur, le rideau \u00e9lectrique et les t\u00e9l\u00e9viseurs.<\/p>\n<p><strong>Caract\u00e9ristiques<\/strong><\/p>\n<ul>\n<li><a id=\"post-12313-OLE_LINK4\"><\/a> Modular designing chassis, with 9 input slots and 9 output slots<\/li>\n<li>Carte d'entr\u00e9e et de sortie \u00e0 1 port<\/li>\n<li>Prise en charge des cartes 1080P, 4K30 et 4K60 pour les s\u00e9lections<\/li>\n<li>Prise en charge de DVI-I\/ HDMI\/ 3GSDI\/ HDBaseT\/ Fibre pour m\u00e9langer l'entr\u00e9e et la sortie<\/li>\n<li>Prise en charge du mur d'images et de la commutation transparente avec les cartes 1080P et 4K60<\/li>\n<li>Prise en charge de la fonction d'int\u00e9gration et de d\u00e9simbrication de l'audio 3,5 mm<\/li>\n<li>Prise en charge de la fonction de mise \u00e0 l'\u00e9chelle ascendante\/descendante via le commutateur DIP<\/li>\n<li>Prise en charge de deux ports LAN et RS232 pour le contr\u00f4le de sauvegarde<\/li>\n<li>Boutons frontaux avec r\u00e9tro-\u00e9clairage, plus faciles \u00e0 utiliser \u00e0 tout moment<\/li>\n<li>Prise en charge de la protection par sauvegarde automatique et de la fonction de r\u00e9cup\u00e9ration automatique en cas de coupure de courant<\/li>\n<\/ul>\n<p><strong>Sp\u00e9cifications<\/strong><\/p>\n<table>\n<tbody>\n<tr>\n<td><strong>Mod\u00e8le<\/strong><\/td>\n<td><strong>MIN-MANAGER-900<\/strong><\/td>\n<\/tr>\n<tr>\n<td><strong>Description<\/strong><\/td>\n<td>9&#215;9\u00a0modular\u00a0matrix\u00a0switcher<\/td>\n<\/tr>\n<tr>\n<td><strong>Entr\u00e9e<\/strong><\/td>\n<td>Entr\u00e9e 1 carte 1 port, y compris DVI\/HDMI\/VGA\/CVBS\/YPbPr\/SDI\/ HDBaseT\/Fibre<\/td>\n<\/tr>\n<tr>\n<td><strong>Sortie<\/strong><\/td>\n<td>Prise en charge de la sortie DVI\/HDMI\/VGA\/CVBS\/YPbPr\/SDI\/HDBaseT\/Fibre optique<\/td>\n<\/tr>\n<tr>\n<td><strong>Norme de protocole<\/strong><\/td>\n<td>Sortie 1 carte 1 port, y compris DVI\/HDMI\/VGA\/CVBS\/YPbPr\/SDI\/ HDBaseT\/Fibre<\/td>\n<\/tr>\n<tr>\n<td><strong>Espace couleur<\/strong><\/td>\n<td>Prise en charge de l'extension des couleurs RGB444, YUV444, YUV422, x.v.C standard<\/td>\n<\/tr>\n<tr>\n<td><strong>R\u00e9solution<\/strong><\/td>\n<td>640\u00d7480-3840\u00d72160@60Hz(VESA ), 480i-4K@60Hz(HDTV )<\/td>\n<\/tr>\n<tr>\n<td><strong>Distance<\/strong><\/td>\n<td>HDMI\/DVI : 15m\/40ft ; HDBaseT : 70m\/220ft ; Fibre : 2km\/6000ft<\/td>\n<\/tr>\n<tr>\n<td><strong>Contr\u00f4le<\/strong><\/td>\n<td>iOS\/Android\u00a0Apps,\u00a0WEB\u00a0GUI,\u00a0IR remote, RS232\u00a0&amp;\u00a0Front buttons with background light<\/td>\n<\/tr>\n<tr>\n<td><strong>Puissance<\/strong><\/td>\n<td>AC : 110V-260V 50\/60Hz<\/td>\n<\/tr>\n<tr>\n<td><strong>Consommation<\/strong><\/td>\n<td>17W(No\u00a0Cards)<\/td>\n<\/tr>\n<tr>\n<td><strong>Dimension<\/strong><\/td>\n<td>2U,\u00a0482\u00d7385\u00d789(mm)\/ 18.97*15.35*3.51(inch)\/ Packing: 56*49*20()<\/td>\n<\/tr>\n<tr>\n<td><strong>Poids<\/strong><\/td>\n<td>6kg\/ 13.22lbs (sans cartes)<\/td>\n<\/tr>\n<tr>\n<td><strong>Temp\u00e9rature de travail<\/strong><\/td>\n<td>0\u2103 ~50\u2103<\/td>\n<\/tr>\n<tr>\n<td><strong>Temp\u00e9rature de stockage<\/strong><\/td>\n<td>-20\u2103 ~55\u2103<\/td>\n<\/tr>\n<\/tbody>\n<\/table>\n<p><strong>Carte 1 port Carte d'entr\u00e9e et de sortie<\/strong><\/p>\n<p><img decoding=\"async\" width=\"1473\" height=\"443\" class=\"wp-image-12324\" src=\"https:\/\/www.beinghd.com\/wp-content\/uploads\/2025\/12\/word-image-12313-2.png\" srcset=\"https:\/\/beinghd.com\/wp-content\/uploads\/2025\/12\/word-image-12313-2.png 1473w, https:\/\/beinghd.com\/wp-content\/uploads\/2025\/12\/word-image-12313-2-300x90.png 300w, https:\/\/beinghd.com\/wp-content\/uploads\/2025\/12\/word-image-12313-2-1024x308.png 1024w, https:\/\/beinghd.com\/wp-content\/uploads\/2025\/12\/word-image-12313-2-768x231.png 768w, https:\/\/beinghd.com\/wp-content\/uploads\/2025\/12\/word-image-12313-2-18x5.png 18w, https:\/\/beinghd.com\/wp-content\/uploads\/2025\/12\/word-image-12313-2-600x180.png 600w, https:\/\/beinghd.com\/wp-content\/uploads\/2025\/12\/word-image-12313-2-1200x361.png 1200w\" sizes=\"(max-width: 1473px) 100vw, 1473px\" \/><\/p>\n<p><a id=\"post-12313-OLE_LINK1\"><\/a><strong>Dessin de la taille de la matrice (482*89*387)mm(L*H*D)<\/strong><\/p>\n<p><img decoding=\"async\" width=\"1004\" height=\"917\" class=\"wp-image-12325\" src=\"https:\/\/www.beinghd.com\/wp-content\/uploads\/2025\/12\/word-image-12313-3.png\" srcset=\"https:\/\/beinghd.com\/wp-content\/uploads\/2025\/12\/word-image-12313-3.png 1004w, https:\/\/beinghd.com\/wp-content\/uploads\/2025\/12\/word-image-12313-3-300x274.png 300w, https:\/\/beinghd.com\/wp-content\/uploads\/2025\/12\/word-image-12313-3-768x701.png 768w, https:\/\/beinghd.com\/wp-content\/uploads\/2025\/12\/word-image-12313-3-13x12.png 13w, https:\/\/beinghd.com\/wp-content\/uploads\/2025\/12\/word-image-12313-3-600x548.png 600w\" sizes=\"(max-width: 1004px) 100vw, 1004px\" \/><\/p>\n<p><strong>Sch\u00e9ma de connexion<\/strong><\/p>\n<p><img loading=\"lazy\" decoding=\"async\" width=\"1200\" height=\"762\" class=\"wp-image-12326\" src=\"https:\/\/www.beinghd.com\/wp-content\/uploads\/2025\/12\/9x9-connection-diagram.jpeg\" alt=\"9x9-connection-diagram\" srcset=\"https:\/\/beinghd.com\/wp-content\/uploads\/2025\/12\/9x9-connection-diagram.jpeg 1200w, https:\/\/beinghd.com\/wp-content\/uploads\/2025\/12\/9x9-connection-diagram-300x191.jpeg 300w, https:\/\/beinghd.com\/wp-content\/uploads\/2025\/12\/9x9-connection-diagram-1024x650.jpeg 1024w, https:\/\/beinghd.com\/wp-content\/uploads\/2025\/12\/9x9-connection-diagram-768x488.jpeg 768w, https:\/\/beinghd.com\/wp-content\/uploads\/2025\/12\/9x9-connection-diagram-18x12.jpeg 18w, https:\/\/beinghd.com\/wp-content\/uploads\/2025\/12\/9x9-connection-diagram-600x381.jpeg 600w\" sizes=\"(max-width: 1200px) 100vw, 1200px\" \/><\/p>\n<p>&nbsp;<\/p>","protected":false},"excerpt":{"rendered":"<ul>\n<li>Modular designing chassis, with 9 input slots and 9 output slots<\/li>\n<li>Carte d'entr\u00e9e et de sortie \u00e0 1 port<\/li>\n<li>Prise en charge des cartes 1080P, 4K30 et 4K60 pour les s\u00e9lections<\/li>\n<li>Prise en charge de DVI-I\/ HDMI\/ 3GSDI\/ HDBaseT\/ Fibre pour m\u00e9langer l'entr\u00e9e et la sortie<\/li>\n<li>Prise en charge du mur d'images et de la commutation transparente avec les cartes 1080P et 4K60<\/li>\n<li>Prise en charge de la fonction d'int\u00e9gration et de d\u00e9simbrication de l'audio 3,5 mm<\/li>\n<li>Prise en charge de la fonction de mise \u00e0 l'\u00e9chelle ascendante\/descendante via le commutateur DIP<\/li>\n<li>Prise en charge de deux ports LAN et RS232 pour le contr\u00f4le de sauvegarde<\/li>\n<li>Boutons frontaux avec r\u00e9tro-\u00e9clairage, plus faciles \u00e0 utiliser \u00e0 tout moment<\/li>\n<li>Prise en charge de la protection par sauvegarde automatique et de la fonction de r\u00e9cup\u00e9ration automatique en cas de coupure de courant<\/li>\n<\/ul>","protected":false},"featured_media":12314,"comment_status":"open","ping_status":"closed","template":"","meta":{"site-sidebar-layout":"default","site-content-layout":"","ast-site-content-layout":"default","site-content-style":"default","site-sidebar-style":"default","ast-global-header-display":"","ast-banner-title-visibility":"","ast-main-header-display":"","ast-hfb-above-header-display":"","ast-hfb-below-header-display":"","ast-hfb-mobile-header-display":"","site-post-title":"","ast-breadcrumbs-content":"","ast-featured-img":"","footer-sml-layout":"","theme-transparent-header-meta":"default","adv-header-id-meta":"","stick-header-meta":"default","header-above-stick-meta":"","header-main-stick-meta":"","header-below-stick-meta":"","astra-migrate-meta-layouts":"set","ast-page-background-enabled":"default","ast-page-background-meta":{"desktop":{"background-color":"","background-image":"","background-repeat":"repeat","background-position":"center center","background-size":"auto","background-attachment":"scroll","background-type":"","background-media":"","overlay-type":"","overlay-color":"","overlay-opacity":"","overlay-gradient":""},"tablet":{"background-color":"","background-image":"","background-repeat":"repeat","background-position":"center center","background-size":"auto","background-attachment":"scroll","background-type":"","background-media":"","overlay-type":"","overlay-color":"","overlay-opacity":"","overlay-gradient":""},"mobile":{"background-color":"","background-image":"","background-repeat":"repeat","background-position":"center center","background-size":"auto","background-attachment":"scroll","background-type":"","background-media":"","overlay-type":"","overlay-color":"","overlay-opacity":"","overlay-gradient":""}},"ast-content-background-meta":{"desktop":{"background-color":"var(--ast-global-color-5)","background-image":"","background-repeat":"repeat","background-position":"center center","background-size":"auto","background-attachment":"scroll","background-type":"","background-media":"","overlay-type":"","overlay-color":"","overlay-opacity":"","overlay-gradient":""},"tablet":{"background-color":"var(--ast-global-color-5)","background-image":"","background-repeat":"repeat","background-position":"center center","background-size":"auto","background-attachment":"scroll","background-type":"","background-media":"","overlay-type":"","overlay-color":"","overlay-opacity":"","overlay-gradient":""},"mobile":{"background-color":"var(--ast-global-color-5)","background-image":"","background-repeat":"repeat","background-position":"center center","background-size":"auto","background-attachment":"scroll","background-type":"","background-media":"","overlay-type":"","overlay-color":"","overlay-opacity":"","overlay-gradient":""}}},"product_brand":[],"product_cat":[15,135,150],"product_tag":[],"class_list":{"0":"post-12313","1":"product","2":"type-product","3":"status-publish","4":"has-post-thumbnail","6":"product_cat-product","7":"product_cat-modular-matrix-switcher","8":"product_cat-mini-series","9":"desktop-align-left","10":"tablet-align-left","11":"mobile-align-left","12":"ast-product-gallery-layout-horizontal-slider","13":"ast-product-tabs-layout-horizontal","15":"first","16":"instock","17":"shipping-taxable","18":"product-type-simple"},"_links":{"self":[{"href":"https:\/\/beinghd.com\/fr\/wp-json\/wp\/v2\/product\/12313","targetHints":{"allow":["GET"]}}],"collection":[{"href":"https:\/\/beinghd.com\/fr\/wp-json\/wp\/v2\/product"}],"about":[{"href":"https:\/\/beinghd.com\/fr\/wp-json\/wp\/v2\/types\/product"}],"replies":[{"embeddable":true,"href":"https:\/\/beinghd.com\/fr\/wp-json\/wp\/v2\/comments?post=12313"}],"version-history":[{"count":0,"href":"https:\/\/beinghd.com\/fr\/wp-json\/wp\/v2\/product\/12313\/revisions"}],"wp:featuredmedia":[{"embeddable":true,"href":"https:\/\/beinghd.com\/fr\/wp-json\/wp\/v2\/media\/12314"}],"wp:attachment":[{"href":"https:\/\/beinghd.com\/fr\/wp-json\/wp\/v2\/media?parent=12313"}],"wp:term":[{"taxonomy":"product_brand","embeddable":true,"href":"https:\/\/beinghd.com\/fr\/wp-json\/wp\/v2\/product_brand?post=12313"},{"taxonomy":"product_cat","embeddable":true,"href":"https:\/\/beinghd.com\/fr\/wp-json\/wp\/v2\/product_cat?post=12313"},{"taxonomy":"product_tag","embeddable":true,"href":"https:\/\/beinghd.com\/fr\/wp-json\/wp\/v2\/product_tag?post=12313"}],"curies":[{"name":"wp","href":"https:\/\/api.w.org\/{rel}","templated":true}]}}