{"id":12360,"date":"2026-01-02T09:43:34","date_gmt":"2026-01-02T08:43:34","guid":{"rendered":"https:\/\/beinghd.com\/?post_type=product&#038;p=12360"},"modified":"2026-01-02T09:43:34","modified_gmt":"2026-01-02T08:43:34","slug":"36x36-modular-matrix-switcher-with-ipad-app-control-2","status":"publish","type":"product","link":"https:\/\/beinghd.com\/fr\/produit\/36x36-modular-matrix-switcher-with-ipad-app-control-2\/","title":{"rendered":"Matrice de commutation modulaire 36\u00d736 avec contr\u00f4le par iPad APP"},"content":{"rendered":"<p><img fetchpriority=\"high\" decoding=\"async\" width=\"895\" height=\"709\" class=\"wp-image-12369\" src=\"https:\/\/www.beinghd.com\/wp-content\/uploads\/2026\/01\/word-image-12360-1.png\" srcset=\"https:\/\/beinghd.com\/wp-content\/uploads\/2026\/01\/word-image-12360-1.png 895w, https:\/\/beinghd.com\/wp-content\/uploads\/2026\/01\/word-image-12360-1-300x238.png 300w, https:\/\/beinghd.com\/wp-content\/uploads\/2026\/01\/word-image-12360-1-768x608.png 768w, https:\/\/beinghd.com\/wp-content\/uploads\/2026\/01\/word-image-12360-1-15x12.png 15w, https:\/\/beinghd.com\/wp-content\/uploads\/2026\/01\/word-image-12360-1-600x475.png 600w\" sizes=\"(max-width: 895px) 100vw, 895px\" \/><\/p>\n<p><strong>Introduction<\/strong><\/p>\n<p>Il s'agit d'une matrice de commutation modulaire, avec 18 emplacements d'entr\u00e9e et 18 emplacements de sortie, qui peut donc prendre en charge un maximum de 18 entr\u00e9es et 18 sorties. Toutes les cartes d'entr\u00e9e et de sortie utilisent une carte \u00e0 un port, les signaux comprennent le DVI, le HDMI, le HDBasT, la fibre optique, le 3G-SDI. Les utilisateurs peuvent avoir des entr\u00e9es et des sorties \u00e0 signaux mixtes.<\/p>\n<p>La vitesse de commutation du signal d'un seul canal peut atteindre 12,5 Gbps, et la carte principale utilise la technologie de traitement \u00e0 quatre noyaux et quatre liens, la vitesse de commutation peut atteindre 32 Gbps. La technologie de transmission non compress\u00e9e du signal num\u00e9rique garantit une sortie haute fid\u00e9lit\u00e9 de l'image. La technologie unique de blindage des liaisons de signaux garantit l'int\u00e9gralit\u00e9 du signal. Le commutateur de donn\u00e9es interne a une capacit\u00e9 de r\u00e9sistance aux perturbations tr\u00e8s \u00e9lev\u00e9e et une capacit\u00e9 de fonctionnement continu et stable \u00e0 long terme. L'appareil fonctionne en continu 7*24 et dispose d'un double contr\u00f4le LAN et RS232. Il est pratique pour les utilisateurs de contr\u00f4ler l'appareil via un PC, un iPad, une application et le contr\u00f4le central d'un tiers \u00e0 l'aide des commandes de contr\u00f4le RS232.<\/p>\n<p>Gr\u00e2ce \u00e0 la double commande RS232 et LAN, les utilisateurs peuvent \u00e9galement configurer et contr\u00f4ler simplement les \u00e9quipements environnants, tels que le projecteur, le rideau \u00e9lectrique et les t\u00e9l\u00e9viseurs.<\/p>\n<p><strong>Caract\u00e9ristiques<\/strong><\/p>\n<ul>\n<li><a id=\"post-12360-OLE_LINK4\"><\/a> Ch\u00e2ssis de conception modulaire, avec 18 emplacements d'entr\u00e9e et 18 emplacements de sortie<\/li>\n<li>Carte d'entr\u00e9e et de sortie \u00e0 1 port<\/li>\n<li>Prise en charge des cartes 1080P, 4K30 et 4K60 pour les s\u00e9lections<\/li>\n<li>Prise en charge de DVI-I\/ HDMI\/ 3GSDI\/ HDBaseT\/ Fibre pour m\u00e9langer l'entr\u00e9e et la sortie<\/li>\n<li>Prise en charge du mur d'images et de la commutation transparente avec les cartes 1080P et 4K60<\/li>\n<li>Prise en charge de la fonction d'int\u00e9gration et de d\u00e9simbrication de l'audio 3,5 mm<\/li>\n<li>Prise en charge de la fonction de mise \u00e0 l'\u00e9chelle ascendante\/descendante via le commutateur DIP<\/li>\n<li>Prise en charge de deux ports LAN et RS232 pour le contr\u00f4le de sauvegarde<\/li>\n<li>Boutons frontaux avec r\u00e9tro-\u00e9clairage, plus faciles \u00e0 utiliser \u00e0 tout moment<\/li>\n<li>Prise en charge de la protection par sauvegarde automatique et de la fonction de r\u00e9cup\u00e9ration automatique en cas de coupure de courant<\/li>\n<\/ul>\n<p><strong>Sp\u00e9cifications<\/strong><\/p>\n<table>\n<tbody>\n<tr>\n<td><strong>Mod\u00e8le<\/strong><\/td>\n<td><strong>MIN-MANAGER-1800<\/strong><\/td>\n<\/tr>\n<tr>\n<td><strong>Description<\/strong><\/td>\n<td>Matrice de commutation modulaire 18\u00d718<\/td>\n<\/tr>\n<tr>\n<td><strong>Entr\u00e9e<\/strong><\/td>\n<td>Entr\u00e9e 1 carte 1 port, y compris DVI\/HDMI\/VGA\/CVBS\/YPbPr\/SDI\/ HDBaseT\/Fibre<\/td>\n<\/tr>\n<tr>\n<td><strong>Sortie<\/strong><\/td>\n<td>Prise en charge de la sortie DVI\/HDMI\/VGA\/CVBS\/YPbPr\/SDI\/HDBaseT\/Fibre optique<\/td>\n<\/tr>\n<tr>\n<td><strong>Norme de protocole<\/strong><\/td>\n<td>Sortie 1 carte 1 port, y compris DVI\/HDMI\/VGA\/CVBS\/YPbPr\/SDI\/ HDBaseT\/Fibre<\/td>\n<\/tr>\n<tr>\n<td><strong>Espace couleur<\/strong><\/td>\n<td>Prise en charge de l'extension des couleurs RGB444, YUV444, YUV422, x.v.C standard<\/td>\n<\/tr>\n<tr>\n<td><strong>R\u00e9solution<\/strong><\/td>\n<td>640\u00d7480-3840\u00d72160@60Hz(VESA ), 480i-4K@60Hz(HDTV )<\/td>\n<\/tr>\n<tr>\n<td><strong>Distance<\/strong><\/td>\n<td>HDMI\/DVI : 15m\/40ft ; HDBaseT : 70m\/220ft ; Fibre : 2km\/6000ft<\/td>\n<\/tr>\n<tr>\n<td><strong>Contr\u00f4le<\/strong><\/td>\n<td>Apps iOS\/Android, GUI WEB, RS232 &amp; Boutons frontaux avec lumi\u00e8re d'arri\u00e8re-plan<\/td>\n<\/tr>\n<tr>\n<td><strong>Puissance<\/strong><\/td>\n<td>AC : 110V-260V 50\/60Hz<\/td>\n<\/tr>\n<tr>\n<td><strong>Consommation<\/strong><\/td>\n<td>21W(sans cartes)<\/td>\n<\/tr>\n<tr>\n<td><strong>Dimension<\/strong><\/td>\n<td>4U, 482\u00d7385\u00d7178(mm)\/ 18.97*15.35*7.01(inch) ; Emballage : 60*38*54cm<\/td>\n<\/tr>\n<tr>\n<td><strong>Poids<\/strong><\/td>\n<td>13kg\/ 28.66lbs (sans cartes)<\/td>\n<\/tr>\n<tr>\n<td><strong>Temp\u00e9rature de travail<\/strong><\/td>\n<td>0\u2103 ~50\u2103<\/td>\n<\/tr>\n<tr>\n<td><strong>Temp\u00e9rature de stockage<\/strong><\/td>\n<td>-20\u2103 ~55\u2103<\/td>\n<\/tr>\n<\/tbody>\n<\/table>\n<p><strong>Carte 1 port Carte d'entr\u00e9e et de sortie<\/strong><\/p>\n<p><img decoding=\"async\" width=\"1473\" height=\"443\" class=\"wp-image-12370\" src=\"https:\/\/www.beinghd.com\/wp-content\/uploads\/2026\/01\/word-image-12360-2.png\" srcset=\"https:\/\/beinghd.com\/wp-content\/uploads\/2026\/01\/word-image-12360-2.png 1473w, https:\/\/beinghd.com\/wp-content\/uploads\/2026\/01\/word-image-12360-2-300x90.png 300w, https:\/\/beinghd.com\/wp-content\/uploads\/2026\/01\/word-image-12360-2-1024x308.png 1024w, https:\/\/beinghd.com\/wp-content\/uploads\/2026\/01\/word-image-12360-2-768x231.png 768w, https:\/\/beinghd.com\/wp-content\/uploads\/2026\/01\/word-image-12360-2-18x5.png 18w, https:\/\/beinghd.com\/wp-content\/uploads\/2026\/01\/word-image-12360-2-600x180.png 600w, https:\/\/beinghd.com\/wp-content\/uploads\/2026\/01\/word-image-12360-2-1200x361.png 1200w\" sizes=\"(max-width: 1473px) 100vw, 1473px\" \/><\/p>\n<p><strong>Dessin de la taille de la matrice (482*89*387)mm(L*H*D)<\/strong><\/p>\n<p><img decoding=\"async\" width=\"637\" height=\"724\" class=\"wp-image-12371\" src=\"https:\/\/www.beinghd.com\/wp-content\/uploads\/2026\/01\/word-image-12360-3.png\" srcset=\"https:\/\/beinghd.com\/wp-content\/uploads\/2026\/01\/word-image-12360-3.png 637w, https:\/\/beinghd.com\/wp-content\/uploads\/2026\/01\/word-image-12360-3-264x300.png 264w, https:\/\/beinghd.com\/wp-content\/uploads\/2026\/01\/word-image-12360-3-11x12.png 11w, https:\/\/beinghd.com\/wp-content\/uploads\/2026\/01\/word-image-12360-3-600x682.png 600w\" sizes=\"(max-width: 637px) 100vw, 637px\" \/><\/p>\n<p><a id=\"post-12360-OLE_LINK1\"><\/a><strong>Sch\u00e9ma de connexion<\/strong><\/p>\n<p><img loading=\"lazy\" decoding=\"async\" width=\"1277\" height=\"815\" class=\"wp-image-12372\" src=\"https:\/\/www.beinghd.com\/wp-content\/uploads\/2026\/01\/word-image-12360-4.png\" srcset=\"https:\/\/beinghd.com\/wp-content\/uploads\/2026\/01\/word-image-12360-4.png 1277w, https:\/\/beinghd.com\/wp-content\/uploads\/2026\/01\/word-image-12360-4-300x191.png 300w, https:\/\/beinghd.com\/wp-content\/uploads\/2026\/01\/word-image-12360-4-1024x654.png 1024w, https:\/\/beinghd.com\/wp-content\/uploads\/2026\/01\/word-image-12360-4-768x490.png 768w, https:\/\/beinghd.com\/wp-content\/uploads\/2026\/01\/word-image-12360-4-18x12.png 18w, https:\/\/beinghd.com\/wp-content\/uploads\/2026\/01\/word-image-12360-4-600x383.png 600w, https:\/\/beinghd.com\/wp-content\/uploads\/2026\/01\/word-image-12360-4-1200x766.png 1200w\" sizes=\"(max-width: 1277px) 100vw, 1277px\" \/><\/p>\n<p>&nbsp;<\/p>","protected":false},"excerpt":{"rendered":"<ul>\n<li>Modular designing chassis, with 36 input slots and 36 output slots<\/li>\n<li>Carte d'entr\u00e9e et de sortie \u00e0 1 port<\/li>\n<li>Prise en charge des cartes 1080P, 4K30 et 4K60 pour les s\u00e9lections<\/li>\n<li>Prise en charge de DVI-I\/ HDMI\/ 3GSDI\/ HDBaseT\/ Fibre pour m\u00e9langer l'entr\u00e9e et la sortie<\/li>\n<li>Prise en charge du mur d'images et de la commutation transparente avec les cartes 1080P et 4K60<\/li>\n<li>Prise en charge de la fonction d'int\u00e9gration et de d\u00e9simbrication de l'audio 3,5 mm<\/li>\n<li>Prise en charge de la fonction de mise \u00e0 l'\u00e9chelle ascendante\/descendante via le commutateur DIP<\/li>\n<li>Prise en charge de deux ports LAN et RS232 pour le contr\u00f4le de sauvegarde<\/li>\n<li>Boutons frontaux avec r\u00e9tro-\u00e9clairage, plus faciles \u00e0 utiliser \u00e0 tout moment<\/li>\n<li>Prise en charge de la protection par sauvegarde automatique et de la fonction de r\u00e9cup\u00e9ration automatique en cas de coupure de courant<\/li>\n<\/ul>","protected":false},"featured_media":12361,"comment_status":"open","ping_status":"closed","template":"","meta":{"site-sidebar-layout":"default","site-content-layout":"","ast-site-content-layout":"default","site-content-style":"default","site-sidebar-style":"default","ast-global-header-display":"","ast-banner-title-visibility":"","ast-main-header-display":"","ast-hfb-above-header-display":"","ast-hfb-below-header-display":"","ast-hfb-mobile-header-display":"","site-post-title":"","ast-breadcrumbs-content":"","ast-featured-img":"","footer-sml-layout":"","theme-transparent-header-meta":"default","adv-header-id-meta":"","stick-header-meta":"default","header-above-stick-meta":"","header-main-stick-meta":"","header-below-stick-meta":"","astra-migrate-meta-layouts":"set","ast-page-background-enabled":"default","ast-page-background-meta":{"desktop":{"background-color":"","background-image":"","background-repeat":"repeat","background-position":"center center","background-size":"auto","background-attachment":"scroll","background-type":"","background-media":"","overlay-type":"","overlay-color":"","overlay-opacity":"","overlay-gradient":""},"tablet":{"background-color":"","background-image":"","background-repeat":"repeat","background-position":"center center","background-size":"auto","background-attachment":"scroll","background-type":"","background-media":"","overlay-type":"","overlay-color":"","overlay-opacity":"","overlay-gradient":""},"mobile":{"background-color":"","background-image":"","background-repeat":"repeat","background-position":"center center","background-size":"auto","background-attachment":"scroll","background-type":"","background-media":"","overlay-type":"","overlay-color":"","overlay-opacity":"","overlay-gradient":""}},"ast-content-background-meta":{"desktop":{"background-color":"var(--ast-global-color-5)","background-image":"","background-repeat":"repeat","background-position":"center center","background-size":"auto","background-attachment":"scroll","background-type":"","background-media":"","overlay-type":"","overlay-color":"","overlay-opacity":"","overlay-gradient":""},"tablet":{"background-color":"var(--ast-global-color-5)","background-image":"","background-repeat":"repeat","background-position":"center center","background-size":"auto","background-attachment":"scroll","background-type":"","background-media":"","overlay-type":"","overlay-color":"","overlay-opacity":"","overlay-gradient":""},"mobile":{"background-color":"var(--ast-global-color-5)","background-image":"","background-repeat":"repeat","background-position":"center center","background-size":"auto","background-attachment":"scroll","background-type":"","background-media":"","overlay-type":"","overlay-color":"","overlay-opacity":"","overlay-gradient":""}}},"product_brand":[],"product_cat":[15,135,150],"product_tag":[],"class_list":{"0":"post-12360","1":"product","2":"type-product","3":"status-publish","4":"has-post-thumbnail","6":"product_cat-product","7":"product_cat-modular-matrix-switcher","8":"product_cat-mini-series","9":"desktop-align-left","10":"tablet-align-left","11":"mobile-align-left","12":"ast-product-gallery-layout-horizontal-slider","13":"ast-product-tabs-layout-horizontal","15":"first","16":"instock","17":"shipping-taxable","18":"product-type-simple"},"_links":{"self":[{"href":"https:\/\/beinghd.com\/fr\/wp-json\/wp\/v2\/product\/12360","targetHints":{"allow":["GET"]}}],"collection":[{"href":"https:\/\/beinghd.com\/fr\/wp-json\/wp\/v2\/product"}],"about":[{"href":"https:\/\/beinghd.com\/fr\/wp-json\/wp\/v2\/types\/product"}],"replies":[{"embeddable":true,"href":"https:\/\/beinghd.com\/fr\/wp-json\/wp\/v2\/comments?post=12360"}],"version-history":[{"count":0,"href":"https:\/\/beinghd.com\/fr\/wp-json\/wp\/v2\/product\/12360\/revisions"}],"wp:featuredmedia":[{"embeddable":true,"href":"https:\/\/beinghd.com\/fr\/wp-json\/wp\/v2\/media\/12361"}],"wp:attachment":[{"href":"https:\/\/beinghd.com\/fr\/wp-json\/wp\/v2\/media?parent=12360"}],"wp:term":[{"taxonomy":"product_brand","embeddable":true,"href":"https:\/\/beinghd.com\/fr\/wp-json\/wp\/v2\/product_brand?post=12360"},{"taxonomy":"product_cat","embeddable":true,"href":"https:\/\/beinghd.com\/fr\/wp-json\/wp\/v2\/product_cat?post=12360"},{"taxonomy":"product_tag","embeddable":true,"href":"https:\/\/beinghd.com\/fr\/wp-json\/wp\/v2\/product_tag?post=12360"}],"curies":[{"name":"wp","href":"https:\/\/api.w.org\/{rel}","templated":true}]}}