{"id":12756,"date":"2026-01-05T03:36:26","date_gmt":"2026-01-05T02:36:26","guid":{"rendered":"https:\/\/beinghd.com\/?post_type=product&#038;p=12756"},"modified":"2026-01-05T03:40:11","modified_gmt":"2026-01-05T02:40:11","slug":"em-8x8-modular-matrix-switcher-with-ipad-app-control","status":"publish","type":"product","link":"https:\/\/beinghd.com\/fr\/produit\/em-8x8-modular-matrix-switcher-with-ipad-app-control\/","title":{"rendered":"EM 8\u00d78 Matrice de commutation modulaire avec contr\u00f4le par iPad APP"},"content":{"rendered":"<p><img fetchpriority=\"high\" decoding=\"async\" width=\"1266\" height=\"471\" class=\"wp-image-12765\" src=\"https:\/\/www.beinghd.com\/wp-content\/uploads\/2026\/01\/7a2b6560352be19924db15344c2e0db.png\" alt=\"7a2b6560352be19924db15344c2e0db\" srcset=\"https:\/\/beinghd.com\/wp-content\/uploads\/2026\/01\/7a2b6560352be19924db15344c2e0db.png 1266w, https:\/\/beinghd.com\/wp-content\/uploads\/2026\/01\/7a2b6560352be19924db15344c2e0db-300x112.png 300w, https:\/\/beinghd.com\/wp-content\/uploads\/2026\/01\/7a2b6560352be19924db15344c2e0db-1024x381.png 1024w, https:\/\/beinghd.com\/wp-content\/uploads\/2026\/01\/7a2b6560352be19924db15344c2e0db-768x286.png 768w, https:\/\/beinghd.com\/wp-content\/uploads\/2026\/01\/7a2b6560352be19924db15344c2e0db-18x7.png 18w, https:\/\/beinghd.com\/wp-content\/uploads\/2026\/01\/7a2b6560352be19924db15344c2e0db-600x223.png 600w, https:\/\/beinghd.com\/wp-content\/uploads\/2026\/01\/7a2b6560352be19924db15344c2e0db-1200x446.png 1200w\" sizes=\"(max-width: 1266px) 100vw, 1266px\" \/><\/p>\n<p><strong>Introduction<\/strong><\/p>\n<p>This is a modular matrix switcher, with 2 input slots and 2 output slots, so it can support maximum 8 inputs and 8 outputs as it\u2019s using the 1-card 4-port cards, the signals are including the DVI, HDMI, HDBasT, Fiber Optic, 3G-SDI. Users are able to have mixed signals inputs and mixed signals outputs.<\/p>\n<p>La vitesse de commutation du signal d'un seul canal peut atteindre 12,5 Gbps, et la carte principale utilise la technologie de traitement \u00e0 quatre noyaux et quatre liens, la vitesse de commutation peut atteindre 32 Gbps. La technologie de transmission non compress\u00e9e du signal num\u00e9rique garantit une sortie haute fid\u00e9lit\u00e9 de l'image. La technologie unique de blindage des liaisons de signaux garantit l'int\u00e9gralit\u00e9 du signal. Le commutateur de donn\u00e9es interne a une capacit\u00e9 de r\u00e9sistance aux perturbations tr\u00e8s \u00e9lev\u00e9e et une capacit\u00e9 de fonctionnement continu et stable \u00e0 long terme. Prend en charge le fonctionnement continu 7*24 et avec un double contr\u00f4le de sauvegarde LAN et RS232, il est pratique pour les utilisateurs de contr\u00f4ler via PC, iPad, APP et les 3 autres syst\u00e8mes de contr\u00f4le.<sup>rd<\/sup> les parties contr\u00f4lent de mani\u00e8re centralis\u00e9e par les commandes de contr\u00f4le RS232.<\/p>\n<p>Gr\u00e2ce \u00e0 la double commande RS232 et LAN, les utilisateurs peuvent \u00e9galement configurer et contr\u00f4ler simplement les \u00e9quipements environnants, tels que le projecteur, le rideau \u00e9lectrique et les t\u00e9l\u00e9viseurs.<\/p>\n<p>Ces commutateurs matriciels sont largement utilis\u00e9s dans les conf\u00e9rences, les projets de radio et de t\u00e9l\u00e9vision, les salles de conf\u00e9rence multim\u00e9dia, les projets d'affichage sur grand \u00e9cran, l'enseignement de la t\u00e9l\u00e9vision, les centres de contr\u00f4le et autres applications.<\/p>\n<p><strong>Caract\u00e9ristiques<\/strong><\/p>\n<ul>\n<li><a id=\"post-12756-OLE_LINK4\"><\/a> Modular designing chassis, with 2 input slots and 2 output slots<\/li>\n<li>Carte d'entr\u00e9e et de sortie \u00e0 4 ports (1 carte)<\/li>\n<li>Prise en charge des cartes 1080P, 4K30 et 4K60 pour les s\u00e9lections<\/li>\n<li>Prise en charge de DVI-I\/ HDMI\/ 3GSDI\/ HDBaseT\/ Fibre pour m\u00e9langer l'entr\u00e9e et la sortie<\/li>\n<li>Prise en charge du mur d'images et de la commutation transparente avec les cartes 1080P et 4K60<\/li>\n<li>Prise en charge de la fonction d'int\u00e9gration et de d\u00e9simbrication de l'audio 3,5 mm<\/li>\n<li>Prise en charge de la fonction de mise \u00e0 l'\u00e9chelle ascendante\/descendante via le commutateur DIP<\/li>\n<li>Prise en charge de deux ports LAN et RS232 pour le contr\u00f4le de sauvegarde<\/li>\n<li>Boutons frontaux avec r\u00e9tro-\u00e9clairage, plus faciles \u00e0 utiliser \u00e0 tout moment<\/li>\n<li>Prise en charge de la protection par sauvegarde automatique et de la fonction de r\u00e9cup\u00e9ration automatique en cas de coupure de courant<\/li>\n<\/ul>\n<p><strong>Sp\u00e9cifications<\/strong><\/p>\n<table>\n<tbody>\n<tr>\n<td><strong>Mod\u00e8le<\/strong><\/td>\n<td><strong>FM-800<\/strong><\/td>\n<\/tr>\n<tr>\n<td><strong>Description<\/strong><\/td>\n<td>Matrice de commutation modulaire 8\u00d78<\/td>\n<\/tr>\n<tr>\n<td><strong>Entr\u00e9e<\/strong><\/td>\n<td>1 carte \u00e0 4 ports d'entr\u00e9e, y compris DVI\/HDMI\/VGA\/CVBS\/YPbPr\/SDI\/ HDBaseT\/Fibre<\/td>\n<\/tr>\n<tr>\n<td><strong>Sortie<\/strong><\/td>\n<td>Prise en charge de la sortie DVI\/HDMI\/VGA\/CVBS\/YPbPr\/SDI\/HDBaseT\/Fibre optique<\/td>\n<\/tr>\n<tr>\n<td><strong>Norme de protocole<\/strong><\/td>\n<td>Supporte HDMI1.4, HDCP1.4, HDMI2.0.HDCP2.2<\/td>\n<\/tr>\n<tr>\n<td><strong>Espace couleur<\/strong><\/td>\n<td>Prise en charge de l'extension des couleurs RGB444, YUV444, YUV422, x.v.C standard<\/td>\n<\/tr>\n<tr>\n<td><strong>R\u00e9solution<\/strong><\/td>\n<td>640\u00d7480-3840\u00d72160@60Hz(VESA ), 480i-4K@60Hz(HDTV )<\/td>\n<\/tr>\n<tr>\n<td><strong>Distance<\/strong><\/td>\n<td>HDMI\/DVI : 15m\/40ft ; HDBaseT : 70m\/220ft ; Fibre : 2km\/6000ft<\/td>\n<\/tr>\n<tr>\n<td><strong>Contr\u00f4le<\/strong><\/td>\n<td>Apps iOS\/Android, GUI WEB, RS232 &amp; Boutons frontaux avec lumi\u00e8re d'arri\u00e8re-plan<\/td>\n<\/tr>\n<tr>\n<td><strong>Puissance<\/strong><\/td>\n<td>AC : 110V-260V 50\/60Hz<\/td>\n<\/tr>\n<tr>\n<td><strong>Consommation<\/strong><\/td>\n<td>15W(sans cartes)<\/td>\n<\/tr>\n<tr>\n<td><strong>Dimension<\/strong><\/td>\n<td>2U, 482*320*89(mm)<\/td>\n<\/tr>\n<tr>\n<td><strong>Poids<\/strong><\/td>\n<td>6kg\/ 13.22lbs (sans cartes)<\/td>\n<\/tr>\n<tr>\n<td><strong>Temp\u00e9rature de travail<\/strong><\/td>\n<td>0\u2103 ~50\u2103<\/td>\n<\/tr>\n<tr>\n<td><strong>Temp\u00e9rature de stockage<\/strong><\/td>\n<td>-20\u2103 ~55\u2103<\/td>\n<\/tr>\n<\/tbody>\n<\/table>\n<p><strong>Matrix Size Drawing <\/strong><\/p>\n<p><img decoding=\"async\" width=\"1134\" height=\"1108\" class=\"wp-image-12766\" src=\"https:\/\/www.beinghd.com\/wp-content\/uploads\/2026\/01\/10c1e525f2610f48a9217e9ae97161b.png\" alt=\"10c1e525f2610f48a9217e9ae97161b\" srcset=\"https:\/\/beinghd.com\/wp-content\/uploads\/2026\/01\/10c1e525f2610f48a9217e9ae97161b.png 1134w, https:\/\/beinghd.com\/wp-content\/uploads\/2026\/01\/10c1e525f2610f48a9217e9ae97161b-300x293.png 300w, https:\/\/beinghd.com\/wp-content\/uploads\/2026\/01\/10c1e525f2610f48a9217e9ae97161b-1024x1001.png 1024w, https:\/\/beinghd.com\/wp-content\/uploads\/2026\/01\/10c1e525f2610f48a9217e9ae97161b-768x750.png 768w, https:\/\/beinghd.com\/wp-content\/uploads\/2026\/01\/10c1e525f2610f48a9217e9ae97161b-12x12.png 12w, https:\/\/beinghd.com\/wp-content\/uploads\/2026\/01\/10c1e525f2610f48a9217e9ae97161b-600x586.png 600w\" sizes=\"(max-width: 1134px) 100vw, 1134px\" \/><\/p>\n<p><a id=\"post-12756-OLE_LINK1\"><\/a><strong>Sch\u00e9ma de connexion<\/strong><\/p>\n<p><img decoding=\"async\" width=\"2178\" height=\"1223\" class=\"wp-image-12767\" src=\"https:\/\/www.beinghd.com\/wp-content\/uploads\/2026\/01\/word-image-12756-3.png\" srcset=\"https:\/\/beinghd.com\/wp-content\/uploads\/2026\/01\/word-image-12756-3.png 2178w, https:\/\/beinghd.com\/wp-content\/uploads\/2026\/01\/word-image-12756-3-300x168.png 300w, https:\/\/beinghd.com\/wp-content\/uploads\/2026\/01\/word-image-12756-3-1024x575.png 1024w, https:\/\/beinghd.com\/wp-content\/uploads\/2026\/01\/word-image-12756-3-768x431.png 768w, https:\/\/beinghd.com\/wp-content\/uploads\/2026\/01\/word-image-12756-3-1536x863.png 1536w, https:\/\/beinghd.com\/wp-content\/uploads\/2026\/01\/word-image-12756-3-2048x1150.png 2048w, https:\/\/beinghd.com\/wp-content\/uploads\/2026\/01\/word-image-12756-3-18x10.png 18w, https:\/\/beinghd.com\/wp-content\/uploads\/2026\/01\/word-image-12756-3-600x337.png 600w, https:\/\/beinghd.com\/wp-content\/uploads\/2026\/01\/word-image-12756-3-1200x674.png 1200w\" sizes=\"(max-width: 2178px) 100vw, 2178px\" \/><\/p>\n<p>&nbsp;<\/p>","protected":false},"excerpt":{"rendered":"<ul>\n<li>Modular designing chassis, with 2 input slots and 2 output slots<\/li>\n<li>Carte d'entr\u00e9e et de sortie \u00e0 4 ports (1 carte)<\/li>\n<li>Prise en charge des cartes 1080P, 4K30 et 4K60 pour les s\u00e9lections<\/li>\n<li>Prise en charge de DVI-I\/ HDMI\/ 3GSDI\/ HDBaseT\/ Fibre pour m\u00e9langer l'entr\u00e9e et la sortie<\/li>\n<li>Prise en charge du mur d'images et de la commutation transparente avec les cartes 1080P et 4K60<\/li>\n<li>Prise en charge de la fonction d'int\u00e9gration et de d\u00e9simbrication de l'audio 3,5 mm<\/li>\n<li>Prise en charge de la fonction de mise \u00e0 l'\u00e9chelle ascendante\/descendante via le commutateur DIP<\/li>\n<li>Prise en charge de deux ports LAN et RS232 pour le contr\u00f4le de sauvegarde<\/li>\n<li>Boutons frontaux avec r\u00e9tro-\u00e9clairage, plus faciles \u00e0 utiliser \u00e0 tout moment<\/li>\n<li>Prise en charge de la protection par sauvegarde automatique et de la fonction de r\u00e9cup\u00e9ration automatique en cas de coupure de courant<\/li>\n<\/ul>","protected":false},"featured_media":12758,"comment_status":"open","ping_status":"closed","template":"","meta":{"site-sidebar-layout":"default","site-content-layout":"","ast-site-content-layout":"default","site-content-style":"default","site-sidebar-style":"default","ast-global-header-display":"","ast-banner-title-visibility":"","ast-main-header-display":"","ast-hfb-above-header-display":"","ast-hfb-below-header-display":"","ast-hfb-mobile-header-display":"","site-post-title":"","ast-breadcrumbs-content":"","ast-featured-img":"","footer-sml-layout":"","theme-transparent-header-meta":"default","adv-header-id-meta":"","stick-header-meta":"default","header-above-stick-meta":"","header-main-stick-meta":"","header-below-stick-meta":"","astra-migrate-meta-layouts":"set","ast-page-background-enabled":"default","ast-page-background-meta":{"desktop":{"background-color":"","background-image":"","background-repeat":"repeat","background-position":"center center","background-size":"auto","background-attachment":"scroll","background-type":"","background-media":"","overlay-type":"","overlay-color":"","overlay-opacity":"","overlay-gradient":""},"tablet":{"background-color":"","background-image":"","background-repeat":"repeat","background-position":"center center","background-size":"auto","background-attachment":"scroll","background-type":"","background-media":"","overlay-type":"","overlay-color":"","overlay-opacity":"","overlay-gradient":""},"mobile":{"background-color":"","background-image":"","background-repeat":"repeat","background-position":"center center","background-size":"auto","background-attachment":"scroll","background-type":"","background-media":"","overlay-type":"","overlay-color":"","overlay-opacity":"","overlay-gradient":""}},"ast-content-background-meta":{"desktop":{"background-color":"var(--ast-global-color-5)","background-image":"","background-repeat":"repeat","background-position":"center center","background-size":"auto","background-attachment":"scroll","background-type":"","background-media":"","overlay-type":"","overlay-color":"","overlay-opacity":"","overlay-gradient":""},"tablet":{"background-color":"var(--ast-global-color-5)","background-image":"","background-repeat":"repeat","background-position":"center center","background-size":"auto","background-attachment":"scroll","background-type":"","background-media":"","overlay-type":"","overlay-color":"","overlay-opacity":"","overlay-gradient":""},"mobile":{"background-color":"var(--ast-global-color-5)","background-image":"","background-repeat":"repeat","background-position":"center center","background-size":"auto","background-attachment":"scroll","background-type":"","background-media":"","overlay-type":"","overlay-color":"","overlay-opacity":"","overlay-gradient":""}}},"product_brand":[],"product_cat":[15,135,152],"product_tag":[],"class_list":{"0":"post-12756","1":"product","2":"type-product","3":"status-publish","4":"has-post-thumbnail","6":"product_cat-product","7":"product_cat-modular-matrix-switcher","8":"product_cat-em-series","9":"desktop-align-left","10":"tablet-align-left","11":"mobile-align-left","12":"ast-product-gallery-layout-horizontal-slider","13":"ast-product-tabs-layout-horizontal","15":"first","16":"instock","17":"shipping-taxable","18":"product-type-simple"},"_links":{"self":[{"href":"https:\/\/beinghd.com\/fr\/wp-json\/wp\/v2\/product\/12756","targetHints":{"allow":["GET"]}}],"collection":[{"href":"https:\/\/beinghd.com\/fr\/wp-json\/wp\/v2\/product"}],"about":[{"href":"https:\/\/beinghd.com\/fr\/wp-json\/wp\/v2\/types\/product"}],"replies":[{"embeddable":true,"href":"https:\/\/beinghd.com\/fr\/wp-json\/wp\/v2\/comments?post=12756"}],"version-history":[{"count":0,"href":"https:\/\/beinghd.com\/fr\/wp-json\/wp\/v2\/product\/12756\/revisions"}],"wp:featuredmedia":[{"embeddable":true,"href":"https:\/\/beinghd.com\/fr\/wp-json\/wp\/v2\/media\/12758"}],"wp:attachment":[{"href":"https:\/\/beinghd.com\/fr\/wp-json\/wp\/v2\/media?parent=12756"}],"wp:term":[{"taxonomy":"product_brand","embeddable":true,"href":"https:\/\/beinghd.com\/fr\/wp-json\/wp\/v2\/product_brand?post=12756"},{"taxonomy":"product_cat","embeddable":true,"href":"https:\/\/beinghd.com\/fr\/wp-json\/wp\/v2\/product_cat?post=12756"},{"taxonomy":"product_tag","embeddable":true,"href":"https:\/\/beinghd.com\/fr\/wp-json\/wp\/v2\/product_tag?post=12756"}],"curies":[{"name":"wp","href":"https:\/\/api.w.org\/{rel}","templated":true}]}}