{"id":14364,"date":"2026-01-22T09:37:28","date_gmt":"2026-01-22T14:37:28","guid":{"rendered":"https:\/\/beinghd.com\/?post_type=product&#038;p=14364"},"modified":"2026-02-02T02:49:21","modified_gmt":"2026-02-02T07:49:21","slug":"sdvoe-fiber-extender-ips-1000tr","status":"publish","type":"product","link":"https:\/\/beinghd.com\/fr\/produit\/sdvoe-fiber-extender-ips-1000tr\/","title":{"rendered":"SDVoE Fiber Extender IPS-1000TR"},"content":{"rendered":"<p data-rm-block-id=\"block-1\"><img fetchpriority=\"high\" decoding=\"async\" class=\"alignnone wp-image-14365\" src=\"https:\/\/beinghd.com\/wp-content\/uploads\/2026\/01\/word-image-14364-1.png\" alt=\"SDVoE Fiber Extender IPS-1000TR\" width=\"1914\" height=\"396\" srcset=\"https:\/\/beinghd.com\/wp-content\/uploads\/2026\/01\/word-image-14364-1.png 1914w, https:\/\/beinghd.com\/wp-content\/uploads\/2026\/01\/word-image-14364-1-300x62.png 300w, https:\/\/beinghd.com\/wp-content\/uploads\/2026\/01\/word-image-14364-1-1024x212.png 1024w, https:\/\/beinghd.com\/wp-content\/uploads\/2026\/01\/word-image-14364-1-768x159.png 768w, https:\/\/beinghd.com\/wp-content\/uploads\/2026\/01\/word-image-14364-1-1536x318.png 1536w, https:\/\/beinghd.com\/wp-content\/uploads\/2026\/01\/word-image-14364-1-18x4.png 18w, https:\/\/beinghd.com\/wp-content\/uploads\/2026\/01\/word-image-14364-1-600x124.png 600w, https:\/\/beinghd.com\/wp-content\/uploads\/2026\/01\/word-image-14364-1-1200x248.png 1200w\" sizes=\"(max-width: 1914px) 100vw, 1914px\" \/><\/p>\n<p data-rm-block-id=\"block-2\"><strong>Introduction<br \/>\nThe SDVoE Fiber Extender IPS-1000TR is a high-performance AV over IP solution designed for long-distance transmission&#8230;<br \/>\n<\/strong><\/p>\n<p data-rm-block-id=\"block-3\">SDVoE Fiber Extender IPS-1000TR is a zero-latency, ultra-low compression rate long-distance transmitter with an industrial-grade design that combines a premium feel with robust internal protection, and is easy to install. It utilizes the industry&#8217;s most advanced video processing chip, boasting powerful functionality, high image fidelity, long transmission distance, and low power consumption. It can be used in numerous locations including conference rooms, exhibition halls, shopping malls, stadiums, power plants, schools, hospitals, and coal mines. The fiber optic transmission distance can support up to 10 kilometers, and it features HDMI input and output, ensuring zero latency, no compression, and no image artifacts.<\/p>\n<p data-rm-block-id=\"block-4\"><strong>Caract\u00e9ristiques<\/strong><\/p>\n<ul>\n<li data-rm-block-id=\"block-5\">Prend en charge les r\u00e9solutions de 4096*2160@60HZ 4:4:4 8bit (4:2:2 10bit, 4:2:0 12bit) et HDR<\/li>\n<li data-rm-block-id=\"block-6\">Transmission point \u00e0 point jusqu'\u00e0 10 kilom\u00e8tres ;<\/li>\n<li data-rm-block-id=\"block-7\">Prise en charge de la conversion de l'espace couleur et des fonctions de multiplication de la fr\u00e9quence ;<\/li>\n<li data-rm-block-id=\"block-8\">Supporte HDMI 2.0 et HDCP 2.2 ;<\/li>\n<li data-rm-block-id=\"block-9\">Prend en charge la transmission du signal RS-232 ;<\/li>\n<li data-rm-block-id=\"block-10\">Faible consommation d'\u00e9nergie, l'ensemble du dispositif consommant environ 5W<\/li>\n<li data-rm-block-id=\"block-11\">SDVoE Fiber Extender IPS-1000TR<\/li>\n<\/ul>\n<p data-rm-block-id=\"block-12\"><strong>Sp\u00e9cifications<\/strong><\/p>\n<table>\n<tbody>\n<tr>\n<td colspan=\"2\" data-rm-block-id=\"block-13\"><strong>Interface<\/strong><\/td>\n<\/tr>\n<tr>\n<td data-rm-block-id=\"block-14\">Vid\u00e9o<\/td>\n<td data-rm-block-id=\"block-15\">HDMI V2.0<\/td>\n<\/tr>\n<tr>\n<td data-rm-block-id=\"block-16\">HDCP<\/td>\n<td data-rm-block-id=\"block-17\">HPCP 2.2<\/td>\n<\/tr>\n<tr>\n<td data-rm-block-id=\"block-18\">RS 232 - Contr\u00f4le<\/td>\n<td data-rm-block-id=\"block-19\">Prend en charge la transmission bidirectionnelle RS-232, avec une vitesse de transmission maximale de 115200.<\/td>\n<\/tr>\n<tr>\n<td colspan=\"2\" data-rm-block-id=\"block-20\"><strong>Indicateurs<\/strong><\/td>\n<\/tr>\n<tr>\n<td data-rm-block-id=\"block-21\">Entr\u00e9e\/sortie HDMI<\/td>\n<td data-rm-block-id=\"block-22\">Interface HDMI de type A<\/td>\n<\/tr>\n<tr>\n<td data-rm-block-id=\"block-23\">RS 232<\/td>\n<td>\n<p data-rm-block-id=\"block-24\">1 x 3 broches 3,5 mm standard, connecteur Phoenix<\/p>\n<p data-rm-block-id=\"block-25\">Utilis\u00e9 en conjonction avec Phoenix1844223<\/p>\n<\/td>\n<\/tr>\n<tr>\n<td colspan=\"2\" data-rm-block-id=\"block-26\"><strong>Format vid\u00e9o<\/strong><\/td>\n<\/tr>\n<tr>\n<td data-rm-block-id=\"block-27\">Horloge<\/td>\n<td data-rm-block-id=\"block-28\">Taux d'horloge des pixels pris en charge jusqu'\u00e0 596 MHz<\/td>\n<\/tr>\n<tr>\n<td data-rm-block-id=\"block-29\">R\u00e9solutions<\/td>\n<td data-rm-block-id=\"block-30\">La r\u00e9solution la plus \u00e9lev\u00e9e est de 4096*2160@60HZ (4:4:4) 8 bits.<\/td>\n<\/tr>\n<tr>\n<td data-rm-block-id=\"block-31\">Retard du signal vid\u00e9o<\/td>\n<td data-rm-block-id=\"block-32\">&lt;1ms<\/td>\n<\/tr>\n<tr>\n<td data-rm-block-id=\"block-33\">Distance de transmission<\/td>\n<td data-rm-block-id=\"block-34\">Limit\u00e9e par le type de module optique, la distance de transmission maximale est de 10 km.<\/td>\n<\/tr>\n<tr>\n<td data-rm-block-id=\"block-35\">Alimentation \u00e9lectrique<\/td>\n<td data-rm-block-id=\"block-36\">Unit\u00e9 d'interface entr\u00e9e\/sortie : \u22645W<\/td>\n<\/tr>\n<tr>\n<td data-rm-block-id=\"block-37\">Adaptateur secteur<\/td>\n<td data-rm-block-id=\"block-38\">Entr\u00e9e : 100-240VAC, 50-60HZ \/ Sortie : +12VDC@2.0A<\/td>\n<\/tr>\n<tr>\n<td data-rm-block-id=\"block-39\">Dimensions du produit<\/td>\n<td data-rm-block-id=\"block-40\">143mm*88mm*21mm<\/td>\n<\/tr>\n<tr>\n<td data-rm-block-id=\"block-41\">Poids du produit<\/td>\n<td data-rm-block-id=\"block-42\">Poids unitaire : 0.3KG<\/td>\n<\/tr>\n<tr>\n<td data-rm-block-id=\"block-43\">Temp\u00e9rature de fonctionnement<\/td>\n<td data-rm-block-id=\"block-44\">+32\u00b0 \u00e0 104\u00b0F (0\u00b0 \u00e0 + 40\u00b0C)<\/td>\n<\/tr>\n<tr>\n<td data-rm-block-id=\"block-45\">Temp\u00e9rature de surface<\/td>\n<td data-rm-block-id=\"block-46\">\u00c9l\u00e9ment Tx : 98.6\u00b0F (37\u00b0C) ; \u00e9l\u00e9ment Rx : 105,8\u00b0F (41\u00b0C)<\/td>\n<\/tr>\n<tr>\n<td data-rm-block-id=\"block-47\">Temp\u00e9rature de stockage<\/td>\n<td data-rm-block-id=\"block-48\">De -4\u00b0 \u00e0 +158\u00b0F (-20\u00b0 \u00e0 +70\u00b0C)<\/td>\n<\/tr>\n<tr>\n<td data-rm-block-id=\"block-49\">Humidit\u00e9 de travail\/de stockage<\/td>\n<td data-rm-block-id=\"block-50\">10% \u00e0 90% (non consolidant)<\/td>\n<\/tr>\n<\/tbody>\n<\/table>\n<p data-rm-block-id=\"block-51\">","protected":false},"excerpt":{"rendered":"<ul>\n<li style=\"list-style-type: none;\"><\/li>\n<li>MODEL:\u00a0 IPS-1000TR<\/li>\n<li>Prend en charge les r\u00e9solutions de 4096*2160@60HZ 4:4:4 8bit (4:2:2 10bit, 4:2:0 12bit) et HDR<\/li>\n<li>Transmission point \u00e0 point jusqu'\u00e0 10 kilom\u00e8tres ;<\/li>\n<li>Prise en charge de la conversion de l'espace couleur et des fonctions de multiplication de la fr\u00e9quence ;<\/li>\n<li>Supporte HDMI 2.0 et HDCP 2.2 ;<\/li>\n<li>Prend en charge la transmission du signal RS-232 ;<\/li>\n<li>Faible consommation d'\u00e9nergie, l'ensemble du dispositif consommant environ 5W<\/li>\n<\/ul>","protected":false},"featured_media":14366,"comment_status":"open","ping_status":"closed","template":"","meta":{"site-sidebar-layout":"default","site-content-layout":"","ast-site-content-layout":"default","site-content-style":"default","site-sidebar-style":"default","ast-global-header-display":"","ast-banner-title-visibility":"","ast-main-header-display":"","ast-hfb-above-header-display":"","ast-hfb-below-header-display":"","ast-hfb-mobile-header-display":"","site-post-title":"","ast-breadcrumbs-content":"","ast-featured-img":"","footer-sml-layout":"","theme-transparent-header-meta":"default","adv-header-id-meta":"","stick-header-meta":"default","header-above-stick-meta":"","header-main-stick-meta":"","header-below-stick-meta":"","astra-migrate-meta-layouts":"set","ast-page-background-enabled":"default","ast-page-background-meta":{"desktop":{"background-color":"","background-image":"","background-repeat":"repeat","background-position":"center center","background-size":"auto","background-attachment":"scroll","background-type":"","background-media":"","overlay-type":"","overlay-color":"","overlay-opacity":"","overlay-gradient":""},"tablet":{"background-color":"","background-image":"","background-repeat":"repeat","background-position":"center center","background-size":"auto","background-attachment":"scroll","background-type":"","background-media":"","overlay-type":"","overlay-color":"","overlay-opacity":"","overlay-gradient":""},"mobile":{"background-color":"","background-image":"","background-repeat":"repeat","background-position":"center center","background-size":"auto","background-attachment":"scroll","background-type":"","background-media":"","overlay-type":"","overlay-color":"","overlay-opacity":"","overlay-gradient":""}},"ast-content-background-meta":{"desktop":{"background-color":"var(--ast-global-color-5)","background-image":"","background-repeat":"repeat","background-position":"center center","background-size":"auto","background-attachment":"scroll","background-type":"","background-media":"","overlay-type":"","overlay-color":"","overlay-opacity":"","overlay-gradient":""},"tablet":{"background-color":"var(--ast-global-color-5)","background-image":"","background-repeat":"repeat","background-position":"center center","background-size":"auto","background-attachment":"scroll","background-type":"","background-media":"","overlay-type":"","overlay-color":"","overlay-opacity":"","overlay-gradient":""},"mobile":{"background-color":"var(--ast-global-color-5)","background-image":"","background-repeat":"repeat","background-position":"center center","background-size":"auto","background-attachment":"scroll","background-type":"","background-media":"","overlay-type":"","overlay-color":"","overlay-opacity":"","overlay-gradient":""}}},"product_brand":[],"product_cat":[15,144,159],"product_tag":[],"class_list":{"0":"post-14364","1":"product","2":"type-product","3":"status-publish","4":"has-post-thumbnail","6":"product_cat-product","7":"product_cat-av-over-ip","8":"product_cat-sdvoe","9":"desktop-align-left","10":"tablet-align-left","11":"mobile-align-left","12":"ast-product-gallery-layout-horizontal-slider","13":"ast-product-tabs-layout-horizontal","15":"first","16":"instock","17":"shipping-taxable","18":"product-type-simple"},"_links":{"self":[{"href":"https:\/\/beinghd.com\/fr\/wp-json\/wp\/v2\/product\/14364","targetHints":{"allow":["GET"]}}],"collection":[{"href":"https:\/\/beinghd.com\/fr\/wp-json\/wp\/v2\/product"}],"about":[{"href":"https:\/\/beinghd.com\/fr\/wp-json\/wp\/v2\/types\/product"}],"replies":[{"embeddable":true,"href":"https:\/\/beinghd.com\/fr\/wp-json\/wp\/v2\/comments?post=14364"}],"version-history":[{"count":0,"href":"https:\/\/beinghd.com\/fr\/wp-json\/wp\/v2\/product\/14364\/revisions"}],"wp:featuredmedia":[{"embeddable":true,"href":"https:\/\/beinghd.com\/fr\/wp-json\/wp\/v2\/media\/14366"}],"wp:attachment":[{"href":"https:\/\/beinghd.com\/fr\/wp-json\/wp\/v2\/media?parent=14364"}],"wp:term":[{"taxonomy":"product_brand","embeddable":true,"href":"https:\/\/beinghd.com\/fr\/wp-json\/wp\/v2\/product_brand?post=14364"},{"taxonomy":"product_cat","embeddable":true,"href":"https:\/\/beinghd.com\/fr\/wp-json\/wp\/v2\/product_cat?post=14364"},{"taxonomy":"product_tag","embeddable":true,"href":"https:\/\/beinghd.com\/fr\/wp-json\/wp\/v2\/product_tag?post=14364"}],"curies":[{"name":"wp","href":"https:\/\/api.w.org\/{rel}","templated":true}]}}