{"id":12063,"date":"2025-12-31T07:28:45","date_gmt":"2025-12-31T06:28:45","guid":{"rendered":"https:\/\/beinghd.com\/?post_type=product&#038;p=12063"},"modified":"2026-04-11T22:30:05","modified_gmt":"2026-04-12T02:30:05","slug":"36x36-modular-matrix-switcher-with-ipad-app-control","status":"publish","type":"product","link":"https:\/\/beinghd.com\/it\/prodotto\/36x36-modular-matrix-switcher-with-ipad-app-control\/","title":{"rendered":"Switcher a matrice modulare 36\u00d736 con controllo APP per iPad"},"content":{"rendered":"<p data-rm-block-id=\"block-1\"><img fetchpriority=\"high\" decoding=\"async\" class=\"aligncenter wp-image-12078\" src=\"https:\/\/www.beinghd.com\/wp-content\/uploads\/2025\/12\/word-image-12063-1.png\" alt=\"Commutatore a matrice modulare 36x36\" width=\"663\" height=\"683\" srcset=\"https:\/\/beinghd.com\/wp-content\/uploads\/2025\/12\/word-image-12063-1.png 663w, https:\/\/beinghd.com\/wp-content\/uploads\/2025\/12\/word-image-12063-1-291x300.png 291w, https:\/\/beinghd.com\/wp-content\/uploads\/2025\/12\/word-image-12063-1-12x12.png 12w, https:\/\/beinghd.com\/wp-content\/uploads\/2025\/12\/word-image-12063-1-600x618.png 600w\" sizes=\"(max-width: 663px) 100vw, 663px\" \/><\/p>\n<p data-rm-block-id=\"block-2\"><strong>Introduzione<br \/>\nThe 36&#215;36 Modular Matrix Switcher (Model FM-3600) is a high-performance AV solution with a modular chassis, featuring 36 input slots and 36 output slots<br \/>\n<\/strong><\/p>\n<p data-rm-block-id=\"block-3\">This is a modular matrix switcher, with 9 input slots and 9 output slots, so it can support maximum 36 inputs and 36 outputs as it\u2019s using 1-card 4-port cards, the signals are including the DVI, HDMI, HDBasT, Fiber Optic, 3G-SDI. Users are able to have mixed signals inputs and mixed signals outputs.<\/p>\n<p data-rm-block-id=\"block-4\">La velocit\u00e0 di commutazione del segnale a canale singolo pu\u00f2 raggiungere i 12,5 Gbps e la scheda principale utilizza la tecnologia di elaborazione a quattro core e quattro link, la velocit\u00e0 di commutazione pu\u00f2 raggiungere i 32 Gbps. Con la tecnologia di trasmissione non compressa per il segnale digitale, per garantire l'uscita dell'immagine ad alta fedelt\u00e0. L'esclusiva tecnologia di progettazione della schermatura dei collegamenti del segnale assicura la completezza del segnale, mentre il commutatore di dati interno ha una capacit\u00e0 super forte di resistere ai disturbi e una lunga capacit\u00e0 di lavoro continuo e stabile. Supporta il funzionamento continuo 7*24 e con il doppio controllo di backup LAN e RS232, \u00e8 conveniente per gli utenti controllare tramite PC, iPad, APP e 3<sup>rd<\/sup> parti di controllo centrale tramite i comandi di controllo RS232.<\/p>\n<p data-rm-block-id=\"block-5\">Grazie al doppio controllo RS232 e LAN, gli utenti possono anche impostare e controllare semplicemente le apparecchiature circostanti, come il proiettore, la tenda elettrica e i televisori.<\/p>\n<p data-rm-block-id=\"block-6\">Questi commutatori a matrice sono stati ampiamente utilizzati in conferenze, progetti radiotelevisivi, sale conferenze multimediali, progetti di visualizzazione su grande schermo, insegnamento televisivo, centri di controllo e cos\u00ec via.<br \/>\nThe 36&#215;36 Modular Matrix Switcher (Model FM-3600) features a modular chassis with 36 input slots and 36 output slots, supporting seamless switching and iPad APP control. Get a custom quote today!<\/p>\n<p data-rm-block-id=\"block-7\"><strong>Caratteristiche<\/strong><\/p>\n<ul>\n<li data-rm-block-id=\"block-8\"><a id=\"post-12063-OLE_LINK4\"><\/a> Telaio di progettazione modulare, con 36 slot di ingresso e 36 slot di uscita<\/li>\n<li data-rm-block-id=\"block-9\">1-card 4-port input and output card,36&#215;36 Modular Matrix Switcher<\/li>\n<li data-rm-block-id=\"block-10\">Supports 1080P and 4K60 for selections<\/li>\n<li data-rm-block-id=\"block-11\">Supporta DVI-I\/ HDMI\/ 3GSDI\/ HDBaseT\/ Fibra per miscelare ingresso e uscita<\/li>\n<li data-rm-block-id=\"block-12\">Supporto Video wall e commutazione senza soluzione di continuit\u00e0 con le schede 1080P e 4K60<\/li>\n<li data-rm-block-id=\"block-13\">Supporto della funzione audio da 3,5 mm incorporata e de-incorporata<\/li>\n<li data-rm-block-id=\"block-14\">Supporto della funzione di scalatura su\/gi\u00f9 tramite interruttore DIP<\/li>\n<li data-rm-block-id=\"block-15\">Supporto di due porte LAN e RS232 per il controllo di backup<\/li>\n<li data-rm-block-id=\"block-16\">Pulsanti frontali con luci di sfondo, pi\u00f9 facili da usare in qualsiasi momento<\/li>\n<li data-rm-block-id=\"block-17\">Supporto della protezione di risparmio automatico e della funzione di recupero automatico durante l'interruzione dell'alimentazione<\/li>\n<\/ul>\n<p data-rm-block-id=\"block-18\"><strong>Specifiche<\/strong><\/p>\n<table>\n<tbody>\n<tr>\n<td data-rm-block-id=\"block-19\"><strong>Modello<\/strong><\/td>\n<td data-rm-block-id=\"block-20\"><strong>FM-3600<\/strong><\/td>\n<\/tr>\n<tr>\n<td data-rm-block-id=\"block-21\"><strong>Descrizione<\/strong><\/td>\n<td data-rm-block-id=\"block-22\">36&#215;36\u00a0modular\u00a0matrix\u00a0switcher<\/td>\n<\/tr>\n<tr>\n<td data-rm-block-id=\"block-23\"><strong>Ingresso<\/strong><\/td>\n<td data-rm-block-id=\"block-24\">1 scheda a 4 porte di ingresso, tra cui DVI\/HDMI\/VGA\/CVBS\/YPbPr\/SDI\/ HDBaseT\/Fibra<\/td>\n<\/tr>\n<tr>\n<td data-rm-block-id=\"block-25\"><strong>Uscita<\/strong><\/td>\n<td data-rm-block-id=\"block-26\">1 scheda a 4 porte di uscita, tra cui DVI\/HDMI\/VGA\/CVBS\/YPbPr\/SDI\/ HDBaseT\/Fibra<\/td>\n<\/tr>\n<tr>\n<td data-rm-block-id=\"block-27\"><strong>Protocollo standard<\/strong><\/td>\n<td data-rm-block-id=\"block-28\">Supporta HDMI1.4, HDCP1.4, HDMI2.0.HDCP2.2<\/td>\n<\/tr>\n<tr>\n<td data-rm-block-id=\"block-29\"><strong>Spazio colore<\/strong><\/td>\n<td data-rm-block-id=\"block-30\">Supporto RGB444, YUV444, YUV422, estensione del colore standard x.v.C.<\/td>\n<\/tr>\n<tr>\n<td data-rm-block-id=\"block-31\"><strong>Risoluzione<\/strong><\/td>\n<td data-rm-block-id=\"block-32\">640\u00d7480-3840\u00d72160@60Hz (VESA), 480i-4K@60Hz (HDTV)<\/td>\n<\/tr>\n<tr>\n<td data-rm-block-id=\"block-33\"><strong>Distanza<\/strong><\/td>\n<td data-rm-block-id=\"block-34\">HDMI\/DVI: 15m\/40ft; HDBaseT: 70m\/220ft; Fibra: 2km\/6000ft<\/td>\n<\/tr>\n<tr>\n<td data-rm-block-id=\"block-35\"><strong>Controllo<\/strong><\/td>\n<td data-rm-block-id=\"block-36\">App iOS\/Android, GUI WEB, RS232 e pulsanti frontali con luce di sfondo<\/td>\n<\/tr>\n<tr>\n<td data-rm-block-id=\"block-37\"><strong>Potenza<\/strong><\/td>\n<td data-rm-block-id=\"block-38\">CA: 110V-260V 50\/60Hz<\/td>\n<\/tr>\n<tr>\n<td data-rm-block-id=\"block-39\"><strong>Consumo<\/strong><\/td>\n<td data-rm-block-id=\"block-40\">17W (senza schede)<\/td>\n<\/tr>\n<tr>\n<td data-rm-block-id=\"block-41\"><strong>Dimensione<\/strong><\/td>\n<td data-rm-block-id=\"block-42\">6U, 482*405*267(mm)\/ 18.97*15.35*10.5(inch); Packing size: 56*51*25(cm)<\/td>\n<\/tr>\n<tr>\n<td data-rm-block-id=\"block-43\"><strong>Peso<\/strong><\/td>\n<td data-rm-block-id=\"block-44\">13kg\/ 28,66lbs (senza carte)<\/td>\n<\/tr>\n<tr>\n<td data-rm-block-id=\"block-45\"><strong>Temperatura di lavoro<\/strong><\/td>\n<td data-rm-block-id=\"block-46\">0\u2103 ~50\u2103<\/td>\n<\/tr>\n<tr>\n<td data-rm-block-id=\"block-47\"><strong>Temperatura di stoccaggio<\/strong><\/td>\n<td data-rm-block-id=\"block-48\">-20\u2103 ~55\u2103<\/td>\n<\/tr>\n<\/tbody>\n<\/table>\n<p data-rm-block-id=\"block-49\"><strong>Scheda di ingresso e uscita<\/strong><\/p>\n<p data-rm-block-id=\"block-50\"><img decoding=\"async\" width=\"613\" height=\"322\" class=\"wp-image-12079\" src=\"https:\/\/www.beinghd.com\/wp-content\/uploads\/2025\/12\/word-image-12063-2.png\" srcset=\"https:\/\/beinghd.com\/wp-content\/uploads\/2025\/12\/word-image-12063-2.png 613w, https:\/\/beinghd.com\/wp-content\/uploads\/2025\/12\/word-image-12063-2-300x158.png 300w, https:\/\/beinghd.com\/wp-content\/uploads\/2025\/12\/word-image-12063-2-18x9.png 18w, https:\/\/beinghd.com\/wp-content\/uploads\/2025\/12\/word-image-12063-2-600x315.png 600w\" sizes=\"(max-width: 613px) 100vw, 613px\" \/> <img decoding=\"async\" width=\"578\" height=\"324\" class=\"wp-image-12080\" src=\"https:\/\/www.beinghd.com\/wp-content\/uploads\/2025\/12\/word-image-12063-3.png\" srcset=\"https:\/\/beinghd.com\/wp-content\/uploads\/2025\/12\/word-image-12063-3.png 578w, https:\/\/beinghd.com\/wp-content\/uploads\/2025\/12\/word-image-12063-3-300x168.png 300w, https:\/\/beinghd.com\/wp-content\/uploads\/2025\/12\/word-image-12063-3-18x10.png 18w\" sizes=\"(max-width: 578px) 100vw, 578px\" \/><\/p>\n<p data-rm-block-id=\"block-51\"><strong>Matrix Size Drawing(482*282*385)mm(L*H*D)<\/strong><\/p>\n<p data-rm-block-id=\"block-52\"><img loading=\"lazy\" decoding=\"async\" width=\"1211\" height=\"836\" class=\"wp-image-12081\" src=\"https:\/\/www.beinghd.com\/wp-content\/uploads\/2025\/12\/word-image-12063-4.png\" srcset=\"https:\/\/beinghd.com\/wp-content\/uploads\/2025\/12\/word-image-12063-4.png 1211w, https:\/\/beinghd.com\/wp-content\/uploads\/2025\/12\/word-image-12063-4-300x207.png 300w, https:\/\/beinghd.com\/wp-content\/uploads\/2025\/12\/word-image-12063-4-1024x707.png 1024w, https:\/\/beinghd.com\/wp-content\/uploads\/2025\/12\/word-image-12063-4-768x530.png 768w, https:\/\/beinghd.com\/wp-content\/uploads\/2025\/12\/word-image-12063-4-18x12.png 18w, https:\/\/beinghd.com\/wp-content\/uploads\/2025\/12\/word-image-12063-4-600x414.png 600w, https:\/\/beinghd.com\/wp-content\/uploads\/2025\/12\/word-image-12063-4-1200x828.png 1200w\" sizes=\"(max-width: 1211px) 100vw, 1211px\" \/><\/p>\n<p data-rm-block-id=\"block-53\"><a id=\"post-12063-OLE_LINK1\"><\/a><strong>Schema di collegamento<\/strong><\/p>\n<p data-rm-block-id=\"block-54\"><img loading=\"lazy\" decoding=\"async\" width=\"1851\" height=\"1036\" class=\"wp-image-12082\" src=\"https:\/\/www.beinghd.com\/wp-content\/uploads\/2025\/12\/word-image-12063-5.png\" srcset=\"https:\/\/beinghd.com\/wp-content\/uploads\/2025\/12\/word-image-12063-5.png 1851w, https:\/\/beinghd.com\/wp-content\/uploads\/2025\/12\/word-image-12063-5-300x168.png 300w, https:\/\/beinghd.com\/wp-content\/uploads\/2025\/12\/word-image-12063-5-1024x573.png 1024w, https:\/\/beinghd.com\/wp-content\/uploads\/2025\/12\/word-image-12063-5-768x430.png 768w, https:\/\/beinghd.com\/wp-content\/uploads\/2025\/12\/word-image-12063-5-1536x860.png 1536w, https:\/\/beinghd.com\/wp-content\/uploads\/2025\/12\/word-image-12063-5-18x10.png 18w, https:\/\/beinghd.com\/wp-content\/uploads\/2025\/12\/word-image-12063-5-600x336.png 600w, https:\/\/beinghd.com\/wp-content\/uploads\/2025\/12\/word-image-12063-5-1200x672.png 1200w\" sizes=\"(max-width: 1851px) 100vw, 1851px\" \/><\/p>","protected":false},"excerpt":{"rendered":"<ul>\n<li>Model:\u00a0 FM-3600<\/li>\n<li>Telaio di progettazione modulare, con 36 slot di ingresso e 36 slot di uscita<\/li>\n<li>Scheda a 4 porte di ingresso e uscita a 1 scheda<\/li>\n<li>Supports 1080P and 4K60 for selections<\/li>\n<li>Supporta DVI-I\/ HDMI\/ 3GSDI\/ HDBaseT\/ Fibra per miscelare ingresso e uscita<\/li>\n<li>Supporto Video wall e commutazione senza soluzione di continuit\u00e0 con le schede 1080P e 4K60<\/li>\n<li>Supporto della funzione audio da 3,5 mm incorporata e de-incorporata<\/li>\n<li>Supporto della funzione di scalatura su\/gi\u00f9 tramite interruttore DIP<\/li>\n<li>Supporto di due porte LAN e RS232 per il controllo di backup<\/li>\n<li>Pulsanti frontali con luci di sfondo, pi\u00f9 facili da usare in qualsiasi momento<\/li>\n<li>Supporto della protezione di risparmio automatico e della funzione di recupero automatico durante l'interruzione dell'alimentazione<\/li>\n<\/ul>","protected":false},"featured_media":13691,"comment_status":"open","ping_status":"closed","template":"","meta":{"site-sidebar-layout":"default","site-content-layout":"","ast-site-content-layout":"default","site-content-style":"default","site-sidebar-style":"default","ast-global-header-display":"","ast-banner-title-visibility":"","ast-main-header-display":"","ast-hfb-above-header-display":"","ast-hfb-below-header-display":"","ast-hfb-mobile-header-display":"","site-post-title":"","ast-breadcrumbs-content":"","ast-featured-img":"","footer-sml-layout":"","theme-transparent-header-meta":"default","adv-header-id-meta":"","stick-header-meta":"default","header-above-stick-meta":"","header-main-stick-meta":"","header-below-stick-meta":"","astra-migrate-meta-layouts":"set","ast-page-background-enabled":"default","ast-page-background-meta":{"desktop":{"background-color":"","background-image":"","background-repeat":"repeat","background-position":"center center","background-size":"auto","background-attachment":"scroll","background-type":"","background-media":"","overlay-type":"","overlay-color":"","overlay-opacity":"","overlay-gradient":""},"tablet":{"background-color":"","background-image":"","background-repeat":"repeat","background-position":"center center","background-size":"auto","background-attachment":"scroll","background-type":"","background-media":"","overlay-type":"","overlay-color":"","overlay-opacity":"","overlay-gradient":""},"mobile":{"background-color":"","background-image":"","background-repeat":"repeat","background-position":"center center","background-size":"auto","background-attachment":"scroll","background-type":"","background-media":"","overlay-type":"","overlay-color":"","overlay-opacity":"","overlay-gradient":""}},"ast-content-background-meta":{"desktop":{"background-color":"var(--ast-global-color-5)","background-image":"","background-repeat":"repeat","background-position":"center center","background-size":"auto","background-attachment":"scroll","background-type":"","background-media":"","overlay-type":"","overlay-color":"","overlay-opacity":"","overlay-gradient":""},"tablet":{"background-color":"var(--ast-global-color-5)","background-image":"","background-repeat":"repeat","background-position":"center center","background-size":"auto","background-attachment":"scroll","background-type":"","background-media":"","overlay-type":"","overlay-color":"","overlay-opacity":"","overlay-gradient":""},"mobile":{"background-color":"var(--ast-global-color-5)","background-image":"","background-repeat":"repeat","background-position":"center center","background-size":"auto","background-attachment":"scroll","background-type":"","background-media":"","overlay-type":"","overlay-color":"","overlay-opacity":"","overlay-gradient":""}}},"product_brand":[],"product_cat":[15,135,149],"product_tag":[],"class_list":{"0":"post-12063","1":"product","2":"type-product","3":"status-publish","4":"has-post-thumbnail","6":"product_cat-product","7":"product_cat-modular-matrix-switcher","8":"product_cat-fm-series","9":"desktop-align-left","10":"tablet-align-left","11":"mobile-align-left","12":"ast-product-gallery-layout-horizontal-slider","13":"ast-product-tabs-layout-horizontal","15":"first","16":"instock","17":"shipping-taxable","18":"product-type-simple"},"_links":{"self":[{"href":"https:\/\/beinghd.com\/it\/wp-json\/wp\/v2\/product\/12063","targetHints":{"allow":["GET"]}}],"collection":[{"href":"https:\/\/beinghd.com\/it\/wp-json\/wp\/v2\/product"}],"about":[{"href":"https:\/\/beinghd.com\/it\/wp-json\/wp\/v2\/types\/product"}],"replies":[{"embeddable":true,"href":"https:\/\/beinghd.com\/it\/wp-json\/wp\/v2\/comments?post=12063"}],"version-history":[{"count":0,"href":"https:\/\/beinghd.com\/it\/wp-json\/wp\/v2\/product\/12063\/revisions"}],"wp:featuredmedia":[{"embeddable":true,"href":"https:\/\/beinghd.com\/it\/wp-json\/wp\/v2\/media\/13691"}],"wp:attachment":[{"href":"https:\/\/beinghd.com\/it\/wp-json\/wp\/v2\/media?parent=12063"}],"wp:term":[{"taxonomy":"product_brand","embeddable":true,"href":"https:\/\/beinghd.com\/it\/wp-json\/wp\/v2\/product_brand?post=12063"},{"taxonomy":"product_cat","embeddable":true,"href":"https:\/\/beinghd.com\/it\/wp-json\/wp\/v2\/product_cat?post=12063"},{"taxonomy":"product_tag","embeddable":true,"href":"https:\/\/beinghd.com\/it\/wp-json\/wp\/v2\/product_tag?post=12063"}],"curies":[{"name":"wp","href":"https:\/\/api.w.org\/{rel}","templated":true}]}}