{"id":12087,"date":"2025-12-31T08:02:37","date_gmt":"2025-12-31T07:02:37","guid":{"rendered":"https:\/\/beinghd.com\/?post_type=product&#038;p=12087"},"modified":"2025-12-31T09:15:19","modified_gmt":"2025-12-31T08:15:19","slug":"48x48-modular-matrix-switcher-with-ipad-app-control","status":"publish","type":"product","link":"https:\/\/beinghd.com\/it\/prodotto\/48x48-modular-matrix-switcher-with-ipad-app-control\/","title":{"rendered":"Switch a matrice modulare 48\u00d748 con controllo tramite APP per iPad"},"content":{"rendered":"<p><img fetchpriority=\"high\" decoding=\"async\" width=\"1876\" height=\"717\" class=\"wp-image-12096\" src=\"https:\/\/www.beinghd.com\/wp-content\/uploads\/2025\/12\/word-image-12087-1.png\" srcset=\"https:\/\/beinghd.com\/wp-content\/uploads\/2025\/12\/word-image-12087-1.png 1876w, https:\/\/beinghd.com\/wp-content\/uploads\/2025\/12\/word-image-12087-1-300x115.png 300w, https:\/\/beinghd.com\/wp-content\/uploads\/2025\/12\/word-image-12087-1-1024x391.png 1024w, https:\/\/beinghd.com\/wp-content\/uploads\/2025\/12\/word-image-12087-1-768x294.png 768w, https:\/\/beinghd.com\/wp-content\/uploads\/2025\/12\/word-image-12087-1-1536x587.png 1536w, https:\/\/beinghd.com\/wp-content\/uploads\/2025\/12\/word-image-12087-1-18x7.png 18w, https:\/\/beinghd.com\/wp-content\/uploads\/2025\/12\/word-image-12087-1-600x229.png 600w, https:\/\/beinghd.com\/wp-content\/uploads\/2025\/12\/word-image-12087-1-1200x459.png 1200w\" sizes=\"(max-width: 1876px) 100vw, 1876px\" \/><\/p>\n<p><strong>Introduzione<\/strong><\/p>\n<p>Si tratta di un commutatore a matrice modulare, con 12 slot di ingresso e 12 slot di uscita, in grado di supportare un massimo di 48 ingressi e 48 uscite; tutte le schede di ingresso e uscita utilizzano 1 scheda a 4 porte; i segnali includono DVI, HDMI, HDBasT, fibra ottica, 3G\/12G-SDI. Gli utenti possono disporre di segnali misti in ingresso e in uscita.<\/p>\n<p>L'esclusiva tecnologia di schermatura dei collegamenti di segnale per garantire la completezza del segnale, il commutatore di dati interno ha una capacit\u00e0 di resistenza ai disturbi molto forte e una lunga capacit\u00e0 di lavoro continuo e stabile. Supporta il funzionamento continuo 7*24 e con il doppio controllo di backup LAN e RS232, \u00e8 conveniente per gli utenti controllare tramite PC, iPad, APP e il controllo centrale di terze parti con i comandi di controllo RS232.<\/p>\n<p><strong>Caratteristiche<\/strong><\/p>\n<ul>\n<li>Telaio di progettazione modulare, con 12 slot di ingresso e 12 slot di uscita<\/li>\n<li>Schede a 1 porta e 4 porte<\/li>\n<li>Supporta schede 1080P, 4K30 e 4K60 per le selezioni<\/li>\n<li>Supporta DVI-I\/ HDMI\/ 3G\/12G-SDI\/ HDBaseT\/Fibra da miscelare con<\/li>\n<li>Supporto Video wall e commutazione senza soluzione di continuit\u00e0 con le schede 1080P e 4K60<\/li>\n<li>Supporto della funzione audio da 3,5 mm incorporata e de-incorporata<\/li>\n<li>Supporto della funzione di scalatura su\/gi\u00f9 tramite interruttore DIP<\/li>\n<li>Supporto di due porte LAN e RS232 per il controllo di backup<\/li>\n<li>Supporta GUI WEB, APP, touch screen da 7 pollici, controllo dei comandi RS232<\/li>\n<li>Supporto della protezione di risparmio automatico e della funzione di recupero automatico durante l'interruzione dell'alimentazione<\/li>\n<\/ul>\n<p><strong>Specifiche<\/strong><\/p>\n<table>\n<tbody>\n<tr>\n<td><strong>Nome<\/strong><\/td>\n<td><strong>Telaio a matrice modulare 48\u00d748<\/strong><\/td>\n<\/tr>\n<tr>\n<td><strong>Descrizione<\/strong><\/td>\n<td>Telaio del sistema a matrice modulare 48\u00d748<\/td>\n<\/tr>\n<tr>\n<td><strong>Ingresso<\/strong><\/td>\n<td>1 scheda a 4 porte di ingresso, tra cui DVI\/HDMI\/VGA\/CVBS\/YPbPr\/SDI\/ HDBaseT\/Fibra<\/td>\n<\/tr>\n<tr>\n<td><strong>Uscita<\/strong><\/td>\n<td>1 scheda a 4 porte di uscita, tra cui DVI\/HDMI\/VGA\/CVBS\/YPbPr\/SDI\/ HDBaseT\/Fibra<\/td>\n<\/tr>\n<tr>\n<td><strong>Protocollo standard<\/strong><\/td>\n<td>Supporto HDMI1.4, HDMI2.0, DVI1.0.  HDCP1.4, HDP2.2<\/td>\n<\/tr>\n<tr>\n<td><strong>Spazio colore<\/strong><\/td>\n<td>Supporto RGB444, YUV444, YUV422, estensione del colore standard x.v.C.<\/td>\n<\/tr>\n<tr>\n<td><strong>Risoluzione<\/strong><\/td>\n<td>640\u00d7480-3840\u00d72160@60Hz (VESA), 480i-4K@60Hz (HDTV)<\/td>\n<\/tr>\n<tr>\n<td><strong>Distanza<\/strong><\/td>\n<td>HDMI\/DVI: 15m\/40ft; HDBaseT: 70m\/220ft; Fibra: 2km\/6000ft<\/td>\n<\/tr>\n<tr>\n<td><strong>Controllo<\/strong><\/td>\n<td>App iOS\/Android, GUI WEB, RS232 e schermo tattile a colori da 10\u2033.<\/td>\n<\/tr>\n<tr>\n<td><strong>Potenza<\/strong><\/td>\n<td>CA: 110V-260V 50\/60Hz<\/td>\n<\/tr>\n<tr>\n<td><strong>Consumo<\/strong><\/td>\n<td>50W (senza schede)<\/td>\n<\/tr>\n<tr>\n<td><strong>Dimensione<\/strong><\/td>\n<td>8U, 482x385x355(mm)\/ 18,97*15,35*13,97(pollici); Imballaggio: 60*55*51(cm)<\/td>\n<\/tr>\n<tr>\n<td><strong>Peso<\/strong><\/td>\n<td>25kg\/55.12lbs (senza carte)<\/td>\n<\/tr>\n<tr>\n<td><strong>Temperatura di lavoro<\/strong><\/td>\n<td>0\u2103 ~50\u2103<\/td>\n<\/tr>\n<tr>\n<td><strong>Temperatura di stoccaggio<\/strong><\/td>\n<td>-20\u2103 ~55\u2103<\/td>\n<\/tr>\n<\/tbody>\n<\/table>\n<p><strong>Schede di ingresso e di uscita:<\/strong><\/p>\n<p><img decoding=\"async\" width=\"1740\" height=\"1476\" class=\"wp-image-12097\" src=\"https:\/\/www.beinghd.com\/wp-content\/uploads\/2025\/12\/word-image-12087-2.png\" srcset=\"https:\/\/beinghd.com\/wp-content\/uploads\/2025\/12\/word-image-12087-2.png 1740w, https:\/\/beinghd.com\/wp-content\/uploads\/2025\/12\/word-image-12087-2-300x254.png 300w, https:\/\/beinghd.com\/wp-content\/uploads\/2025\/12\/word-image-12087-2-1024x869.png 1024w, https:\/\/beinghd.com\/wp-content\/uploads\/2025\/12\/word-image-12087-2-768x651.png 768w, https:\/\/beinghd.com\/wp-content\/uploads\/2025\/12\/word-image-12087-2-1536x1303.png 1536w, https:\/\/beinghd.com\/wp-content\/uploads\/2025\/12\/word-image-12087-2-14x12.png 14w, https:\/\/beinghd.com\/wp-content\/uploads\/2025\/12\/word-image-12087-2-600x509.png 600w, https:\/\/beinghd.com\/wp-content\/uploads\/2025\/12\/word-image-12087-2-1200x1018.png 1200w\" sizes=\"(max-width: 1740px) 100vw, 1740px\" \/><\/p>\n<p><img decoding=\"async\" width=\"934\" height=\"1396\" class=\"wp-image-12098\" src=\"https:\/\/www.beinghd.com\/wp-content\/uploads\/2025\/12\/word-image-12087-3.png\" srcset=\"https:\/\/beinghd.com\/wp-content\/uploads\/2025\/12\/word-image-12087-3.png 934w, https:\/\/beinghd.com\/wp-content\/uploads\/2025\/12\/word-image-12087-3-201x300.png 201w, https:\/\/beinghd.com\/wp-content\/uploads\/2025\/12\/word-image-12087-3-685x1024.png 685w, https:\/\/beinghd.com\/wp-content\/uploads\/2025\/12\/word-image-12087-3-768x1148.png 768w, https:\/\/beinghd.com\/wp-content\/uploads\/2025\/12\/word-image-12087-3-8x12.png 8w, https:\/\/beinghd.com\/wp-content\/uploads\/2025\/12\/word-image-12087-3-600x897.png 600w\" sizes=\"(max-width: 934px) 100vw, 934px\" \/><\/p>\n<p><strong>Dimensione del prodotto (mm)<\/strong><\/p>\n<p><img loading=\"lazy\" decoding=\"async\" width=\"1199\" height=\"498\" class=\"wp-image-12099\" src=\"https:\/\/www.beinghd.com\/wp-content\/uploads\/2025\/12\/word-image-12087-4.png\" srcset=\"https:\/\/beinghd.com\/wp-content\/uploads\/2025\/12\/word-image-12087-4.png 1199w, https:\/\/beinghd.com\/wp-content\/uploads\/2025\/12\/word-image-12087-4-300x125.png 300w, https:\/\/beinghd.com\/wp-content\/uploads\/2025\/12\/word-image-12087-4-1024x425.png 1024w, https:\/\/beinghd.com\/wp-content\/uploads\/2025\/12\/word-image-12087-4-768x319.png 768w, https:\/\/beinghd.com\/wp-content\/uploads\/2025\/12\/word-image-12087-4-18x7.png 18w, https:\/\/beinghd.com\/wp-content\/uploads\/2025\/12\/word-image-12087-4-600x249.png 600w\" sizes=\"(max-width: 1199px) 100vw, 1199px\" \/><\/p>\n<p><strong>Schema di collegamento<\/strong><\/p>\n<p><img loading=\"lazy\" decoding=\"async\" width=\"2080\" height=\"1351\" class=\"wp-image-12100\" src=\"https:\/\/www.beinghd.com\/wp-content\/uploads\/2025\/12\/word-image-12087-5.png\" srcset=\"https:\/\/beinghd.com\/wp-content\/uploads\/2025\/12\/word-image-12087-5.png 2080w, https:\/\/beinghd.com\/wp-content\/uploads\/2025\/12\/word-image-12087-5-300x195.png 300w, https:\/\/beinghd.com\/wp-content\/uploads\/2025\/12\/word-image-12087-5-1024x665.png 1024w, https:\/\/beinghd.com\/wp-content\/uploads\/2025\/12\/word-image-12087-5-768x499.png 768w, https:\/\/beinghd.com\/wp-content\/uploads\/2025\/12\/word-image-12087-5-1536x998.png 1536w, https:\/\/beinghd.com\/wp-content\/uploads\/2025\/12\/word-image-12087-5-2048x1330.png 2048w, https:\/\/beinghd.com\/wp-content\/uploads\/2025\/12\/word-image-12087-5-18x12.png 18w, https:\/\/beinghd.com\/wp-content\/uploads\/2025\/12\/word-image-12087-5-600x390.png 600w, https:\/\/beinghd.com\/wp-content\/uploads\/2025\/12\/word-image-12087-5-1200x779.png 1200w\" sizes=\"(max-width: 2080px) 100vw, 2080px\" \/><\/p>\n<p>&nbsp;<\/p>","protected":false},"excerpt":{"rendered":"<ul>\n<li>Telaio di progettazione modulare, con 12 slot di ingresso e 12 slot di uscita<\/li>\n<li>Schede a 1 porta e 4 porte<\/li>\n<li>Supporta schede 1080P, 4K30 e 4K60 per le selezioni<\/li>\n<li>Supporta DVI-I\/ HDMI\/ 3G\/12G-SDI\/ HDBaseT\/Fibra da miscelare con<\/li>\n<li>Supporto Video wall e commutazione senza soluzione di continuit\u00e0 con le schede 1080P e 4K60<\/li>\n<li>Supporto della funzione audio da 3,5 mm incorporata e de-incorporata<\/li>\n<li>Supporto della funzione di scalatura su\/gi\u00f9 tramite interruttore DIP<\/li>\n<li>Supporto di due porte LAN e RS232 per il controllo di backup<\/li>\n<li>Supporta GUI WEB, APP, touch screen da 7 pollici, controllo dei comandi RS232<\/li>\n<li>Supporto della protezione di risparmio automatico e della funzione di recupero automatico durante l'interruzione dell'alimentazione<\/li>\n<\/ul>","protected":false},"featured_media":12118,"comment_status":"open","ping_status":"closed","template":"","meta":{"site-sidebar-layout":"default","site-content-layout":"","ast-site-content-layout":"default","site-content-style":"default","site-sidebar-style":"default","ast-global-header-display":"","ast-banner-title-visibility":"","ast-main-header-display":"","ast-hfb-above-header-display":"","ast-hfb-below-header-display":"","ast-hfb-mobile-header-display":"","site-post-title":"","ast-breadcrumbs-content":"","ast-featured-img":"","footer-sml-layout":"","theme-transparent-header-meta":"default","adv-header-id-meta":"","stick-header-meta":"default","header-above-stick-meta":"","header-main-stick-meta":"","header-below-stick-meta":"","astra-migrate-meta-layouts":"set","ast-page-background-enabled":"default","ast-page-background-meta":{"desktop":{"background-color":"","background-image":"","background-repeat":"repeat","background-position":"center center","background-size":"auto","background-attachment":"scroll","background-type":"","background-media":"","overlay-type":"","overlay-color":"","overlay-opacity":"","overlay-gradient":""},"tablet":{"background-color":"","background-image":"","background-repeat":"repeat","background-position":"center center","background-size":"auto","background-attachment":"scroll","background-type":"","background-media":"","overlay-type":"","overlay-color":"","overlay-opacity":"","overlay-gradient":""},"mobile":{"background-color":"","background-image":"","background-repeat":"repeat","background-position":"center center","background-size":"auto","background-attachment":"scroll","background-type":"","background-media":"","overlay-type":"","overlay-color":"","overlay-opacity":"","overlay-gradient":""}},"ast-content-background-meta":{"desktop":{"background-color":"var(--ast-global-color-5)","background-image":"","background-repeat":"repeat","background-position":"center center","background-size":"auto","background-attachment":"scroll","background-type":"","background-media":"","overlay-type":"","overlay-color":"","overlay-opacity":"","overlay-gradient":""},"tablet":{"background-color":"var(--ast-global-color-5)","background-image":"","background-repeat":"repeat","background-position":"center center","background-size":"auto","background-attachment":"scroll","background-type":"","background-media":"","overlay-type":"","overlay-color":"","overlay-opacity":"","overlay-gradient":""},"mobile":{"background-color":"var(--ast-global-color-5)","background-image":"","background-repeat":"repeat","background-position":"center center","background-size":"auto","background-attachment":"scroll","background-type":"","background-media":"","overlay-type":"","overlay-color":"","overlay-opacity":"","overlay-gradient":""}}},"product_brand":[],"product_cat":[15,135,149],"product_tag":[],"class_list":{"0":"post-12087","1":"product","2":"type-product","3":"status-publish","4":"has-post-thumbnail","6":"product_cat-product","7":"product_cat-modular-matrix-switcher","8":"product_cat-fm-series","9":"desktop-align-left","10":"tablet-align-left","11":"mobile-align-left","12":"ast-product-gallery-layout-horizontal-slider","13":"ast-product-tabs-layout-horizontal","15":"first","16":"instock","17":"shipping-taxable","18":"product-type-simple"},"_links":{"self":[{"href":"https:\/\/beinghd.com\/it\/wp-json\/wp\/v2\/product\/12087","targetHints":{"allow":["GET"]}}],"collection":[{"href":"https:\/\/beinghd.com\/it\/wp-json\/wp\/v2\/product"}],"about":[{"href":"https:\/\/beinghd.com\/it\/wp-json\/wp\/v2\/types\/product"}],"replies":[{"embeddable":true,"href":"https:\/\/beinghd.com\/it\/wp-json\/wp\/v2\/comments?post=12087"}],"version-history":[{"count":0,"href":"https:\/\/beinghd.com\/it\/wp-json\/wp\/v2\/product\/12087\/revisions"}],"wp:featuredmedia":[{"embeddable":true,"href":"https:\/\/beinghd.com\/it\/wp-json\/wp\/v2\/media\/12118"}],"wp:attachment":[{"href":"https:\/\/beinghd.com\/it\/wp-json\/wp\/v2\/media?parent=12087"}],"wp:term":[{"taxonomy":"product_brand","embeddable":true,"href":"https:\/\/beinghd.com\/it\/wp-json\/wp\/v2\/product_brand?post=12087"},{"taxonomy":"product_cat","embeddable":true,"href":"https:\/\/beinghd.com\/it\/wp-json\/wp\/v2\/product_cat?post=12087"},{"taxonomy":"product_tag","embeddable":true,"href":"https:\/\/beinghd.com\/it\/wp-json\/wp\/v2\/product_tag?post=12087"}],"curies":[{"name":"wp","href":"https:\/\/api.w.org\/{rel}","templated":true}]}}