{"id":12750,"date":"2026-01-04T12:52:01","date_gmt":"2026-01-04T11:52:01","guid":{"rendered":"https:\/\/beinghd.com\/?post_type=product&#038;p=12750"},"modified":"2026-01-04T13:13:58","modified_gmt":"2026-01-04T12:13:58","slug":"vm-8x8-modular-matrix-switcher-with-ipad-app-control","status":"publish","type":"product","link":"https:\/\/beinghd.com\/it\/prodotto\/vm-8x8-modular-matrix-switcher-with-ipad-app-control\/","title":{"rendered":"Commutatore a matrice modulare VM 8\u00d78 con controllo tramite APP per iPad"},"content":{"rendered":"<p><img fetchpriority=\"high\" decoding=\"async\" width=\"2560\" height=\"963\" class=\"wp-image-12752\" src=\"https:\/\/www.beinghd.com\/wp-content\/uploads\/2026\/01\/word-image-12750-1-scaled.png\" srcset=\"https:\/\/beinghd.com\/wp-content\/uploads\/2026\/01\/word-image-12750-1-scaled.png 2560w, https:\/\/beinghd.com\/wp-content\/uploads\/2026\/01\/word-image-12750-1-300x113.png 300w, https:\/\/beinghd.com\/wp-content\/uploads\/2026\/01\/word-image-12750-1-1024x385.png 1024w, https:\/\/beinghd.com\/wp-content\/uploads\/2026\/01\/word-image-12750-1-768x289.png 768w, https:\/\/beinghd.com\/wp-content\/uploads\/2026\/01\/word-image-12750-1-1536x578.png 1536w, https:\/\/beinghd.com\/wp-content\/uploads\/2026\/01\/word-image-12750-1-2048x771.png 2048w, https:\/\/beinghd.com\/wp-content\/uploads\/2026\/01\/word-image-12750-1-18x7.png 18w, https:\/\/beinghd.com\/wp-content\/uploads\/2026\/01\/word-image-12750-1-600x226.png 600w, https:\/\/beinghd.com\/wp-content\/uploads\/2026\/01\/word-image-12750-1-1200x452.png 1200w\" sizes=\"(max-width: 2560px) 100vw, 2560px\" \/><\/p>\n<p><strong>Introduzione<\/strong><\/p>\n<p>Si tratta di un commutatore a matrice modulare, con 2 slot di ingresso e 2 slot di uscita, in grado di supportare un massimo di 8 ingressi e 8 uscite grazie all'utilizzo di schede a 1 porta, i cui segnali includono DVI, HDMI, HDBasT, fibra ottica e 3G-SDI. Gli utenti possono disporre di segnali misti in ingresso e in uscita.<\/p>\n<p>La velocit\u00e0 di commutazione del segnale a canale singolo pu\u00f2 raggiungere i 12,5 Gbps e la scheda principale utilizza la tecnologia di elaborazione a quattro core e quattro link, la velocit\u00e0 di commutazione pu\u00f2 raggiungere i 32 Gbps. Con la tecnologia di trasmissione non compressa per il segnale digitale, per garantire l'uscita dell'immagine ad alta fedelt\u00e0. L'esclusiva tecnologia di progettazione della schermatura dei collegamenti del segnale assicura la completezza del segnale, mentre il commutatore di dati interno ha una capacit\u00e0 super forte di resistere ai disturbi e una lunga capacit\u00e0 di lavoro continuo e stabile. Supporta il funzionamento continuo 7*24 e con il doppio controllo di backup LAN e RS232, \u00e8 conveniente per gli utenti controllare tramite PC, iPad, APP e 3<sup>rd<\/sup> parti di controllo centrale tramite i comandi di controllo RS232.<\/p>\n<p>Grazie al doppio controllo RS232 e LAN, gli utenti possono anche impostare e controllare semplicemente le apparecchiature circostanti, come il proiettore, la tenda elettrica e i televisori.<\/p>\n<p>Questi commutatori a matrice sono stati ampiamente utilizzati in conferenze, progetti radiotelevisivi, sale conferenze multimediali, progetti di visualizzazione su grande schermo, insegnamento televisivo, centri di controllo e cos\u00ec via.<\/p>\n<p><strong>Caratteristiche<\/strong><\/p>\n<ul>\n<li><a id=\"post-12750-OLE_LINK4\"><\/a> Modular designing chassis, with 2 input slots and 2 output slots<\/li>\n<li>Scheda a 4 porte di ingresso e uscita a 1 scheda<\/li>\n<li>Supporta schede 1080P, 4K30 e 4K60 per le selezioni<\/li>\n<li>Supporta DVI-I\/ HDMI\/ 3GSDI\/ HDBaseT\/ Fibra per miscelare ingresso e uscita<\/li>\n<li>Supporto Video wall e commutazione senza soluzione di continuit\u00e0 con le schede 1080P e 4K60<\/li>\n<li>Supporto della funzione audio da 3,5 mm incorporata e de-incorporata<\/li>\n<li>Supporto della funzione di scalatura su\/gi\u00f9 tramite interruttore DIP<\/li>\n<li>Supporto di due porte LAN e RS232 per il controllo di backup<\/li>\n<li>Pulsanti frontali con luci di sfondo, pi\u00f9 facili da usare in qualsiasi momento<\/li>\n<li>Supporto della protezione di risparmio automatico e della funzione di recupero automatico durante l'interruzione dell'alimentazione<\/li>\n<\/ul>\n<p><strong>Specifiche<\/strong><\/p>\n<table>\n<tbody>\n<tr>\n<td><strong>Modello<\/strong><\/td>\n<td><strong>FM-800<\/strong><\/td>\n<\/tr>\n<tr>\n<td><strong>Descrizione<\/strong><\/td>\n<td>Matrice modulare 8\u00d78<\/td>\n<\/tr>\n<tr>\n<td><strong>Ingresso<\/strong><\/td>\n<td>1 scheda a 4 porte di ingresso, tra cui DVI\/HDMI\/VGA\/CVBS\/YPbPr\/SDI\/ HDBaseT\/Fibra<\/td>\n<\/tr>\n<tr>\n<td><strong>Uscita<\/strong><\/td>\n<td>Supporto dell'uscita DVI\/HDMI\/VGA\/CVBS\/YPbPr\/SDI\/HDBaseT\/Fibra Otpic<\/td>\n<\/tr>\n<tr>\n<td><strong>Protocollo standard<\/strong><\/td>\n<td>Supporta HDMI1.4, HDCP1.4, HDMI2.0.HDCP2.2<\/td>\n<\/tr>\n<tr>\n<td><strong>Spazio colore<\/strong><\/td>\n<td>Supporto RGB444, YUV444, YUV422, estensione del colore standard x.v.C.<\/td>\n<\/tr>\n<tr>\n<td><strong>Risoluzione<\/strong><\/td>\n<td>640\u00d7480-3840\u00d72160@60Hz (VESA), 480i-4K@60Hz (HDTV)<\/td>\n<\/tr>\n<tr>\n<td><strong>Distanza<\/strong><\/td>\n<td>HDMI\/DVI: 15m\/40ft; HDBaseT: 70m\/220ft; Fibra: 2km\/6000ft<\/td>\n<\/tr>\n<tr>\n<td><strong>Controllo<\/strong><\/td>\n<td>App iOS\/Android, GUI WEB, RS232 e pulsanti frontali con luce di sfondo<\/td>\n<\/tr>\n<tr>\n<td><strong>Potenza<\/strong><\/td>\n<td>CA: 110V-260V 50\/60Hz<\/td>\n<\/tr>\n<tr>\n<td><strong>Consumo<\/strong><\/td>\n<td>15W (senza schede)<\/td>\n<\/tr>\n<tr>\n<td><strong>Dimensione<\/strong><\/td>\n<td>2U, 482*385*89(mm)<\/td>\n<\/tr>\n<tr>\n<td><strong>Peso<\/strong><\/td>\n<td>6kg\/ 13,22lbs (senza carte)<\/td>\n<\/tr>\n<tr>\n<td><strong>Temperatura di lavoro<\/strong><\/td>\n<td>0\u2103 ~50\u2103<\/td>\n<\/tr>\n<tr>\n<td><strong>Temperatura di stoccaggio<\/strong><\/td>\n<td>-20\u2103 ~55\u2103<\/td>\n<\/tr>\n<\/tbody>\n<\/table>\n<p><strong>Matrix Size Drawing <\/strong><\/p>\n<p><img decoding=\"async\" width=\"1072\" height=\"1166\" class=\"wp-image-12753\" src=\"https:\/\/www.beinghd.com\/wp-content\/uploads\/2026\/01\/395bcead4f6ee27f3dfd8d056e8fea4.png\" alt=\"395bcead4f6ee27f3dfd8d056e8fea4\" srcset=\"https:\/\/beinghd.com\/wp-content\/uploads\/2026\/01\/395bcead4f6ee27f3dfd8d056e8fea4.png 1072w, https:\/\/beinghd.com\/wp-content\/uploads\/2026\/01\/395bcead4f6ee27f3dfd8d056e8fea4-276x300.png 276w, https:\/\/beinghd.com\/wp-content\/uploads\/2026\/01\/395bcead4f6ee27f3dfd8d056e8fea4-941x1024.png 941w, https:\/\/beinghd.com\/wp-content\/uploads\/2026\/01\/395bcead4f6ee27f3dfd8d056e8fea4-768x835.png 768w, https:\/\/beinghd.com\/wp-content\/uploads\/2026\/01\/395bcead4f6ee27f3dfd8d056e8fea4-11x12.png 11w, https:\/\/beinghd.com\/wp-content\/uploads\/2026\/01\/395bcead4f6ee27f3dfd8d056e8fea4-600x653.png 600w\" sizes=\"(max-width: 1072px) 100vw, 1072px\" \/><\/p>\n<p><a id=\"post-12750-OLE_LINK1\"><\/a><strong>Schema di collegamento<\/strong><\/p>\n<p><img decoding=\"async\" width=\"1341\" height=\"755\" class=\"wp-image-12754\" src=\"https:\/\/www.beinghd.com\/wp-content\/uploads\/2026\/01\/fm800.jpeg\" alt=\"FM800\" srcset=\"https:\/\/beinghd.com\/wp-content\/uploads\/2026\/01\/fm800.jpeg 1341w, https:\/\/beinghd.com\/wp-content\/uploads\/2026\/01\/fm800-300x169.jpeg 300w, https:\/\/beinghd.com\/wp-content\/uploads\/2026\/01\/fm800-1024x577.jpeg 1024w, https:\/\/beinghd.com\/wp-content\/uploads\/2026\/01\/fm800-768x432.jpeg 768w, https:\/\/beinghd.com\/wp-content\/uploads\/2026\/01\/fm800-18x10.jpeg 18w, https:\/\/beinghd.com\/wp-content\/uploads\/2026\/01\/fm800-600x338.jpeg 600w, https:\/\/beinghd.com\/wp-content\/uploads\/2026\/01\/fm800-1200x676.jpeg 1200w\" sizes=\"(max-width: 1341px) 100vw, 1341px\" \/><\/p>\n<p>&nbsp;<\/p>","protected":false},"excerpt":{"rendered":"<ul>\n<li>Modular designing chassis, with 2 input slots and 2 output slots<\/li>\n<li>Scheda a 4 porte di ingresso e uscita a 1 scheda<\/li>\n<li>Supporta schede 1080P, 4K30 e 4K60 per le selezioni<\/li>\n<li>Supporta DVI-I\/ HDMI\/ 3GSDI\/ HDBaseT\/ Fibra per miscelare ingresso e uscita<\/li>\n<li>Supporto Video wall e commutazione senza soluzione di continuit\u00e0 con le schede 1080P e 4K60<\/li>\n<li>Supporto della funzione audio da 3,5 mm incorporata e de-incorporata<\/li>\n<li>Supporto della funzione di scalatura su\/gi\u00f9 tramite interruttore DIP<\/li>\n<li>Supporto di due porte LAN e RS232 per il controllo di backup<\/li>\n<li>Pulsanti frontali con luci di sfondo, pi\u00f9 facili da usare in qualsiasi momento<\/li>\n<li>Supporto della protezione di risparmio automatico e della funzione di recupero automatico durante l'interruzione dell'alimentazione<\/li>\n<\/ul>","protected":false},"featured_media":12751,"comment_status":"open","ping_status":"closed","template":"","meta":{"site-sidebar-layout":"default","site-content-layout":"","ast-site-content-layout":"default","site-content-style":"default","site-sidebar-style":"default","ast-global-header-display":"","ast-banner-title-visibility":"","ast-main-header-display":"","ast-hfb-above-header-display":"","ast-hfb-below-header-display":"","ast-hfb-mobile-header-display":"","site-post-title":"","ast-breadcrumbs-content":"","ast-featured-img":"","footer-sml-layout":"","theme-transparent-header-meta":"default","adv-header-id-meta":"","stick-header-meta":"default","header-above-stick-meta":"","header-main-stick-meta":"","header-below-stick-meta":"","astra-migrate-meta-layouts":"set","ast-page-background-enabled":"default","ast-page-background-meta":{"desktop":{"background-color":"","background-image":"","background-repeat":"repeat","background-position":"center center","background-size":"auto","background-attachment":"scroll","background-type":"","background-media":"","overlay-type":"","overlay-color":"","overlay-opacity":"","overlay-gradient":""},"tablet":{"background-color":"","background-image":"","background-repeat":"repeat","background-position":"center center","background-size":"auto","background-attachment":"scroll","background-type":"","background-media":"","overlay-type":"","overlay-color":"","overlay-opacity":"","overlay-gradient":""},"mobile":{"background-color":"","background-image":"","background-repeat":"repeat","background-position":"center center","background-size":"auto","background-attachment":"scroll","background-type":"","background-media":"","overlay-type":"","overlay-color":"","overlay-opacity":"","overlay-gradient":""}},"ast-content-background-meta":{"desktop":{"background-color":"var(--ast-global-color-5)","background-image":"","background-repeat":"repeat","background-position":"center center","background-size":"auto","background-attachment":"scroll","background-type":"","background-media":"","overlay-type":"","overlay-color":"","overlay-opacity":"","overlay-gradient":""},"tablet":{"background-color":"var(--ast-global-color-5)","background-image":"","background-repeat":"repeat","background-position":"center center","background-size":"auto","background-attachment":"scroll","background-type":"","background-media":"","overlay-type":"","overlay-color":"","overlay-opacity":"","overlay-gradient":""},"mobile":{"background-color":"var(--ast-global-color-5)","background-image":"","background-repeat":"repeat","background-position":"center center","background-size":"auto","background-attachment":"scroll","background-type":"","background-media":"","overlay-type":"","overlay-color":"","overlay-opacity":"","overlay-gradient":""}}},"product_brand":[],"product_cat":[15,135,151],"product_tag":[],"class_list":{"0":"post-12750","1":"product","2":"type-product","3":"status-publish","4":"has-post-thumbnail","6":"product_cat-product","7":"product_cat-modular-matrix-switcher","8":"product_cat-vm-series","9":"desktop-align-left","10":"tablet-align-left","11":"mobile-align-left","12":"ast-product-gallery-layout-horizontal-slider","13":"ast-product-tabs-layout-horizontal","15":"first","16":"instock","17":"shipping-taxable","18":"product-type-simple"},"_links":{"self":[{"href":"https:\/\/beinghd.com\/it\/wp-json\/wp\/v2\/product\/12750","targetHints":{"allow":["GET"]}}],"collection":[{"href":"https:\/\/beinghd.com\/it\/wp-json\/wp\/v2\/product"}],"about":[{"href":"https:\/\/beinghd.com\/it\/wp-json\/wp\/v2\/types\/product"}],"replies":[{"embeddable":true,"href":"https:\/\/beinghd.com\/it\/wp-json\/wp\/v2\/comments?post=12750"}],"version-history":[{"count":0,"href":"https:\/\/beinghd.com\/it\/wp-json\/wp\/v2\/product\/12750\/revisions"}],"wp:featuredmedia":[{"embeddable":true,"href":"https:\/\/beinghd.com\/it\/wp-json\/wp\/v2\/media\/12751"}],"wp:attachment":[{"href":"https:\/\/beinghd.com\/it\/wp-json\/wp\/v2\/media?parent=12750"}],"wp:term":[{"taxonomy":"product_brand","embeddable":true,"href":"https:\/\/beinghd.com\/it\/wp-json\/wp\/v2\/product_brand?post=12750"},{"taxonomy":"product_cat","embeddable":true,"href":"https:\/\/beinghd.com\/it\/wp-json\/wp\/v2\/product_cat?post=12750"},{"taxonomy":"product_tag","embeddable":true,"href":"https:\/\/beinghd.com\/it\/wp-json\/wp\/v2\/product_tag?post=12750"}],"curies":[{"name":"wp","href":"https:\/\/api.w.org\/{rel}","templated":true}]}}