{"id":11958,"date":"2025-12-29T14:12:07","date_gmt":"2025-12-29T13:12:07","guid":{"rendered":"https:\/\/beinghd.com\/?post_type=product&#038;p=11958"},"modified":"2025-12-31T07:03:08","modified_gmt":"2025-12-31T06:03:08","slug":"8x8-modular-matrix-switcher-with-ipad-app-control","status":"publish","type":"product","link":"https:\/\/beinghd.com\/pt\/produto\/8x8-modular-matrix-switcher-with-ipad-app-control\/","title":{"rendered":"8\u00d78 Modular Matrix Switcher com controle de APP para iPad"},"content":{"rendered":"<p><img fetchpriority=\"high\" decoding=\"async\" width=\"1080\" height=\"696\" class=\"wp-image-11989\" src=\"https:\/\/www.beinghd.com\/wp-content\/uploads\/2025\/12\/word-image-11958-1-2.png\" srcset=\"https:\/\/beinghd.com\/wp-content\/uploads\/2025\/12\/word-image-11958-1-2.png 1080w, https:\/\/beinghd.com\/wp-content\/uploads\/2025\/12\/word-image-11958-1-2-600x387.png 600w, https:\/\/beinghd.com\/wp-content\/uploads\/2025\/12\/word-image-11958-1-2-300x193.png 300w, https:\/\/beinghd.com\/wp-content\/uploads\/2025\/12\/word-image-11958-1-2-768x495.png 768w, https:\/\/beinghd.com\/wp-content\/uploads\/2025\/12\/word-image-11958-1-2-1024x660.png 1024w, https:\/\/beinghd.com\/wp-content\/uploads\/2025\/12\/word-image-11958-1-2-18x12.png 18w\" sizes=\"(max-width: 1080px) 100vw, 1080px\" \/><\/p>\n<p><strong>Introdu\u00e7\u00e3o<\/strong><\/p>\n<p>Esse \u00e9 um switcher de matriz modular, com 2 slots de entrada e 2 slots de sa\u00edda, de modo que ele pode suportar no m\u00e1ximo 8 entradas e 8 sa\u00eddas, pois est\u00e1 usando as placas de 1 cart\u00e3o e 1 porta, os sinais incluem DVI, HDMI, HDBasT, fibra \u00f3ptica, 3G-SDI. Os usu\u00e1rios podem ter entradas e sa\u00eddas de sinais mistos.<\/p>\n<p>A velocidade de comuta\u00e7\u00e3o do sinal de canal \u00fanico pode chegar a 12,5 Gbps, e a placa principal usa a tecnologia de processamento de quatro n\u00facleos e quatro links, e a velocidade da capacidade de comuta\u00e7\u00e3o pode chegar a 32 Gbps. Com tecnologia de transmiss\u00e3o n\u00e3o compactada para o sinal digital, para garantir a sa\u00edda de alta fidelidade da imagem. A tecnologia exclusiva de design de blindagem de links de sinal para garantir a integridade do sinal, o switch de dados interno tem uma capacidade super forte de resistir a dist\u00farbios e uma capacidade de trabalho est\u00e1vel e cont\u00ednua de longo prazo. Suporta trabalho cont\u00ednuo de 7*24 e, com controle de backup duplo de LAN e RS232, \u00e9 conveniente para os usu\u00e1rios controlarem via PC, iPad, APP e os 3<sup>rd<\/sup> controle central das partes por meio dos comandos de controle RS232.<\/p>\n<p>Com o controle duplo de RS232 e LAN, os usu\u00e1rios tamb\u00e9m podem simplesmente configurar e controlar o equipamento ao redor, como o projetor, a cortina el\u00e9trica e as TVs.<\/p>\n<p>Esses switchers de matriz t\u00eam sido amplamente utilizados em confer\u00eancias, projetos de r\u00e1dio e televis\u00e3o, salas de confer\u00eancia multim\u00eddia, projetos de exibi\u00e7\u00e3o em tela grande, ensino de televis\u00e3o, centro de controle de comando e outras aplica\u00e7\u00f5es.<\/p>\n<p><strong>Recursos<\/strong><\/p>\n<ul>\n<li><a id=\"post-11958-OLE_LINK4\"><\/a> Chassi de design modular, com 8 slots de entrada e 8 slots de sa\u00edda<\/li>\n<li>Placa de entrada e sa\u00edda de 4 portas com 1 cart\u00e3o<\/li>\n<li>Suporta cart\u00f5es 1080P, 4K30 e 4K60 para sele\u00e7\u00f5es<\/li>\n<li>Suporta DVI-I\/ HDMI\/ 3GSDI\/ HDBaseT\/ Fibra para misturar entrada e sa\u00edda<\/li>\n<li>Suporte a video wall e comuta\u00e7\u00e3o cont\u00ednua com as placas 1080P e 4K60<\/li>\n<li>Suporte \u00e0 fun\u00e7\u00e3o de \u00e1udio de 3,5 mm incorporado e desincorporado<\/li>\n<li>Suporte \u00e0 fun\u00e7\u00e3o de escala para cima\/para baixo por meio da chave DIP<\/li>\n<li>Suporte a portas LAN e RS232 duplas para controle de backup<\/li>\n<li>Bot\u00f5es frontais com luzes de fundo, mais f\u00e1ceis de operar a qualquer momento<\/li>\n<li>Suporte \u00e0 prote\u00e7\u00e3o de salvamento autom\u00e1tico e \u00e0 fun\u00e7\u00e3o de recupera\u00e7\u00e3o autom\u00e1tica durante o corte de energia<\/li>\n<\/ul>\n<p><strong>Especifica\u00e7\u00e3o<\/strong><\/p>\n<table>\n<tbody>\n<tr>\n<td><strong>Modelo<\/strong><\/td>\n<td><strong>FM-800<\/strong><\/td>\n<\/tr>\n<tr>\n<td><strong>Descri\u00e7\u00e3o<\/strong><\/td>\n<td>Comutador de matriz modular 8\u00d78<\/td>\n<\/tr>\n<tr>\n<td><strong>Entrada<\/strong><\/td>\n<td>1 cart\u00e3o com 4 portas de entrada, incluindo DVI\/HDMI\/VGA\/CVBS\/YPbPr\/SDI\/HDBaseT\/Fibra<\/td>\n<\/tr>\n<tr>\n<td><strong>Sa\u00edda<\/strong><\/td>\n<td>Suporte para sa\u00edda DVI\/HDMI\/VGA\/CVBS\/YPbPr\/SDI\/HDBaseT\/Fibra \u00f3tica<\/td>\n<\/tr>\n<tr>\n<td><strong>Padr\u00e3o de protocolo<\/strong><\/td>\n<td>Compat\u00edvel com HDMI1.4, HDCP1.4, HDMI2.0, HDCP2.2<\/td>\n<\/tr>\n<tr>\n<td><strong>Espa\u00e7o de cores<\/strong><\/td>\n<td>Suporte a RGB444, YUV444, YUV422, extens\u00e3o de cor padr\u00e3o x.v.C<\/td>\n<\/tr>\n<tr>\n<td><strong>Resolu\u00e7\u00e3o<\/strong><\/td>\n<td>640\u00d7480-3840\u00d72160@60Hz (VESA), 480i-4K@60Hz (HDTV)<\/td>\n<\/tr>\n<tr>\n<td><strong>Dist\u00e2ncia<\/strong><\/td>\n<td>HDMI\/DVI: 15m\/40 p\u00e9s; HDBaseT: 70m\/220 p\u00e9s; Fibra: 2km\/6000 p\u00e9s<\/td>\n<\/tr>\n<tr>\n<td><strong>Controle<\/strong><\/td>\n<td>Aplicativos iOS\/Android, GUI WEB, RS232 e bot\u00f5es frontais com luz de fundo<\/td>\n<\/tr>\n<tr>\n<td><strong>Pot\u00eancia<\/strong><\/td>\n<td>CA: 110V-260V 50\/60Hz<\/td>\n<\/tr>\n<tr>\n<td><strong>Consumo<\/strong><\/td>\n<td>15W (sem cart\u00f5es)<\/td>\n<\/tr>\n<tr>\n<td><strong>Dimens\u00e3o<\/strong><\/td>\n<td>2U, 482*405*89(mm)\/18,97*15,35*3,51(pol.); tamanho da embalagem: 56X51X20(cm)<\/td>\n<\/tr>\n<tr>\n<td><strong>Peso<\/strong><\/td>\n<td>6kg\/ 13,22lbs (sem cart\u00f5es)<\/td>\n<\/tr>\n<tr>\n<td><strong>Temperatura de trabalho<\/strong><\/td>\n<td>0\u2103 ~50\u2103<\/td>\n<\/tr>\n<tr>\n<td><strong>Temperatura de armazenamento<\/strong><\/td>\n<td>-20\u2103 ~55\u2103<\/td>\n<\/tr>\n<\/tbody>\n<\/table>\n<p><strong>Placa de entrada e sa\u00edda<\/strong><\/p>\n<p><img decoding=\"async\" width=\"613\" height=\"322\" class=\"wp-image-11990\" src=\"https:\/\/www.beinghd.com\/wp-content\/uploads\/2025\/12\/word-image-11958-2-2.png\" srcset=\"https:\/\/beinghd.com\/wp-content\/uploads\/2025\/12\/word-image-11958-2-2.png 613w, https:\/\/beinghd.com\/wp-content\/uploads\/2025\/12\/word-image-11958-2-2-600x315.png 600w, https:\/\/beinghd.com\/wp-content\/uploads\/2025\/12\/word-image-11958-2-2-300x158.png 300w, https:\/\/beinghd.com\/wp-content\/uploads\/2025\/12\/word-image-11958-2-2-18x9.png 18w\" sizes=\"(max-width: 613px) 100vw, 613px\" \/> <img decoding=\"async\" width=\"578\" height=\"324\" class=\"wp-image-11991\" src=\"https:\/\/www.beinghd.com\/wp-content\/uploads\/2025\/12\/word-image-11958-3-2.png\" srcset=\"https:\/\/beinghd.com\/wp-content\/uploads\/2025\/12\/word-image-11958-3-2.png 578w, https:\/\/beinghd.com\/wp-content\/uploads\/2025\/12\/word-image-11958-3-2-300x168.png 300w, https:\/\/beinghd.com\/wp-content\/uploads\/2025\/12\/word-image-11958-3-2-18x10.png 18w\" sizes=\"(max-width: 578px) 100vw, 578px\" \/><\/p>\n<p><strong>Desenho do tamanho da matriz (482*90*385)mm (L*H*D)<\/strong><\/p>\n<p><img loading=\"lazy\" decoding=\"async\" width=\"939\" height=\"842\" class=\"wp-image-11992\" src=\"https:\/\/www.beinghd.com\/wp-content\/uploads\/2025\/12\/word-image-11958-4-2.png\" srcset=\"https:\/\/beinghd.com\/wp-content\/uploads\/2025\/12\/word-image-11958-4-2.png 939w, https:\/\/beinghd.com\/wp-content\/uploads\/2025\/12\/word-image-11958-4-2-600x538.png 600w, https:\/\/beinghd.com\/wp-content\/uploads\/2025\/12\/word-image-11958-4-2-300x269.png 300w, https:\/\/beinghd.com\/wp-content\/uploads\/2025\/12\/word-image-11958-4-2-768x689.png 768w, https:\/\/beinghd.com\/wp-content\/uploads\/2025\/12\/word-image-11958-4-2-13x12.png 13w\" sizes=\"(max-width: 939px) 100vw, 939px\" \/><\/p>\n<p><a id=\"post-11958-OLE_LINK1\"><\/a><strong>Diagrama de conex\u00e3o<\/strong><\/p>\n<p><img decoding=\"async\" class=\"wp-image-11993\" src=\"https:\/\/www.beinghd.com\/wp-content\/uploads\/2025\/12\/fm800-2.jpeg\" alt=\"FM800\" \/><\/p>","protected":false},"excerpt":{"rendered":"<ul>\n<li>Chassi de design modular, com 8 slots de entrada e 8 slots de sa\u00edda<\/li>\n<li>Placa de entrada e sa\u00edda de 4 portas com 1 cart\u00e3o<\/li>\n<li>Suporta cart\u00f5es 1080P, 4K30 e 4K60 para sele\u00e7\u00f5es<\/li>\n<li>Suporta DVI-I\/ HDMI\/ 3GSDI\/ HDBaseT\/ Fibra para misturar entrada e sa\u00edda<\/li>\n<li>Suporte a video wall e comuta\u00e7\u00e3o cont\u00ednua com as placas 1080P e 4K60<\/li>\n<li>Suporte \u00e0 fun\u00e7\u00e3o de \u00e1udio de 3,5 mm incorporado e desincorporado<\/li>\n<li>Suporte \u00e0 fun\u00e7\u00e3o de escala para cima\/para baixo por meio da chave DIP<\/li>\n<li>Suporte a portas LAN e RS232 duplas para controle de backup<\/li>\n<li>Bot\u00f5es frontais com luzes de fundo, mais f\u00e1ceis de operar a qualquer momento<\/li>\n<li>Suporte \u00e0 prote\u00e7\u00e3o de salvamento autom\u00e1tico e \u00e0 fun\u00e7\u00e3o de recupera\u00e7\u00e3o autom\u00e1tica durante o corte de energia<\/li>\n<\/ul>","protected":false},"featured_media":12062,"comment_status":"open","ping_status":"closed","template":"","meta":{"site-sidebar-layout":"default","site-content-layout":"","ast-site-content-layout":"default","site-content-style":"default","site-sidebar-style":"default","ast-global-header-display":"","ast-banner-title-visibility":"","ast-main-header-display":"","ast-hfb-above-header-display":"","ast-hfb-below-header-display":"","ast-hfb-mobile-header-display":"","site-post-title":"","ast-breadcrumbs-content":"","ast-featured-img":"","footer-sml-layout":"","theme-transparent-header-meta":"default","adv-header-id-meta":"","stick-header-meta":"default","header-above-stick-meta":"","header-main-stick-meta":"","header-below-stick-meta":"","astra-migrate-meta-layouts":"set","ast-page-background-enabled":"default","ast-page-background-meta":{"desktop":{"background-color":"","background-image":"","background-repeat":"repeat","background-position":"center center","background-size":"auto","background-attachment":"scroll","background-type":"","background-media":"","overlay-type":"","overlay-color":"","overlay-opacity":"","overlay-gradient":""},"tablet":{"background-color":"","background-image":"","background-repeat":"repeat","background-position":"center center","background-size":"auto","background-attachment":"scroll","background-type":"","background-media":"","overlay-type":"","overlay-color":"","overlay-opacity":"","overlay-gradient":""},"mobile":{"background-color":"","background-image":"","background-repeat":"repeat","background-position":"center center","background-size":"auto","background-attachment":"scroll","background-type":"","background-media":"","overlay-type":"","overlay-color":"","overlay-opacity":"","overlay-gradient":""}},"ast-content-background-meta":{"desktop":{"background-color":"var(--ast-global-color-5)","background-image":"","background-repeat":"repeat","background-position":"center center","background-size":"auto","background-attachment":"scroll","background-type":"","background-media":"","overlay-type":"","overlay-color":"","overlay-opacity":"","overlay-gradient":""},"tablet":{"background-color":"var(--ast-global-color-5)","background-image":"","background-repeat":"repeat","background-position":"center center","background-size":"auto","background-attachment":"scroll","background-type":"","background-media":"","overlay-type":"","overlay-color":"","overlay-opacity":"","overlay-gradient":""},"mobile":{"background-color":"var(--ast-global-color-5)","background-image":"","background-repeat":"repeat","background-position":"center center","background-size":"auto","background-attachment":"scroll","background-type":"","background-media":"","overlay-type":"","overlay-color":"","overlay-opacity":"","overlay-gradient":""}}},"product_brand":[],"product_cat":[15,135,149],"product_tag":[],"class_list":{"0":"post-11958","1":"product","2":"type-product","3":"status-publish","4":"has-post-thumbnail","6":"product_cat-product","7":"product_cat-modular-matrix-switcher","8":"product_cat-fm-series","9":"desktop-align-left","10":"tablet-align-left","11":"mobile-align-left","12":"ast-product-gallery-layout-horizontal-slider","13":"ast-product-tabs-layout-horizontal","15":"first","16":"instock","17":"shipping-taxable","18":"product-type-simple"},"_links":{"self":[{"href":"https:\/\/beinghd.com\/pt\/wp-json\/wp\/v2\/product\/11958","targetHints":{"allow":["GET"]}}],"collection":[{"href":"https:\/\/beinghd.com\/pt\/wp-json\/wp\/v2\/product"}],"about":[{"href":"https:\/\/beinghd.com\/pt\/wp-json\/wp\/v2\/types\/product"}],"replies":[{"embeddable":true,"href":"https:\/\/beinghd.com\/pt\/wp-json\/wp\/v2\/comments?post=11958"}],"version-history":[{"count":0,"href":"https:\/\/beinghd.com\/pt\/wp-json\/wp\/v2\/product\/11958\/revisions"}],"wp:featuredmedia":[{"embeddable":true,"href":"https:\/\/beinghd.com\/pt\/wp-json\/wp\/v2\/media\/12062"}],"wp:attachment":[{"href":"https:\/\/beinghd.com\/pt\/wp-json\/wp\/v2\/media?parent=11958"}],"wp:term":[{"taxonomy":"product_brand","embeddable":true,"href":"https:\/\/beinghd.com\/pt\/wp-json\/wp\/v2\/product_brand?post=11958"},{"taxonomy":"product_cat","embeddable":true,"href":"https:\/\/beinghd.com\/pt\/wp-json\/wp\/v2\/product_cat?post=11958"},{"taxonomy":"product_tag","embeddable":true,"href":"https:\/\/beinghd.com\/pt\/wp-json\/wp\/v2\/product_tag?post=11958"}],"curies":[{"name":"wp","href":"https:\/\/api.w.org\/{rel}","templated":true}]}}