{"id":12087,"date":"2025-12-31T08:02:37","date_gmt":"2025-12-31T07:02:37","guid":{"rendered":"https:\/\/beinghd.com\/?post_type=product&#038;p=12087"},"modified":"2025-12-31T09:15:19","modified_gmt":"2025-12-31T08:15:19","slug":"48x48-modular-matrix-switcher-with-ipad-app-control","status":"publish","type":"product","link":"https:\/\/beinghd.com\/pt\/produto\/48x48-modular-matrix-switcher-with-ipad-app-control\/","title":{"rendered":"Switcher de matriz modular 48\u00d748 com controle de APP para iPad"},"content":{"rendered":"<p><img fetchpriority=\"high\" decoding=\"async\" width=\"1876\" height=\"717\" class=\"wp-image-12096\" src=\"https:\/\/www.beinghd.com\/wp-content\/uploads\/2025\/12\/word-image-12087-1.png\" srcset=\"https:\/\/beinghd.com\/wp-content\/uploads\/2025\/12\/word-image-12087-1.png 1876w, https:\/\/beinghd.com\/wp-content\/uploads\/2025\/12\/word-image-12087-1-300x115.png 300w, https:\/\/beinghd.com\/wp-content\/uploads\/2025\/12\/word-image-12087-1-1024x391.png 1024w, https:\/\/beinghd.com\/wp-content\/uploads\/2025\/12\/word-image-12087-1-768x294.png 768w, https:\/\/beinghd.com\/wp-content\/uploads\/2025\/12\/word-image-12087-1-1536x587.png 1536w, https:\/\/beinghd.com\/wp-content\/uploads\/2025\/12\/word-image-12087-1-18x7.png 18w, https:\/\/beinghd.com\/wp-content\/uploads\/2025\/12\/word-image-12087-1-600x229.png 600w, https:\/\/beinghd.com\/wp-content\/uploads\/2025\/12\/word-image-12087-1-1200x459.png 1200w\" sizes=\"(max-width: 1876px) 100vw, 1876px\" \/><\/p>\n<p><strong>Introdu\u00e7\u00e3o<\/strong><\/p>\n<p>Esse \u00e9 um switcher de matriz modular, com 12 slots de entrada e 12 slots de sa\u00edda, de modo que ele pode suportar no m\u00e1ximo 48 entradas e 48 sa\u00eddas, todas as placas de entrada e sa\u00edda est\u00e3o usando um cart\u00e3o de 4 portas, os sinais incluem DVI, HDMI, HDBasT, fibra \u00f3ptica, 3G\/12G-SDI. Os usu\u00e1rios podem ter entradas e sa\u00eddas de sinais mistos.<\/p>\n<p>A tecnologia exclusiva de design de blindagem de links de sinal para garantir a integridade do sinal, o interruptor de dados interno tem uma capacidade super forte de resistir a dist\u00farbios e uma capacidade de trabalho est\u00e1vel e cont\u00ednua de longa dura\u00e7\u00e3o. Suporta trabalho cont\u00ednuo de 7*24 e, com controle de backup duplo de LAN e RS232, \u00e9 conveniente para os usu\u00e1rios controlarem via PC, iPad, APP e controle central de terceiros pelos comandos de controle RS232.<\/p>\n<p><strong>Recursos<\/strong><\/p>\n<ul>\n<li>Chassi de projeto modular, com 12 slots de entrada e 12 slots de sa\u00edda<\/li>\n<li>Cart\u00f5es de 1 cart\u00e3o e 4 portas<\/li>\n<li>Suporta cart\u00f5es 1080P, 4K30 e 4K60 para sele\u00e7\u00f5es<\/li>\n<li>Suporta DVI-I\/ HDMI\/ 3G\/12G-SDI\/ HDBaseT\/ Fibra para misturar usando<\/li>\n<li>Suporte a video wall e comuta\u00e7\u00e3o cont\u00ednua com as placas 1080P e 4K60<\/li>\n<li>Suporte \u00e0 fun\u00e7\u00e3o de \u00e1udio de 3,5 mm incorporado e desincorporado<\/li>\n<li>Suporte \u00e0 fun\u00e7\u00e3o de escala para cima\/para baixo por meio da chave DIP<\/li>\n<li>Suporte a portas LAN e RS232 duplas para controle de backup<\/li>\n<li>Suporta WEB GUI, APP, tela sens\u00edvel ao toque de 7 polegadas, controle de comandos RS232<\/li>\n<li>Suporte \u00e0 prote\u00e7\u00e3o de salvamento autom\u00e1tico e \u00e0 fun\u00e7\u00e3o de recupera\u00e7\u00e3o autom\u00e1tica durante o corte de energia<\/li>\n<\/ul>\n<p><strong>Especifica\u00e7\u00e3o<\/strong><\/p>\n<table>\n<tbody>\n<tr>\n<td><strong>Nome<\/strong><\/td>\n<td><strong>Chassi de matriz modular 48\u00d748<\/strong><\/td>\n<\/tr>\n<tr>\n<td><strong>Descri\u00e7\u00e3o<\/strong><\/td>\n<td>Chassi do sistema de matriz modular 48\u00d748<\/td>\n<\/tr>\n<tr>\n<td><strong>Entrada<\/strong><\/td>\n<td>1 cart\u00e3o com 4 portas de entrada, incluindo DVI\/HDMI\/VGA\/CVBS\/YPbPr\/SDI\/HDBaseT\/Fibra<\/td>\n<\/tr>\n<tr>\n<td><strong>Sa\u00edda<\/strong><\/td>\n<td>1 cart\u00e3o com 4 portas de sa\u00edda, incluindo DVI\/HDMI\/VGA\/CVBS\/YPbPr\/SDI\/HDBaseT\/Fibra<\/td>\n<\/tr>\n<tr>\n<td><strong>Padr\u00e3o de protocolo<\/strong><\/td>\n<td>Compat\u00edvel com HDMI1.4, HDMI2.0, DVI1.0.  HDCP1.4, HDP2.2<\/td>\n<\/tr>\n<tr>\n<td><strong>Espa\u00e7o de cores<\/strong><\/td>\n<td>Suporte a RGB444, YUV444, YUV422, extens\u00e3o de cor padr\u00e3o x.v.C<\/td>\n<\/tr>\n<tr>\n<td><strong>Resolu\u00e7\u00e3o<\/strong><\/td>\n<td>640\u00d7480-3840\u00d72160@60Hz (VESA), 480i-4K@60Hz (HDTV)<\/td>\n<\/tr>\n<tr>\n<td><strong>Dist\u00e2ncia<\/strong><\/td>\n<td>HDMI\/DVI: 15m\/40 p\u00e9s; HDBaseT: 70m\/220 p\u00e9s; Fibra: 2km\/6000 p\u00e9s<\/td>\n<\/tr>\n<tr>\n<td><strong>Controle<\/strong><\/td>\n<td>Aplicativos iOS\/Android, GUI WEB, RS232 e tela sens\u00edvel ao toque colorida de 10<\/td>\n<\/tr>\n<tr>\n<td><strong>Pot\u00eancia<\/strong><\/td>\n<td>CA: 110V-260V 50\/60Hz<\/td>\n<\/tr>\n<tr>\n<td><strong>Consumo<\/strong><\/td>\n<td>50W (sem cart\u00f5es)<\/td>\n<\/tr>\n<tr>\n<td><strong>Dimens\u00e3o<\/strong><\/td>\n<td>8U, 482x385x355(mm)\/18,97*15,35*13,97(pol.); Embalagem: 60*55*51(cm)<\/td>\n<\/tr>\n<tr>\n<td><strong>Peso<\/strong><\/td>\n<td>25 kg\/55,12 lbs (sem cart\u00f5es)<\/td>\n<\/tr>\n<tr>\n<td><strong>Temperatura de trabalho<\/strong><\/td>\n<td>0\u2103 ~50\u2103<\/td>\n<\/tr>\n<tr>\n<td><strong>Temperatura de armazenamento<\/strong><\/td>\n<td>-20\u2103 ~55\u2103<\/td>\n<\/tr>\n<\/tbody>\n<\/table>\n<p><strong>Cart\u00f5es de entrada e sa\u00edda:<\/strong><\/p>\n<p><img decoding=\"async\" width=\"1740\" height=\"1476\" class=\"wp-image-12097\" src=\"https:\/\/www.beinghd.com\/wp-content\/uploads\/2025\/12\/word-image-12087-2.png\" srcset=\"https:\/\/beinghd.com\/wp-content\/uploads\/2025\/12\/word-image-12087-2.png 1740w, https:\/\/beinghd.com\/wp-content\/uploads\/2025\/12\/word-image-12087-2-300x254.png 300w, https:\/\/beinghd.com\/wp-content\/uploads\/2025\/12\/word-image-12087-2-1024x869.png 1024w, https:\/\/beinghd.com\/wp-content\/uploads\/2025\/12\/word-image-12087-2-768x651.png 768w, https:\/\/beinghd.com\/wp-content\/uploads\/2025\/12\/word-image-12087-2-1536x1303.png 1536w, https:\/\/beinghd.com\/wp-content\/uploads\/2025\/12\/word-image-12087-2-14x12.png 14w, https:\/\/beinghd.com\/wp-content\/uploads\/2025\/12\/word-image-12087-2-600x509.png 600w, https:\/\/beinghd.com\/wp-content\/uploads\/2025\/12\/word-image-12087-2-1200x1018.png 1200w\" sizes=\"(max-width: 1740px) 100vw, 1740px\" \/><\/p>\n<p><img decoding=\"async\" width=\"934\" height=\"1396\" class=\"wp-image-12098\" src=\"https:\/\/www.beinghd.com\/wp-content\/uploads\/2025\/12\/word-image-12087-3.png\" srcset=\"https:\/\/beinghd.com\/wp-content\/uploads\/2025\/12\/word-image-12087-3.png 934w, https:\/\/beinghd.com\/wp-content\/uploads\/2025\/12\/word-image-12087-3-201x300.png 201w, https:\/\/beinghd.com\/wp-content\/uploads\/2025\/12\/word-image-12087-3-685x1024.png 685w, https:\/\/beinghd.com\/wp-content\/uploads\/2025\/12\/word-image-12087-3-768x1148.png 768w, https:\/\/beinghd.com\/wp-content\/uploads\/2025\/12\/word-image-12087-3-8x12.png 8w, https:\/\/beinghd.com\/wp-content\/uploads\/2025\/12\/word-image-12087-3-600x897.png 600w\" sizes=\"(max-width: 934px) 100vw, 934px\" \/><\/p>\n<p><strong>Dimens\u00e3o do produto (mm)<\/strong><\/p>\n<p><img loading=\"lazy\" decoding=\"async\" width=\"1199\" height=\"498\" class=\"wp-image-12099\" src=\"https:\/\/www.beinghd.com\/wp-content\/uploads\/2025\/12\/word-image-12087-4.png\" srcset=\"https:\/\/beinghd.com\/wp-content\/uploads\/2025\/12\/word-image-12087-4.png 1199w, https:\/\/beinghd.com\/wp-content\/uploads\/2025\/12\/word-image-12087-4-300x125.png 300w, https:\/\/beinghd.com\/wp-content\/uploads\/2025\/12\/word-image-12087-4-1024x425.png 1024w, https:\/\/beinghd.com\/wp-content\/uploads\/2025\/12\/word-image-12087-4-768x319.png 768w, https:\/\/beinghd.com\/wp-content\/uploads\/2025\/12\/word-image-12087-4-18x7.png 18w, https:\/\/beinghd.com\/wp-content\/uploads\/2025\/12\/word-image-12087-4-600x249.png 600w\" sizes=\"(max-width: 1199px) 100vw, 1199px\" \/><\/p>\n<p><strong>Diagrama de conex\u00e3o<\/strong><\/p>\n<p><img loading=\"lazy\" decoding=\"async\" width=\"2080\" height=\"1351\" class=\"wp-image-12100\" src=\"https:\/\/www.beinghd.com\/wp-content\/uploads\/2025\/12\/word-image-12087-5.png\" srcset=\"https:\/\/beinghd.com\/wp-content\/uploads\/2025\/12\/word-image-12087-5.png 2080w, https:\/\/beinghd.com\/wp-content\/uploads\/2025\/12\/word-image-12087-5-300x195.png 300w, https:\/\/beinghd.com\/wp-content\/uploads\/2025\/12\/word-image-12087-5-1024x665.png 1024w, https:\/\/beinghd.com\/wp-content\/uploads\/2025\/12\/word-image-12087-5-768x499.png 768w, https:\/\/beinghd.com\/wp-content\/uploads\/2025\/12\/word-image-12087-5-1536x998.png 1536w, https:\/\/beinghd.com\/wp-content\/uploads\/2025\/12\/word-image-12087-5-2048x1330.png 2048w, https:\/\/beinghd.com\/wp-content\/uploads\/2025\/12\/word-image-12087-5-18x12.png 18w, https:\/\/beinghd.com\/wp-content\/uploads\/2025\/12\/word-image-12087-5-600x390.png 600w, https:\/\/beinghd.com\/wp-content\/uploads\/2025\/12\/word-image-12087-5-1200x779.png 1200w\" sizes=\"(max-width: 2080px) 100vw, 2080px\" \/><\/p>\n<p>&nbsp;<\/p>","protected":false},"excerpt":{"rendered":"<ul>\n<li>Chassi de projeto modular, com 12 slots de entrada e 12 slots de sa\u00edda<\/li>\n<li>Cart\u00f5es de 1 cart\u00e3o e 4 portas<\/li>\n<li>Suporta cart\u00f5es 1080P, 4K30 e 4K60 para sele\u00e7\u00f5es<\/li>\n<li>Suporta DVI-I\/ HDMI\/ 3G\/12G-SDI\/ HDBaseT\/ Fibra para misturar usando<\/li>\n<li>Suporte a video wall e comuta\u00e7\u00e3o cont\u00ednua com as placas 1080P e 4K60<\/li>\n<li>Suporte \u00e0 fun\u00e7\u00e3o de \u00e1udio de 3,5 mm incorporado e desincorporado<\/li>\n<li>Suporte \u00e0 fun\u00e7\u00e3o de escala para cima\/para baixo por meio da chave DIP<\/li>\n<li>Suporte a portas LAN e RS232 duplas para controle de backup<\/li>\n<li>Suporta WEB GUI, APP, tela sens\u00edvel ao toque de 7 polegadas, controle de comandos RS232<\/li>\n<li>Suporte \u00e0 prote\u00e7\u00e3o de salvamento autom\u00e1tico e \u00e0 fun\u00e7\u00e3o de recupera\u00e7\u00e3o autom\u00e1tica durante o corte de energia<\/li>\n<\/ul>","protected":false},"featured_media":12118,"comment_status":"open","ping_status":"closed","template":"","meta":{"site-sidebar-layout":"default","site-content-layout":"","ast-site-content-layout":"default","site-content-style":"default","site-sidebar-style":"default","ast-global-header-display":"","ast-banner-title-visibility":"","ast-main-header-display":"","ast-hfb-above-header-display":"","ast-hfb-below-header-display":"","ast-hfb-mobile-header-display":"","site-post-title":"","ast-breadcrumbs-content":"","ast-featured-img":"","footer-sml-layout":"","theme-transparent-header-meta":"default","adv-header-id-meta":"","stick-header-meta":"default","header-above-stick-meta":"","header-main-stick-meta":"","header-below-stick-meta":"","astra-migrate-meta-layouts":"set","ast-page-background-enabled":"default","ast-page-background-meta":{"desktop":{"background-color":"","background-image":"","background-repeat":"repeat","background-position":"center center","background-size":"auto","background-attachment":"scroll","background-type":"","background-media":"","overlay-type":"","overlay-color":"","overlay-opacity":"","overlay-gradient":""},"tablet":{"background-color":"","background-image":"","background-repeat":"repeat","background-position":"center center","background-size":"auto","background-attachment":"scroll","background-type":"","background-media":"","overlay-type":"","overlay-color":"","overlay-opacity":"","overlay-gradient":""},"mobile":{"background-color":"","background-image":"","background-repeat":"repeat","background-position":"center center","background-size":"auto","background-attachment":"scroll","background-type":"","background-media":"","overlay-type":"","overlay-color":"","overlay-opacity":"","overlay-gradient":""}},"ast-content-background-meta":{"desktop":{"background-color":"var(--ast-global-color-5)","background-image":"","background-repeat":"repeat","background-position":"center center","background-size":"auto","background-attachment":"scroll","background-type":"","background-media":"","overlay-type":"","overlay-color":"","overlay-opacity":"","overlay-gradient":""},"tablet":{"background-color":"var(--ast-global-color-5)","background-image":"","background-repeat":"repeat","background-position":"center center","background-size":"auto","background-attachment":"scroll","background-type":"","background-media":"","overlay-type":"","overlay-color":"","overlay-opacity":"","overlay-gradient":""},"mobile":{"background-color":"var(--ast-global-color-5)","background-image":"","background-repeat":"repeat","background-position":"center center","background-size":"auto","background-attachment":"scroll","background-type":"","background-media":"","overlay-type":"","overlay-color":"","overlay-opacity":"","overlay-gradient":""}}},"product_brand":[],"product_cat":[15,135,149],"product_tag":[],"class_list":{"0":"post-12087","1":"product","2":"type-product","3":"status-publish","4":"has-post-thumbnail","6":"product_cat-product","7":"product_cat-modular-matrix-switcher","8":"product_cat-fm-series","9":"desktop-align-left","10":"tablet-align-left","11":"mobile-align-left","12":"ast-product-gallery-layout-horizontal-slider","13":"ast-product-tabs-layout-horizontal","15":"first","16":"instock","17":"shipping-taxable","18":"product-type-simple"},"_links":{"self":[{"href":"https:\/\/beinghd.com\/pt\/wp-json\/wp\/v2\/product\/12087","targetHints":{"allow":["GET"]}}],"collection":[{"href":"https:\/\/beinghd.com\/pt\/wp-json\/wp\/v2\/product"}],"about":[{"href":"https:\/\/beinghd.com\/pt\/wp-json\/wp\/v2\/types\/product"}],"replies":[{"embeddable":true,"href":"https:\/\/beinghd.com\/pt\/wp-json\/wp\/v2\/comments?post=12087"}],"version-history":[{"count":0,"href":"https:\/\/beinghd.com\/pt\/wp-json\/wp\/v2\/product\/12087\/revisions"}],"wp:featuredmedia":[{"embeddable":true,"href":"https:\/\/beinghd.com\/pt\/wp-json\/wp\/v2\/media\/12118"}],"wp:attachment":[{"href":"https:\/\/beinghd.com\/pt\/wp-json\/wp\/v2\/media?parent=12087"}],"wp:term":[{"taxonomy":"product_brand","embeddable":true,"href":"https:\/\/beinghd.com\/pt\/wp-json\/wp\/v2\/product_brand?post=12087"},{"taxonomy":"product_cat","embeddable":true,"href":"https:\/\/beinghd.com\/pt\/wp-json\/wp\/v2\/product_cat?post=12087"},{"taxonomy":"product_tag","embeddable":true,"href":"https:\/\/beinghd.com\/pt\/wp-json\/wp\/v2\/product_tag?post=12087"}],"curies":[{"name":"wp","href":"https:\/\/api.w.org\/{rel}","templated":true}]}}