{"id":12377,"date":"2026-01-02T10:16:53","date_gmt":"2026-01-02T09:16:53","guid":{"rendered":"https:\/\/beinghd.com\/?post_type=product&#038;p=12377"},"modified":"2026-01-06T11:23:58","modified_gmt":"2026-01-06T10:23:58","slug":"160x160-modular-matrix-switcher-with-ipad-app-control","status":"publish","type":"product","link":"https:\/\/beinghd.com\/pt\/produto\/160x160-modular-matrix-switcher-with-ipad-app-control\/","title":{"rendered":"Switcher de matriz modular 160\u00d7160 com controle de APP para iPad"},"content":{"rendered":"<p><img fetchpriority=\"high\" decoding=\"async\" width=\"548\" height=\"740\" class=\"wp-image-12387\" src=\"https:\/\/www.beinghd.com\/wp-content\/uploads\/2026\/01\/fm160160.jpeg\" alt=\"FM160160\" srcset=\"https:\/\/beinghd.com\/wp-content\/uploads\/2026\/01\/fm160160.jpeg 548w, https:\/\/beinghd.com\/wp-content\/uploads\/2026\/01\/fm160160-222x300.jpeg 222w, https:\/\/beinghd.com\/wp-content\/uploads\/2026\/01\/fm160160-9x12.jpeg 9w\" sizes=\"(max-width: 548px) 100vw, 548px\" \/><\/p>\n<p><strong>Introdu\u00e7\u00e3o<\/strong><\/p>\n<p>This is a modular matrix switcher, with 160 input slots and 160 output slots, so it can support maximum 160 inputs and 160 outputs, all the input and output cards are using 1-card 4-port, the signals are including the DVI, HDMI, HDBasT, Fiber Optic, 3G-SDI. Users are able to have mixed signals inputs and mixed signals outputs.<\/p>\n<p>A velocidade de comuta\u00e7\u00e3o do sinal de canal \u00fanico pode chegar a 12,5 Gbps, e a placa principal usa a tecnologia de processamento de quatro n\u00facleos e quatro links, e a velocidade da capacidade de comuta\u00e7\u00e3o pode chegar a 32 Gbps. Com tecnologia de transmiss\u00e3o n\u00e3o compactada para o sinal digital, para garantir a sa\u00edda de alta fidelidade da imagem. A tecnologia exclusiva de design de blindagem de links de sinal para garantir a integridade do sinal, o switch de dados interno tem uma capacidade super forte de resistir a dist\u00farbios e uma capacidade de trabalho est\u00e1vel e cont\u00ednua de longo prazo. Suporta trabalho cont\u00ednuo de 7*24 e, com controle de backup duplo de LAN e RS232, \u00e9 conveniente para os usu\u00e1rios controlarem via PC, iPad, APP e controle central de terceiros pelos comandos de controle RS232.<\/p>\n<p>Com o controle duplo de RS232 e LAN, os usu\u00e1rios tamb\u00e9m podem simplesmente configurar e controlar o equipamento ao redor, como o projetor, a cortina el\u00e9trica e as TVs.<\/p>\n<p><strong>Recursos<\/strong><\/p>\n<ul>\n<li><a id=\"post-12377-OLE_LINK4\"><\/a> Modular designing chassis, with 160 input slots and 160 output slots<\/li>\n<li>Placa de entrada e sa\u00edda de 4 portas com 1 cart\u00e3o<\/li>\n<li>Suporta cart\u00f5es 1080P, 4K30 e 4K60 para sele\u00e7\u00f5es<\/li>\n<li>Suporta DVI-I\/ HDMI\/ 3GSDI\/ HDBaseT\/ Fibra para misturar entrada e sa\u00edda<\/li>\n<li>Suporte a video wall e comuta\u00e7\u00e3o cont\u00ednua com as placas 1080P e 4K60<\/li>\n<li>Suporte \u00e0 fun\u00e7\u00e3o de \u00e1udio de 3,5 mm incorporado e desincorporado<\/li>\n<li>Suporte \u00e0 fun\u00e7\u00e3o de escala para cima\/para baixo por meio da chave DIP<\/li>\n<li>Suporte a portas LAN e RS232 duplas para controle de backup<\/li>\n<li>Bot\u00f5es frontais com luzes de fundo, mais f\u00e1ceis de operar a qualquer momento<\/li>\n<li>Suporte \u00e0 prote\u00e7\u00e3o de salvamento autom\u00e1tico e \u00e0 fun\u00e7\u00e3o de recupera\u00e7\u00e3o autom\u00e1tica durante o corte de energia<\/li>\n<\/ul>\n<p><strong>Especifica\u00e7\u00e3o<\/strong><\/p>\n<table>\n<tbody>\n<tr>\n<td><strong>Modelo<\/strong><\/td>\n<td><strong>160&#215;160\u00a0Card\u00a0Cage<\/strong><\/td>\n<\/tr>\n<tr>\n<td><strong>Descri\u00e7\u00e3o<\/strong><\/td>\n<td>160&#215;160\u00a0Modular\u00a0Matrix\u00a0System\u00a0Chassis<\/td>\n<\/tr>\n<tr>\n<td><strong>Entrada<\/strong><\/td>\n<td>1 cart\u00e3o com 4 portas de entrada, incluindo DVI\/HDMI\/VGA\/CVBS\/YPbPr\/SDI\/HDBaseT\/Fibra<\/td>\n<\/tr>\n<tr>\n<td><strong>Sa\u00edda<\/strong><\/td>\n<td>1 cart\u00e3o com 4 portas de sa\u00edda, incluindo DVI\/HDMI\/VGA\/CVBS\/YPbPr\/SDI\/HDBaseT\/Fibra<\/td>\n<\/tr>\n<tr>\n<td><strong>Padr\u00e3o de protocolo<\/strong><\/td>\n<td>Compat\u00edvel com HDMI1.4, HDMI2.0, DVI1.0.  HDCP1.4, HDP2.2<\/td>\n<\/tr>\n<tr>\n<td><strong>Espa\u00e7o de cores<\/strong><\/td>\n<td>Suporte a RGB444, YUV444, YUV422, extens\u00e3o de cor padr\u00e3o x.v.C<\/td>\n<\/tr>\n<tr>\n<td><strong>Resolu\u00e7\u00e3o<\/strong><\/td>\n<td>640\u00d7480-3840\u00d72160@60Hz (VESA), 480i-4K@60Hz (HDTV)<\/td>\n<\/tr>\n<tr>\n<td><strong>Dist\u00e2ncia<\/strong><\/td>\n<td>HDMI\/DVI: 15m\/40 p\u00e9s; HDBaseT: 70m\/220 p\u00e9s; Fibra: 2km\/6000 p\u00e9s<\/td>\n<\/tr>\n<tr>\n<td><strong>Controle<\/strong><\/td>\n<td>Aplicativos iOS\/Android, GUI WEB, RS232 e tela sens\u00edvel ao toque colorida de 10<\/td>\n<\/tr>\n<tr>\n<td><strong>Pot\u00eancia<\/strong><\/td>\n<td>CA: 110V-260V 50\/60Hz<\/td>\n<\/tr>\n<tr>\n<td><strong>Consumo<\/strong><\/td>\n<td>1400W(No Cards)<\/td>\n<\/tr>\n<tr>\n<td><strong>Dimens\u00e3o<\/strong><\/td>\n<td>31.5U, 482*465*1400(mm)\/ 18.97*18.30*55.11(inch)<\/td>\n<\/tr>\n<tr>\n<td><strong>Peso<\/strong><\/td>\n<td>45kg\/ 99.21lbs (No Cards)<\/td>\n<\/tr>\n<tr>\n<td><strong>Temperatura de trabalho<\/strong><\/td>\n<td>0\u2103 ~50\u2103<\/td>\n<\/tr>\n<tr>\n<td><strong>Temperatura de armazenamento<\/strong><\/td>\n<td>-20\u2103 ~55\u2103<\/td>\n<\/tr>\n<\/tbody>\n<\/table>\n<p><strong>1-card 4-port Input and output card<\/strong><\/p>\n<p><img decoding=\"async\" width=\"2227\" height=\"1065\" class=\"wp-image-12388\" src=\"https:\/\/www.beinghd.com\/wp-content\/uploads\/2026\/01\/word-image-12377-2.png\" srcset=\"https:\/\/beinghd.com\/wp-content\/uploads\/2026\/01\/word-image-12377-2.png 2227w, https:\/\/beinghd.com\/wp-content\/uploads\/2026\/01\/word-image-12377-2-300x143.png 300w, https:\/\/beinghd.com\/wp-content\/uploads\/2026\/01\/word-image-12377-2-1024x490.png 1024w, https:\/\/beinghd.com\/wp-content\/uploads\/2026\/01\/word-image-12377-2-768x367.png 768w, https:\/\/beinghd.com\/wp-content\/uploads\/2026\/01\/word-image-12377-2-1536x735.png 1536w, https:\/\/beinghd.com\/wp-content\/uploads\/2026\/01\/word-image-12377-2-2048x979.png 2048w, https:\/\/beinghd.com\/wp-content\/uploads\/2026\/01\/word-image-12377-2-18x9.png 18w, https:\/\/beinghd.com\/wp-content\/uploads\/2026\/01\/word-image-12377-2-600x287.png 600w, https:\/\/beinghd.com\/wp-content\/uploads\/2026\/01\/word-image-12377-2-1200x574.png 1200w\" sizes=\"(max-width: 2227px) 100vw, 2227px\" \/><\/p>\n<p><a id=\"post-12377-OLE_LINK1\"><\/a><strong>Diagrama de conex\u00e3o<\/strong><\/p>\n<p><img decoding=\"async\" width=\"877\" height=\"647\" class=\"wp-image-12389\" src=\"https:\/\/www.beinghd.com\/wp-content\/uploads\/2026\/01\/word-image-12377-3.png\" srcset=\"https:\/\/beinghd.com\/wp-content\/uploads\/2026\/01\/word-image-12377-3.png 877w, https:\/\/beinghd.com\/wp-content\/uploads\/2026\/01\/word-image-12377-3-300x221.png 300w, https:\/\/beinghd.com\/wp-content\/uploads\/2026\/01\/word-image-12377-3-768x567.png 768w, https:\/\/beinghd.com\/wp-content\/uploads\/2026\/01\/word-image-12377-3-16x12.png 16w, https:\/\/beinghd.com\/wp-content\/uploads\/2026\/01\/word-image-12377-3-600x443.png 600w\" sizes=\"(max-width: 877px) 100vw, 877px\" \/><\/p>\n<p>&nbsp;<\/p>","protected":false},"excerpt":{"rendered":"<ul>\n<li>Modular designing chassis, with 160input slots and 160\u00a0output slots<\/li>\n<li>Placa de entrada e sa\u00edda de 4 portas com 1 cart\u00e3o<\/li>\n<li>Suporta cart\u00f5es 1080P, 4K30 e 4K60 para sele\u00e7\u00f5es<\/li>\n<li>Suporta DVI-I\/ HDMI\/ 3GSDI\/ HDBaseT\/ Fibra para misturar entrada e sa\u00edda<\/li>\n<li>Suporte a video wall e comuta\u00e7\u00e3o cont\u00ednua com as placas 1080P e 4K60<\/li>\n<li>Suporte \u00e0 fun\u00e7\u00e3o de \u00e1udio de 3,5 mm incorporado e desincorporado<\/li>\n<li>Suporte \u00e0 fun\u00e7\u00e3o de escala para cima\/para baixo por meio da chave DIP<\/li>\n<li>Suporte a portas LAN e RS232 duplas para controle de backup<\/li>\n<li>Bot\u00f5es frontais com luzes de fundo, mais f\u00e1ceis de operar a qualquer momento<\/li>\n<li>Suporte \u00e0 prote\u00e7\u00e3o de salvamento autom\u00e1tico e \u00e0 fun\u00e7\u00e3o de recupera\u00e7\u00e3o autom\u00e1tica durante o corte de energia<\/li>\n<\/ul>","protected":false},"featured_media":12941,"comment_status":"open","ping_status":"closed","template":"","meta":{"site-sidebar-layout":"default","site-content-layout":"","ast-site-content-layout":"default","site-content-style":"default","site-sidebar-style":"default","ast-global-header-display":"","ast-banner-title-visibility":"","ast-main-header-display":"","ast-hfb-above-header-display":"","ast-hfb-below-header-display":"","ast-hfb-mobile-header-display":"","site-post-title":"","ast-breadcrumbs-content":"","ast-featured-img":"","footer-sml-layout":"","theme-transparent-header-meta":"default","adv-header-id-meta":"","stick-header-meta":"default","header-above-stick-meta":"","header-main-stick-meta":"","header-below-stick-meta":"","astra-migrate-meta-layouts":"set","ast-page-background-enabled":"default","ast-page-background-meta":{"desktop":{"background-color":"","background-image":"","background-repeat":"repeat","background-position":"center center","background-size":"auto","background-attachment":"scroll","background-type":"","background-media":"","overlay-type":"","overlay-color":"","overlay-opacity":"","overlay-gradient":""},"tablet":{"background-color":"","background-image":"","background-repeat":"repeat","background-position":"center center","background-size":"auto","background-attachment":"scroll","background-type":"","background-media":"","overlay-type":"","overlay-color":"","overlay-opacity":"","overlay-gradient":""},"mobile":{"background-color":"","background-image":"","background-repeat":"repeat","background-position":"center center","background-size":"auto","background-attachment":"scroll","background-type":"","background-media":"","overlay-type":"","overlay-color":"","overlay-opacity":"","overlay-gradient":""}},"ast-content-background-meta":{"desktop":{"background-color":"var(--ast-global-color-5)","background-image":"","background-repeat":"repeat","background-position":"center center","background-size":"auto","background-attachment":"scroll","background-type":"","background-media":"","overlay-type":"","overlay-color":"","overlay-opacity":"","overlay-gradient":""},"tablet":{"background-color":"var(--ast-global-color-5)","background-image":"","background-repeat":"repeat","background-position":"center center","background-size":"auto","background-attachment":"scroll","background-type":"","background-media":"","overlay-type":"","overlay-color":"","overlay-opacity":"","overlay-gradient":""},"mobile":{"background-color":"var(--ast-global-color-5)","background-image":"","background-repeat":"repeat","background-position":"center center","background-size":"auto","background-attachment":"scroll","background-type":"","background-media":"","overlay-type":"","overlay-color":"","overlay-opacity":"","overlay-gradient":""}}},"product_brand":[],"product_cat":[15,135,151],"product_tag":[],"class_list":{"0":"post-12377","1":"product","2":"type-product","3":"status-publish","4":"has-post-thumbnail","6":"product_cat-product","7":"product_cat-modular-matrix-switcher","8":"product_cat-vm-series","9":"desktop-align-left","10":"tablet-align-left","11":"mobile-align-left","12":"ast-product-gallery-layout-horizontal-slider","13":"ast-product-tabs-layout-horizontal","15":"first","16":"instock","17":"shipping-taxable","18":"product-type-simple"},"_links":{"self":[{"href":"https:\/\/beinghd.com\/pt\/wp-json\/wp\/v2\/product\/12377","targetHints":{"allow":["GET"]}}],"collection":[{"href":"https:\/\/beinghd.com\/pt\/wp-json\/wp\/v2\/product"}],"about":[{"href":"https:\/\/beinghd.com\/pt\/wp-json\/wp\/v2\/types\/product"}],"replies":[{"embeddable":true,"href":"https:\/\/beinghd.com\/pt\/wp-json\/wp\/v2\/comments?post=12377"}],"version-history":[{"count":0,"href":"https:\/\/beinghd.com\/pt\/wp-json\/wp\/v2\/product\/12377\/revisions"}],"wp:featuredmedia":[{"embeddable":true,"href":"https:\/\/beinghd.com\/pt\/wp-json\/wp\/v2\/media\/12941"}],"wp:attachment":[{"href":"https:\/\/beinghd.com\/pt\/wp-json\/wp\/v2\/media?parent=12377"}],"wp:term":[{"taxonomy":"product_brand","embeddable":true,"href":"https:\/\/beinghd.com\/pt\/wp-json\/wp\/v2\/product_brand?post=12377"},{"taxonomy":"product_cat","embeddable":true,"href":"https:\/\/beinghd.com\/pt\/wp-json\/wp\/v2\/product_cat?post=12377"},{"taxonomy":"product_tag","embeddable":true,"href":"https:\/\/beinghd.com\/pt\/wp-json\/wp\/v2\/product_tag?post=12377"}],"curies":[{"name":"wp","href":"https:\/\/api.w.org\/{rel}","templated":true}]}}