{"id":12884,"date":"2026-01-06T08:22:34","date_gmt":"2026-01-06T07:22:34","guid":{"rendered":"https:\/\/beinghd.com\/?post_type=product&#038;p=12884"},"modified":"2026-04-11T22:31:05","modified_gmt":"2026-04-12T02:31:05","slug":"4k60-18gbps-4x4-seamless-hdmi-matrix-with-video-wall-multiviewerscaling-and-appiriprs-232","status":"publish","type":"product","link":"https:\/\/beinghd.com\/pt\/produto\/4k60-18gbps-4x4-seamless-hdmi-matrix-with-video-wall-multiviewerscaling-and-appiriprs-232\/","title":{"rendered":"Matriz HDMI 4K60 18Gbps 4X4 sem emenda com video wall, multiviewer, escalonamento e APP, IR, IP e RS-232"},"content":{"rendered":"<p data-rm-block-id=\"block-1\"><img fetchpriority=\"high\" decoding=\"async\" class=\"alignnone wp-image-12893\" src=\"https:\/\/www.beinghd.com\/wp-content\/uploads\/2026\/01\/4x4-4k60appfix-mvm-400-4k60v2-v-1.png\" alt=\"4K60 18Gbps 4X4 Seamless HDMI Matrix\" width=\"1265\" height=\"236\" srcset=\"https:\/\/beinghd.com\/wp-content\/uploads\/2026\/01\/4x4-4k60appfix-mvm-400-4k60v2-v-1.png 1265w, https:\/\/beinghd.com\/wp-content\/uploads\/2026\/01\/4x4-4k60appfix-mvm-400-4k60v2-v-1-300x56.png 300w, https:\/\/beinghd.com\/wp-content\/uploads\/2026\/01\/4x4-4k60appfix-mvm-400-4k60v2-v-1-1024x191.png 1024w, https:\/\/beinghd.com\/wp-content\/uploads\/2026\/01\/4x4-4k60appfix-mvm-400-4k60v2-v-1-768x143.png 768w, https:\/\/beinghd.com\/wp-content\/uploads\/2026\/01\/4x4-4k60appfix-mvm-400-4k60v2-v-1-18x3.png 18w, https:\/\/beinghd.com\/wp-content\/uploads\/2026\/01\/4x4-4k60appfix-mvm-400-4k60v2-v-1-600x112.png 600w, https:\/\/beinghd.com\/wp-content\/uploads\/2026\/01\/4x4-4k60appfix-mvm-400-4k60v2-v-1-1200x224.png 1200w\" sizes=\"(max-width: 1265px) 100vw, 1265px\" \/><\/p>\n<p data-rm-block-id=\"block-2\"><strong>Introdu\u00e7\u00e3o<\/strong><\/p>\n<p data-rm-block-id=\"block-3\">The 4&#215;4 4K60 Seamless Switching Split Splicing Matrix (APP Model) is a versatile 4&#215;4 Ultra HD audio and video HDMI seamless switching matrix suitable for various scenarios. It offers four HDMI 2.0 inputs and four HDMI 2.0 outputs, each supporting formats from 1080p to 4K60 4:4:4 Full HD, as well as all 3D formats.<\/p>\n<p data-rm-block-id=\"block-3\">Outputs can be configured in two modes: matrix splicing and splitting. It also supports embedding and de-embedding of four channels of 3.5mm analog audio. It supports independent EDID management and can be controlled via the remote control, RS-232, LAN port, and front panel buttons.<\/p>\n<p data-rm-block-id=\"block-3\">A built-in TFT screen on the front panel displays operating status in real time.The 4K60 18Gbps 4X4 Seamless HDMI Matrix is a professional AV solution designed.<\/p>\n<p data-rm-block-id=\"block-4\"><strong>Recursos<\/strong><\/p>\n<ul>\n<li style=\"list-style-type: none;\">\n<ul>\n<li data-rm-block-id=\"block-5\">Design padr\u00e3o de 1U<\/li>\n<li data-rm-block-id=\"block-6\">Suporta entrada HDMI2.0 de 4 vias e sa\u00edda HDMI2.0 de 4 vias<\/li>\n<li data-rm-block-id=\"block-7\">Suporta os formatos Full HD de 1080p a 4K60 4:4:4, bem como todos os formatos 3D<\/li>\n<li data-rm-block-id=\"block-8\">Suporta 2 modos de sa\u00edda: emenda de matriz e modo de divis\u00e3o<\/li>\n<li data-rm-block-id=\"block-9\">Suporte para incorpora\u00e7\u00e3o e remo\u00e7\u00e3o de \u00e1udio<\/li>\n<li data-rm-block-id=\"block-10\">Suporta controle por meio de controle remoto, RS-232, porta LAN e bot\u00f5es no painel frontal<\/li>\n<li data-rm-block-id=\"block-11\">Suporte ao sistema de ajuste adaptativo da resolu\u00e7\u00e3o de sa\u00edda<\/li>\n<li data-rm-block-id=\"block-12\">A tela TFT integrada no painel frontal exibe o status de trabalho em tempo real<\/li>\n<li data-rm-block-id=\"block-13\">4K60 18Gbps 4X4 Seamless HDMI Matrix | BeingHD<\/li>\n<\/ul>\n<\/li>\n<\/ul>\n<p data-rm-block-id=\"block-14\"><strong>Especifica\u00e7\u00e3o<\/strong><\/p>\n<table>\n<tbody>\n<tr>\n<td data-rm-block-id=\"block-15\"><strong>Nome<\/strong><\/td>\n<td data-rm-block-id=\"block-16\">4K60 18Gbps 4X4 Seamless HDMI Matrix with Video Wall&amp;multiviewer &amp;Multiviewer&amp;Scaling<\/td>\n<\/tr>\n<tr>\n<td data-rm-block-id=\"block-17\"><strong>Resolu\u00e7\u00e3o <\/strong><\/td>\n<td>\n<p data-rm-block-id=\"block-18\">4K@60Hz, YUV4:4:4 8 bits, 4K@30Hz\/1080P\/1080i\/720P<\/p>\n<p data-rm-block-id=\"block-19\">4k@30Hz\/1080P\/1080i\/720P<\/p>\n<\/td>\n<\/tr>\n<tr>\n<td data-rm-block-id=\"block-20\"><strong>Portas de entrada<\/strong><\/td>\n<td data-rm-block-id=\"block-21\">4*HDMI2.0 with 4*3.5mm<\/td>\n<\/tr>\n<tr>\n<td data-rm-block-id=\"block-22\"><strong>Portas de sa\u00edda<\/strong><\/td>\n<td data-rm-block-id=\"block-23\">4*HDMI2.0 with 4*3.5mm audio<\/td>\n<\/tr>\n<tr>\n<td data-rm-block-id=\"block-24\"><strong>Dist\u00e2ncia de transmiss\u00e3o<\/strong><\/td>\n<td data-rm-block-id=\"block-25\">10 m\/30 p\u00e9s para 4K60, 15 m\/45 p\u00e9s para 1080P@60Hz (por cabos HDMI qualificados)<\/td>\n<\/tr>\n<tr>\n<td data-rm-block-id=\"block-26\"><strong>Largura de banda<\/strong><\/td>\n<td data-rm-block-id=\"block-27\">18 Gbps<\/td>\n<\/tr>\n<tr>\n<td data-rm-block-id=\"block-28\"><strong>Compat\u00edvel com HDCP<\/strong><\/td>\n<td data-rm-block-id=\"block-29\">HDCP 2.2 e HDCP 1.4<\/td>\n<\/tr>\n<tr>\n<td data-rm-block-id=\"block-30\"><strong>Controle<\/strong><\/td>\n<td data-rm-block-id=\"block-31\">Bot\u00f5es de press\u00e3o no painel frontal, controle remoto IR, RS232, TCP\/IP e APP<\/td>\n<\/tr>\n<tr>\n<td data-rm-block-id=\"block-32\"><strong>Pot\u00eancia<\/strong> <strong>Consumo<\/strong><\/td>\n<td data-rm-block-id=\"block-33\">12V\/3A<\/td>\n<\/tr>\n<tr>\n<td data-rm-block-id=\"block-34\"><strong>Dimens\u00e3o (mm)<\/strong><\/td>\n<td data-rm-block-id=\"block-35\">4 40 mm (W) *2 79 mm (D) * 44 mm (H)<\/td>\n<\/tr>\n<tr>\n<td data-rm-block-id=\"block-36\"><strong>Peso<\/strong><\/td>\n<td data-rm-block-id=\"block-37\">4Kg<\/td>\n<\/tr>\n<tr>\n<td data-rm-block-id=\"block-38\"><strong>Temperatura operacional<\/strong><\/td>\n<td data-rm-block-id=\"block-39\">-5 a +40\u00b0C (23 a +104 \u00b0F)<\/td>\n<\/tr>\n<tr>\n<td data-rm-block-id=\"block-40\"><strong>Temperatura de armazenamento<\/strong><\/td>\n<td data-rm-block-id=\"block-41\">-10 a +60\u00b0C (-14 a +140 \u00b0F)<\/td>\n<\/tr>\n<\/tbody>\n<\/table>\n<p data-rm-block-id=\"block-42\"><a id=\"post-12884-OLE_LINK1\"><\/a><strong>Diagrama de conex\u00e3o<\/strong><\/p>\n<p data-rm-block-id=\"block-43\"><img decoding=\"async\" width=\"2120\" height=\"1053\" class=\"wp-image-12894\" src=\"https:\/\/www.beinghd.com\/wp-content\/uploads\/2026\/01\/word-image-12884-2-1.png\" srcset=\"https:\/\/beinghd.com\/wp-content\/uploads\/2026\/01\/word-image-12884-2-1.png 2120w, https:\/\/beinghd.com\/wp-content\/uploads\/2026\/01\/word-image-12884-2-1-300x149.png 300w, https:\/\/beinghd.com\/wp-content\/uploads\/2026\/01\/word-image-12884-2-1-1024x509.png 1024w, https:\/\/beinghd.com\/wp-content\/uploads\/2026\/01\/word-image-12884-2-1-768x381.png 768w, https:\/\/beinghd.com\/wp-content\/uploads\/2026\/01\/word-image-12884-2-1-1536x763.png 1536w, https:\/\/beinghd.com\/wp-content\/uploads\/2026\/01\/word-image-12884-2-1-2048x1017.png 2048w, https:\/\/beinghd.com\/wp-content\/uploads\/2026\/01\/word-image-12884-2-1-18x9.png 18w, https:\/\/beinghd.com\/wp-content\/uploads\/2026\/01\/word-image-12884-2-1-600x298.png 600w, https:\/\/beinghd.com\/wp-content\/uploads\/2026\/01\/word-image-12884-2-1-1200x596.png 1200w\" sizes=\"(max-width: 2120px) 100vw, 2120px\" \/><\/p>\n<p data-rm-block-id=\"block-44\"><strong>Dimens\u00f5es do produto (mm)<\/strong><\/p>\n<p data-rm-block-id=\"block-45\"><img decoding=\"async\" width=\"1546\" height=\"1095\" class=\"wp-image-12895\" src=\"https:\/\/www.beinghd.com\/wp-content\/uploads\/2026\/01\/e34579af7bcaa51eec04f6bff44d3e6-1.png\" alt=\"e34579af7bcaa51eec04f6bff44d3e6\" srcset=\"https:\/\/beinghd.com\/wp-content\/uploads\/2026\/01\/e34579af7bcaa51eec04f6bff44d3e6-1.png 1546w, https:\/\/beinghd.com\/wp-content\/uploads\/2026\/01\/e34579af7bcaa51eec04f6bff44d3e6-1-300x212.png 300w, https:\/\/beinghd.com\/wp-content\/uploads\/2026\/01\/e34579af7bcaa51eec04f6bff44d3e6-1-1024x725.png 1024w, https:\/\/beinghd.com\/wp-content\/uploads\/2026\/01\/e34579af7bcaa51eec04f6bff44d3e6-1-768x544.png 768w, https:\/\/beinghd.com\/wp-content\/uploads\/2026\/01\/e34579af7bcaa51eec04f6bff44d3e6-1-1536x1088.png 1536w, https:\/\/beinghd.com\/wp-content\/uploads\/2026\/01\/e34579af7bcaa51eec04f6bff44d3e6-1-18x12.png 18w, https:\/\/beinghd.com\/wp-content\/uploads\/2026\/01\/e34579af7bcaa51eec04f6bff44d3e6-1-600x425.png 600w, https:\/\/beinghd.com\/wp-content\/uploads\/2026\/01\/e34579af7bcaa51eec04f6bff44d3e6-1-1200x850.png 1200w\" sizes=\"(max-width: 1546px) 100vw, 1546px\" \/><\/p>\n<p data-rm-block-id=\"block-46\">","protected":false},"excerpt":{"rendered":"<ul>\n<li>Model:\u00a0 FIX-MVM-400-4K60V2<\/li>\n<li>Design padr\u00e3o de 1U<\/li>\n<li>Suporta entrada HDMI2.0 de 4 vias e sa\u00edda HDMI2.0 de 4 vias<\/li>\n<li>Suporta os formatos Full HD de 1080p a 4K60 4:4:4, bem como todos os formatos 3D<\/li>\n<li>Suporta 2 modos de sa\u00edda: emenda de matriz e modo de divis\u00e3o<\/li>\n<li>Suporte para incorpora\u00e7\u00e3o e remo\u00e7\u00e3o de \u00e1udio<\/li>\n<li>Suporta controle por meio de controle remoto, RS-232, porta LAN e bot\u00f5es no painel frontal<\/li>\n<li>Suporte ao sistema de ajuste adaptativo da resolu\u00e7\u00e3o de sa\u00edda<\/li>\n<li>A tela TFT integrada no painel frontal exibe o status de trabalho em tempo real<\/li>\n<\/ul>","protected":false},"featured_media":12896,"comment_status":"open","ping_status":"closed","template":"","meta":{"site-sidebar-layout":"default","site-content-layout":"","ast-site-content-layout":"default","site-content-style":"default","site-sidebar-style":"default","ast-global-header-display":"","ast-banner-title-visibility":"","ast-main-header-display":"","ast-hfb-above-header-display":"","ast-hfb-below-header-display":"","ast-hfb-mobile-header-display":"","site-post-title":"","ast-breadcrumbs-content":"","ast-featured-img":"","footer-sml-layout":"","theme-transparent-header-meta":"default","adv-header-id-meta":"","stick-header-meta":"default","header-above-stick-meta":"","header-main-stick-meta":"","header-below-stick-meta":"","astra-migrate-meta-layouts":"set","ast-page-background-enabled":"default","ast-page-background-meta":{"desktop":{"background-color":"","background-image":"","background-repeat":"repeat","background-position":"center center","background-size":"auto","background-attachment":"scroll","background-type":"","background-media":"","overlay-type":"","overlay-color":"","overlay-opacity":"","overlay-gradient":""},"tablet":{"background-color":"","background-image":"","background-repeat":"repeat","background-position":"center center","background-size":"auto","background-attachment":"scroll","background-type":"","background-media":"","overlay-type":"","overlay-color":"","overlay-opacity":"","overlay-gradient":""},"mobile":{"background-color":"","background-image":"","background-repeat":"repeat","background-position":"center center","background-size":"auto","background-attachment":"scroll","background-type":"","background-media":"","overlay-type":"","overlay-color":"","overlay-opacity":"","overlay-gradient":""}},"ast-content-background-meta":{"desktop":{"background-color":"var(--ast-global-color-5)","background-image":"","background-repeat":"repeat","background-position":"center center","background-size":"auto","background-attachment":"scroll","background-type":"","background-media":"","overlay-type":"","overlay-color":"","overlay-opacity":"","overlay-gradient":""},"tablet":{"background-color":"var(--ast-global-color-5)","background-image":"","background-repeat":"repeat","background-position":"center center","background-size":"auto","background-attachment":"scroll","background-type":"","background-media":"","overlay-type":"","overlay-color":"","overlay-opacity":"","overlay-gradient":""},"mobile":{"background-color":"var(--ast-global-color-5)","background-image":"","background-repeat":"repeat","background-position":"center center","background-size":"auto","background-attachment":"scroll","background-type":"","background-media":"","overlay-type":"","overlay-color":"","overlay-opacity":"","overlay-gradient":""}}},"product_brand":[],"product_cat":[15,141,154],"product_tag":[],"class_list":{"0":"post-12884","1":"product","2":"type-product","3":"status-publish","4":"has-post-thumbnail","6":"product_cat-product","7":"product_cat-hdmi-matrix-switcher","8":"product_cat-4k60-hdmi-matrix-switcher","9":"desktop-align-left","10":"tablet-align-left","11":"mobile-align-left","12":"ast-product-gallery-layout-horizontal-slider","13":"ast-product-tabs-layout-horizontal","15":"first","16":"instock","17":"shipping-taxable","18":"product-type-simple"},"_links":{"self":[{"href":"https:\/\/beinghd.com\/pt\/wp-json\/wp\/v2\/product\/12884","targetHints":{"allow":["GET"]}}],"collection":[{"href":"https:\/\/beinghd.com\/pt\/wp-json\/wp\/v2\/product"}],"about":[{"href":"https:\/\/beinghd.com\/pt\/wp-json\/wp\/v2\/types\/product"}],"replies":[{"embeddable":true,"href":"https:\/\/beinghd.com\/pt\/wp-json\/wp\/v2\/comments?post=12884"}],"version-history":[{"count":0,"href":"https:\/\/beinghd.com\/pt\/wp-json\/wp\/v2\/product\/12884\/revisions"}],"wp:featuredmedia":[{"embeddable":true,"href":"https:\/\/beinghd.com\/pt\/wp-json\/wp\/v2\/media\/12896"}],"wp:attachment":[{"href":"https:\/\/beinghd.com\/pt\/wp-json\/wp\/v2\/media?parent=12884"}],"wp:term":[{"taxonomy":"product_brand","embeddable":true,"href":"https:\/\/beinghd.com\/pt\/wp-json\/wp\/v2\/product_brand?post=12884"},{"taxonomy":"product_cat","embeddable":true,"href":"https:\/\/beinghd.com\/pt\/wp-json\/wp\/v2\/product_cat?post=12884"},{"taxonomy":"product_tag","embeddable":true,"href":"https:\/\/beinghd.com\/pt\/wp-json\/wp\/v2\/product_tag?post=12884"}],"curies":[{"name":"wp","href":"https:\/\/api.w.org\/{rel}","templated":true}]}}