{"id":13246,"date":"2026-01-08T02:32:59","date_gmt":"2026-01-08T01:32:59","guid":{"rendered":"https:\/\/beinghd.com\/?post_type=product&#038;p=13246"},"modified":"2026-01-08T02:32:59","modified_gmt":"2026-01-08T01:32:59","slug":"48x10-100-1000-base-t-6x10g-base-x-managed-poe-ethernet-switch","status":"publish","type":"product","link":"https:\/\/beinghd.com\/pt\/produto\/48x10-100-1000-base-t-6x10g-base-x-managed-poe-ethernet-switch\/","title":{"rendered":"Switch Ethernet PoE gerenciado 48\u00d710\/100\/1000 Base-T + 6x10G Base-X"},"content":{"rendered":"<p><strong>IPM-MANAGER-4800J<\/strong><\/p>\n<p><strong>Switch Ethernet PoE gerenciado 48\u00d710\/100\/1000 Base-T + 6x10G Base-X<\/strong><\/p>\n<p><strong><img fetchpriority=\"high\" decoding=\"async\" width=\"656\" height=\"156\" class=\"wp-image-13247\" src=\"https:\/\/www.beinghd.com\/wp-content\/uploads\/2026\/01\/e-public-files-poe-54xgpm-x6-acr-54xgpm-x6.png\" alt=\"E:\/Public files\/\u89c4\u683c\u4e66\/POE\u4ea4\u6362\u673a\/54XGPM-X6-ACR\/54XGPM-X6-ACR (1).png54XGPM-X6-ACR (1)\" srcset=\"https:\/\/beinghd.com\/wp-content\/uploads\/2026\/01\/e-public-files-poe-54xgpm-x6-acr-54xgpm-x6.png 656w, https:\/\/beinghd.com\/wp-content\/uploads\/2026\/01\/e-public-files-poe-54xgpm-x6-acr-54xgpm-x6-300x71.png 300w, https:\/\/beinghd.com\/wp-content\/uploads\/2026\/01\/e-public-files-poe-54xgpm-x6-acr-54xgpm-x6-18x4.png 18w, https:\/\/beinghd.com\/wp-content\/uploads\/2026\/01\/e-public-files-poe-54xgpm-x6-acr-54xgpm-x6-600x143.png 600w\" sizes=\"(max-width: 656px) 100vw, 656px\" \/><\/strong><\/p>\n<p><strong>Input Voltage\uff1a<\/strong>AC 100-240V 50\/60Hz<\/p>\n<p><strong>Operating Temperature\uff1a<\/strong>-10\u2103 ~ +50\u2103<\/p>\n<p><strong>Thermal Methods\uff1a<\/strong>Fan cooling<\/p>\n<p><strong>Certification\uff1a<\/strong>RoHS, FCC, CE<\/p>\n<p><strong>ESD\uff1a<\/strong>8KV-15KV<\/p>\n<p><strong>MTBF\uff1a<\/strong>100,000 hours<\/p>\n<p><img decoding=\"async\" width=\"1645\" height=\"122\" class=\"wp-image-13248\" src=\"https:\/\/www.beinghd.com\/wp-content\/uploads\/2026\/01\/4-6.png\" alt=\"\u6807\u9898\u88c5\u99704\" srcset=\"https:\/\/beinghd.com\/wp-content\/uploads\/2026\/01\/4-6.png 1645w, https:\/\/beinghd.com\/wp-content\/uploads\/2026\/01\/4-6-300x22.png 300w, https:\/\/beinghd.com\/wp-content\/uploads\/2026\/01\/4-6-1024x76.png 1024w, https:\/\/beinghd.com\/wp-content\/uploads\/2026\/01\/4-6-768x57.png 768w, https:\/\/beinghd.com\/wp-content\/uploads\/2026\/01\/4-6-1536x114.png 1536w, https:\/\/beinghd.com\/wp-content\/uploads\/2026\/01\/4-6-18x1.png 18w, https:\/\/beinghd.com\/wp-content\/uploads\/2026\/01\/4-6-600x44.png 600w, https:\/\/beinghd.com\/wp-content\/uploads\/2026\/01\/4-6-1200x89.png 1200w\" sizes=\"(max-width: 1645px) 100vw, 1645px\" \/><\/p>\n<p>The IPM-MANAGER-4800J is a 48-Port Ethernet L3 PoE Switch is equipped with 48x 10\/100\/1000Mbps adaptive RJ45 ports, 6x10Gigabit SFP+ uplink ports. Each RJ45 port supports MDI\/MDIX and wire speed forwarding functions. Ports 1-16 support IEEE802.3AF\/AT standard PoE power supply. It can as Power over Ethernet (PoE) devices, automatically detecting and recognizing standard-compliant powered devices, and powering them through the Ethernet cable.<\/p>\n<p>The switch adopts store and forward switching, combined with QoS technology, to ensure effective bandwidth allocation to each port, providing stable and reliable power and data transmission for high-power AP, network cameras, PTZ cameras, PoE lighting and other security surveillance equipment.<\/p>\n<p><img decoding=\"async\" width=\"1207\" height=\"90\" class=\"wp-image-13249\" src=\"https:\/\/www.beinghd.com\/wp-content\/uploads\/2026\/01\/unnamed-file-3.png\" alt=\"\u89c4\u683c\u4e66\u4fee\u6539\" srcset=\"https:\/\/beinghd.com\/wp-content\/uploads\/2026\/01\/unnamed-file-3.png 1207w, https:\/\/beinghd.com\/wp-content\/uploads\/2026\/01\/unnamed-file-3-300x22.png 300w, https:\/\/beinghd.com\/wp-content\/uploads\/2026\/01\/unnamed-file-3-1024x76.png 1024w, https:\/\/beinghd.com\/wp-content\/uploads\/2026\/01\/unnamed-file-3-768x57.png 768w, https:\/\/beinghd.com\/wp-content\/uploads\/2026\/01\/unnamed-file-3-18x1.png 18w, https:\/\/beinghd.com\/wp-content\/uploads\/2026\/01\/unnamed-file-3-600x45.png 600w, https:\/\/beinghd.com\/wp-content\/uploads\/2026\/01\/unnamed-file-3-1200x89.png 1200w\" sizes=\"(max-width: 1207px) 100vw, 1207px\" \/><\/p>\n<p>&nbsp;<\/p>\n<p>PRODUCT PARAMETERS<\/p>\n<table>\n<tbody>\n<tr>\n<td colspan=\"2\"><strong>Provider Mode Ports<\/strong><\/td>\n<\/tr>\n<tr>\n<td>Fixed port<\/td>\n<td>6x10GBase-X + 48&#215;10\/100\/1000 Base-T<\/td>\n<\/tr>\n<tr>\n<td>Management Port<\/td>\n<td>Support console<\/td>\n<\/tr>\n<tr>\n<td>Power interface<\/td>\n<td>AC100-240V triangle interface<\/td>\n<\/tr>\n<tr>\n<td>LED Indicators<\/td>\n<td>PWR\uff0cSYS\uff0cLink\/ACT LED<\/td>\n<\/tr>\n<tr>\n<td colspan=\"2\"><\/td>\n<\/tr>\n<tr>\n<td colspan=\"2\"><strong>Cable Type &amp; Transmission Distance<\/strong><\/td>\n<\/tr>\n<tr>\n<td>Twisted-pair<\/td>\n<td>0-100m\uff08CAT5e,CAT6\uff09<\/td>\n<\/tr>\n<tr>\n<td>Monomode optical fiber<\/td>\n<td>20\/40\/60\/80\/100KM<\/td>\n<\/tr>\n<tr>\n<td>Multimode optical fibre<\/td>\n<td>550m<\/td>\n<\/tr>\n<tr>\n<td colspan=\"2\"><\/td>\n<\/tr>\n<tr>\n<td colspan=\"2\"><strong>Network Topology<\/strong><\/td>\n<\/tr>\n<tr>\n<td>Ring topology<\/td>\n<td>Suporte<\/td>\n<\/tr>\n<tr>\n<td>Star topology<\/td>\n<td>Suporte<\/td>\n<\/tr>\n<tr>\n<td>Bus topology<\/td>\n<td>Suporte<\/td>\n<\/tr>\n<tr>\n<td>Tree topology<\/td>\n<td>Suporte<\/td>\n<\/tr>\n<tr>\n<td>Hybrid topology<\/td>\n<td>Suporte<\/td>\n<\/tr>\n<tr>\n<td><\/td>\n<td><\/td>\n<\/tr>\n<tr>\n<td colspan=\"2\"><strong>Electrical Specifications<\/strong><\/td>\n<\/tr>\n<tr>\n<td>Input voltage<\/td>\n<td>AC 100-240V 50\/60Hz<\/td>\n<\/tr>\n<tr>\n<td>Total Power consumption<\/td>\n<td>\u2264400W<\/td>\n<\/tr>\n<tr>\n<td>Main board power<\/td>\n<td>\u226451W<\/td>\n<\/tr>\n<tr>\n<td colspan=\"2\"><\/td>\n<\/tr>\n<tr>\n<td colspan=\"2\"><strong>PoE Support<\/strong><\/td>\n<\/tr>\n<tr>\n<td>PoE Port<\/td>\n<td>1-48<\/td>\n<\/tr>\n<tr>\n<td>PoE Protocol<\/td>\n<td>802.3af\uff0c802.3at<\/td>\n<\/tr>\n<tr>\n<td>Pin Assignment<\/td>\n<td>1,2+; 3,6-<\/td>\n<\/tr>\n<tr>\n<td>PoE Management<\/td>\n<td>Suporte<\/td>\n<\/tr>\n<tr>\n<td colspan=\"2\"><\/td>\n<\/tr>\n<tr>\n<td colspan=\"2\"><strong>Layer 2 Switching<\/strong><\/td>\n<\/tr>\n<tr>\n<td>Switching capacity<\/td>\n<td>216Gbps<\/td>\n<\/tr>\n<tr>\n<td>Packet forwarding rate<\/td>\n<td>160.7Mpps<\/td>\n<\/tr>\n<tr>\n<td>MAC address table<\/td>\n<td>32K<\/td>\n<\/tr>\n<tr>\n<td>Buffer<\/td>\n<td>16M<\/td>\n<\/tr>\n<tr>\n<td>Forwarding delay<\/td>\n<td>&lt;10us<\/td>\n<\/tr>\n<tr>\n<td>MDI\/MDIX<\/td>\n<td>Suporte<\/td>\n<\/tr>\n<tr>\n<td>VLAN<\/td>\n<td>3000<\/td>\n<\/tr>\n<tr>\n<td>GVRP<\/td>\n<td>Suporte<\/td>\n<\/tr>\n<tr>\n<td>Protocol VLAN<\/td>\n<td>Suporte<\/td>\n<\/tr>\n<tr>\n<td>Voice VLAN<\/td>\n<td>Suporte<\/td>\n<\/tr>\n<tr>\n<td>Surveillance VLAN<\/td>\n<td>Suporte<\/td>\n<\/tr>\n<tr>\n<td>MAC VLAN<\/td>\n<td>Suporte<\/td>\n<\/tr>\n<tr>\n<td>Ethernet channel\/ 802 .3ad<\/td>\n<td>Suporte<\/td>\n<\/tr>\n<tr>\n<td>LACP<\/td>\n<td>Suporte<\/td>\n<\/tr>\n<tr>\n<td>Interface Speed<\/td>\n<td>Suporte<\/td>\n<\/tr>\n<tr>\n<td>Duplex Mode<\/td>\n<td>Suporte<\/td>\n<\/tr>\n<tr>\n<td>Flow Control<\/td>\n<td>Suporte<\/td>\n<\/tr>\n<tr>\n<td>Jumbo Frame<\/td>\n<td>Suporte<\/td>\n<\/tr>\n<tr>\n<td>DHCP Server<\/td>\n<td>Suporte<\/td>\n<\/tr>\n<tr>\n<td>DHCP Client<\/td>\n<td>Suporte<\/td>\n<\/tr>\n<tr>\n<td>DNS Server<\/td>\n<td>Suporte<\/td>\n<\/tr>\n<tr>\n<td>DNS Client<\/td>\n<td>Suporte<\/td>\n<\/tr>\n<tr>\n<td>SNTP Client<\/td>\n<td>Suporte<\/td>\n<\/tr>\n<tr>\n<td>Port Statistics<\/td>\n<td>Suporte<\/td>\n<\/tr>\n<tr>\n<td>Protected Ports<\/td>\n<td>Suporte<\/td>\n<\/tr>\n<tr>\n<td>EEE<\/td>\n<td>Suporte<\/td>\n<\/tr>\n<tr>\n<td>Ethernet Ring Protection Switching<\/td>\n<td>Suporte<\/td>\n<\/tr>\n<tr>\n<td>LLDP<\/td>\n<td>Suporte<\/td>\n<\/tr>\n<tr>\n<td>LLDP 802.1 TLV<\/td>\n<td>Suporte<\/td>\n<\/tr>\n<tr>\n<td>MSTP \/ RSTP \/ STP<\/td>\n<td>Suporte<\/td>\n<\/tr>\n<tr>\n<td>STP BPDU Filter<\/td>\n<td>Suporte<\/td>\n<\/tr>\n<tr>\n<td>STP BPDU guard<\/td>\n<td>Suporte<\/td>\n<\/tr>\n<tr>\n<td>STP Port Fast<\/td>\n<td>Suporte<\/td>\n<\/tr>\n<tr>\n<td>IGMP Snooping<\/td>\n<td>Suporte<\/td>\n<\/tr>\n<tr>\n<td>MLD Snooping<\/td>\n<td>Suporte<\/td>\n<\/tr>\n<tr>\n<td>MVR<\/td>\n<td>Suporte<\/td>\n<\/tr>\n<tr>\n<td>DHCP interface priority IP binding<\/td>\n<td>Suporte<\/td>\n<\/tr>\n<tr>\n<td>Device Scanning<\/td>\n<td>Suporte<\/td>\n<\/tr>\n<tr>\n<td colspan=\"2\"><\/td>\n<\/tr>\n<tr>\n<td colspan=\"2\"><strong>Layer 3 Route<\/strong><\/td>\n<\/tr>\n<tr>\n<td>IPV4 management<\/td>\n<td>Suporte<\/td>\n<\/tr>\n<tr>\n<td>IPV6 management<\/td>\n<td>Suporte<\/td>\n<\/tr>\n<tr>\n<td>Dynamic Routes IPv4<\/td>\n<td>OSPF, RIP<\/td>\n<\/tr>\n<tr>\n<td>Static Routes IPv6<\/td>\n<td>Suporte<\/td>\n<\/tr>\n<tr>\n<td>VRRP<\/td>\n<td>Virtual Router Redundancy Protocol<\/td>\n<\/tr>\n<tr>\n<td>ARP<\/td>\n<td>Suporte<\/td>\n<\/tr>\n<tr>\n<td>Loopback Interface<\/td>\n<td>Suporte<\/td>\n<\/tr>\n<tr>\n<td colspan=\"2\"><\/td>\n<\/tr>\n<tr>\n<td colspan=\"2\"><strong>Convergence<\/strong><\/td>\n<\/tr>\n<tr>\n<td>ACL<\/td>\n<td>Support MAC Standard\/Extended ACL<\/p>\n<p>Support IPV4 Standard\/Extended ACL<\/p>\n<p>Support IPV6 Standard\/Extended ACL<\/td>\n<\/tr>\n<tr>\n<td>QoS<\/td>\n<td>Support QoS Remarking<\/p>\n<p>Support Port Trust<\/p>\n<p>Support Port Speed Limit<\/p>\n<p>Support Egress Queue Speed Limit<\/p>\n<p>Support SP\uff0cWRR<\/p>\n<p>Support COS\uff0cDSCP\uff0cIP Priority<\/td>\n<\/tr>\n<tr>\n<td colspan=\"2\"><\/td>\n<\/tr>\n<tr>\n<td colspan=\"2\"><strong>Management<\/strong><\/td>\n<\/tr>\n<tr>\n<td>User Management<\/td>\n<td>Suporte<\/td>\n<\/tr>\n<tr>\n<td>System Log<\/td>\n<td>Suporte<\/td>\n<\/tr>\n<tr>\n<td>Upgrade Firmware<\/td>\n<td>Suporte<\/td>\n<\/tr>\n<tr>\n<td>Configuration File Download\/Upload<\/td>\n<td>Suporte<\/td>\n<\/tr>\n<tr>\n<td>SNMP<\/td>\n<td>Support SNMP v1\/v2\/v3<\/td>\n<\/tr>\n<tr>\n<td>WEB Management<\/td>\n<td>Suporte<\/td>\n<\/tr>\n<tr>\n<td>Console<\/td>\n<td>Suporte<\/td>\n<\/tr>\n<tr>\n<td>CLI<\/td>\n<td>Suporte<\/td>\n<\/tr>\n<tr>\n<td>Telnet\/SSH<\/td>\n<td>Suporte<\/td>\n<\/tr>\n<tr>\n<td>RMON<\/td>\n<td>Suporte<\/td>\n<\/tr>\n<tr>\n<td colspan=\"2\"><\/td>\n<\/tr>\n<tr>\n<td colspan=\"2\"><strong>Security<\/strong><\/td>\n<\/tr>\n<tr>\n<td>Management channel configuration<\/td>\n<td>Suporte<\/td>\n<\/tr>\n<tr>\n<td>AAA<\/td>\n<td>Suporte<\/td>\n<\/tr>\n<tr>\n<td>802.1X<\/td>\n<td>Suporte<\/td>\n<\/tr>\n<tr>\n<td>MAC-Based<\/td>\n<td>Suporte<\/td>\n<\/tr>\n<tr>\n<td>WEB-Based<\/td>\n<td>Suporte<\/td>\n<\/tr>\n<tr>\n<td>DoS attack prevention<\/td>\n<td>Suporte<\/td>\n<\/tr>\n<tr>\n<td>Dynamic ARP Inspection<\/td>\n<td>Suporte<\/td>\n<\/tr>\n<tr>\n<td>DHCP Snooping<\/td>\n<td>Suporte<\/td>\n<\/tr>\n<tr>\n<td>IP Source Guard<\/td>\n<td>Suporte<\/td>\n<\/tr>\n<tr>\n<td>Port Security<\/td>\n<td>Suporte<\/td>\n<\/tr>\n<tr>\n<td>Protected Ports<\/td>\n<td>Suporte<\/td>\n<\/tr>\n<tr>\n<td>Storm Control<\/td>\n<td>Suporte<\/td>\n<\/tr>\n<tr>\n<td colspan=\"2\"><\/td>\n<\/tr>\n<tr>\n<td colspan=\"2\"><strong>Equipment Diagnosis<\/strong><\/td>\n<\/tr>\n<tr>\n<td>Console Log<\/td>\n<td>Suporte<\/td>\n<\/tr>\n<tr>\n<td>RAM Log<\/td>\n<td>Suporte<\/td>\n<\/tr>\n<tr>\n<td>Flash Log<\/td>\n<td>Suporte<\/td>\n<\/tr>\n<tr>\n<td>Port Mirroring<\/td>\n<td>Support 1:1 or 1:M<\/td>\n<\/tr>\n<tr>\n<td>Ping<\/td>\n<td>Suporte<\/td>\n<\/tr>\n<tr>\n<td>Traceroute<\/td>\n<td>Suporte<\/td>\n<\/tr>\n<tr>\n<td>Copper port test<\/td>\n<td>Suporte<\/td>\n<\/tr>\n<tr>\n<td>SFP transceiver information<\/td>\n<td>Suporte<\/td>\n<\/tr>\n<tr>\n<td>UDLD protocol<\/td>\n<td>Suporte<\/td>\n<\/tr>\n<tr>\n<td colspan=\"2\"><\/td>\n<\/tr>\n<tr>\n<td colspan=\"2\"><strong>Environment<\/strong><\/td>\n<\/tr>\n<tr>\n<td>Temperatura<\/td>\n<td>Operate temperature: -10\u2103~+50\u2103<\/p>\n<p>Storage temperature: -40\u2103~+75\u2103<\/td>\n<\/tr>\n<tr>\n<td>Relative humidity<\/td>\n<td>Operate humidity: 10%~90% RH<\/p>\n<p>Storage humidity: 5%~90% RH<\/td>\n<\/tr>\n<tr>\n<td>Thermal methods<\/td>\n<td>Fan cooling<\/td>\n<\/tr>\n<tr>\n<td>MTBF<\/td>\n<td>100,000 hours<\/td>\n<\/tr>\n<tr>\n<td colspan=\"2\"><\/td>\n<\/tr>\n<tr>\n<td colspan=\"2\"><strong>Mechanical Dimensions<\/strong><\/td>\n<\/tr>\n<tr>\n<td>Product size<\/td>\n<td>440*270*44mm\uff08LxWxH\uff09<\/td>\n<\/tr>\n<tr>\n<td>M\u00e9todo de instala\u00e7\u00e3o<\/td>\n<td>Rack mounted<\/td>\n<\/tr>\n<tr>\n<td>Peso<\/td>\n<td>4kg<\/td>\n<\/tr>\n<tr>\n<td colspan=\"2\"><\/td>\n<\/tr>\n<tr>\n<td colspan=\"2\"><strong>EMC&amp;Ingress Protection<\/strong><\/td>\n<\/tr>\n<tr>\n<td>Surge protection for Power<\/td>\n<td>Common mode 6KV, differential mode 2KV<\/td>\n<\/tr>\n<tr>\n<td>Surge protection for Ethernet port<\/td>\n<td>Common mode 4KV, differential mode 2KV<\/td>\n<\/tr>\n<tr>\n<td>ESD<\/td>\n<td>Contact 8KV, Air 15KV<\/td>\n<\/tr>\n<tr>\n<td>Free fall<\/td>\n<td>0.5 m<\/td>\n<\/tr>\n<tr>\n<td colspan=\"2\"><\/td>\n<\/tr>\n<tr>\n<td colspan=\"2\"><strong>Accessories<\/strong><\/td>\n<\/tr>\n<tr>\n<td>Accessories<\/td>\n<td>Device\uff0cPower cord\uff0cUser manual\uff0cInspection<\/p>\n<p>Certificate\uff0cDust Plug<\/td>\n<\/tr>\n<\/tbody>\n<\/table>\n<p><img loading=\"lazy\" decoding=\"async\" width=\"1487\" height=\"1034\" class=\"wp-image-13250\" src=\"https:\/\/www.beinghd.com\/wp-content\/uploads\/2026\/01\/unnamed-file-4.png\" alt=\"\u7ebf\u6846\u56fe\" srcset=\"https:\/\/beinghd.com\/wp-content\/uploads\/2026\/01\/unnamed-file-4.png 1487w, https:\/\/beinghd.com\/wp-content\/uploads\/2026\/01\/unnamed-file-4-300x209.png 300w, https:\/\/beinghd.com\/wp-content\/uploads\/2026\/01\/unnamed-file-4-1024x712.png 1024w, https:\/\/beinghd.com\/wp-content\/uploads\/2026\/01\/unnamed-file-4-768x534.png 768w, https:\/\/beinghd.com\/wp-content\/uploads\/2026\/01\/unnamed-file-4-18x12.png 18w, https:\/\/beinghd.com\/wp-content\/uploads\/2026\/01\/unnamed-file-4-600x417.png 600w, https:\/\/beinghd.com\/wp-content\/uploads\/2026\/01\/unnamed-file-4-1200x834.png 1200w\" sizes=\"(max-width: 1487px) 100vw, 1487px\" \/> <img loading=\"lazy\" decoding=\"async\" width=\"1645\" height=\"122\" class=\"wp-image-13251\" src=\"https:\/\/www.beinghd.com\/wp-content\/uploads\/2026\/01\/4-7.png\" alt=\"4\" srcset=\"https:\/\/beinghd.com\/wp-content\/uploads\/2026\/01\/4-7.png 1645w, https:\/\/beinghd.com\/wp-content\/uploads\/2026\/01\/4-7-300x22.png 300w, https:\/\/beinghd.com\/wp-content\/uploads\/2026\/01\/4-7-1024x76.png 1024w, https:\/\/beinghd.com\/wp-content\/uploads\/2026\/01\/4-7-768x57.png 768w, https:\/\/beinghd.com\/wp-content\/uploads\/2026\/01\/4-7-1536x114.png 1536w, https:\/\/beinghd.com\/wp-content\/uploads\/2026\/01\/4-7-18x1.png 18w, https:\/\/beinghd.com\/wp-content\/uploads\/2026\/01\/4-7-600x44.png 600w, https:\/\/beinghd.com\/wp-content\/uploads\/2026\/01\/4-7-1200x89.png 1200w\" sizes=\"(max-width: 1645px) 100vw, 1645px\" \/><\/p>\n<p>Left view<\/p>\n<p>Back view<\/p>\n<p>Top view<\/p>\n<p>Front view<\/p>\n<p>Right view<\/p>\n<p>&nbsp;<\/p>","protected":false},"excerpt":{"rendered":"<p><strong><b>Input Voltage\uff1a<\/b><\/strong>AC 100-240V 50\/60Hz<\/p>\n<p><strong><b>Operating Temperature\uff1a<\/b><\/strong>-10\u2103 ~ +50\u2103<\/p>\n<p><strong><b>Thermal Methods<\/b><\/strong><strong><b>\uff1a<\/b><\/strong>Fan cooling<\/p>\n<p><strong><b>Certification\uff1a<\/b><\/strong>RoHS, FCC, CE<\/p>\n<p><strong><b>ESD\uff1a<\/b><\/strong>8KV-15KV<\/p>\n<p><strong><b>MTBF\uff1a<\/b><\/strong>100,000\u00a0hours<\/p>","protected":false},"featured_media":13252,"comment_status":"open","ping_status":"closed","template":"","meta":{"site-sidebar-layout":"default","site-content-layout":"","ast-site-content-layout":"default","site-content-style":"default","site-sidebar-style":"default","ast-global-header-display":"","ast-banner-title-visibility":"","ast-main-header-display":"","ast-hfb-above-header-display":"","ast-hfb-below-header-display":"","ast-hfb-mobile-header-display":"","site-post-title":"","ast-breadcrumbs-content":"","ast-featured-img":"","footer-sml-layout":"","theme-transparent-header-meta":"default","adv-header-id-meta":"","stick-header-meta":"default","header-above-stick-meta":"","header-main-stick-meta":"","header-below-stick-meta":"","astra-migrate-meta-layouts":"set","ast-page-background-enabled":"default","ast-page-background-meta":{"desktop":{"background-color":"","background-image":"","background-repeat":"repeat","background-position":"center center","background-size":"auto","background-attachment":"scroll","background-type":"","background-media":"","overlay-type":"","overlay-color":"","overlay-opacity":"","overlay-gradient":""},"tablet":{"background-color":"","background-image":"","background-repeat":"repeat","background-position":"center center","background-size":"auto","background-attachment":"scroll","background-type":"","background-media":"","overlay-type":"","overlay-color":"","overlay-opacity":"","overlay-gradient":""},"mobile":{"background-color":"","background-image":"","background-repeat":"repeat","background-position":"center center","background-size":"auto","background-attachment":"scroll","background-type":"","background-media":"","overlay-type":"","overlay-color":"","overlay-opacity":"","overlay-gradient":""}},"ast-content-background-meta":{"desktop":{"background-color":"var(--ast-global-color-5)","background-image":"","background-repeat":"repeat","background-position":"center center","background-size":"auto","background-attachment":"scroll","background-type":"","background-media":"","overlay-type":"","overlay-color":"","overlay-opacity":"","overlay-gradient":""},"tablet":{"background-color":"var(--ast-global-color-5)","background-image":"","background-repeat":"repeat","background-position":"center center","background-size":"auto","background-attachment":"scroll","background-type":"","background-media":"","overlay-type":"","overlay-color":"","overlay-opacity":"","overlay-gradient":""},"mobile":{"background-color":"var(--ast-global-color-5)","background-image":"","background-repeat":"repeat","background-position":"center center","background-size":"auto","background-attachment":"scroll","background-type":"","background-media":"","overlay-type":"","overlay-color":"","overlay-opacity":"","overlay-gradient":""}}},"product_brand":[],"product_cat":[15,144,158],"product_tag":[],"class_list":{"0":"post-13246","1":"product","2":"type-product","3":"status-publish","4":"has-post-thumbnail","6":"product_cat-product","7":"product_cat-av-over-ip","8":"product_cat-poe-switch","9":"desktop-align-left","10":"tablet-align-left","11":"mobile-align-left","12":"ast-product-gallery-layout-horizontal-slider","13":"ast-product-tabs-layout-horizontal","15":"first","16":"instock","17":"shipping-taxable","18":"product-type-simple"},"_links":{"self":[{"href":"https:\/\/beinghd.com\/pt\/wp-json\/wp\/v2\/product\/13246","targetHints":{"allow":["GET"]}}],"collection":[{"href":"https:\/\/beinghd.com\/pt\/wp-json\/wp\/v2\/product"}],"about":[{"href":"https:\/\/beinghd.com\/pt\/wp-json\/wp\/v2\/types\/product"}],"replies":[{"embeddable":true,"href":"https:\/\/beinghd.com\/pt\/wp-json\/wp\/v2\/comments?post=13246"}],"version-history":[{"count":0,"href":"https:\/\/beinghd.com\/pt\/wp-json\/wp\/v2\/product\/13246\/revisions"}],"wp:featuredmedia":[{"embeddable":true,"href":"https:\/\/beinghd.com\/pt\/wp-json\/wp\/v2\/media\/13252"}],"wp:attachment":[{"href":"https:\/\/beinghd.com\/pt\/wp-json\/wp\/v2\/media?parent=13246"}],"wp:term":[{"taxonomy":"product_brand","embeddable":true,"href":"https:\/\/beinghd.com\/pt\/wp-json\/wp\/v2\/product_brand?post=13246"},{"taxonomy":"product_cat","embeddable":true,"href":"https:\/\/beinghd.com\/pt\/wp-json\/wp\/v2\/product_cat?post=13246"},{"taxonomy":"product_tag","embeddable":true,"href":"https:\/\/beinghd.com\/pt\/wp-json\/wp\/v2\/product_tag?post=13246"}],"curies":[{"name":"wp","href":"https:\/\/api.w.org\/{rel}","templated":true}]}}