{"id":13319,"date":"2026-01-08T08:24:37","date_gmt":"2026-01-08T07:24:37","guid":{"rendered":"https:\/\/beinghd.com\/?post_type=product&#038;p=13319"},"modified":"2026-01-08T08:24:38","modified_gmt":"2026-01-08T07:24:38","slug":"10-button-programming-control-keypad-with-poe-function","status":"publish","type":"product","link":"https:\/\/beinghd.com\/pt\/produto\/10-button-programming-control-keypad-with-poe-function\/","title":{"rendered":"Teclado de controle de programa\u00e7\u00e3o de 10 bot\u00f5es com fun\u00e7\u00e3o PoE"},"content":{"rendered":"<p><img fetchpriority=\"high\" decoding=\"async\" width=\"1083\" height=\"555\" class=\"wp-image-13320\" src=\"https:\/\/www.beinghd.com\/wp-content\/uploads\/2026\/01\/word-image-13319-1.png\" srcset=\"https:\/\/beinghd.com\/wp-content\/uploads\/2026\/01\/word-image-13319-1.png 1083w, https:\/\/beinghd.com\/wp-content\/uploads\/2026\/01\/word-image-13319-1-300x154.png 300w, https:\/\/beinghd.com\/wp-content\/uploads\/2026\/01\/word-image-13319-1-1024x525.png 1024w, https:\/\/beinghd.com\/wp-content\/uploads\/2026\/01\/word-image-13319-1-768x394.png 768w, https:\/\/beinghd.com\/wp-content\/uploads\/2026\/01\/word-image-13319-1-18x9.png 18w, https:\/\/beinghd.com\/wp-content\/uploads\/2026\/01\/word-image-13319-1-600x307.png 600w\" sizes=\"(max-width: 1083px) 100vw, 1083px\" \/><\/p>\n<p><strong>Introdu\u00e7\u00e3o<\/strong><\/p>\n<p>BYOD-1000 (Hereinafter referred to as the Keypad) is a 10-button keypad controller aimed at providing customers simple and economic control solutions. With built-in PoE, it can receive power from PoE enabled ethernet switch. The keypad can control devices like presentation switches through LAN(PoE) port or RS232 port. It supports button configuration and control, also system firmware update on web UI.<\/p>\n<p><strong>Recursos<\/strong><\/p>\n<ul>\n<li>WEB GUI programming<\/li>\n<li>Ten-button<\/li>\n<li>Supports TCP\/IP and RS232<\/li>\n<li>Supports PoE function<\/li>\n<li>US or UK single panel for selection<\/li>\n<li>Config files to restore<\/li>\n<\/ul>\n<p><strong>Especifica\u00e7\u00e3o<\/strong><\/p>\n<table>\n<thead>\n<tr>\n<th colspan=\"2\"><strong>Technical <\/strong><\/th>\n<\/tr>\n<\/thead>\n<tbody>\n<tr>\n<td>Front panel<\/td>\n<td>10 x Buttons(silicone soft buttons)<\/td>\n<\/tr>\n<tr>\n<td>Back panel<\/td>\n<td>1 x LAN (RJ45, PoE), 1 x RS232; 1 x DC 12V Power In<\/td>\n<\/tr>\n<tr>\n<td>Temperatura operacional<\/td>\n<td>0\u00b0C to 45\u00b0C (32\u00b0F to 113\u00b0F)<\/td>\n<\/tr>\n<tr>\n<td>Temperatura de armazenamento<\/td>\n<td>-20\u00b0C to 70\u00b0C (-4\u00b0F to 158\u00b0F)<\/td>\n<\/tr>\n<tr>\n<td>Umidade<\/td>\n<td>10% to 90%, non-condensing<\/td>\n<\/tr>\n<tr>\n<td>ESD Protection<\/td>\n<td>Human-body Model, \u00b18kV (Air-gap discharge)\/\u00b14kV (Contact discharge)<\/td>\n<\/tr>\n<tr>\n<td>Fonte de alimenta\u00e7\u00e3o<\/td>\n<td>DC 12V 0.5A (Power adapter is not included in the package)<\/td>\n<\/tr>\n<tr>\n<td>Consumption (Max)<\/td>\n<td>1.3W<\/td>\n<\/tr>\n<tr>\n<td>US Size Dimension<\/td>\n<td>45mm x 105.6mm x 36mm\/ 1.77\u201d x 4.16\u201d x 1.42\u201d<\/td>\n<\/tr>\n<tr>\n<td>Product Weight<\/td>\n<td>0.18kg\/0.40lb<\/td>\n<\/tr>\n<\/tbody>\n<\/table>\n<p><a id=\"post-13319-OLE_LINK1\"><\/a><strong>Diagrama de conex\u00e3o<\/strong><\/p>\n<p><img decoding=\"async\" width=\"1200\" height=\"1200\" class=\"wp-image-13321\" src=\"https:\/\/www.beinghd.com\/wp-content\/uploads\/2026\/01\/connection.jpeg\" alt=\"connection\" srcset=\"https:\/\/beinghd.com\/wp-content\/uploads\/2026\/01\/connection.jpeg 1200w, https:\/\/beinghd.com\/wp-content\/uploads\/2026\/01\/connection-300x300.jpeg 300w, https:\/\/beinghd.com\/wp-content\/uploads\/2026\/01\/connection-1024x1024.jpeg 1024w, https:\/\/beinghd.com\/wp-content\/uploads\/2026\/01\/connection-150x150.jpeg 150w, https:\/\/beinghd.com\/wp-content\/uploads\/2026\/01\/connection-768x768.jpeg 768w, https:\/\/beinghd.com\/wp-content\/uploads\/2026\/01\/connection-12x12.jpeg 12w, https:\/\/beinghd.com\/wp-content\/uploads\/2026\/01\/connection-600x600.jpeg 600w, https:\/\/beinghd.com\/wp-content\/uploads\/2026\/01\/connection-100x100.jpeg 100w\" sizes=\"(max-width: 1200px) 100vw, 1200px\" \/><\/p>\n<p>&nbsp;<\/p>","protected":false},"excerpt":{"rendered":"<ul>\n<li>WEB GUI programming<\/li>\n<li>Ten-button<\/li>\n<li>Supports TCP\/IP and RS232<\/li>\n<li>Supports PoE function<\/li>\n<li>US or UK single panel for selection<\/li>\n<li>Config files to restore<\/li>\n<\/ul>","protected":false},"featured_media":13322,"comment_status":"open","ping_status":"closed","template":"","meta":{"site-sidebar-layout":"default","site-content-layout":"","ast-site-content-layout":"default","site-content-style":"default","site-sidebar-style":"default","ast-global-header-display":"","ast-banner-title-visibility":"","ast-main-header-display":"","ast-hfb-above-header-display":"","ast-hfb-below-header-display":"","ast-hfb-mobile-header-display":"","site-post-title":"","ast-breadcrumbs-content":"","ast-featured-img":"","footer-sml-layout":"","theme-transparent-header-meta":"default","adv-header-id-meta":"","stick-header-meta":"default","header-above-stick-meta":"","header-main-stick-meta":"","header-below-stick-meta":"","astra-migrate-meta-layouts":"set","ast-page-background-enabled":"default","ast-page-background-meta":{"desktop":{"background-color":"","background-image":"","background-repeat":"repeat","background-position":"center center","background-size":"auto","background-attachment":"scroll","background-type":"","background-media":"","overlay-type":"","overlay-color":"","overlay-opacity":"","overlay-gradient":""},"tablet":{"background-color":"","background-image":"","background-repeat":"repeat","background-position":"center center","background-size":"auto","background-attachment":"scroll","background-type":"","background-media":"","overlay-type":"","overlay-color":"","overlay-opacity":"","overlay-gradient":""},"mobile":{"background-color":"","background-image":"","background-repeat":"repeat","background-position":"center center","background-size":"auto","background-attachment":"scroll","background-type":"","background-media":"","overlay-type":"","overlay-color":"","overlay-opacity":"","overlay-gradient":""}},"ast-content-background-meta":{"desktop":{"background-color":"var(--ast-global-color-5)","background-image":"","background-repeat":"repeat","background-position":"center center","background-size":"auto","background-attachment":"scroll","background-type":"","background-media":"","overlay-type":"","overlay-color":"","overlay-opacity":"","overlay-gradient":""},"tablet":{"background-color":"var(--ast-global-color-5)","background-image":"","background-repeat":"repeat","background-position":"center center","background-size":"auto","background-attachment":"scroll","background-type":"","background-media":"","overlay-type":"","overlay-color":"","overlay-opacity":"","overlay-gradient":""},"mobile":{"background-color":"var(--ast-global-color-5)","background-image":"","background-repeat":"repeat","background-position":"center center","background-size":"auto","background-attachment":"scroll","background-type":"","background-media":"","overlay-type":"","overlay-color":"","overlay-opacity":"","overlay-gradient":""}}},"product_brand":[],"product_cat":[15,145,163],"product_tag":[],"class_list":{"0":"post-13319","1":"product","2":"type-product","3":"status-publish","4":"has-post-thumbnail","6":"product_cat-product","7":"product_cat-control-system","8":"product_cat-control-processors","9":"desktop-align-left","10":"tablet-align-left","11":"mobile-align-left","12":"ast-product-gallery-layout-horizontal-slider","13":"ast-product-tabs-layout-horizontal","15":"first","16":"instock","17":"shipping-taxable","18":"product-type-simple"},"_links":{"self":[{"href":"https:\/\/beinghd.com\/pt\/wp-json\/wp\/v2\/product\/13319","targetHints":{"allow":["GET"]}}],"collection":[{"href":"https:\/\/beinghd.com\/pt\/wp-json\/wp\/v2\/product"}],"about":[{"href":"https:\/\/beinghd.com\/pt\/wp-json\/wp\/v2\/types\/product"}],"replies":[{"embeddable":true,"href":"https:\/\/beinghd.com\/pt\/wp-json\/wp\/v2\/comments?post=13319"}],"version-history":[{"count":0,"href":"https:\/\/beinghd.com\/pt\/wp-json\/wp\/v2\/product\/13319\/revisions"}],"wp:featuredmedia":[{"embeddable":true,"href":"https:\/\/beinghd.com\/pt\/wp-json\/wp\/v2\/media\/13322"}],"wp:attachment":[{"href":"https:\/\/beinghd.com\/pt\/wp-json\/wp\/v2\/media?parent=13319"}],"wp:term":[{"taxonomy":"product_brand","embeddable":true,"href":"https:\/\/beinghd.com\/pt\/wp-json\/wp\/v2\/product_brand?post=13319"},{"taxonomy":"product_cat","embeddable":true,"href":"https:\/\/beinghd.com\/pt\/wp-json\/wp\/v2\/product_cat?post=13319"},{"taxonomy":"product_tag","embeddable":true,"href":"https:\/\/beinghd.com\/pt\/wp-json\/wp\/v2\/product_tag?post=13319"}],"curies":[{"name":"wp","href":"https:\/\/api.w.org\/{rel}","templated":true}]}}