{"id":15587,"date":"2026-02-19T09:39:57","date_gmt":"2026-02-19T14:39:57","guid":{"rendered":"https:\/\/beinghd.com\/?post_type=product&#038;p=15587"},"modified":"2026-02-19T09:39:57","modified_gmt":"2026-02-19T14:39:57","slug":"ipf-900tr","status":"publish","type":"product","link":"https:\/\/beinghd.com\/pt\/produto\/ipf-900tr\/","title":{"rendered":"IPF-900TR"},"content":{"rendered":"<p><img fetchpriority=\"high\" decoding=\"async\" width=\"1267\" height=\"563\" class=\"wp-image-15588\" src=\"https:\/\/beinghd.com\/wp-content\/uploads\/2026\/02\/ipf-900tr.jpeg\" alt=\"IPF-900TR\" srcset=\"https:\/\/beinghd.com\/wp-content\/uploads\/2026\/02\/ipf-900tr.jpeg 1267w, https:\/\/beinghd.com\/wp-content\/uploads\/2026\/02\/ipf-900tr-300x133.jpeg 300w, https:\/\/beinghd.com\/wp-content\/uploads\/2026\/02\/ipf-900tr-1024x455.jpeg 1024w, https:\/\/beinghd.com\/wp-content\/uploads\/2026\/02\/ipf-900tr-768x341.jpeg 768w, https:\/\/beinghd.com\/wp-content\/uploads\/2026\/02\/ipf-900tr-18x8.jpeg 18w, https:\/\/beinghd.com\/wp-content\/uploads\/2026\/02\/ipf-900tr-600x267.jpeg 600w, https:\/\/beinghd.com\/wp-content\/uploads\/2026\/02\/ipf-900tr-1200x533.jpeg 1200w\" sizes=\"(max-width: 1267px) 100vw, 1267px\" \/><\/p>\n<p><strong>Introdu\u00e7\u00e3o<\/strong><\/p>\n<p>It&#8217;s an HDMI+USB over IP Extender uses Gigabit IP network technology to process and distribute 4K ultra-high-definition video signals, and at the same time send the mouse and keyboard control signals from the receiver to the transmitter to realize the KVM extension function. It supports 1TX to 1RX as extender kit, or 1TX to multiple RX over gigabit PoE switch as the distribution. This product can extend the KVM and USB signal transmission distance to 150m over single LAN cable or 2km over LC Fiber cable. The HDMI video resolution supports 4K@30Hz with low latency, support full-format HDMI audio, fully meet the audio-visual needs of high-end customers. Gigabit switch is recommended when use as the distribution system(1TX and multiple Rx).<\/p>\n<p>This product also can support the transmission of RS232 IR, and audio signals to meet the needs of customers with various complex networking and combined functions.<\/p>\n<p><strong>Recursos<\/strong><\/p>\n<ul>\n<li>HDMI+USB2.0 over IP\/Fiber Extender kit<\/li>\n<li>Uses the IP jepg2000 technology, low compression and latency(&lt;50ms)<\/li>\n<li>Supports HDCP1.4<\/li>\n<li>Transmission distance: 400ft\/150m via Cat5e\/Cat6, 2km via LC Fiber cable<\/li>\n<li>Supports one-way IR transmission, RS232<\/li>\n<li>Supports the LINE audio in and out<\/li>\n<li>Supports POC(power over Cable) or POE<\/li>\n<li>Supports USB owner key for USB right from the host<\/li>\n<li>LED working indicator<\/li>\n<\/ul>\n<p><strong>Especifica\u00e7\u00e3o<\/strong><\/p>\n<table>\n<tbody>\n<tr>\n<td><strong>Product name<\/strong><\/td>\n<td><strong>4K HDMI+USB2.0 Extender kit<\/strong><\/td>\n<\/tr>\n<tr>\n<td>Input resolution<\/td>\n<td>Up to 4K30<\/td>\n<\/tr>\n<tr>\n<td>Resolu\u00e7\u00e3o de sa\u00edda<\/td>\n<td>Up to 4K30<\/td>\n<\/tr>\n<tr>\n<td>Tecnologia<\/td>\n<td>IP(JEPG2000)<\/td>\n<\/tr>\n<tr>\n<td>Transmission\u00a0distance<\/td>\n<td>400ft\/150m via Cat5e\/Cat6, 2km via LC Fiber cable<\/td>\n<\/tr>\n<tr>\n<td>Largura de banda<\/td>\n<td>10.2Gbps<\/td>\n<\/tr>\n<tr>\n<td>Power\u00a0Supply<\/td>\n<td>DC\u00a012V\u00a01.5A, PoE(802.3AF)<\/td>\n<\/tr>\n<tr>\n<td>Dimension\u00a0(mm)<\/td>\n<td><\/td>\n<\/tr>\n<tr>\n<td>Peso do produto<\/td>\n<td>200g\/0.45lb<\/td>\n<\/tr>\n<tr>\n<td>Operating\u00a0Temperature<\/td>\n<td>-10\u2103\u00a0to\u00a040\u2103<\/td>\n<\/tr>\n<tr>\n<td>Temperatura de armazenamento<\/td>\n<td>-25\u2103\u00a0to\u00a055\u2103<\/td>\n<\/tr>\n<\/tbody>\n<\/table>\n<p><strong>Product connection diagram: <\/strong><\/p>\n<p><img decoding=\"async\" width=\"771\" height=\"568\" class=\"wp-image-15589\" src=\"https:\/\/beinghd.com\/wp-content\/uploads\/2026\/02\/word-image-15587-2.jpeg\" srcset=\"https:\/\/beinghd.com\/wp-content\/uploads\/2026\/02\/word-image-15587-2.jpeg 771w, https:\/\/beinghd.com\/wp-content\/uploads\/2026\/02\/word-image-15587-2-300x221.jpeg 300w, https:\/\/beinghd.com\/wp-content\/uploads\/2026\/02\/word-image-15587-2-768x566.jpeg 768w, https:\/\/beinghd.com\/wp-content\/uploads\/2026\/02\/word-image-15587-2-16x12.jpeg 16w, https:\/\/beinghd.com\/wp-content\/uploads\/2026\/02\/word-image-15587-2-600x442.jpeg 600w\" sizes=\"(max-width: 771px) 100vw, 771px\" \/> <img decoding=\"async\" width=\"641\" height=\"666\" class=\"wp-image-15590\" src=\"https:\/\/beinghd.com\/wp-content\/uploads\/2026\/02\/word-image-15587-3.jpeg\" srcset=\"https:\/\/beinghd.com\/wp-content\/uploads\/2026\/02\/word-image-15587-3.jpeg 641w, https:\/\/beinghd.com\/wp-content\/uploads\/2026\/02\/word-image-15587-3-289x300.jpeg 289w, https:\/\/beinghd.com\/wp-content\/uploads\/2026\/02\/word-image-15587-3-12x12.jpeg 12w, https:\/\/beinghd.com\/wp-content\/uploads\/2026\/02\/word-image-15587-3-600x623.jpeg 600w\" sizes=\"(max-width: 641px) 100vw, 641px\" \/><\/p>\n<p>&nbsp;<\/p>","protected":false},"excerpt":{"rendered":"<ul>\n<li>HDMI+USB2.0 over IP\/Fiber Extender kit<\/li>\n<li>Uses the IP jepg2000 technology, low compression and latency(&lt;50ms)<\/li>\n<li>Supports HDCP1.4<\/li>\n<li>Transmission distance: 400ft\/150m via Cat5e\/Cat6, 2km via LC Fiber cable<\/li>\n<li>Supports one-way IR transmission, RS232<\/li>\n<li>Supports the LINE audio in and out<\/li>\n<li>Supports POC(power over Cable) or POE<\/li>\n<li>Supports USB owner key for USB right from the host<\/li>\n<li>LED working indicator<\/li>\n<\/ul>","protected":false},"featured_media":15591,"comment_status":"open","ping_status":"closed","template":"","meta":{"site-sidebar-layout":"default","site-content-layout":"","ast-site-content-layout":"default","site-content-style":"default","site-sidebar-style":"default","ast-global-header-display":"","ast-banner-title-visibility":"","ast-main-header-display":"","ast-hfb-above-header-display":"","ast-hfb-below-header-display":"","ast-hfb-mobile-header-display":"","site-post-title":"","ast-breadcrumbs-content":"","ast-featured-img":"","footer-sml-layout":"","theme-transparent-header-meta":"default","adv-header-id-meta":"","stick-header-meta":"default","header-above-stick-meta":"","header-main-stick-meta":"","header-below-stick-meta":"","astra-migrate-meta-layouts":"set","ast-page-background-enabled":"default","ast-page-background-meta":{"desktop":{"background-color":"","background-image":"","background-repeat":"repeat","background-position":"center center","background-size":"auto","background-attachment":"scroll","background-type":"","background-media":"","overlay-type":"","overlay-color":"","overlay-opacity":"","overlay-gradient":""},"tablet":{"background-color":"","background-image":"","background-repeat":"repeat","background-position":"center center","background-size":"auto","background-attachment":"scroll","background-type":"","background-media":"","overlay-type":"","overlay-color":"","overlay-opacity":"","overlay-gradient":""},"mobile":{"background-color":"","background-image":"","background-repeat":"repeat","background-position":"center center","background-size":"auto","background-attachment":"scroll","background-type":"","background-media":"","overlay-type":"","overlay-color":"","overlay-opacity":"","overlay-gradient":""}},"ast-content-background-meta":{"desktop":{"background-color":"var(--ast-global-color-5)","background-image":"","background-repeat":"repeat","background-position":"center center","background-size":"auto","background-attachment":"scroll","background-type":"","background-media":"","overlay-type":"","overlay-color":"","overlay-opacity":"","overlay-gradient":""},"tablet":{"background-color":"var(--ast-global-color-5)","background-image":"","background-repeat":"repeat","background-position":"center center","background-size":"auto","background-attachment":"scroll","background-type":"","background-media":"","overlay-type":"","overlay-color":"","overlay-opacity":"","overlay-gradient":""},"mobile":{"background-color":"var(--ast-global-color-5)","background-image":"","background-repeat":"repeat","background-position":"center center","background-size":"auto","background-attachment":"scroll","background-type":"","background-media":"","overlay-type":"","overlay-color":"","overlay-opacity":"","overlay-gradient":""}}},"product_brand":[],"product_cat":[15,167,170],"product_tag":[],"class_list":{"0":"post-15587","1":"product","2":"type-product","3":"status-publish","4":"has-post-thumbnail","6":"product_cat-product","7":"product_cat-extenderscables","8":"product_cat-jep2000-extenders","9":"desktop-align-left","10":"tablet-align-left","11":"mobile-align-left","12":"ast-product-gallery-layout-horizontal-slider","13":"ast-product-tabs-layout-horizontal","15":"first","16":"instock","17":"shipping-taxable","18":"product-type-simple"},"_links":{"self":[{"href":"https:\/\/beinghd.com\/pt\/wp-json\/wp\/v2\/product\/15587","targetHints":{"allow":["GET"]}}],"collection":[{"href":"https:\/\/beinghd.com\/pt\/wp-json\/wp\/v2\/product"}],"about":[{"href":"https:\/\/beinghd.com\/pt\/wp-json\/wp\/v2\/types\/product"}],"replies":[{"embeddable":true,"href":"https:\/\/beinghd.com\/pt\/wp-json\/wp\/v2\/comments?post=15587"}],"version-history":[{"count":0,"href":"https:\/\/beinghd.com\/pt\/wp-json\/wp\/v2\/product\/15587\/revisions"}],"wp:featuredmedia":[{"embeddable":true,"href":"https:\/\/beinghd.com\/pt\/wp-json\/wp\/v2\/media\/15591"}],"wp:attachment":[{"href":"https:\/\/beinghd.com\/pt\/wp-json\/wp\/v2\/media?parent=15587"}],"wp:term":[{"taxonomy":"product_brand","embeddable":true,"href":"https:\/\/beinghd.com\/pt\/wp-json\/wp\/v2\/product_brand?post=15587"},{"taxonomy":"product_cat","embeddable":true,"href":"https:\/\/beinghd.com\/pt\/wp-json\/wp\/v2\/product_cat?post=15587"},{"taxonomy":"product_tag","embeddable":true,"href":"https:\/\/beinghd.com\/pt\/wp-json\/wp\/v2\/product_tag?post=15587"}],"curies":[{"name":"wp","href":"https:\/\/api.w.org\/{rel}","templated":true}]}}