{"id":16177,"date":"2026-03-09T09:54:38","date_gmt":"2026-03-09T13:54:38","guid":{"rendered":"https:\/\/beinghd.com\/?post_type=product&#038;p=16177"},"modified":"2026-03-09T09:54:45","modified_gmt":"2026-03-09T13:54:45","slug":"vpx-123","status":"publish","type":"product","link":"https:\/\/beinghd.com\/ru\/%d0%bf%d1%80%d0%be%d0%b4%d1%83%d0%ba%d1%82\/vpx-123\/","title":{"rendered":"VPX-123"},"content":{"rendered":"<p><img fetchpriority=\"high\" decoding=\"async\" width=\"1200\" height=\"800\" class=\"wp-image-16178\" src=\"https:\/\/beinghd.com\/wp-content\/uploads\/2026\/03\/1200.jpeg\" alt=\"1200\" srcset=\"https:\/\/beinghd.com\/wp-content\/uploads\/2026\/03\/1200.jpeg 1200w, https:\/\/beinghd.com\/wp-content\/uploads\/2026\/03\/1200-300x200.jpeg 300w, https:\/\/beinghd.com\/wp-content\/uploads\/2026\/03\/1200-1024x683.jpeg 1024w, https:\/\/beinghd.com\/wp-content\/uploads\/2026\/03\/1200-768x512.jpeg 768w, https:\/\/beinghd.com\/wp-content\/uploads\/2026\/03\/1200-18x12.jpeg 18w, https:\/\/beinghd.com\/wp-content\/uploads\/2026\/03\/1200-600x400.jpeg 600w\" sizes=\"(max-width: 1200px) 100vw, 1200px\" \/><\/p>\n<p><strong>\u0412\u0432\u0435\u0434\u0435\u043d\u0438\u0435<\/strong><\/p>\n<p>This is a LED Video Wall processor, it supports 2 output channels, supports 6 inputs(VGA, CVBS, 2 HDMI, DVI and USB), supports 4 slots for the LED sending card, the maximum LED resolution can up to 5.3 million pixels. Each channel can receive standard or high resolution video signals, DVI and VGA up to 2304&#215;1152@ 60Hzresolution input to meet a variety of high-definition output.<\/p>\n<p>It support the front panel push-button fast control, a minute can complete the setup and also supports the RS-232 control.<\/p>\n<p><strong>\u0425\u0430\u0440\u0430\u043a\u0442\u0435\u0440\u0438\u0441\u0442\u0438\u043a\u0438<\/strong><\/p>\n<ul>\n<li>\u041f\u043e\u0434\u0434\u0435\u0440\u0436\u043a\u0430 \u0431\u0435\u0441\u0448\u043e\u0432\u043d\u043e\u0433\u043e \u043f\u0435\u0440\u0435\u043a\u043b\u044e\u0447\u0435\u043d\u0438\u044f<\/li>\n<li>Supports 6 inputs and 2 channels outputs<\/li>\n<li>Supports 4 LED sending card slots<\/li>\n<li>5.3 million pixel with customize resolution<\/li>\n<li>Supports scenes save and recall<\/li>\n<li>Supports one-key black the screen or freeze the image<\/li>\n<li>Supports multiple working modes<\/li>\n<li>Supports front panel push-buttons fast control and RS232 control<\/li>\n<\/ul>\n<p>&nbsp;<\/p>\n<p><strong>Front panel and the back panel<\/strong><\/p>\n<p><img decoding=\"async\" width=\"1267\" height=\"524\" class=\"wp-image-16179\" src=\"https:\/\/beinghd.com\/wp-content\/uploads\/2026\/03\/word-image-16177-2.png\" srcset=\"https:\/\/beinghd.com\/wp-content\/uploads\/2026\/03\/word-image-16177-2.png 1267w, https:\/\/beinghd.com\/wp-content\/uploads\/2026\/03\/word-image-16177-2-300x124.png 300w, https:\/\/beinghd.com\/wp-content\/uploads\/2026\/03\/word-image-16177-2-1024x424.png 1024w, https:\/\/beinghd.com\/wp-content\/uploads\/2026\/03\/word-image-16177-2-768x318.png 768w, https:\/\/beinghd.com\/wp-content\/uploads\/2026\/03\/word-image-16177-2-18x7.png 18w, https:\/\/beinghd.com\/wp-content\/uploads\/2026\/03\/word-image-16177-2-600x248.png 600w, https:\/\/beinghd.com\/wp-content\/uploads\/2026\/03\/word-image-16177-2-1200x496.png 1200w\" sizes=\"(max-width: 1267px) 100vw, 1267px\" \/><\/p>\n<p><strong>\u0421\u0445\u0435\u043c\u0430 \u043f\u043e\u0434\u043a\u043b\u044e\u0447\u0435\u043d\u0438\u044f<\/strong><\/p>\n<p><img decoding=\"async\" width=\"1011\" height=\"723\" class=\"wp-image-16180\" src=\"https:\/\/beinghd.com\/wp-content\/uploads\/2026\/03\/word-image-16177-3.png\" srcset=\"https:\/\/beinghd.com\/wp-content\/uploads\/2026\/03\/word-image-16177-3.png 1011w, https:\/\/beinghd.com\/wp-content\/uploads\/2026\/03\/word-image-16177-3-300x215.png 300w, https:\/\/beinghd.com\/wp-content\/uploads\/2026\/03\/word-image-16177-3-768x549.png 768w, https:\/\/beinghd.com\/wp-content\/uploads\/2026\/03\/word-image-16177-3-18x12.png 18w, https:\/\/beinghd.com\/wp-content\/uploads\/2026\/03\/word-image-16177-3-600x429.png 600w\" sizes=\"(max-width: 1011px) 100vw, 1011px\" \/><\/p>\n<p><strong>\u0422\u0435\u0445\u043d\u0438\u0447\u0435\u0441\u043a\u0438\u0435 \u0445\u0430\u0440\u0430\u043a\u0442\u0435\u0440\u0438\u0441\u0442\u0438\u043a\u0438<\/strong><\/p>\n<table>\n<thead>\n<tr>\n<th colspan=\"2\"><strong>HDMI INPUTS <\/strong><\/th>\n<\/tr>\n<\/thead>\n<tbody>\n<tr>\n<td>Input port number<\/td>\n<td>2 x HDMI<\/td>\n<\/tr>\n<tr>\n<td>Protocol<\/td>\n<td>DVI1.0, HDMI1.3<\/td>\n<\/tr>\n<tr>\n<td>\u0420\u0430\u0437\u0440\u0435\u0448\u0435\u043d\u0438\u0435<\/td>\n<td>VESA standard, PC to 1920&#215;1200, HD to 1080p<\/td>\n<\/tr>\n<tr>\n<td colspan=\"2\"><strong>DVI INPUT<\/strong><\/td>\n<\/tr>\n<tr>\n<td>Input port number<\/td>\n<td>1 x DVI, DVI-I<\/td>\n<\/tr>\n<tr>\n<td>Protocol<\/td>\n<td>DVI1.0, HDMI1.3<\/td>\n<\/tr>\n<tr>\n<td>\u0420\u0430\u0437\u0440\u0435\u0448\u0435\u043d\u0438\u0435<\/td>\n<td>VESA standard, PC to 1920&#215;1200, HD to 1080p<\/td>\n<\/tr>\n<tr>\n<td colspan=\"2\"><strong>VGA INPUT<\/strong><\/td>\n<\/tr>\n<tr>\n<td>Input port number<\/td>\n<td>1 x VGA, DB-15<\/td>\n<\/tr>\n<tr>\n<td>Standard<\/td>\n<td>R,G, B, Hsync, Vsync: 0 to1Vpp\u00b13dB (0.7V Video+0.3v Sync )<\/p>\n<p>75 ohm black level: 300mV Sync-tip: 0V<\/td>\n<\/tr>\n<tr>\n<td>\u0420\u0430\u0437\u0440\u0435\u0448\u0435\u043d\u0438\u0435<\/td>\n<td>VESA standard, PC to 1920&#215;1200<\/td>\n<\/tr>\n<tr>\n<td colspan=\"2\"><strong>CVBS INPUT<\/strong><\/td>\n<\/tr>\n<tr>\n<td>Input port number<\/td>\n<td>1 x CVBS, BNC<\/td>\n<\/tr>\n<tr>\n<td>Standard<\/td>\n<td>PAL\/NTSC 1Vpp\u00b13db (0.7V Video+0.3v Sync ) 75 ohm<\/td>\n<\/tr>\n<tr>\n<td>\u0420\u0430\u0437\u0440\u0435\u0448\u0435\u043d\u0438\u0435<\/td>\n<td>480i,576i<\/td>\n<\/tr>\n<tr>\n<td colspan=\"2\"><strong>USB INPUT<\/strong><\/td>\n<\/tr>\n<tr>\n<td>Input port number<\/td>\n<td>1 x USB, USB-A<\/td>\n<\/tr>\n<tr>\n<td>Video Standard<\/td>\n<td>1920&#215;1080@60Hz\uff08rm,rmvb,mp4, mov,mkv,wmv,avi,3gp\uff09<\/td>\n<\/tr>\n<tr>\n<td>Image Standard<\/td>\n<td>jpg.jpeg.png .bmp<\/td>\n<\/tr>\n<tr>\n<td colspan=\"2\"><strong>DVI OUTPUT<\/strong><\/td>\n<\/tr>\n<tr>\n<td>Output port number<\/td>\n<td>2 x DVI output channels, total 4 DVI-I ports<\/td>\n<\/tr>\n<tr>\n<td>Protocol<\/td>\n<td>DVI1.0<\/td>\n<\/tr>\n<tr>\n<td>Standard resolution<\/td>\n<td>1024\u00d7768@60Hz 1024\u00d71280@60Hz 1280\u00d71024@60Hz 1600\u00d71200@60Hz,<\/p>\n<p>1920\u00d71080@60Hz 1920\u00d71200@60Hz 1920\u00d71280@60Hz 2304\u00d71152@60Hz<\/td>\n<\/tr>\n<tr>\n<td>Customized resolution<\/td>\n<td>Pixel by pixel<\/td>\n<\/tr>\n<tr>\n<td colspan=\"2\"><strong>3.5mm AUDIO OUTPUT<\/strong><\/td>\n<\/tr>\n<tr>\n<td>Output port number<\/td>\n<td>1 x 3.5mm audio<\/td>\n<\/tr>\n<tr>\n<td>Output consumption<\/td>\n<td>80db<\/td>\n<\/tr>\n<tr>\n<td>De-embedded from<\/td>\n<td>HDMI, USB<\/td>\n<\/tr>\n<tr>\n<td colspan=\"2\"><strong>Other information <\/strong><\/td>\n<\/tr>\n<tr>\n<td>\u0412\u0435\u0441<\/td>\n<td>3.6kg<\/td>\n<\/tr>\n<tr>\n<td>Product Dimension<\/td>\n<td>440*280*69(mm)<\/td>\n<\/tr>\n<tr>\n<td>Packing Dimension<\/td>\n<td>534*400*155(mm)<\/td>\n<\/tr>\n<tr>\n<td>\u042d\u043b\u0435\u043a\u0442\u0440\u043e\u043f\u0438\u0442\u0430\u043d\u0438\u0435<\/td>\n<td>100VAC-240VAC 50\/60Hz<\/td>\n<\/tr>\n<tr>\n<td>Power consumption<\/td>\n<td>18W<\/td>\n<\/tr>\n<tr>\n<td>Working temperature<\/td>\n<td>0\u2103~45\u2103<\/td>\n<\/tr>\n<tr>\n<td>Working humidity<\/td>\n<td>10%~90%<\/td>\n<\/tr>\n<\/tbody>\n<\/table>\n<p>&nbsp;<\/p>","protected":false},"excerpt":{"rendered":"<ul>\n<li>\u041f\u043e\u0434\u0434\u0435\u0440\u0436\u043a\u0430 \u0431\u0435\u0441\u0448\u043e\u0432\u043d\u043e\u0433\u043e \u043f\u0435\u0440\u0435\u043a\u043b\u044e\u0447\u0435\u043d\u0438\u044f<\/li>\n<li>Supports 6 inputs and 2 channels outputs<\/li>\n<li>Supports 4 LED sending card slots<\/li>\n<li>3 million pixel with customizeresolution<\/li>\n<li>Supports scenes save andrecall<\/li>\n<li>Supports one-key black the screen or freeze the image<\/li>\n<li>Supports multiple working modes<\/li>\n<li>Supports front panel push-buttons fast control and RS232 control<\/li>\n<\/ul>","protected":false},"featured_media":16181,"comment_status":"open","ping_status":"closed","template":"","meta":{"site-sidebar-layout":"default","site-content-layout":"","ast-site-content-layout":"default","site-content-style":"default","site-sidebar-style":"default","ast-global-header-display":"","ast-banner-title-visibility":"","ast-main-header-display":"","ast-hfb-above-header-display":"","ast-hfb-below-header-display":"","ast-hfb-mobile-header-display":"","site-post-title":"","ast-breadcrumbs-content":"","ast-featured-img":"","footer-sml-layout":"","theme-transparent-header-meta":"default","adv-header-id-meta":"","stick-header-meta":"default","header-above-stick-meta":"","header-main-stick-meta":"","header-below-stick-meta":"","astra-migrate-meta-layouts":"set","ast-page-background-enabled":"default","ast-page-background-meta":{"desktop":{"background-color":"","background-image":"","background-repeat":"repeat","background-position":"center center","background-size":"auto","background-attachment":"scroll","background-type":"","background-media":"","overlay-type":"","overlay-color":"","overlay-opacity":"","overlay-gradient":""},"tablet":{"background-color":"","background-image":"","background-repeat":"repeat","background-position":"center center","background-size":"auto","background-attachment":"scroll","background-type":"","background-media":"","overlay-type":"","overlay-color":"","overlay-opacity":"","overlay-gradient":""},"mobile":{"background-color":"","background-image":"","background-repeat":"repeat","background-position":"center center","background-size":"auto","background-attachment":"scroll","background-type":"","background-media":"","overlay-type":"","overlay-color":"","overlay-opacity":"","overlay-gradient":""}},"ast-content-background-meta":{"desktop":{"background-color":"var(--ast-global-color-5)","background-image":"","background-repeat":"repeat","background-position":"center center","background-size":"auto","background-attachment":"scroll","background-type":"","background-media":"","overlay-type":"","overlay-color":"","overlay-opacity":"","overlay-gradient":""},"tablet":{"background-color":"var(--ast-global-color-5)","background-image":"","background-repeat":"repeat","background-position":"center center","background-size":"auto","background-attachment":"scroll","background-type":"","background-media":"","overlay-type":"","overlay-color":"","overlay-opacity":"","overlay-gradient":""},"mobile":{"background-color":"var(--ast-global-color-5)","background-image":"","background-repeat":"repeat","background-position":"center center","background-size":"auto","background-attachment":"scroll","background-type":"","background-media":"","overlay-type":"","overlay-color":"","overlay-opacity":"","overlay-gradient":""}}},"product_brand":[],"product_cat":[187,190,15],"product_tag":[],"class_list":{"0":"post-16177","1":"product","2":"type-product","3":"status-publish","4":"has-post-thumbnail","6":"product_cat-video-wall","7":"product_cat-led-video-wall-controllers","8":"product_cat-product","9":"desktop-align-left","10":"tablet-align-left","11":"mobile-align-left","12":"ast-product-gallery-layout-horizontal-slider","13":"ast-product-tabs-layout-horizontal","15":"first","16":"instock","17":"shipping-taxable","18":"product-type-simple"},"_links":{"self":[{"href":"https:\/\/beinghd.com\/ru\/wp-json\/wp\/v2\/product\/16177","targetHints":{"allow":["GET"]}}],"collection":[{"href":"https:\/\/beinghd.com\/ru\/wp-json\/wp\/v2\/product"}],"about":[{"href":"https:\/\/beinghd.com\/ru\/wp-json\/wp\/v2\/types\/product"}],"replies":[{"embeddable":true,"href":"https:\/\/beinghd.com\/ru\/wp-json\/wp\/v2\/comments?post=16177"}],"version-history":[{"count":0,"href":"https:\/\/beinghd.com\/ru\/wp-json\/wp\/v2\/product\/16177\/revisions"}],"wp:featuredmedia":[{"embeddable":true,"href":"https:\/\/beinghd.com\/ru\/wp-json\/wp\/v2\/media\/16181"}],"wp:attachment":[{"href":"https:\/\/beinghd.com\/ru\/wp-json\/wp\/v2\/media?parent=16177"}],"wp:term":[{"taxonomy":"product_brand","embeddable":true,"href":"https:\/\/beinghd.com\/ru\/wp-json\/wp\/v2\/product_brand?post=16177"},{"taxonomy":"product_cat","embeddable":true,"href":"https:\/\/beinghd.com\/ru\/wp-json\/wp\/v2\/product_cat?post=16177"},{"taxonomy":"product_tag","embeddable":true,"href":"https:\/\/beinghd.com\/ru\/wp-json\/wp\/v2\/product_tag?post=16177"}],"curies":[{"name":"wp","href":"https:\/\/api.w.org\/{rel}","templated":true}]}}