{"id":14804,"date":"2026-01-29T07:59:04","date_gmt":"2026-01-29T12:59:04","guid":{"rendered":"https:\/\/beinghd.com\/?page_id=14804"},"modified":"2026-01-29T07:59:04","modified_gmt":"2026-01-29T12:59:04","slug":"hdmiswitch-html","status":"publish","type":"page","link":"https:\/\/beinghd.com\/tr\/hdmiswitch-html\/","title":{"rendered":"HDMISwitch"},"content":{"rendered":"<div class=\"bt\">\n<h3>Auto 4K30 HDMI Switcher with KVM Introduction<\/h3>\n<\/div>\n<div class=\"miaosu\">\n<p>&nbsp;<\/p>\n<p>This product is a HDMI 4K60 4&#215;1 KVM switcher, supports automatic switching and manual switching, supports switching from 4 HDMI inputs to 1 HDMI output, and 4 HDMI inputs support different arbitrary resolutions, support front panel buttons, infrared remote control, and RS232 serial port commands and KVM hotkey switching. Also supports EDID management through RS232 commands.<\/p>\n<\/div>\n<div class=\"bt\">\n<h3>Auto 4K30 HDMI Switcher with KVM pictures<\/h3>\n<\/div>\n<div class=\"cpzs\">\n<ul>\n<li><img decoding=\"async\" class=\"aligncenter\" title=\"11\" src=\"https:\/\/www.beinghd.net\/uploadfiles\/pictures\/product\/20250716033717_7631.gif\" alt=\"11\" \/><\/li>\n<\/ul>\n<\/div>\n<div class=\"bt\">\n<h3>Auto 4K30 HDMI Switcher with KVM Features<\/h3>\n<\/div>\n<div class=\"tedian\">\n<p><b>\u00b7<\/b>Support HDMI 2.0, HDCP2.2, USB2.0<\/p>\n<p><b>\u00b7<\/b>The maximum resolution is 4K60HZ and the speed is up to 18G<\/p>\n<p><b>\u00b7<\/b>Support multiple keyboard hotkey switching;<\/p>\n<p><b>\u00b7<\/b>Support HDMI sound separation output;<\/p>\n<p><b>\u00b7<\/b>Support EDID to improve compatibility and match signal sources and display devices;<\/p>\n<p>\u00b7Support automatic switching, manual switching, priority switching, etc.<\/p>\n<p>\u00b7Support RS232 control<\/p>\n<p>\u00b7Built-in ESD protection circuit, easy installation, plug and play<\/p>\n<\/div>\n<div class=\"bt\">\n<h3>Auto 4K30 HDMI Switcher with KVM Technical Parameters<\/h3>\n<\/div>\n<table class=\"form\" width=\"100%\">\n<tbody>\n<tr>\n<td>Tyoe<\/td>\n<td>SW-4K30-81S<\/td>\n<\/tr>\n<tr>\n<td>A\u00e7\u0131klama<\/td>\n<td>HDMI 4K30 4&#215;1 seamless switcher with KVM<\/td>\n<\/tr>\n<tr>\n<td>Giri\u015f<\/td>\n<td>4X HDMI,4USB-B<\/td>\n<\/tr>\n<tr>\n<td>\u00c7\u0131kt\u0131<\/td>\n<td>1*HDMI+3.5mm audio, 1USB-A<\/td>\n<\/tr>\n<tr>\n<td>Protocol Standard<\/td>\n<td>HDMI1.4, HDMICP1.4<\/td>\n<\/tr>\n<tr>\n<td>\u00c7\u00f6z\u00fcn\u00fcrl\u00fck<\/td>\n<td>(8)3840*2160@30\\1920*1080@60\\1280*720@60\\1366*768@60<\/td>\n<\/tr>\n<tr>\n<td>Boyut<\/td>\n<td>214X138X43MM<\/td>\n<\/tr>\n<tr>\n<td>A\u011f\u0131rl\u0131k<\/td>\n<td>0.5kg(1.1lb)(No packing)<\/td>\n<\/tr>\n<tr>\n<td>Power Supply<\/td>\n<td>DC 12V 1A<\/td>\n<\/tr>\n<tr>\n<td>T\u00fcketim<\/td>\n<td>5W<\/td>\n<\/tr>\n<tr>\n<td>Working Humidity<\/td>\n<td>10%-90%<\/td>\n<\/tr>\n<tr>\n<td>Temperature<\/td>\n<td>-10\u2103-50\u2103<\/td>\n<\/tr>\n<tr>\n<td>Storage<\/td>\n<td>-20\u2103-75\u2103<\/td>\n<\/tr>\n<\/tbody>\n<\/table>\n<div class=\"bt\">\n<h3>Auto 4K30 HDMI Switcher with KVM packing list<\/h3>\n<table border=\"1\" cellspacing=\"0\">\n<tbody>\n<tr>\n<td valign=\"top\" width=\"106\"><b>No.<\/b><\/td>\n<td valign=\"top\" width=\"321\"><b>\u0130sim<\/b><\/td>\n<td valign=\"top\" width=\"130\"><b>Q<\/b><b>t<\/b><b>y<\/b><\/td>\n<td valign=\"top\" width=\"128\"><b>Unit<\/b><\/td>\n<\/tr>\n<tr>\n<td valign=\"top\" width=\"106\">1<\/td>\n<td valign=\"top\" width=\"321\">SW-4K30-41SKVM<\/td>\n<td valign=\"top\" width=\"130\">1<\/td>\n<td valign=\"top\" width=\"128\">Pcs.<\/td>\n<\/tr>\n<tr>\n<td valign=\"top\" width=\"106\">2<\/td>\n<td valign=\"top\" width=\"321\">DC 12V2A\u00a0power adapter<\/td>\n<td valign=\"top\" width=\"130\">1<\/td>\n<td valign=\"top\" width=\"128\">Pcs<\/td>\n<\/tr>\n<tr>\n<td valign=\"top\" width=\"106\">3<\/td>\n<td valign=\"top\" width=\"321\">Remote Control(without battery)<\/td>\n<td valign=\"top\" width=\"130\">1<\/td>\n<td valign=\"top\" width=\"128\">Pcs<\/td>\n<\/tr>\n<\/tbody>\n<\/table>\n<p>&nbsp;<\/p>\n<h3>Auto 4K30 HDMI Switcher with KVM Connection diagram<\/h3>\n<\/div>\n<div class=\"yiyong\">\n<p><img decoding=\"async\" class=\"aligncenter\" title=\"USB\" src=\"https:\/\/www.beinghd.net\/uploadfiles\/pictures\/product\/20260106030314_3304.jpg\" alt=\"USB\" \/><\/p>\n<\/div>","protected":false},"excerpt":{"rendered":"<p>Auto 4K30 HDMI Switcher with KVM Introduction &nbsp; This product is a HDMI 4K60 4&#215;1 KVM switcher, supports automatic switching [&hellip;]<\/p>","protected":false},"author":1,"featured_media":0,"parent":0,"menu_order":0,"comment_status":"closed","ping_status":"closed","template":"","meta":{"site-sidebar-layout":"default","site-content-layout":"","ast-site-content-layout":"default","site-content-style":"default","site-sidebar-style":"default","ast-global-header-display":"","ast-banner-title-visibility":"","ast-main-header-display":"","ast-hfb-above-header-display":"","ast-hfb-below-header-display":"","ast-hfb-mobile-header-display":"","site-post-title":"","ast-breadcrumbs-content":"","ast-featured-img":"","footer-sml-layout":"","theme-transparent-header-meta":"default","adv-header-id-meta":"","stick-header-meta":"default","header-above-stick-meta":"","header-main-stick-meta":"","header-below-stick-meta":"","astra-migrate-meta-layouts":"set","ast-page-background-enabled":"default","ast-page-background-meta":{"desktop":{"background-color":"","background-image":"","background-repeat":"repeat","background-position":"center center","background-size":"auto","background-attachment":"scroll","background-type":"","background-media":"","overlay-type":"","overlay-color":"","overlay-opacity":"","overlay-gradient":""},"tablet":{"background-color":"","background-image":"","background-repeat":"repeat","background-position":"center center","background-size":"auto","background-attachment":"scroll","background-type":"","background-media":"","overlay-type":"","overlay-color":"","overlay-opacity":"","overlay-gradient":""},"mobile":{"background-color":"","background-image":"","background-repeat":"repeat","background-position":"center center","background-size":"auto","background-attachment":"scroll","background-type":"","background-media":"","overlay-type":"","overlay-color":"","overlay-opacity":"","overlay-gradient":""}},"ast-content-background-meta":{"desktop":{"background-color":"var(--ast-global-color-5)","background-image":"","background-repeat":"repeat","background-position":"center center","background-size":"auto","background-attachment":"scroll","background-type":"","background-media":"","overlay-type":"","overlay-color":"","overlay-opacity":"","overlay-gradient":""},"tablet":{"background-color":"var(--ast-global-color-5)","background-image":"","background-repeat":"repeat","background-position":"center center","background-size":"auto","background-attachment":"scroll","background-type":"","background-media":"","overlay-type":"","overlay-color":"","overlay-opacity":"","overlay-gradient":""},"mobile":{"background-color":"var(--ast-global-color-5)","background-image":"","background-repeat":"repeat","background-position":"center center","background-size":"auto","background-attachment":"scroll","background-type":"","background-media":"","overlay-type":"","overlay-color":"","overlay-opacity":"","overlay-gradient":""}},"footnotes":""},"class_list":["post-14804","page","type-page","status-publish","hentry"],"_links":{"self":[{"href":"https:\/\/beinghd.com\/tr\/wp-json\/wp\/v2\/pages\/14804","targetHints":{"allow":["GET"]}}],"collection":[{"href":"https:\/\/beinghd.com\/tr\/wp-json\/wp\/v2\/pages"}],"about":[{"href":"https:\/\/beinghd.com\/tr\/wp-json\/wp\/v2\/types\/page"}],"author":[{"embeddable":true,"href":"https:\/\/beinghd.com\/tr\/wp-json\/wp\/v2\/users\/1"}],"replies":[{"embeddable":true,"href":"https:\/\/beinghd.com\/tr\/wp-json\/wp\/v2\/comments?post=14804"}],"version-history":[{"count":0,"href":"https:\/\/beinghd.com\/tr\/wp-json\/wp\/v2\/pages\/14804\/revisions"}],"wp:attachment":[{"href":"https:\/\/beinghd.com\/tr\/wp-json\/wp\/v2\/media?parent=14804"}],"curies":[{"name":"wp","href":"https:\/\/api.w.org\/{rel}","templated":true}]}}