{"id":12063,"date":"2025-12-31T07:28:45","date_gmt":"2025-12-31T06:28:45","guid":{"rendered":"https:\/\/beinghd.com\/?post_type=product&#038;p=12063"},"modified":"2026-04-18T18:36:14","modified_gmt":"2026-04-18T22:36:14","slug":"36x36-modular-matrix-switcher-with-ipad-app-control","status":"publish","type":"product","link":"https:\/\/beinghd.com\/tr\/%c3%bcr%c3%bcn\/36x36-modular-matrix-switcher-with-ipad-app-control\/","title":{"rendered":"iPad APP kontroll\u00fc 36\u00d736 Mod\u00fcler Matris Anahtarlay\u0131c\u0131"},"content":{"rendered":"<p data-rm-block-id=\"block-1\"><img fetchpriority=\"high\" decoding=\"async\" class=\"aligncenter wp-image-12078\" src=\"https:\/\/www.beinghd.com\/wp-content\/uploads\/2025\/12\/word-image-12063-1.png\" alt=\"36x36 Mod\u00fcler Matris Anahtarlay\u0131c\u0131\" width=\"663\" height=\"683\" srcset=\"https:\/\/beinghd.com\/wp-content\/uploads\/2025\/12\/word-image-12063-1.png 663w, https:\/\/beinghd.com\/wp-content\/uploads\/2025\/12\/word-image-12063-1-291x300.png 291w, https:\/\/beinghd.com\/wp-content\/uploads\/2025\/12\/word-image-12063-1-12x12.png 12w, https:\/\/beinghd.com\/wp-content\/uploads\/2025\/12\/word-image-12063-1-600x618.png 600w\" sizes=\"(max-width: 663px) 100vw, 663px\" \/><\/p>\n<p data-rm-block-id=\"block-2\"><strong>Giri\u015f<br \/>\nThe 36&#215;36 Modular Matrix Switcher (Model FM-3600) is a high-performance AV solution with a modular chassis, featuring 36 input slots and 36 output slots<br \/>\n<\/strong><\/p>\n<p data-rm-block-id=\"block-3\">This is a modular matrix switcher, with 9 input slots and 9 output slots, so it can support maximum 36 inputs and 36 outputs as it\u2019s using 1-card 4-port cards, the signals are including the DVI, HDMI, HDBasT, Fiber Optic, 3G-SDI. Users are able to have mixed signals inputs and mixed signals outputs.<\/p>\n<p data-rm-block-id=\"block-4\">Tek kanall\u0131 sinyal anahtarlama h\u0131z\u0131 12.5Gbps'ye ula\u015fabilir ve ana kart D\u00f6rt \u00e7ekirdekli d\u00f6rt ba\u011flant\u0131 i\u015fleme teknolojisini kullan\u0131r, anahtarlama yetene\u011fi h\u0131z\u0131 32Gbps'ye ula\u015fabilir. Dijital sinyal i\u00e7in s\u0131k\u0131\u015ft\u0131r\u0131lmam\u0131\u015f iletim teknolojisi ile g\u00f6r\u00fcnt\u00fcn\u00fcn Y\u00fcksek do\u011frulukta \u00e7\u0131kt\u0131s\u0131n\u0131 sa\u011flamak i\u00e7in. Sinyalin eksiksiz oldu\u011fundan emin olmak i\u00e7in benzersiz sinyal ba\u011flant\u0131lar\u0131 ekranlama tasar\u0131m teknolojisi, dahili veri anahtar\u0131, bozulmaya kar\u015f\u0131 s\u00fcper g\u00fc\u00e7l\u00fc kapasiteye ve uzun s\u00fcreli ve istikrarl\u0131 \u00e7al\u0131\u015fma yetene\u011fine sahiptir. 7 * 24 s\u00fcrekli \u00e7al\u0131\u015fmay\u0131 destekler ve \u00e7ift LAN ve RS232 yedekleme kontrol\u00fc ile kullan\u0131c\u0131lar\u0131n PC, iPad, APP ve 3 \u00fczerinden kontrol etmeleri uygundur.<sup>rd<\/sup> RS232 kontrol komutlar\u0131 ile taraflar\u0131n merkezi kontrol\u00fc.<\/p>\n<p data-rm-block-id=\"block-5\">\u00c7ift RS232 ve LAN kontrol\u00fc ile kullan\u0131c\u0131lar projekt\u00f6r, elektrikli perde ve TV gibi \u00e7evredeki ekipmanlar\u0131 da kolayca kurabilir ve kontrol edebilir.<\/p>\n<p data-rm-block-id=\"block-6\">Bu matris anahtarlay\u0131c\u0131lar, konferans, radyo ve televizyon projesi, multimedya konferans salonu, geni\u015f ekran g\u00f6r\u00fcnt\u00fcleme projesi, televizyon \u00f6\u011fretimi, komuta kontrol merkezi ve benzeri uygulamalarda yayg\u0131n olarak kullan\u0131lmaktad\u0131r.<br \/>\nThe 36&#215;36 Modular Matrix Switcher (Model FM-3600) features a modular chassis with 36 input slots and 36 output slots, supporting seamless switching and iPad APP control. Get a custom quote today!<\/p>\n<p data-rm-block-id=\"block-7\"><strong>\u00d6zellikler<\/strong><\/p>\n<ul>\n<li data-rm-block-id=\"block-8\"><a id=\"post-12063-OLE_LINK4\"><\/a> Mod\u00fcler tasar\u0131ml\u0131 kasa, 36 giri\u015f yuvas\u0131 ve 36 \u00e7\u0131k\u0131\u015f yuvas\u0131<\/li>\n<li data-rm-block-id=\"block-9\">1-card 4-port input and output card,36&#215;36 Modular Matrix Switcher<\/li>\n<li data-rm-block-id=\"block-10\">Supports 1080P and 4K60 for selections<\/li>\n<li data-rm-block-id=\"block-11\">Giri\u015f ve \u00e7\u0131k\u0131\u015f\u0131 kar\u0131\u015ft\u0131rmak i\u00e7in DVI-I\/ HDMI\/ 3GSDI\/ HDBaseT\/ Fiber destekler<\/li>\n<li data-rm-block-id=\"block-12\">1080P ve 4K60 kartlarla Video duvar\u0131n\u0131 ve kesintisiz ge\u00e7i\u015fi destekleyin<\/li>\n<li data-rm-block-id=\"block-13\">3,5 mm ses g\u00f6mme ve \u00e7\u0131karma i\u015flevini destekler<\/li>\n<li data-rm-block-id=\"block-14\">DIP anahtar\u0131 arac\u0131l\u0131\u011f\u0131yla yukar\u0131\/a\u015fa\u011f\u0131 \u00f6l\u00e7eklendirme i\u015flevini destekler<\/li>\n<li data-rm-block-id=\"block-15\">Yedekleme kontrol\u00fc i\u00e7in \u00e7ift LAN ve RS232 ba\u011flant\u0131 noktalar\u0131n\u0131 destekler<\/li>\n<li data-rm-block-id=\"block-16\">Arka plan \u0131\u015f\u0131kl\u0131 \u00f6n d\u00fc\u011fmeler, her zaman daha kolay kullan\u0131m<\/li>\n<li data-rm-block-id=\"block-17\">Elektrik kesintisi s\u0131ras\u0131nda otomatik tasarruf korumas\u0131n\u0131 ve otomatik kurtarma i\u015flevini destekler<\/li>\n<\/ul>\n<p data-rm-block-id=\"block-18\"><strong>\u015eartname<\/strong><\/p>\n<table>\n<tbody>\n<tr>\n<td data-rm-block-id=\"block-19\"><strong>Model<\/strong><\/td>\n<td data-rm-block-id=\"block-20\"><strong>FM-3600<\/strong><\/td>\n<\/tr>\n<tr>\n<td data-rm-block-id=\"block-21\"><strong>A\u00e7\u0131klama<\/strong><\/td>\n<td data-rm-block-id=\"block-22\">36&#215;36\u00a0modular\u00a0matrix\u00a0switcher<\/td>\n<\/tr>\n<tr>\n<td data-rm-block-id=\"block-23\"><strong>Giri\u015f<\/strong><\/td>\n<td data-rm-block-id=\"block-24\">DVI\/HDMI\/VGA\/CVBS\/YPbPr\/SDI\/ HDBaseT\/Fiber dahil 1 kartl\u0131 4 portlu giri\u015f<\/td>\n<\/tr>\n<tr>\n<td data-rm-block-id=\"block-25\"><strong>\u00c7\u0131kt\u0131<\/strong><\/td>\n<td data-rm-block-id=\"block-26\">DVI\/HDMI\/VGA\/CVBS\/YPbPr\/SDI\/ HDBaseT\/Fiber dahil 1 kartl\u0131 4 portlu \u00e7\u0131k\u0131\u015f<\/td>\n<\/tr>\n<tr>\n<td data-rm-block-id=\"block-27\"><strong>Protokol Standard\u0131<\/strong><\/td>\n<td data-rm-block-id=\"block-28\">HDMI1.4, HDCP1.4, HDMI2.0.HDCP2.2'yi destekler<\/td>\n<\/tr>\n<tr>\n<td data-rm-block-id=\"block-29\"><strong>Renk Alan\u0131<\/strong><\/td>\n<td data-rm-block-id=\"block-30\">RGB444, YUV444, YUV422, x.v.C standart renk uzant\u0131s\u0131n\u0131 destekler<\/td>\n<\/tr>\n<tr>\n<td data-rm-block-id=\"block-31\"><strong>\u00c7\u00f6z\u00fcn\u00fcrl\u00fck<\/strong><\/td>\n<td data-rm-block-id=\"block-32\">640\u00d7480-3840\u00d72160@60Hz (VESA), 480i-4K@60Hz (HDTV)<\/td>\n<\/tr>\n<tr>\n<td data-rm-block-id=\"block-33\"><strong>Mesafe<\/strong><\/td>\n<td data-rm-block-id=\"block-34\">HDMI\/DVI: 15m\/40ft; HDBaseT: 70m\/220ft; Fiber: 2km\/6000ft<\/td>\n<\/tr>\n<tr>\n<td data-rm-block-id=\"block-35\"><strong>Kontrol<\/strong><\/td>\n<td data-rm-block-id=\"block-36\">iOS\/Android Uygulamalar\u0131, WEB GUI, RS232 &amp; Arka plan \u0131\u015f\u0131kl\u0131 \u00f6n d\u00fc\u011fmeler<\/td>\n<\/tr>\n<tr>\n<td data-rm-block-id=\"block-37\"><strong>G\u00fc\u00e7<\/strong><\/td>\n<td data-rm-block-id=\"block-38\">AC: 110V-260V 50\/60Hz<\/td>\n<\/tr>\n<tr>\n<td data-rm-block-id=\"block-39\"><strong>T\u00fcketim<\/strong><\/td>\n<td data-rm-block-id=\"block-40\">17W (Karts\u0131z)<\/td>\n<\/tr>\n<tr>\n<td data-rm-block-id=\"block-41\"><strong>Boyut<\/strong><\/td>\n<td data-rm-block-id=\"block-42\">6U, 482*405*267(mm)\/ 18.97*15.35*10.5(inch); Packing size: 56*51*25(cm)<\/td>\n<\/tr>\n<tr>\n<td data-rm-block-id=\"block-43\"><strong>A\u011f\u0131rl\u0131k<\/strong><\/td>\n<td data-rm-block-id=\"block-44\">13kg\/ 28,66lbs (Karts\u0131z)<\/td>\n<\/tr>\n<tr>\n<td data-rm-block-id=\"block-45\"><strong>\u00c7al\u0131\u015fma S\u0131cakl\u0131\u011f\u0131<\/strong><\/td>\n<td data-rm-block-id=\"block-46\">0\u2103 ~50\u2103<\/td>\n<\/tr>\n<tr>\n<td data-rm-block-id=\"block-47\"><strong>Depolama S\u0131cakl\u0131\u011f\u0131<\/strong><\/td>\n<td data-rm-block-id=\"block-48\">-20\u2103 ~55\u2103<\/td>\n<\/tr>\n<\/tbody>\n<\/table>\n<p data-rm-block-id=\"block-49\"><strong>Giri\u015f ve \u00e7\u0131k\u0131\u015f kart\u0131<\/strong><\/p>\n<p data-rm-block-id=\"block-50\"><img decoding=\"async\" width=\"613\" height=\"322\" class=\"wp-image-12079\" src=\"https:\/\/www.beinghd.com\/wp-content\/uploads\/2025\/12\/word-image-12063-2.png\" srcset=\"https:\/\/beinghd.com\/wp-content\/uploads\/2025\/12\/word-image-12063-2.png 613w, https:\/\/beinghd.com\/wp-content\/uploads\/2025\/12\/word-image-12063-2-300x158.png 300w, https:\/\/beinghd.com\/wp-content\/uploads\/2025\/12\/word-image-12063-2-18x9.png 18w, https:\/\/beinghd.com\/wp-content\/uploads\/2025\/12\/word-image-12063-2-600x315.png 600w\" sizes=\"(max-width: 613px) 100vw, 613px\" \/> <img decoding=\"async\" width=\"578\" height=\"324\" class=\"wp-image-12080\" src=\"https:\/\/www.beinghd.com\/wp-content\/uploads\/2025\/12\/word-image-12063-3.png\" srcset=\"https:\/\/beinghd.com\/wp-content\/uploads\/2025\/12\/word-image-12063-3.png 578w, https:\/\/beinghd.com\/wp-content\/uploads\/2025\/12\/word-image-12063-3-300x168.png 300w, https:\/\/beinghd.com\/wp-content\/uploads\/2025\/12\/word-image-12063-3-18x10.png 18w\" sizes=\"(max-width: 578px) 100vw, 578px\" \/><\/p>\n<p data-rm-block-id=\"block-51\"><strong>Matrix Size Drawing(482*282*385)mm(L*H*D)<\/strong><\/p>\n<p data-rm-block-id=\"block-52\"><img loading=\"lazy\" decoding=\"async\" width=\"1211\" height=\"836\" class=\"wp-image-12081\" src=\"https:\/\/www.beinghd.com\/wp-content\/uploads\/2025\/12\/word-image-12063-4.png\" srcset=\"https:\/\/beinghd.com\/wp-content\/uploads\/2025\/12\/word-image-12063-4.png 1211w, https:\/\/beinghd.com\/wp-content\/uploads\/2025\/12\/word-image-12063-4-300x207.png 300w, https:\/\/beinghd.com\/wp-content\/uploads\/2025\/12\/word-image-12063-4-1024x707.png 1024w, https:\/\/beinghd.com\/wp-content\/uploads\/2025\/12\/word-image-12063-4-768x530.png 768w, https:\/\/beinghd.com\/wp-content\/uploads\/2025\/12\/word-image-12063-4-18x12.png 18w, https:\/\/beinghd.com\/wp-content\/uploads\/2025\/12\/word-image-12063-4-600x414.png 600w, https:\/\/beinghd.com\/wp-content\/uploads\/2025\/12\/word-image-12063-4-1200x828.png 1200w\" sizes=\"(max-width: 1211px) 100vw, 1211px\" \/><\/p>\n<p data-rm-block-id=\"block-53\"><a id=\"post-12063-OLE_LINK1\"><\/a><strong>Ba\u011flant\u0131 \u015femas\u0131<\/strong><\/p>\n<p data-rm-block-id=\"block-54\"><img loading=\"lazy\" decoding=\"async\" width=\"1851\" height=\"1036\" class=\"wp-image-12082\" src=\"https:\/\/www.beinghd.com\/wp-content\/uploads\/2025\/12\/word-image-12063-5.png\" srcset=\"https:\/\/beinghd.com\/wp-content\/uploads\/2025\/12\/word-image-12063-5.png 1851w, https:\/\/beinghd.com\/wp-content\/uploads\/2025\/12\/word-image-12063-5-300x168.png 300w, https:\/\/beinghd.com\/wp-content\/uploads\/2025\/12\/word-image-12063-5-1024x573.png 1024w, https:\/\/beinghd.com\/wp-content\/uploads\/2025\/12\/word-image-12063-5-768x430.png 768w, https:\/\/beinghd.com\/wp-content\/uploads\/2025\/12\/word-image-12063-5-1536x860.png 1536w, https:\/\/beinghd.com\/wp-content\/uploads\/2025\/12\/word-image-12063-5-18x10.png 18w, https:\/\/beinghd.com\/wp-content\/uploads\/2025\/12\/word-image-12063-5-600x336.png 600w, https:\/\/beinghd.com\/wp-content\/uploads\/2025\/12\/word-image-12063-5-1200x672.png 1200w\" sizes=\"(max-width: 1851px) 100vw, 1851px\" \/><\/p>","protected":false},"excerpt":{"rendered":"<ul>\n<li>Model:\u00a0 FM-3600<\/li>\n<li>Mod\u00fcler tasar\u0131ml\u0131 kasa, 36 giri\u015f yuvas\u0131 ve 36 \u00e7\u0131k\u0131\u015f yuvas\u0131<\/li>\n<li>1 kartl\u0131 4 portlu giri\u015f ve \u00e7\u0131k\u0131\u015f kart\u0131<\/li>\n<li>Supports 1080P and 4K60 for selections<\/li>\n<li>Giri\u015f ve \u00e7\u0131k\u0131\u015f\u0131 kar\u0131\u015ft\u0131rmak i\u00e7in DVI-I\/ HDMI\/ 3GSDI\/ HDBaseT\/ Fiber destekler<\/li>\n<li>1080P ve 4K60 kartlarla Video duvar\u0131n\u0131 ve kesintisiz ge\u00e7i\u015fi destekleyin<\/li>\n<li>3,5 mm ses g\u00f6mme ve \u00e7\u0131karma i\u015flevini destekler<\/li>\n<li>DIP anahtar\u0131 arac\u0131l\u0131\u011f\u0131yla yukar\u0131\/a\u015fa\u011f\u0131 \u00f6l\u00e7eklendirme i\u015flevini destekler<\/li>\n<li>Yedekleme kontrol\u00fc i\u00e7in \u00e7ift LAN ve RS232 ba\u011flant\u0131 noktalar\u0131n\u0131 destekler<\/li>\n<li>Arka plan \u0131\u015f\u0131kl\u0131 \u00f6n d\u00fc\u011fmeler, her zaman daha kolay kullan\u0131m<\/li>\n<li>Elektrik kesintisi s\u0131ras\u0131nda otomatik tasarruf korumas\u0131n\u0131 ve otomatik kurtarma i\u015flevini destekler<\/li>\n<\/ul>","protected":false},"featured_media":13691,"comment_status":"open","ping_status":"closed","template":"","meta":{"site-sidebar-layout":"default","site-content-layout":"","ast-site-content-layout":"default","site-content-style":"default","site-sidebar-style":"default","ast-global-header-display":"","ast-banner-title-visibility":"","ast-main-header-display":"","ast-hfb-above-header-display":"","ast-hfb-below-header-display":"","ast-hfb-mobile-header-display":"","site-post-title":"","ast-breadcrumbs-content":"","ast-featured-img":"","footer-sml-layout":"","theme-transparent-header-meta":"default","adv-header-id-meta":"","stick-header-meta":"default","header-above-stick-meta":"","header-main-stick-meta":"","header-below-stick-meta":"","astra-migrate-meta-layouts":"set","ast-page-background-enabled":"default","ast-page-background-meta":{"desktop":{"background-color":"","background-image":"","background-repeat":"repeat","background-position":"center center","background-size":"auto","background-attachment":"scroll","background-type":"","background-media":"","overlay-type":"","overlay-color":"","overlay-opacity":"","overlay-gradient":""},"tablet":{"background-color":"","background-image":"","background-repeat":"repeat","background-position":"center center","background-size":"auto","background-attachment":"scroll","background-type":"","background-media":"","overlay-type":"","overlay-color":"","overlay-opacity":"","overlay-gradient":""},"mobile":{"background-color":"","background-image":"","background-repeat":"repeat","background-position":"center center","background-size":"auto","background-attachment":"scroll","background-type":"","background-media":"","overlay-type":"","overlay-color":"","overlay-opacity":"","overlay-gradient":""}},"ast-content-background-meta":{"desktop":{"background-color":"var(--ast-global-color-5)","background-image":"","background-repeat":"repeat","background-position":"center center","background-size":"auto","background-attachment":"scroll","background-type":"","background-media":"","overlay-type":"","overlay-color":"","overlay-opacity":"","overlay-gradient":""},"tablet":{"background-color":"var(--ast-global-color-5)","background-image":"","background-repeat":"repeat","background-position":"center center","background-size":"auto","background-attachment":"scroll","background-type":"","background-media":"","overlay-type":"","overlay-color":"","overlay-opacity":"","overlay-gradient":""},"mobile":{"background-color":"var(--ast-global-color-5)","background-image":"","background-repeat":"repeat","background-position":"center center","background-size":"auto","background-attachment":"scroll","background-type":"","background-media":"","overlay-type":"","overlay-color":"","overlay-opacity":"","overlay-gradient":""}}},"product_brand":[],"product_cat":[15,135,149],"product_tag":[],"class_list":{"0":"post-12063","1":"product","2":"type-product","3":"status-publish","4":"has-post-thumbnail","6":"product_cat-product","7":"product_cat-modular-matrix-switcher","8":"product_cat-fm-series","9":"desktop-align-left","10":"tablet-align-left","11":"mobile-align-left","12":"ast-product-gallery-layout-horizontal-slider","13":"ast-product-tabs-layout-horizontal","15":"first","16":"instock","17":"shipping-taxable","18":"product-type-simple"},"_links":{"self":[{"href":"https:\/\/beinghd.com\/tr\/wp-json\/wp\/v2\/product\/12063","targetHints":{"allow":["GET"]}}],"collection":[{"href":"https:\/\/beinghd.com\/tr\/wp-json\/wp\/v2\/product"}],"about":[{"href":"https:\/\/beinghd.com\/tr\/wp-json\/wp\/v2\/types\/product"}],"replies":[{"embeddable":true,"href":"https:\/\/beinghd.com\/tr\/wp-json\/wp\/v2\/comments?post=12063"}],"version-history":[{"count":0,"href":"https:\/\/beinghd.com\/tr\/wp-json\/wp\/v2\/product\/12063\/revisions"}],"wp:featuredmedia":[{"embeddable":true,"href":"https:\/\/beinghd.com\/tr\/wp-json\/wp\/v2\/media\/13691"}],"wp:attachment":[{"href":"https:\/\/beinghd.com\/tr\/wp-json\/wp\/v2\/media?parent=12063"}],"wp:term":[{"taxonomy":"product_brand","embeddable":true,"href":"https:\/\/beinghd.com\/tr\/wp-json\/wp\/v2\/product_brand?post=12063"},{"taxonomy":"product_cat","embeddable":true,"href":"https:\/\/beinghd.com\/tr\/wp-json\/wp\/v2\/product_cat?post=12063"},{"taxonomy":"product_tag","embeddable":true,"href":"https:\/\/beinghd.com\/tr\/wp-json\/wp\/v2\/product_tag?post=12063"}],"curies":[{"name":"wp","href":"https:\/\/api.w.org\/{rel}","templated":true}]}}