{"id":12087,"date":"2025-12-31T08:02:37","date_gmt":"2025-12-31T07:02:37","guid":{"rendered":"https:\/\/beinghd.com\/?post_type=product&#038;p=12087"},"modified":"2025-12-31T09:15:19","modified_gmt":"2025-12-31T08:15:19","slug":"48x48-modular-matrix-switcher-with-ipad-app-control","status":"publish","type":"product","link":"https:\/\/beinghd.com\/tr\/%c3%bcr%c3%bcn\/48x48-modular-matrix-switcher-with-ipad-app-control\/","title":{"rendered":"iPad APP kontroll\u00fc 48\u00d748 Mod\u00fcler Matris Anahtarlay\u0131c\u0131"},"content":{"rendered":"<p><img fetchpriority=\"high\" decoding=\"async\" width=\"1876\" height=\"717\" class=\"wp-image-12096\" src=\"https:\/\/www.beinghd.com\/wp-content\/uploads\/2025\/12\/word-image-12087-1.png\" srcset=\"https:\/\/beinghd.com\/wp-content\/uploads\/2025\/12\/word-image-12087-1.png 1876w, https:\/\/beinghd.com\/wp-content\/uploads\/2025\/12\/word-image-12087-1-300x115.png 300w, https:\/\/beinghd.com\/wp-content\/uploads\/2025\/12\/word-image-12087-1-1024x391.png 1024w, https:\/\/beinghd.com\/wp-content\/uploads\/2025\/12\/word-image-12087-1-768x294.png 768w, https:\/\/beinghd.com\/wp-content\/uploads\/2025\/12\/word-image-12087-1-1536x587.png 1536w, https:\/\/beinghd.com\/wp-content\/uploads\/2025\/12\/word-image-12087-1-18x7.png 18w, https:\/\/beinghd.com\/wp-content\/uploads\/2025\/12\/word-image-12087-1-600x229.png 600w, https:\/\/beinghd.com\/wp-content\/uploads\/2025\/12\/word-image-12087-1-1200x459.png 1200w\" sizes=\"(max-width: 1876px) 100vw, 1876px\" \/><\/p>\n<p><strong>Giri\u015f<\/strong><\/p>\n<p>Bu, 12 giri\u015f yuvas\u0131 ve 12 \u00e7\u0131k\u0131\u015f yuvas\u0131 olan mod\u00fcler bir matris de\u011fi\u015ftiricidir, b\u00f6ylece maksimum 48 giri\u015fi ve 48 \u00e7\u0131k\u0131\u015f\u0131 destekleyebilir, t\u00fcm giri\u015f ve \u00e7\u0131k\u0131\u015f kartlar\u0131 1 kartl\u0131 4 ba\u011flant\u0131 noktas\u0131 kullan\u0131r, sinyaller DVI, HDMI, HDBasT, Fiber Optik, 3G \/ 12G-SDI i\u00e7erir. Kullan\u0131c\u0131lar kar\u0131\u015f\u0131k sinyal giri\u015flerine ve kar\u0131\u015f\u0131k sinyal \u00e7\u0131k\u0131\u015flar\u0131na sahip olabilirler.<\/p>\n<p>Sinyalin eksiksiz oldu\u011fundan emin olmak i\u00e7in benzersiz sinyal ba\u011flant\u0131lar\u0131 ekranlama tasar\u0131m teknolojisi, dahili veri anahtar\u0131, bozulmaya kar\u015f\u0131 s\u00fcper g\u00fc\u00e7l\u00fc kapasiteye ve uzun s\u00fcreli ve istikrarl\u0131 \u00e7al\u0131\u015fma yetene\u011fine sahiptir. 7*24 s\u00fcrekli \u00e7al\u0131\u015fmay\u0131 destekler ve \u00e7ift LAN ve RS232 yedekleme kontrol\u00fc ile kullan\u0131c\u0131lar\u0131n PC, iPad, APP ve RS232 kontrol komutlar\u0131 ile 3. taraflar\u0131n merkezi kontrol\u00fc ile kontrol etmeleri uygundur.<\/p>\n<p><strong>\u00d6zellikler<\/strong><\/p>\n<ul>\n<li>Mod\u00fcler tasar\u0131ml\u0131 kasa, 12 giri\u015f yuvas\u0131 ve 12 \u00e7\u0131k\u0131\u015f yuvas\u0131<\/li>\n<li>1 kartl\u0131 4 portlu kartlar<\/li>\n<li>Se\u00e7imler i\u00e7in 1080P, 4K30 ve 4K60 kartlar\u0131 destekler<\/li>\n<li>DVI-I\/ HDMI\/ 3G\/12G-SDI\/ HDBaseT\/ Fiber kullanarak kar\u0131\u015ft\u0131rmay\u0131 destekler<\/li>\n<li>1080P ve 4K60 kartlarla Video duvar\u0131n\u0131 ve kesintisiz ge\u00e7i\u015fi destekleyin<\/li>\n<li>3,5 mm ses g\u00f6mme ve \u00e7\u0131karma i\u015flevini destekler<\/li>\n<li>DIP anahtar\u0131 arac\u0131l\u0131\u011f\u0131yla yukar\u0131\/a\u015fa\u011f\u0131 \u00f6l\u00e7eklendirme i\u015flevini destekler<\/li>\n<li>Yedekleme kontrol\u00fc i\u00e7in \u00e7ift LAN ve RS232 ba\u011flant\u0131 noktalar\u0131n\u0131 destekler<\/li>\n<li>WEB GUI, APP, 7 in\u00e7 dokunmatik ekran, RS232 komutlar\u0131 kontrol\u00fcn\u00fc destekler<\/li>\n<li>Elektrik kesintisi s\u0131ras\u0131nda otomatik tasarruf korumas\u0131n\u0131 ve otomatik kurtarma i\u015flevini destekler<\/li>\n<\/ul>\n<p><strong>\u015eartname<\/strong><\/p>\n<table>\n<tbody>\n<tr>\n<td><strong>\u0130sim<\/strong><\/td>\n<td><strong>48\u00d748 mod\u00fcler matris \u015fasi<\/strong><\/td>\n<\/tr>\n<tr>\n<td><strong>A\u00e7\u0131klama<\/strong><\/td>\n<td>48\u00d748 Mod\u00fcler Matris Sistem \u015easisi<\/td>\n<\/tr>\n<tr>\n<td><strong>Giri\u015f<\/strong><\/td>\n<td>DVI\/HDMI\/VGA\/CVBS\/YPbPr\/SDI\/ HDBaseT\/Fiber dahil 1 kartl\u0131 4 portlu giri\u015f<\/td>\n<\/tr>\n<tr>\n<td><strong>\u00c7\u0131kt\u0131<\/strong><\/td>\n<td>DVI\/HDMI\/VGA\/CVBS\/YPbPr\/SDI\/ HDBaseT\/Fiber dahil 1 kartl\u0131 4 portlu \u00e7\u0131k\u0131\u015f<\/td>\n<\/tr>\n<tr>\n<td><strong>Protokol Standard\u0131<\/strong><\/td>\n<td>HDMI1.4, HDMI2.0, DVI1.0 deste\u011fi.  HDCP1.4, HDP2.2<\/td>\n<\/tr>\n<tr>\n<td><strong>Renk Alan\u0131<\/strong><\/td>\n<td>RGB444, YUV444, YUV422, x.v.C standart renk uzant\u0131s\u0131n\u0131 destekler<\/td>\n<\/tr>\n<tr>\n<td><strong>\u00c7\u00f6z\u00fcn\u00fcrl\u00fck<\/strong><\/td>\n<td>640\u00d7480-3840\u00d72160@60Hz (VESA), 480i-4K@60Hz (HDTV)<\/td>\n<\/tr>\n<tr>\n<td><strong>Mesafe<\/strong><\/td>\n<td>HDMI\/DVI: 15m\/40ft; HDBaseT: 70m\/220ft; Fiber: 2km\/6000ft<\/td>\n<\/tr>\n<tr>\n<td><strong>Kontrol<\/strong><\/td>\n<td>iOS\/Android Uygulamalar\u0131, WEB GUI, RS232 &amp; 10\u2033 Renkli Dokunmatik Ekran<\/td>\n<\/tr>\n<tr>\n<td><strong>G\u00fc\u00e7<\/strong><\/td>\n<td>AC: 110V-260V 50\/60Hz<\/td>\n<\/tr>\n<tr>\n<td><strong>T\u00fcketim<\/strong><\/td>\n<td>50W (Karts\u0131z)<\/td>\n<\/tr>\n<tr>\n<td><strong>Boyut<\/strong><\/td>\n<td>8U, 482x385x355(mm)\/ 18.97*15.35*13.97(in\u00e7); Ambalaj: 60*55*51(cm)<\/td>\n<\/tr>\n<tr>\n<td><strong>A\u011f\u0131rl\u0131k<\/strong><\/td>\n<td>25kg\/55.12lbs (Karts\u0131z)<\/td>\n<\/tr>\n<tr>\n<td><strong>\u00c7al\u0131\u015fma S\u0131cakl\u0131\u011f\u0131<\/strong><\/td>\n<td>0\u2103 ~50\u2103<\/td>\n<\/tr>\n<tr>\n<td><strong>Depolama S\u0131cakl\u0131\u011f\u0131<\/strong><\/td>\n<td>-20\u2103 ~55\u2103<\/td>\n<\/tr>\n<\/tbody>\n<\/table>\n<p><strong>Giri\u015f ve \u00e7\u0131k\u0131\u015f kartlar\u0131:<\/strong><\/p>\n<p><img decoding=\"async\" width=\"1740\" height=\"1476\" class=\"wp-image-12097\" src=\"https:\/\/www.beinghd.com\/wp-content\/uploads\/2025\/12\/word-image-12087-2.png\" srcset=\"https:\/\/beinghd.com\/wp-content\/uploads\/2025\/12\/word-image-12087-2.png 1740w, https:\/\/beinghd.com\/wp-content\/uploads\/2025\/12\/word-image-12087-2-300x254.png 300w, https:\/\/beinghd.com\/wp-content\/uploads\/2025\/12\/word-image-12087-2-1024x869.png 1024w, https:\/\/beinghd.com\/wp-content\/uploads\/2025\/12\/word-image-12087-2-768x651.png 768w, https:\/\/beinghd.com\/wp-content\/uploads\/2025\/12\/word-image-12087-2-1536x1303.png 1536w, https:\/\/beinghd.com\/wp-content\/uploads\/2025\/12\/word-image-12087-2-14x12.png 14w, https:\/\/beinghd.com\/wp-content\/uploads\/2025\/12\/word-image-12087-2-600x509.png 600w, https:\/\/beinghd.com\/wp-content\/uploads\/2025\/12\/word-image-12087-2-1200x1018.png 1200w\" sizes=\"(max-width: 1740px) 100vw, 1740px\" \/><\/p>\n<p><img decoding=\"async\" width=\"934\" height=\"1396\" class=\"wp-image-12098\" src=\"https:\/\/www.beinghd.com\/wp-content\/uploads\/2025\/12\/word-image-12087-3.png\" srcset=\"https:\/\/beinghd.com\/wp-content\/uploads\/2025\/12\/word-image-12087-3.png 934w, https:\/\/beinghd.com\/wp-content\/uploads\/2025\/12\/word-image-12087-3-201x300.png 201w, https:\/\/beinghd.com\/wp-content\/uploads\/2025\/12\/word-image-12087-3-685x1024.png 685w, https:\/\/beinghd.com\/wp-content\/uploads\/2025\/12\/word-image-12087-3-768x1148.png 768w, https:\/\/beinghd.com\/wp-content\/uploads\/2025\/12\/word-image-12087-3-8x12.png 8w, https:\/\/beinghd.com\/wp-content\/uploads\/2025\/12\/word-image-12087-3-600x897.png 600w\" sizes=\"(max-width: 934px) 100vw, 934px\" \/><\/p>\n<p><strong>\u00dcr\u00fcn boyutu (mm)<\/strong><\/p>\n<p><img loading=\"lazy\" decoding=\"async\" width=\"1199\" height=\"498\" class=\"wp-image-12099\" src=\"https:\/\/www.beinghd.com\/wp-content\/uploads\/2025\/12\/word-image-12087-4.png\" srcset=\"https:\/\/beinghd.com\/wp-content\/uploads\/2025\/12\/word-image-12087-4.png 1199w, https:\/\/beinghd.com\/wp-content\/uploads\/2025\/12\/word-image-12087-4-300x125.png 300w, https:\/\/beinghd.com\/wp-content\/uploads\/2025\/12\/word-image-12087-4-1024x425.png 1024w, https:\/\/beinghd.com\/wp-content\/uploads\/2025\/12\/word-image-12087-4-768x319.png 768w, https:\/\/beinghd.com\/wp-content\/uploads\/2025\/12\/word-image-12087-4-18x7.png 18w, https:\/\/beinghd.com\/wp-content\/uploads\/2025\/12\/word-image-12087-4-600x249.png 600w\" sizes=\"(max-width: 1199px) 100vw, 1199px\" \/><\/p>\n<p><strong>Ba\u011flant\u0131 \u015femas\u0131<\/strong><\/p>\n<p><img loading=\"lazy\" decoding=\"async\" width=\"2080\" height=\"1351\" class=\"wp-image-12100\" src=\"https:\/\/www.beinghd.com\/wp-content\/uploads\/2025\/12\/word-image-12087-5.png\" srcset=\"https:\/\/beinghd.com\/wp-content\/uploads\/2025\/12\/word-image-12087-5.png 2080w, https:\/\/beinghd.com\/wp-content\/uploads\/2025\/12\/word-image-12087-5-300x195.png 300w, https:\/\/beinghd.com\/wp-content\/uploads\/2025\/12\/word-image-12087-5-1024x665.png 1024w, https:\/\/beinghd.com\/wp-content\/uploads\/2025\/12\/word-image-12087-5-768x499.png 768w, https:\/\/beinghd.com\/wp-content\/uploads\/2025\/12\/word-image-12087-5-1536x998.png 1536w, https:\/\/beinghd.com\/wp-content\/uploads\/2025\/12\/word-image-12087-5-2048x1330.png 2048w, https:\/\/beinghd.com\/wp-content\/uploads\/2025\/12\/word-image-12087-5-18x12.png 18w, https:\/\/beinghd.com\/wp-content\/uploads\/2025\/12\/word-image-12087-5-600x390.png 600w, https:\/\/beinghd.com\/wp-content\/uploads\/2025\/12\/word-image-12087-5-1200x779.png 1200w\" sizes=\"(max-width: 2080px) 100vw, 2080px\" \/><\/p>\n<p>&nbsp;<\/p>","protected":false},"excerpt":{"rendered":"<ul>\n<li>Mod\u00fcler tasar\u0131ml\u0131 kasa, 12 giri\u015f yuvas\u0131 ve 12 \u00e7\u0131k\u0131\u015f yuvas\u0131<\/li>\n<li>1 kartl\u0131 4 portlu kartlar<\/li>\n<li>Se\u00e7imler i\u00e7in 1080P, 4K30 ve 4K60 kartlar\u0131 destekler<\/li>\n<li>DVI-I\/ HDMI\/ 3G\/12G-SDI\/ HDBaseT\/ Fiber kullanarak kar\u0131\u015ft\u0131rmay\u0131 destekler<\/li>\n<li>1080P ve 4K60 kartlarla Video duvar\u0131n\u0131 ve kesintisiz ge\u00e7i\u015fi destekleyin<\/li>\n<li>3,5 mm ses g\u00f6mme ve \u00e7\u0131karma i\u015flevini destekler<\/li>\n<li>DIP anahtar\u0131 arac\u0131l\u0131\u011f\u0131yla yukar\u0131\/a\u015fa\u011f\u0131 \u00f6l\u00e7eklendirme i\u015flevini destekler<\/li>\n<li>Yedekleme kontrol\u00fc i\u00e7in \u00e7ift LAN ve RS232 ba\u011flant\u0131 noktalar\u0131n\u0131 destekler<\/li>\n<li>WEB GUI, APP, 7 in\u00e7 dokunmatik ekran, RS232 komutlar\u0131 kontrol\u00fcn\u00fc destekler<\/li>\n<li>Elektrik kesintisi s\u0131ras\u0131nda otomatik tasarruf korumas\u0131n\u0131 ve otomatik kurtarma i\u015flevini destekler<\/li>\n<\/ul>","protected":false},"featured_media":12118,"comment_status":"open","ping_status":"closed","template":"","meta":{"site-sidebar-layout":"default","site-content-layout":"","ast-site-content-layout":"default","site-content-style":"default","site-sidebar-style":"default","ast-global-header-display":"","ast-banner-title-visibility":"","ast-main-header-display":"","ast-hfb-above-header-display":"","ast-hfb-below-header-display":"","ast-hfb-mobile-header-display":"","site-post-title":"","ast-breadcrumbs-content":"","ast-featured-img":"","footer-sml-layout":"","theme-transparent-header-meta":"default","adv-header-id-meta":"","stick-header-meta":"default","header-above-stick-meta":"","header-main-stick-meta":"","header-below-stick-meta":"","astra-migrate-meta-layouts":"set","ast-page-background-enabled":"default","ast-page-background-meta":{"desktop":{"background-color":"","background-image":"","background-repeat":"repeat","background-position":"center center","background-size":"auto","background-attachment":"scroll","background-type":"","background-media":"","overlay-type":"","overlay-color":"","overlay-opacity":"","overlay-gradient":""},"tablet":{"background-color":"","background-image":"","background-repeat":"repeat","background-position":"center center","background-size":"auto","background-attachment":"scroll","background-type":"","background-media":"","overlay-type":"","overlay-color":"","overlay-opacity":"","overlay-gradient":""},"mobile":{"background-color":"","background-image":"","background-repeat":"repeat","background-position":"center center","background-size":"auto","background-attachment":"scroll","background-type":"","background-media":"","overlay-type":"","overlay-color":"","overlay-opacity":"","overlay-gradient":""}},"ast-content-background-meta":{"desktop":{"background-color":"var(--ast-global-color-5)","background-image":"","background-repeat":"repeat","background-position":"center center","background-size":"auto","background-attachment":"scroll","background-type":"","background-media":"","overlay-type":"","overlay-color":"","overlay-opacity":"","overlay-gradient":""},"tablet":{"background-color":"var(--ast-global-color-5)","background-image":"","background-repeat":"repeat","background-position":"center center","background-size":"auto","background-attachment":"scroll","background-type":"","background-media":"","overlay-type":"","overlay-color":"","overlay-opacity":"","overlay-gradient":""},"mobile":{"background-color":"var(--ast-global-color-5)","background-image":"","background-repeat":"repeat","background-position":"center center","background-size":"auto","background-attachment":"scroll","background-type":"","background-media":"","overlay-type":"","overlay-color":"","overlay-opacity":"","overlay-gradient":""}}},"product_brand":[],"product_cat":[15,135,149],"product_tag":[],"class_list":{"0":"post-12087","1":"product","2":"type-product","3":"status-publish","4":"has-post-thumbnail","6":"product_cat-product","7":"product_cat-modular-matrix-switcher","8":"product_cat-fm-series","9":"desktop-align-left","10":"tablet-align-left","11":"mobile-align-left","12":"ast-product-gallery-layout-horizontal-slider","13":"ast-product-tabs-layout-horizontal","15":"first","16":"instock","17":"shipping-taxable","18":"product-type-simple"},"_links":{"self":[{"href":"https:\/\/beinghd.com\/tr\/wp-json\/wp\/v2\/product\/12087","targetHints":{"allow":["GET"]}}],"collection":[{"href":"https:\/\/beinghd.com\/tr\/wp-json\/wp\/v2\/product"}],"about":[{"href":"https:\/\/beinghd.com\/tr\/wp-json\/wp\/v2\/types\/product"}],"replies":[{"embeddable":true,"href":"https:\/\/beinghd.com\/tr\/wp-json\/wp\/v2\/comments?post=12087"}],"version-history":[{"count":0,"href":"https:\/\/beinghd.com\/tr\/wp-json\/wp\/v2\/product\/12087\/revisions"}],"wp:featuredmedia":[{"embeddable":true,"href":"https:\/\/beinghd.com\/tr\/wp-json\/wp\/v2\/media\/12118"}],"wp:attachment":[{"href":"https:\/\/beinghd.com\/tr\/wp-json\/wp\/v2\/media?parent=12087"}],"wp:term":[{"taxonomy":"product_brand","embeddable":true,"href":"https:\/\/beinghd.com\/tr\/wp-json\/wp\/v2\/product_brand?post=12087"},{"taxonomy":"product_cat","embeddable":true,"href":"https:\/\/beinghd.com\/tr\/wp-json\/wp\/v2\/product_cat?post=12087"},{"taxonomy":"product_tag","embeddable":true,"href":"https:\/\/beinghd.com\/tr\/wp-json\/wp\/v2\/product_tag?post=12087"}],"curies":[{"name":"wp","href":"https:\/\/api.w.org\/{rel}","templated":true}]}}