{"id":12756,"date":"2026-01-05T03:36:26","date_gmt":"2026-01-05T02:36:26","guid":{"rendered":"https:\/\/beinghd.com\/?post_type=product&#038;p=12756"},"modified":"2026-01-05T03:40:11","modified_gmt":"2026-01-05T02:40:11","slug":"em-8x8-modular-matrix-switcher-with-ipad-app-control","status":"publish","type":"product","link":"https:\/\/beinghd.com\/tr\/%c3%bcr%c3%bcn\/em-8x8-modular-matrix-switcher-with-ipad-app-control\/","title":{"rendered":"iPad APP kontroll\u00fc EM 8\u00d78 Mod\u00fcler Matris Anahtarlay\u0131c\u0131"},"content":{"rendered":"<p><img fetchpriority=\"high\" decoding=\"async\" width=\"1266\" height=\"471\" class=\"wp-image-12765\" src=\"https:\/\/www.beinghd.com\/wp-content\/uploads\/2026\/01\/7a2b6560352be19924db15344c2e0db.png\" alt=\"7a2b6560352be19924db15344c2e0db\" srcset=\"https:\/\/beinghd.com\/wp-content\/uploads\/2026\/01\/7a2b6560352be19924db15344c2e0db.png 1266w, https:\/\/beinghd.com\/wp-content\/uploads\/2026\/01\/7a2b6560352be19924db15344c2e0db-300x112.png 300w, https:\/\/beinghd.com\/wp-content\/uploads\/2026\/01\/7a2b6560352be19924db15344c2e0db-1024x381.png 1024w, https:\/\/beinghd.com\/wp-content\/uploads\/2026\/01\/7a2b6560352be19924db15344c2e0db-768x286.png 768w, https:\/\/beinghd.com\/wp-content\/uploads\/2026\/01\/7a2b6560352be19924db15344c2e0db-18x7.png 18w, https:\/\/beinghd.com\/wp-content\/uploads\/2026\/01\/7a2b6560352be19924db15344c2e0db-600x223.png 600w, https:\/\/beinghd.com\/wp-content\/uploads\/2026\/01\/7a2b6560352be19924db15344c2e0db-1200x446.png 1200w\" sizes=\"(max-width: 1266px) 100vw, 1266px\" \/><\/p>\n<p><strong>Giri\u015f<\/strong><\/p>\n<p>This is a modular matrix switcher, with 2 input slots and 2 output slots, so it can support maximum 8 inputs and 8 outputs as it\u2019s using the 1-card 4-port cards, the signals are including the DVI, HDMI, HDBasT, Fiber Optic, 3G-SDI. Users are able to have mixed signals inputs and mixed signals outputs.<\/p>\n<p>Tek kanall\u0131 sinyal anahtarlama h\u0131z\u0131 12.5Gbps'ye ula\u015fabilir ve ana kart D\u00f6rt \u00e7ekirdekli d\u00f6rt ba\u011flant\u0131 i\u015fleme teknolojisini kullan\u0131r, anahtarlama yetene\u011fi h\u0131z\u0131 32Gbps'ye ula\u015fabilir. Dijital sinyal i\u00e7in s\u0131k\u0131\u015ft\u0131r\u0131lmam\u0131\u015f iletim teknolojisi ile g\u00f6r\u00fcnt\u00fcn\u00fcn Y\u00fcksek do\u011frulukta \u00e7\u0131kt\u0131s\u0131n\u0131 sa\u011flamak i\u00e7in. Sinyalin eksiksiz oldu\u011fundan emin olmak i\u00e7in benzersiz sinyal ba\u011flant\u0131lar\u0131 ekranlama tasar\u0131m teknolojisi, dahili veri anahtar\u0131, bozulmaya kar\u015f\u0131 s\u00fcper g\u00fc\u00e7l\u00fc kapasiteye ve uzun s\u00fcreli ve istikrarl\u0131 \u00e7al\u0131\u015fma yetene\u011fine sahiptir. 7 * 24 s\u00fcrekli \u00e7al\u0131\u015fmay\u0131 destekler ve \u00e7ift LAN ve RS232 yedekleme kontrol\u00fc ile kullan\u0131c\u0131lar\u0131n PC, iPad, APP ve 3 \u00fczerinden kontrol etmeleri uygundur.<sup>rd<\/sup> RS232 kontrol komutlar\u0131 ile taraflar\u0131n merkezi kontrol\u00fc.<\/p>\n<p>\u00c7ift RS232 ve LAN kontrol\u00fc ile kullan\u0131c\u0131lar projekt\u00f6r, elektrikli perde ve TV gibi \u00e7evredeki ekipmanlar\u0131 da kolayca kurabilir ve kontrol edebilir.<\/p>\n<p>Bu matris anahtarlay\u0131c\u0131lar, konferans, radyo ve televizyon projesi, multimedya konferans salonu, geni\u015f ekran g\u00f6r\u00fcnt\u00fcleme projesi, televizyon \u00f6\u011fretimi, komuta kontrol merkezi ve benzeri uygulamalarda yayg\u0131n olarak kullan\u0131lmaktad\u0131r.<\/p>\n<p><strong>\u00d6zellikler<\/strong><\/p>\n<ul>\n<li><a id=\"post-12756-OLE_LINK4\"><\/a> Modular designing chassis, with 2 input slots and 2 output slots<\/li>\n<li>1 kartl\u0131 4 portlu giri\u015f ve \u00e7\u0131k\u0131\u015f kart\u0131<\/li>\n<li>Se\u00e7imler i\u00e7in 1080P, 4K30 ve 4K60 kartlar\u0131 destekler<\/li>\n<li>Giri\u015f ve \u00e7\u0131k\u0131\u015f\u0131 kar\u0131\u015ft\u0131rmak i\u00e7in DVI-I\/ HDMI\/ 3GSDI\/ HDBaseT\/ Fiber destekler<\/li>\n<li>1080P ve 4K60 kartlarla Video duvar\u0131n\u0131 ve kesintisiz ge\u00e7i\u015fi destekleyin<\/li>\n<li>3,5 mm ses g\u00f6mme ve \u00e7\u0131karma i\u015flevini destekler<\/li>\n<li>DIP anahtar\u0131 arac\u0131l\u0131\u011f\u0131yla yukar\u0131\/a\u015fa\u011f\u0131 \u00f6l\u00e7eklendirme i\u015flevini destekler<\/li>\n<li>Yedekleme kontrol\u00fc i\u00e7in \u00e7ift LAN ve RS232 ba\u011flant\u0131 noktalar\u0131n\u0131 destekler<\/li>\n<li>Arka plan \u0131\u015f\u0131kl\u0131 \u00f6n d\u00fc\u011fmeler, her zaman daha kolay kullan\u0131m<\/li>\n<li>Elektrik kesintisi s\u0131ras\u0131nda otomatik tasarruf korumas\u0131n\u0131 ve otomatik kurtarma i\u015flevini destekler<\/li>\n<\/ul>\n<p><strong>\u015eartname<\/strong><\/p>\n<table>\n<tbody>\n<tr>\n<td><strong>Model<\/strong><\/td>\n<td><strong>FM-800<\/strong><\/td>\n<\/tr>\n<tr>\n<td><strong>A\u00e7\u0131klama<\/strong><\/td>\n<td>8\u00d78 mod\u00fcler matris anahtarlay\u0131c\u0131<\/td>\n<\/tr>\n<tr>\n<td><strong>Giri\u015f<\/strong><\/td>\n<td>DVI\/HDMI\/VGA\/CVBS\/YPbPr\/SDI\/ HDBaseT\/Fiber dahil 1 kartl\u0131 4 portlu giri\u015f<\/td>\n<\/tr>\n<tr>\n<td><strong>\u00c7\u0131kt\u0131<\/strong><\/td>\n<td>DVI\/HDMI\/VGA\/CVBS\/YPbPr\/SDI\/HDBaseT\/Fiber Otpic \u00e7\u0131k\u0131\u015f deste\u011fi<\/td>\n<\/tr>\n<tr>\n<td><strong>Protokol Standard\u0131<\/strong><\/td>\n<td>HDMI1.4, HDCP1.4, HDMI2.0.HDCP2.2'yi destekler<\/td>\n<\/tr>\n<tr>\n<td><strong>Renk Alan\u0131<\/strong><\/td>\n<td>RGB444, YUV444, YUV422, x.v.C standart renk uzant\u0131s\u0131n\u0131 destekler<\/td>\n<\/tr>\n<tr>\n<td><strong>\u00c7\u00f6z\u00fcn\u00fcrl\u00fck<\/strong><\/td>\n<td>640\u00d7480-3840\u00d72160@60Hz (VESA), 480i-4K@60Hz (HDTV)<\/td>\n<\/tr>\n<tr>\n<td><strong>Mesafe<\/strong><\/td>\n<td>HDMI\/DVI: 15m\/40ft; HDBaseT: 70m\/220ft; Fiber: 2km\/6000ft<\/td>\n<\/tr>\n<tr>\n<td><strong>Kontrol<\/strong><\/td>\n<td>iOS\/Android Uygulamalar\u0131, WEB GUI, RS232 &amp; Arka plan \u0131\u015f\u0131kl\u0131 \u00f6n d\u00fc\u011fmeler<\/td>\n<\/tr>\n<tr>\n<td><strong>G\u00fc\u00e7<\/strong><\/td>\n<td>AC: 110V-260V 50\/60Hz<\/td>\n<\/tr>\n<tr>\n<td><strong>T\u00fcketim<\/strong><\/td>\n<td>15W (Karts\u0131z)<\/td>\n<\/tr>\n<tr>\n<td><strong>Boyut<\/strong><\/td>\n<td>2U, 482*320*89(mm)<\/td>\n<\/tr>\n<tr>\n<td><strong>A\u011f\u0131rl\u0131k<\/strong><\/td>\n<td>6kg\/ 13,22lbs (Karts\u0131z)<\/td>\n<\/tr>\n<tr>\n<td><strong>\u00c7al\u0131\u015fma S\u0131cakl\u0131\u011f\u0131<\/strong><\/td>\n<td>0\u2103 ~50\u2103<\/td>\n<\/tr>\n<tr>\n<td><strong>Depolama S\u0131cakl\u0131\u011f\u0131<\/strong><\/td>\n<td>-20\u2103 ~55\u2103<\/td>\n<\/tr>\n<\/tbody>\n<\/table>\n<p><strong>Matrix Size Drawing <\/strong><\/p>\n<p><img decoding=\"async\" width=\"1134\" height=\"1108\" class=\"wp-image-12766\" src=\"https:\/\/www.beinghd.com\/wp-content\/uploads\/2026\/01\/10c1e525f2610f48a9217e9ae97161b.png\" alt=\"10c1e525f2610f48a9217e9ae97161b\" srcset=\"https:\/\/beinghd.com\/wp-content\/uploads\/2026\/01\/10c1e525f2610f48a9217e9ae97161b.png 1134w, https:\/\/beinghd.com\/wp-content\/uploads\/2026\/01\/10c1e525f2610f48a9217e9ae97161b-300x293.png 300w, https:\/\/beinghd.com\/wp-content\/uploads\/2026\/01\/10c1e525f2610f48a9217e9ae97161b-1024x1001.png 1024w, https:\/\/beinghd.com\/wp-content\/uploads\/2026\/01\/10c1e525f2610f48a9217e9ae97161b-768x750.png 768w, https:\/\/beinghd.com\/wp-content\/uploads\/2026\/01\/10c1e525f2610f48a9217e9ae97161b-12x12.png 12w, https:\/\/beinghd.com\/wp-content\/uploads\/2026\/01\/10c1e525f2610f48a9217e9ae97161b-600x586.png 600w\" sizes=\"(max-width: 1134px) 100vw, 1134px\" \/><\/p>\n<p><a id=\"post-12756-OLE_LINK1\"><\/a><strong>Ba\u011flant\u0131 \u015femas\u0131<\/strong><\/p>\n<p><img decoding=\"async\" width=\"2178\" height=\"1223\" class=\"wp-image-12767\" src=\"https:\/\/www.beinghd.com\/wp-content\/uploads\/2026\/01\/word-image-12756-3.png\" srcset=\"https:\/\/beinghd.com\/wp-content\/uploads\/2026\/01\/word-image-12756-3.png 2178w, https:\/\/beinghd.com\/wp-content\/uploads\/2026\/01\/word-image-12756-3-300x168.png 300w, https:\/\/beinghd.com\/wp-content\/uploads\/2026\/01\/word-image-12756-3-1024x575.png 1024w, https:\/\/beinghd.com\/wp-content\/uploads\/2026\/01\/word-image-12756-3-768x431.png 768w, https:\/\/beinghd.com\/wp-content\/uploads\/2026\/01\/word-image-12756-3-1536x863.png 1536w, https:\/\/beinghd.com\/wp-content\/uploads\/2026\/01\/word-image-12756-3-2048x1150.png 2048w, https:\/\/beinghd.com\/wp-content\/uploads\/2026\/01\/word-image-12756-3-18x10.png 18w, https:\/\/beinghd.com\/wp-content\/uploads\/2026\/01\/word-image-12756-3-600x337.png 600w, https:\/\/beinghd.com\/wp-content\/uploads\/2026\/01\/word-image-12756-3-1200x674.png 1200w\" sizes=\"(max-width: 2178px) 100vw, 2178px\" \/><\/p>\n<p>&nbsp;<\/p>","protected":false},"excerpt":{"rendered":"<ul>\n<li>Modular designing chassis, with 2 input slots and 2 output slots<\/li>\n<li>1 kartl\u0131 4 portlu giri\u015f ve \u00e7\u0131k\u0131\u015f kart\u0131<\/li>\n<li>Se\u00e7imler i\u00e7in 1080P, 4K30 ve 4K60 kartlar\u0131 destekler<\/li>\n<li>Giri\u015f ve \u00e7\u0131k\u0131\u015f\u0131 kar\u0131\u015ft\u0131rmak i\u00e7in DVI-I\/ HDMI\/ 3GSDI\/ HDBaseT\/ Fiber destekler<\/li>\n<li>1080P ve 4K60 kartlarla Video duvar\u0131n\u0131 ve kesintisiz ge\u00e7i\u015fi destekleyin<\/li>\n<li>3,5 mm ses g\u00f6mme ve \u00e7\u0131karma i\u015flevini destekler<\/li>\n<li>DIP anahtar\u0131 arac\u0131l\u0131\u011f\u0131yla yukar\u0131\/a\u015fa\u011f\u0131 \u00f6l\u00e7eklendirme i\u015flevini destekler<\/li>\n<li>Yedekleme kontrol\u00fc i\u00e7in \u00e7ift LAN ve RS232 ba\u011flant\u0131 noktalar\u0131n\u0131 destekler<\/li>\n<li>Arka plan \u0131\u015f\u0131kl\u0131 \u00f6n d\u00fc\u011fmeler, her zaman daha kolay kullan\u0131m<\/li>\n<li>Elektrik kesintisi s\u0131ras\u0131nda otomatik tasarruf korumas\u0131n\u0131 ve otomatik kurtarma i\u015flevini destekler<\/li>\n<\/ul>","protected":false},"featured_media":12758,"comment_status":"open","ping_status":"closed","template":"","meta":{"site-sidebar-layout":"default","site-content-layout":"","ast-site-content-layout":"default","site-content-style":"default","site-sidebar-style":"default","ast-global-header-display":"","ast-banner-title-visibility":"","ast-main-header-display":"","ast-hfb-above-header-display":"","ast-hfb-below-header-display":"","ast-hfb-mobile-header-display":"","site-post-title":"","ast-breadcrumbs-content":"","ast-featured-img":"","footer-sml-layout":"","theme-transparent-header-meta":"default","adv-header-id-meta":"","stick-header-meta":"default","header-above-stick-meta":"","header-main-stick-meta":"","header-below-stick-meta":"","astra-migrate-meta-layouts":"set","ast-page-background-enabled":"default","ast-page-background-meta":{"desktop":{"background-color":"","background-image":"","background-repeat":"repeat","background-position":"center center","background-size":"auto","background-attachment":"scroll","background-type":"","background-media":"","overlay-type":"","overlay-color":"","overlay-opacity":"","overlay-gradient":""},"tablet":{"background-color":"","background-image":"","background-repeat":"repeat","background-position":"center center","background-size":"auto","background-attachment":"scroll","background-type":"","background-media":"","overlay-type":"","overlay-color":"","overlay-opacity":"","overlay-gradient":""},"mobile":{"background-color":"","background-image":"","background-repeat":"repeat","background-position":"center center","background-size":"auto","background-attachment":"scroll","background-type":"","background-media":"","overlay-type":"","overlay-color":"","overlay-opacity":"","overlay-gradient":""}},"ast-content-background-meta":{"desktop":{"background-color":"var(--ast-global-color-5)","background-image":"","background-repeat":"repeat","background-position":"center center","background-size":"auto","background-attachment":"scroll","background-type":"","background-media":"","overlay-type":"","overlay-color":"","overlay-opacity":"","overlay-gradient":""},"tablet":{"background-color":"var(--ast-global-color-5)","background-image":"","background-repeat":"repeat","background-position":"center center","background-size":"auto","background-attachment":"scroll","background-type":"","background-media":"","overlay-type":"","overlay-color":"","overlay-opacity":"","overlay-gradient":""},"mobile":{"background-color":"var(--ast-global-color-5)","background-image":"","background-repeat":"repeat","background-position":"center center","background-size":"auto","background-attachment":"scroll","background-type":"","background-media":"","overlay-type":"","overlay-color":"","overlay-opacity":"","overlay-gradient":""}}},"product_brand":[],"product_cat":[15,135,152],"product_tag":[],"class_list":{"0":"post-12756","1":"product","2":"type-product","3":"status-publish","4":"has-post-thumbnail","6":"product_cat-product","7":"product_cat-modular-matrix-switcher","8":"product_cat-em-series","9":"desktop-align-left","10":"tablet-align-left","11":"mobile-align-left","12":"ast-product-gallery-layout-horizontal-slider","13":"ast-product-tabs-layout-horizontal","15":"first","16":"instock","17":"shipping-taxable","18":"product-type-simple"},"_links":{"self":[{"href":"https:\/\/beinghd.com\/tr\/wp-json\/wp\/v2\/product\/12756","targetHints":{"allow":["GET"]}}],"collection":[{"href":"https:\/\/beinghd.com\/tr\/wp-json\/wp\/v2\/product"}],"about":[{"href":"https:\/\/beinghd.com\/tr\/wp-json\/wp\/v2\/types\/product"}],"replies":[{"embeddable":true,"href":"https:\/\/beinghd.com\/tr\/wp-json\/wp\/v2\/comments?post=12756"}],"version-history":[{"count":0,"href":"https:\/\/beinghd.com\/tr\/wp-json\/wp\/v2\/product\/12756\/revisions"}],"wp:featuredmedia":[{"embeddable":true,"href":"https:\/\/beinghd.com\/tr\/wp-json\/wp\/v2\/media\/12758"}],"wp:attachment":[{"href":"https:\/\/beinghd.com\/tr\/wp-json\/wp\/v2\/media?parent=12756"}],"wp:term":[{"taxonomy":"product_brand","embeddable":true,"href":"https:\/\/beinghd.com\/tr\/wp-json\/wp\/v2\/product_brand?post=12756"},{"taxonomy":"product_cat","embeddable":true,"href":"https:\/\/beinghd.com\/tr\/wp-json\/wp\/v2\/product_cat?post=12756"},{"taxonomy":"product_tag","embeddable":true,"href":"https:\/\/beinghd.com\/tr\/wp-json\/wp\/v2\/product_tag?post=12756"}],"curies":[{"name":"wp","href":"https:\/\/api.w.org\/{rel}","templated":true}]}}