{"id":12770,"date":"2026-01-05T06:51:29","date_gmt":"2026-01-05T05:51:29","guid":{"rendered":"https:\/\/beinghd.com\/?post_type=product&#038;p=12770"},"modified":"2026-01-05T06:53:48","modified_gmt":"2026-01-05T05:53:48","slug":"4k2k-hdmi-8x8-matrix-switcher-with-app-web-ir-remote-pc-software-control","status":"publish","type":"product","link":"https:\/\/beinghd.com\/tr\/%c3%bcr%c3%bcn\/4k2k-hdmi-8x8-matrix-switcher-with-app-web-ir-remote-pc-software-control\/","title":{"rendered":"APP\/WEB\/IR Remote\/PC yaz\u0131l\u0131m kontrol\u00fc ile 4K2K HDMI 8\u00d78 Matris Anahtarlay\u0131c\u0131"},"content":{"rendered":"<p><img fetchpriority=\"high\" decoding=\"async\" width=\"1540\" height=\"444\" class=\"wp-image-12782\" src=\"https:\/\/www.beinghd.com\/wp-content\/uploads\/2026\/01\/word-image-12770-1-1.png\" srcset=\"https:\/\/beinghd.com\/wp-content\/uploads\/2026\/01\/word-image-12770-1-1.png 1540w, https:\/\/beinghd.com\/wp-content\/uploads\/2026\/01\/word-image-12770-1-1-300x86.png 300w, https:\/\/beinghd.com\/wp-content\/uploads\/2026\/01\/word-image-12770-1-1-1024x295.png 1024w, https:\/\/beinghd.com\/wp-content\/uploads\/2026\/01\/word-image-12770-1-1-768x221.png 768w, https:\/\/beinghd.com\/wp-content\/uploads\/2026\/01\/word-image-12770-1-1-1536x443.png 1536w, https:\/\/beinghd.com\/wp-content\/uploads\/2026\/01\/word-image-12770-1-1-18x5.png 18w, https:\/\/beinghd.com\/wp-content\/uploads\/2026\/01\/word-image-12770-1-1-600x173.png 600w, https:\/\/beinghd.com\/wp-content\/uploads\/2026\/01\/word-image-12770-1-1-1200x346.png 1200w\" sizes=\"(max-width: 1540px) 100vw, 1540px\" \/><\/p>\n<p><strong>Giri\u015f<\/strong><\/p>\n<p>This is a new fixed 4K2K HDMI matrix switcher with 8 HDMI inputs and 8 HDMI outputs, the resolution can up to 4K30Hz and all ports are HDCP compliant. With the friendly user control methods by IR remote control, 2-Press push buttons with background blue light, WEB GUI, APP and RS232\/UDP commands, this matrix switcher can work with the Blu-Ray Players, Set-Top boxes, Home Theater, and game consoles etc HDMI input sources to route to the HDMI displays, it has been widely used in different audio visual applications.<\/p>\n<p><strong>\u00d6zellikler<\/strong><\/p>\n<ul>\n<li>8 HDMI inputs and 8 HDMI outputs<\/li>\n<li>Support 1 audio(3.5mm) de-ebmedded<\/li>\n<li>Supports HDMI1.4, HDCP1.4<\/li>\n<li>The resolution can up to 4K@30Hz<\/li>\n<li>Deep Color support 48\/36\/30\/24-bit<\/li>\n<li>Supports LPCM 7.1CH, Dolby TrueHD, Dolby Digital and DTS-HD Master Audio<\/li>\n<li>Supports IR remote control(IR remote control codes are available)<\/li>\n<li>Supports smart EDID management, including 8-output EDID, 15 internal EDID.<\/li>\n<li>Supports RS-232 and TCP\/IP Control(WEB GUI, APP and IR remote)<\/li>\n<li>Supports 2-press push buttons control with blue lights<\/li>\n<li>Supports to rename the inputs and outputs, scenes<\/li>\n<\/ul>\n<p><strong>\u015eartname<\/strong><\/p>\n<table>\n<tbody>\n<tr>\n<td><strong>\u0130sim<\/strong><\/td>\n<td>FIXED 4K2K 8&#215;8 HDMI Matrix Switcher<\/td>\n<\/tr>\n<tr>\n<td><strong>Kararlar<\/strong><\/td>\n<td>480i, 576i, 480p, 576p, 720p, 1080i, 1080p@24\/30\/50\/60Hz, 4K@30Hz<\/td>\n<\/tr>\n<tr>\n<td><strong>Giri\u015f portlar\u0131<\/strong><\/td>\n<td>8 * HDMI, 1* RS-232(control), 1 * RJ-45(control)<\/td>\n<\/tr>\n<tr>\n<td><strong>\u00c7\u0131k\u0131\u015f portlar\u0131<\/strong><\/td>\n<td>8 * HDMI, 1* RS-232(control)<\/td>\n<\/tr>\n<tr>\n<td><strong>ESD Protection<\/strong><\/td>\n<td>\u00b18kV (Air-gap discharge), \u00b14kV (Air-gap discharge)<\/td>\n<\/tr>\n<tr>\n<td><strong>Kontrol<\/strong><\/td>\n<td>IR remote control, front buttons control, RS232, UDP<\/td>\n<\/tr>\n<tr>\n<td><strong>G\u00fc\u00e7<\/strong><\/td>\n<td>DC:12V 2A<\/td>\n<\/tr>\n<tr>\n<td><strong>Boyut (mm)<\/strong><\/td>\n<td>440*279*44(mm)<\/td>\n<\/tr>\n<tr>\n<td><strong>A\u011f\u0131rl\u0131k<\/strong><\/td>\n<td>5kg<\/td>\n<\/tr>\n<\/tbody>\n<\/table>\n<p><a id=\"post-12770-OLE_LINK1\"><\/a><strong>Ba\u011flant\u0131 \u015femas\u0131<\/strong><\/p>\n<p><img decoding=\"async\" width=\"1475\" height=\"786\" class=\"wp-image-12783\" src=\"https:\/\/www.beinghd.com\/wp-content\/uploads\/2026\/01\/word-image-12770-2-1.png\" srcset=\"https:\/\/beinghd.com\/wp-content\/uploads\/2026\/01\/word-image-12770-2-1.png 1475w, https:\/\/beinghd.com\/wp-content\/uploads\/2026\/01\/word-image-12770-2-1-300x160.png 300w, https:\/\/beinghd.com\/wp-content\/uploads\/2026\/01\/word-image-12770-2-1-1024x546.png 1024w, https:\/\/beinghd.com\/wp-content\/uploads\/2026\/01\/word-image-12770-2-1-768x409.png 768w, https:\/\/beinghd.com\/wp-content\/uploads\/2026\/01\/word-image-12770-2-1-18x10.png 18w, https:\/\/beinghd.com\/wp-content\/uploads\/2026\/01\/word-image-12770-2-1-600x320.png 600w, https:\/\/beinghd.com\/wp-content\/uploads\/2026\/01\/word-image-12770-2-1-1200x639.png 1200w\" sizes=\"(max-width: 1475px) 100vw, 1475px\" \/><\/p>\n<p><strong>Product Dimension(mm)<\/strong><\/p>\n<p><img decoding=\"async\" width=\"2063\" height=\"1629\" class=\"wp-image-12784\" src=\"https:\/\/www.beinghd.com\/wp-content\/uploads\/2026\/01\/word-image-12770-3-1.png\" srcset=\"https:\/\/beinghd.com\/wp-content\/uploads\/2026\/01\/word-image-12770-3-1.png 2063w, https:\/\/beinghd.com\/wp-content\/uploads\/2026\/01\/word-image-12770-3-1-300x237.png 300w, https:\/\/beinghd.com\/wp-content\/uploads\/2026\/01\/word-image-12770-3-1-1024x809.png 1024w, https:\/\/beinghd.com\/wp-content\/uploads\/2026\/01\/word-image-12770-3-1-768x606.png 768w, https:\/\/beinghd.com\/wp-content\/uploads\/2026\/01\/word-image-12770-3-1-1536x1213.png 1536w, https:\/\/beinghd.com\/wp-content\/uploads\/2026\/01\/word-image-12770-3-1-2048x1617.png 2048w, https:\/\/beinghd.com\/wp-content\/uploads\/2026\/01\/word-image-12770-3-1-15x12.png 15w, https:\/\/beinghd.com\/wp-content\/uploads\/2026\/01\/word-image-12770-3-1-600x474.png 600w, https:\/\/beinghd.com\/wp-content\/uploads\/2026\/01\/word-image-12770-3-1-1200x948.png 1200w\" sizes=\"(max-width: 2063px) 100vw, 2063px\" \/><\/p>","protected":false},"excerpt":{"rendered":"<ul>\n<li>8 HDMI inputs and 8 HDMI outputs<\/li>\n<li>Support 1 audio(3.5mm) de-ebmedded<\/li>\n<li>Supports HDMI1.4, HDCP1.4<\/li>\n<li>The resolution can up to 4K@30Hz<\/li>\n<li>Deep Color support 48\/36\/30\/24-bit<\/li>\n<li>Supports LPCM 7.1CH, Dolby TrueHD, Dolby Digital and DTS-HD Master Audio<\/li>\n<li>Supports IR remote control(IR remote control codes are available)<\/li>\n<li>Supports smart EDID management, including 8-output EDID, 15 internal EDID.<\/li>\n<li>Supports RS-232 and TCP\/IP Control(WEB GUI, APP and IR remote)<\/li>\n<li>Supports 2-press push buttons control with blue lights<\/li>\n<li>Supports to rename the inputs and outputs, scenes<\/li>\n<\/ul>","protected":false},"featured_media":12781,"comment_status":"open","ping_status":"closed","template":"","meta":{"site-sidebar-layout":"default","site-content-layout":"","ast-site-content-layout":"default","site-content-style":"default","site-sidebar-style":"default","ast-global-header-display":"","ast-banner-title-visibility":"","ast-main-header-display":"","ast-hfb-above-header-display":"","ast-hfb-below-header-display":"","ast-hfb-mobile-header-display":"","site-post-title":"","ast-breadcrumbs-content":"","ast-featured-img":"","footer-sml-layout":"","theme-transparent-header-meta":"default","adv-header-id-meta":"","stick-header-meta":"default","header-above-stick-meta":"","header-main-stick-meta":"","header-below-stick-meta":"","astra-migrate-meta-layouts":"set","ast-page-background-enabled":"default","ast-page-background-meta":{"desktop":{"background-color":"","background-image":"","background-repeat":"repeat","background-position":"center center","background-size":"auto","background-attachment":"scroll","background-type":"","background-media":"","overlay-type":"","overlay-color":"","overlay-opacity":"","overlay-gradient":""},"tablet":{"background-color":"","background-image":"","background-repeat":"repeat","background-position":"center center","background-size":"auto","background-attachment":"scroll","background-type":"","background-media":"","overlay-type":"","overlay-color":"","overlay-opacity":"","overlay-gradient":""},"mobile":{"background-color":"","background-image":"","background-repeat":"repeat","background-position":"center center","background-size":"auto","background-attachment":"scroll","background-type":"","background-media":"","overlay-type":"","overlay-color":"","overlay-opacity":"","overlay-gradient":""}},"ast-content-background-meta":{"desktop":{"background-color":"var(--ast-global-color-5)","background-image":"","background-repeat":"repeat","background-position":"center center","background-size":"auto","background-attachment":"scroll","background-type":"","background-media":"","overlay-type":"","overlay-color":"","overlay-opacity":"","overlay-gradient":""},"tablet":{"background-color":"var(--ast-global-color-5)","background-image":"","background-repeat":"repeat","background-position":"center center","background-size":"auto","background-attachment":"scroll","background-type":"","background-media":"","overlay-type":"","overlay-color":"","overlay-opacity":"","overlay-gradient":""},"mobile":{"background-color":"var(--ast-global-color-5)","background-image":"","background-repeat":"repeat","background-position":"center center","background-size":"auto","background-attachment":"scroll","background-type":"","background-media":"","overlay-type":"","overlay-color":"","overlay-opacity":"","overlay-gradient":""}}},"product_brand":[],"product_cat":[15,141,155],"product_tag":[],"class_list":{"0":"post-12770","1":"product","2":"type-product","3":"status-publish","4":"has-post-thumbnail","6":"product_cat-product","7":"product_cat-hdmi-matrix-switcher","8":"product_cat-4k30-hdmi-matrix-switcher","9":"desktop-align-left","10":"tablet-align-left","11":"mobile-align-left","12":"ast-product-gallery-layout-horizontal-slider","13":"ast-product-tabs-layout-horizontal","15":"first","16":"instock","17":"shipping-taxable","18":"product-type-simple"},"_links":{"self":[{"href":"https:\/\/beinghd.com\/tr\/wp-json\/wp\/v2\/product\/12770","targetHints":{"allow":["GET"]}}],"collection":[{"href":"https:\/\/beinghd.com\/tr\/wp-json\/wp\/v2\/product"}],"about":[{"href":"https:\/\/beinghd.com\/tr\/wp-json\/wp\/v2\/types\/product"}],"replies":[{"embeddable":true,"href":"https:\/\/beinghd.com\/tr\/wp-json\/wp\/v2\/comments?post=12770"}],"version-history":[{"count":0,"href":"https:\/\/beinghd.com\/tr\/wp-json\/wp\/v2\/product\/12770\/revisions"}],"wp:featuredmedia":[{"embeddable":true,"href":"https:\/\/beinghd.com\/tr\/wp-json\/wp\/v2\/media\/12781"}],"wp:attachment":[{"href":"https:\/\/beinghd.com\/tr\/wp-json\/wp\/v2\/media?parent=12770"}],"wp:term":[{"taxonomy":"product_brand","embeddable":true,"href":"https:\/\/beinghd.com\/tr\/wp-json\/wp\/v2\/product_brand?post=12770"},{"taxonomy":"product_cat","embeddable":true,"href":"https:\/\/beinghd.com\/tr\/wp-json\/wp\/v2\/product_cat?post=12770"},{"taxonomy":"product_tag","embeddable":true,"href":"https:\/\/beinghd.com\/tr\/wp-json\/wp\/v2\/product_tag?post=12770"}],"curies":[{"name":"wp","href":"https:\/\/api.w.org\/{rel}","templated":true}]}}