{"id":12792,"date":"2026-01-05T07:20:05","date_gmt":"2026-01-05T06:20:05","guid":{"rendered":"https:\/\/beinghd.com\/?post_type=product&#038;p=12792"},"modified":"2026-01-05T07:20:06","modified_gmt":"2026-01-05T06:20:06","slug":"4k2k-hdmi-16x16-matrix-switcher-with-app-web-ir-remote-control-edid-management-and-3-5mm-audio-out","status":"publish","type":"product","link":"https:\/\/beinghd.com\/tr\/%c3%bcr%c3%bcn\/4k2k-hdmi-16x16-matrix-switcher-with-app-web-ir-remote-control-edid-management-and-3-5mm-audio-out\/","title":{"rendered":"APP\/WEB\/IR Uzaktan kumanda, EDID y\u00f6netimi ve 3,5 mm ses \u00e7\u0131k\u0131\u015f\u0131 ile 4K2K HDMI 16\u00d716 Matris Anahtarlay\u0131c\u0131"},"content":{"rendered":"<p><img fetchpriority=\"high\" decoding=\"async\" width=\"1263\" height=\"243\" class=\"wp-image-12793\" src=\"https:\/\/www.beinghd.com\/wp-content\/uploads\/2026\/01\/word-image-12792-1.png\" srcset=\"https:\/\/beinghd.com\/wp-content\/uploads\/2026\/01\/word-image-12792-1.png 1263w, https:\/\/beinghd.com\/wp-content\/uploads\/2026\/01\/word-image-12792-1-300x58.png 300w, https:\/\/beinghd.com\/wp-content\/uploads\/2026\/01\/word-image-12792-1-1024x197.png 1024w, https:\/\/beinghd.com\/wp-content\/uploads\/2026\/01\/word-image-12792-1-768x148.png 768w, https:\/\/beinghd.com\/wp-content\/uploads\/2026\/01\/word-image-12792-1-18x3.png 18w, https:\/\/beinghd.com\/wp-content\/uploads\/2026\/01\/word-image-12792-1-600x115.png 600w, https:\/\/beinghd.com\/wp-content\/uploads\/2026\/01\/word-image-12792-1-1200x231.png 1200w\" sizes=\"(max-width: 1263px) 100vw, 1263px\" \/><\/p>\n<p><strong>Giri\u015f<\/strong><\/p>\n<p>This is a new fixed<strong> 1U height <\/strong>4K2K HDMI matrix switcher with 16 HDMI input ports and 16 HDMI output ports and OUT1 with 3.5mm audio out, the resolution can up to 4K30Hz and all ports are HDCP compliant. With the friendly user control methods: IR remote control, 2-Press push buttons with background blue light, WEB GUI and the iOS\/Android APP control, supports the WEB smart EDID management, this matrix switcher can work with the Blu-Ray Players, Set-Top boxes, Home Theater, and game consoles etc HDMI input sources to route to the HDMI displays, it has been widely used in different audio visual applications.<\/p>\n<p><strong>\u00d6zellikler<\/strong><\/p>\n<ul>\n<li>16 HDMI inputs and 16 HDMI outputs, and OUT1 with 3.5mm audio out<\/li>\n<li>Supports HDMI1.4, HDCP1.4<\/li>\n<li>The resolution can up to 4K@30Hz<\/li>\n<li>Deep Color support 48\/36\/30\/24-bit<\/li>\n<li>Supports LPCM 7.1CH, Dolby TrueHD, Dolby Digital and DTS-HD Master Audio<\/li>\n<li>Supports IR remote control(IR remote control codes are available)<\/li>\n<li>Supports smart EDID management, including 8-output EDID, 15 internal EDID.<\/li>\n<li>Supports RS-232 and TCP\/IP Control(WEB GUI and iOS\/Android APP)<\/li>\n<li>Supports 2-press push buttons control with blue lights<\/li>\n<li>Supports to rename the inputs and outputs<\/li>\n<\/ul>\n<p><strong>\u015eartname<\/strong><\/p>\n<table>\n<tbody>\n<tr>\n<td><strong>\u0130sim<\/strong><\/td>\n<td>FIXED 4K2K 16&#215;16 HDMI Matrix Switcher<\/td>\n<\/tr>\n<tr>\n<td><strong>\u00c7\u00f6z\u00fcn\u00fcrl\u00fck <\/strong><\/td>\n<td>480p, 576p, 720p, 1080i, 1080p@24\/30\/50\/60Hz, 4K@30Hz,<\/td>\n<\/tr>\n<tr>\n<td><strong>Giri\u015f portlar\u0131<\/strong><\/td>\n<td>16 * HDMI ports, 1* RS-232(control), 1 * RJ-45(control)<\/td>\n<\/tr>\n<tr>\n<td><strong>\u00c7\u0131k\u0131\u015f portlar\u0131<\/strong><\/td>\n<td>16 * Female HDMI ports, 1*3.5mm audio, 1* RS-232(control)<\/td>\n<\/tr>\n<tr>\n<td><strong>\u0130letim mesafesi<\/strong><\/td>\n<td>10m\/30ft for 4K30, 15m\/45ft for 1080P@60Hz<\/td>\n<\/tr>\n<tr>\n<td><strong>ESD Protection<\/strong><\/td>\n<td>Human-body Model: \u00b1 8kV (Air-gap discharge)<\/p>\n<p>\u00b1 4kV (Air-gap discharge)<\/td>\n<\/tr>\n<tr>\n<td><strong>ESD Protection<\/strong><\/td>\n<td>12 V 5A DC (US\/EU standards, CE\/FCC\/UL certified)<\/td>\n<\/tr>\n<tr>\n<td><strong>Kontrol<\/strong><\/td>\n<td>Supports remote control, front buttons control, RS232, LAN control<\/td>\n<\/tr>\n<tr>\n<td><strong>Input voltage<\/strong><\/td>\n<td>AC: 100VAC ~ 260VAC, 50\/60 Hz, DC:12V 5A<\/td>\n<\/tr>\n<tr>\n<td><strong>Boyut (mm)<\/strong><\/td>\n<td>480 * 252 * 44( mm)<\/td>\n<\/tr>\n<tr>\n<td><strong>A\u011f\u0131rl\u0131k<\/strong><\/td>\n<td>3.5Kg<\/td>\n<\/tr>\n<tr>\n<td><strong>\u00c7al\u0131\u015fma S\u0131cakl\u0131\u011f\u0131<\/strong><\/td>\n<td>0 \u00baC~40 \u00baC\/32 \u00baF~104 \u00baF<\/td>\n<\/tr>\n<tr>\n<td><strong>Depolama S\u0131cakl\u0131\u011f\u0131<\/strong><\/td>\n<td>\u221220 \u00baC~60 \u00baC\/\u22124 \u00baF~140 \u00baF<\/td>\n<\/tr>\n<\/tbody>\n<\/table>\n<p><a id=\"post-12792-OLE_LINK1\"><\/a><strong>Ba\u011flant\u0131 \u015femas\u0131<\/strong><\/p>\n<p><img decoding=\"async\" width=\"1196\" height=\"644\" class=\"wp-image-12794\" src=\"https:\/\/www.beinghd.com\/wp-content\/uploads\/2026\/01\/word-image-12792-2.png\" srcset=\"https:\/\/beinghd.com\/wp-content\/uploads\/2026\/01\/word-image-12792-2.png 1196w, https:\/\/beinghd.com\/wp-content\/uploads\/2026\/01\/word-image-12792-2-300x162.png 300w, https:\/\/beinghd.com\/wp-content\/uploads\/2026\/01\/word-image-12792-2-1024x551.png 1024w, https:\/\/beinghd.com\/wp-content\/uploads\/2026\/01\/word-image-12792-2-768x414.png 768w, https:\/\/beinghd.com\/wp-content\/uploads\/2026\/01\/word-image-12792-2-18x10.png 18w, https:\/\/beinghd.com\/wp-content\/uploads\/2026\/01\/word-image-12792-2-600x323.png 600w\" sizes=\"(max-width: 1196px) 100vw, 1196px\" \/><\/p>\n<p>&nbsp;<\/p>","protected":false},"excerpt":{"rendered":"<ul>\n<li>16 HDMI inputs and16\u00a0HDMI outputs, and OUT1 with 3.5mm audio out<\/li>\n<li>Supports HDMI1.4, HDCP1.4<\/li>\n<li>The resolution can up to 4K@30Hz<\/li>\n<li>Deep Color support 48\/36\/30\/24-bit<\/li>\n<li>Supports LPCM 7.1CH, Dolby TrueHD, Dolby Digital and DTS-HD Master Audio<\/li>\n<li>Supports IR remote control(IR remote control codes are available)<\/li>\n<li>Supports smart EDID management, including 8-output EDID, 15 internal EDID.<\/li>\n<li>Supports RS-232 and TCP\/IP Control(WEB GUIand\u00a0iOS\/Android APP)<\/li>\n<li>Supports 2-press push buttons control with blue lights<\/li>\n<li>Supports to rename the inputs and outputs<\/li>\n<\/ul>","protected":false},"featured_media":12795,"comment_status":"open","ping_status":"closed","template":"","meta":{"site-sidebar-layout":"default","site-content-layout":"","ast-site-content-layout":"default","site-content-style":"default","site-sidebar-style":"default","ast-global-header-display":"","ast-banner-title-visibility":"","ast-main-header-display":"","ast-hfb-above-header-display":"","ast-hfb-below-header-display":"","ast-hfb-mobile-header-display":"","site-post-title":"","ast-breadcrumbs-content":"","ast-featured-img":"","footer-sml-layout":"","theme-transparent-header-meta":"default","adv-header-id-meta":"","stick-header-meta":"default","header-above-stick-meta":"","header-main-stick-meta":"","header-below-stick-meta":"","astra-migrate-meta-layouts":"set","ast-page-background-enabled":"default","ast-page-background-meta":{"desktop":{"background-color":"","background-image":"","background-repeat":"repeat","background-position":"center center","background-size":"auto","background-attachment":"scroll","background-type":"","background-media":"","overlay-type":"","overlay-color":"","overlay-opacity":"","overlay-gradient":""},"tablet":{"background-color":"","background-image":"","background-repeat":"repeat","background-position":"center center","background-size":"auto","background-attachment":"scroll","background-type":"","background-media":"","overlay-type":"","overlay-color":"","overlay-opacity":"","overlay-gradient":""},"mobile":{"background-color":"","background-image":"","background-repeat":"repeat","background-position":"center center","background-size":"auto","background-attachment":"scroll","background-type":"","background-media":"","overlay-type":"","overlay-color":"","overlay-opacity":"","overlay-gradient":""}},"ast-content-background-meta":{"desktop":{"background-color":"var(--ast-global-color-5)","background-image":"","background-repeat":"repeat","background-position":"center center","background-size":"auto","background-attachment":"scroll","background-type":"","background-media":"","overlay-type":"","overlay-color":"","overlay-opacity":"","overlay-gradient":""},"tablet":{"background-color":"var(--ast-global-color-5)","background-image":"","background-repeat":"repeat","background-position":"center center","background-size":"auto","background-attachment":"scroll","background-type":"","background-media":"","overlay-type":"","overlay-color":"","overlay-opacity":"","overlay-gradient":""},"mobile":{"background-color":"var(--ast-global-color-5)","background-image":"","background-repeat":"repeat","background-position":"center center","background-size":"auto","background-attachment":"scroll","background-type":"","background-media":"","overlay-type":"","overlay-color":"","overlay-opacity":"","overlay-gradient":""}}},"product_brand":[],"product_cat":[15,141,155],"product_tag":[],"class_list":{"0":"post-12792","1":"product","2":"type-product","3":"status-publish","4":"has-post-thumbnail","6":"product_cat-product","7":"product_cat-hdmi-matrix-switcher","8":"product_cat-4k30-hdmi-matrix-switcher","9":"desktop-align-left","10":"tablet-align-left","11":"mobile-align-left","12":"ast-product-gallery-layout-horizontal-slider","13":"ast-product-tabs-layout-horizontal","15":"first","16":"instock","17":"shipping-taxable","18":"product-type-simple"},"_links":{"self":[{"href":"https:\/\/beinghd.com\/tr\/wp-json\/wp\/v2\/product\/12792","targetHints":{"allow":["GET"]}}],"collection":[{"href":"https:\/\/beinghd.com\/tr\/wp-json\/wp\/v2\/product"}],"about":[{"href":"https:\/\/beinghd.com\/tr\/wp-json\/wp\/v2\/types\/product"}],"replies":[{"embeddable":true,"href":"https:\/\/beinghd.com\/tr\/wp-json\/wp\/v2\/comments?post=12792"}],"version-history":[{"count":0,"href":"https:\/\/beinghd.com\/tr\/wp-json\/wp\/v2\/product\/12792\/revisions"}],"wp:featuredmedia":[{"embeddable":true,"href":"https:\/\/beinghd.com\/tr\/wp-json\/wp\/v2\/media\/12795"}],"wp:attachment":[{"href":"https:\/\/beinghd.com\/tr\/wp-json\/wp\/v2\/media?parent=12792"}],"wp:term":[{"taxonomy":"product_brand","embeddable":true,"href":"https:\/\/beinghd.com\/tr\/wp-json\/wp\/v2\/product_brand?post=12792"},{"taxonomy":"product_cat","embeddable":true,"href":"https:\/\/beinghd.com\/tr\/wp-json\/wp\/v2\/product_cat?post=12792"},{"taxonomy":"product_tag","embeddable":true,"href":"https:\/\/beinghd.com\/tr\/wp-json\/wp\/v2\/product_tag?post=12792"}],"curies":[{"name":"wp","href":"https:\/\/api.w.org\/{rel}","templated":true}]}}