{"id":13217,"date":"2026-01-08T02:09:29","date_gmt":"2026-01-08T01:09:29","guid":{"rendered":"https:\/\/beinghd.com\/?post_type=product&#038;p=13217"},"modified":"2026-01-08T02:10:52","modified_gmt":"2026-01-08T01:10:52","slug":"ipm-manager-800h-managed-poe-ethernet-switch","status":"publish","type":"product","link":"https:\/\/beinghd.com\/tr\/%c3%bcr%c3%bcn\/ipm-manager-800h-managed-poe-ethernet-switch\/","title":{"rendered":"IPM-MANAGER-800H Y\u00f6netilen PoE Ethernet Anahtar\u0131"},"content":{"rendered":"<p><strong> IPM-MANAGER-800H<\/strong><\/p>\n<p><strong>Managed PoE Ethernet Switch<\/strong><\/p>\n<p><strong><img fetchpriority=\"high\" decoding=\"async\" width=\"573\" height=\"229\" class=\"wp-image-13218\" src=\"https:\/\/www.beinghd.com\/wp-content\/uploads\/2026\/01\/10gm-s2-ac.png\" alt=\"10GM-S2-AC\" srcset=\"https:\/\/beinghd.com\/wp-content\/uploads\/2026\/01\/10gm-s2-ac.png 573w, https:\/\/beinghd.com\/wp-content\/uploads\/2026\/01\/10gm-s2-ac-300x120.png 300w, https:\/\/beinghd.com\/wp-content\/uploads\/2026\/01\/10gm-s2-ac-18x7.png 18w\" sizes=\"(max-width: 573px) 100vw, 573px\" \/><\/strong><\/p>\n<p><strong>Input Voltage\uff1a<\/strong>AC 100-240V 50\/60Hz<\/p>\n<p><strong>\u00c7al\u0131\u015fma S\u0131cakl\u0131\u011f\u0131<\/strong>\uff1a-10\u2103 ~ +50\u2103<\/p>\n<p><strong>Heat Dissipation\uff1a<\/strong>Fan cooling<\/p>\n<p><strong>Certification<\/strong>\uff1aCCC\/CE\/FCC\/RoHS<\/p>\n<p><strong>ESD\uff1a<\/strong>8KV-15KV<\/p>\n<p><strong>MTBF\uff1a<\/strong>100000H<\/p>\n<p><img decoding=\"async\" width=\"1645\" height=\"122\" class=\"wp-image-13219\" src=\"https:\/\/www.beinghd.com\/wp-content\/uploads\/2026\/01\/4.png\" alt=\"\u6807\u9898\u88c5\u99704\" srcset=\"https:\/\/beinghd.com\/wp-content\/uploads\/2026\/01\/4.png 1645w, https:\/\/beinghd.com\/wp-content\/uploads\/2026\/01\/4-300x22.png 300w, https:\/\/beinghd.com\/wp-content\/uploads\/2026\/01\/4-1024x76.png 1024w, https:\/\/beinghd.com\/wp-content\/uploads\/2026\/01\/4-768x57.png 768w, https:\/\/beinghd.com\/wp-content\/uploads\/2026\/01\/4-1536x114.png 1536w, https:\/\/beinghd.com\/wp-content\/uploads\/2026\/01\/4-18x1.png 18w, https:\/\/beinghd.com\/wp-content\/uploads\/2026\/01\/4-600x44.png 600w, https:\/\/beinghd.com\/wp-content\/uploads\/2026\/01\/4-1200x89.png 1200w\" sizes=\"(max-width: 1645px) 100vw, 1645px\" \/><\/p>\n<p>The IPM-MANAGER-800H 10-Port Managed PoE+ Ethernet Switch is equipped with 8x 10\/100\/1000BASE-T ports, 2x 1000M SFP Uplinks. 8x RJ45 Ports support both IEEE 802.3af PoE and IEEE 802.3at PoE+(up to 30W per Port) for powering attached IP phones, wireless access points, or other standards compliant PoE and PoE+ end network devices. The switch adopts the most cutting-edge Realtek chip.<\/p>\n<p>This access switch delivers a compact, cost-effective solution for carrier\u2019IP MAN and enterprise networks. Based on the high-performance hardware and management platform, it supports function such as ACL, QinQ and QoS. It\u2019s simple management mode and flexible installation can meet the requirement of any scenario.<\/p>\n<p><img decoding=\"async\" width=\"1207\" height=\"90\" class=\"wp-image-13220\" src=\"https:\/\/www.beinghd.com\/wp-content\/uploads\/2026\/01\/unnamed-file.png\" alt=\"\u89c4\u683c\u4e66\u4fee\u6539\" srcset=\"https:\/\/beinghd.com\/wp-content\/uploads\/2026\/01\/unnamed-file.png 1207w, https:\/\/beinghd.com\/wp-content\/uploads\/2026\/01\/unnamed-file-300x22.png 300w, https:\/\/beinghd.com\/wp-content\/uploads\/2026\/01\/unnamed-file-1024x76.png 1024w, https:\/\/beinghd.com\/wp-content\/uploads\/2026\/01\/unnamed-file-768x57.png 768w, https:\/\/beinghd.com\/wp-content\/uploads\/2026\/01\/unnamed-file-18x1.png 18w, https:\/\/beinghd.com\/wp-content\/uploads\/2026\/01\/unnamed-file-600x45.png 600w, https:\/\/beinghd.com\/wp-content\/uploads\/2026\/01\/unnamed-file-1200x89.png 1200w\" sizes=\"(max-width: 1207px) 100vw, 1207px\" \/><\/p>\n<p>PRODUCT PARAMETERS<\/p>\n<table>\n<tbody>\n<tr>\n<td colspan=\"2\"><strong>Provider Mode Ports<\/strong><\/td>\n<\/tr>\n<tr>\n<td>Port type and quantity:<\/td>\n<td>8 x 10\/100\/1000 Base-T+ 2x1000Base-X<\/td>\n<\/tr>\n<tr>\n<td>Management Port<\/td>\n<td>Support console<\/td>\n<\/tr>\n<tr>\n<td>Power Supply<\/td>\n<td>100-240V\/AC<\/td>\n<\/tr>\n<tr>\n<td>LED Indicators<\/td>\n<td>PWR, Link\/ACT LED<\/td>\n<\/tr>\n<tr>\n<td colspan=\"2\"><\/td>\n<\/tr>\n<tr>\n<td colspan=\"2\"><strong>Network Size \u2013 length of cable<\/strong><\/td>\n<\/tr>\n<tr>\n<td>Twisted pair (TP):<\/td>\n<td>0-100m\uff08CAT5e,CAT6\uff09<\/td>\n<\/tr>\n<tr>\n<td>Single mode Fiber (SMF):<\/td>\n<td>20\/40\/60\/80\/100KM<\/td>\n<\/tr>\n<tr>\n<td>Multimode Fober (MMF):<\/td>\n<td>550m<\/td>\n<\/tr>\n<tr>\n<td colspan=\"2\"><\/td>\n<\/tr>\n<tr>\n<td colspan=\"2\"><strong>Network Topology<\/strong><\/td>\n<\/tr>\n<tr>\n<td>Ring topology<\/td>\n<td>Support<\/td>\n<\/tr>\n<tr>\n<td>Star topology<\/td>\n<td>Support<\/td>\n<\/tr>\n<tr>\n<td>Bus topology<\/td>\n<td>Support<\/td>\n<\/tr>\n<tr>\n<td>Tree Topology<\/td>\n<td>Support<\/td>\n<\/tr>\n<tr>\n<td>Hybrid topology<\/td>\n<td>Support<\/td>\n<\/tr>\n<tr>\n<td><\/td>\n<td><\/td>\n<\/tr>\n<tr>\n<td colspan=\"2\"><strong>Electrical Specifications<\/strong><\/td>\n<\/tr>\n<tr>\n<td>Input voltage<\/td>\n<td>AC 100-240V 50\/60Hz<\/td>\n<\/tr>\n<tr>\n<td>Power consumption:<\/td>\n<td>\uff1c120W<\/td>\n<\/tr>\n<tr>\n<td>Main board power<\/td>\n<td>\uff1c10W<\/td>\n<\/tr>\n<tr>\n<td colspan=\"2\"><\/td>\n<\/tr>\n<tr>\n<td colspan=\"2\"><strong>PoE Support<\/strong><\/td>\n<\/tr>\n<tr>\n<td>PoE port<\/td>\n<td>1-8<\/td>\n<\/tr>\n<tr>\n<td>PoE Protocol<\/td>\n<td>802.3af\uff0c802.3at<\/td>\n<\/tr>\n<tr>\n<td>Pin Assignment<\/td>\n<td>1,2+; 3,6-<\/td>\n<\/tr>\n<tr>\n<td>PoE Management<\/td>\n<td>Support<\/td>\n<\/tr>\n<tr>\n<td colspan=\"2\"><\/td>\n<\/tr>\n<tr>\n<td colspan=\"2\"><strong>Layer 2 Switching<\/strong><\/td>\n<\/tr>\n<tr>\n<td>Switching capacity<\/td>\n<td>20Gbps<\/td>\n<\/tr>\n<tr>\n<td>Packet forwarding rate<\/td>\n<td>14.88Mpps<\/td>\n<\/tr>\n<tr>\n<td>MAC address table<\/td>\n<td>8K<\/td>\n<\/tr>\n<tr>\n<td>Buffer<\/td>\n<td>4.1M<\/td>\n<\/tr>\n<tr>\n<td>Forwarding delay<\/td>\n<td>&lt;10us<\/td>\n<\/tr>\n<tr>\n<td>MDX\/MIDX<\/td>\n<td>Support<\/td>\n<\/tr>\n<tr>\n<td>VLAN<\/td>\n<td>256<\/td>\n<\/tr>\n<tr>\n<td>GVRP VLAN<\/td>\n<td>Support<\/td>\n<\/tr>\n<tr>\n<td>Protocol VLAN<\/td>\n<td>Support<\/td>\n<\/tr>\n<tr>\n<td>Voice VLAN<\/td>\n<td>Support<\/td>\n<\/tr>\n<tr>\n<td>Surveillance VLAN<\/td>\n<td>Support<\/td>\n<\/tr>\n<tr>\n<td>MAC VLAN<\/td>\n<td>Support<\/td>\n<\/tr>\n<tr>\n<td>Ethert channel\/ 802 .3ad<\/td>\n<td>Support<\/td>\n<\/tr>\n<tr>\n<td>LACP<\/td>\n<td>Support<\/td>\n<\/tr>\n<tr>\n<td>Interface Speed<\/td>\n<td>Support<\/td>\n<\/tr>\n<tr>\n<td>Duplex Mode<\/td>\n<td>Support<\/td>\n<\/tr>\n<tr>\n<td>Flow Control<\/td>\n<td>Support<\/td>\n<\/tr>\n<tr>\n<td>Jumbo frame<\/td>\n<td>Support<\/td>\n<\/tr>\n<tr>\n<td>DHCP Client<\/td>\n<td>Support<\/td>\n<\/tr>\n<tr>\n<td>SNTP Client<\/td>\n<td>Support<\/td>\n<\/tr>\n<tr>\n<td>Port Statistics<\/td>\n<td>Support<\/td>\n<\/tr>\n<tr>\n<td>Protected Ports<\/td>\n<td>Support<\/td>\n<\/tr>\n<tr>\n<td>EEE<\/td>\n<td>Support<\/td>\n<\/tr>\n<tr>\n<td>Ethernet Ring Protection Switching<\/td>\n<td>Support<\/td>\n<\/tr>\n<tr>\n<td>LLDP<\/td>\n<td>Support<\/td>\n<\/tr>\n<tr>\n<td>LLDP 802.1 TLV<\/td>\n<td>Support<\/td>\n<\/tr>\n<tr>\n<td>MSTP \/ RSTP \/ STP<\/td>\n<td>Support<\/td>\n<\/tr>\n<tr>\n<td>STP BPDU Filter<\/td>\n<td>Support<\/td>\n<\/tr>\n<tr>\n<td>STP BPDU guard<\/td>\n<td>Support<\/td>\n<\/tr>\n<tr>\n<td>STP Port Fast<\/td>\n<td>Support<\/td>\n<\/tr>\n<tr>\n<td>IGMP Snooping<\/td>\n<td>Support<\/td>\n<\/tr>\n<tr>\n<td>MLD Snooping<\/td>\n<td>Support<\/td>\n<\/tr>\n<tr>\n<td>MVR<\/td>\n<td>Support<\/td>\n<\/tr>\n<tr>\n<td colspan=\"2\"><\/td>\n<\/tr>\n<tr>\n<td colspan=\"2\"><strong>Layer 3 Route <\/strong><\/td>\n<\/tr>\n<tr>\n<td>IPV4 management<\/td>\n<td>Support<\/td>\n<\/tr>\n<tr>\n<td>IPV6 management<\/td>\n<td>Support<\/td>\n<\/tr>\n<tr>\n<td>Static Routes IPv4<\/td>\n<td>32<\/td>\n<\/tr>\n<tr>\n<td>Static Routes IPv6<\/td>\n<td>32<\/td>\n<\/tr>\n<tr>\n<td>ARP<\/td>\n<td>Support<\/td>\n<\/tr>\n<tr>\n<td>Loopback Interface<\/td>\n<td>Support<\/td>\n<\/tr>\n<tr>\n<td>DHCP Server<\/td>\n<td>Support<\/td>\n<\/tr>\n<tr>\n<td>DNS Server<\/td>\n<td>Support<\/td>\n<\/tr>\n<tr>\n<td>DNS Client<\/td>\n<td>Support<\/td>\n<\/tr>\n<tr>\n<td colspan=\"2\"><\/td>\n<\/tr>\n<tr>\n<td colspan=\"2\"><strong>Convergence<\/strong><\/td>\n<\/tr>\n<tr>\n<td>ACL<\/td>\n<td>Support MAC Standard\/Extended ACL<\/p>\n<p>Support IPV4 Standard\/Extended ACL<\/p>\n<p>Support IPV6 Standard\/Extended ACL<\/td>\n<\/tr>\n<tr>\n<td>QoS<\/td>\n<td>Support QoS Remarking<\/p>\n<p>Support Port Trust<\/p>\n<p>Support Port bandwidth<\/p>\n<p>Support egress queuing bandwidth<\/p>\n<p>Support SP\uff0cWRR<\/p>\n<p>Support COS\uff0cDSCP\uff0cIP Priority<\/td>\n<\/tr>\n<tr>\n<td colspan=\"2\"><\/td>\n<\/tr>\n<tr>\n<td colspan=\"2\"><strong>Management<\/strong><\/td>\n<\/tr>\n<tr>\n<td>User Management<\/td>\n<td>Support<\/td>\n<\/tr>\n<tr>\n<td>System Log<\/td>\n<td>Support<\/td>\n<\/tr>\n<tr>\n<td>Upgrade Firmware<\/td>\n<td>Support<\/td>\n<\/tr>\n<tr>\n<td>Configuration File Download\/Upload<\/td>\n<td>Support<\/td>\n<\/tr>\n<tr>\n<td>SNMP<\/td>\n<td>Support SNMP V1\/V2\/V3<\/td>\n<\/tr>\n<tr>\n<td>WEB<\/td>\n<td>Support<\/td>\n<\/tr>\n<tr>\n<td>Console<\/td>\n<td>Support<\/td>\n<\/tr>\n<tr>\n<td>CLI<\/td>\n<td>Support<\/td>\n<\/tr>\n<tr>\n<td>Telnet\/SSH<\/td>\n<td>Support<\/td>\n<\/tr>\n<tr>\n<td>RMON<\/td>\n<td>Support<\/td>\n<\/tr>\n<tr>\n<td colspan=\"2\"><\/td>\n<\/tr>\n<tr>\n<td colspan=\"2\"><strong>Security<\/strong><\/td>\n<\/tr>\n<tr>\n<td>management channel configuration<\/td>\n<td>Support<\/td>\n<\/tr>\n<tr>\n<td>AAA<\/td>\n<td>Support<\/td>\n<\/tr>\n<tr>\n<td>802.1X<\/td>\n<td>Support<\/td>\n<\/tr>\n<tr>\n<td>MAC-Based<\/td>\n<td>Support<\/td>\n<\/tr>\n<tr>\n<td>WEB-Based<\/td>\n<td>Support<\/td>\n<\/tr>\n<tr>\n<td>DoS<\/td>\n<td>Support<\/td>\n<\/tr>\n<tr>\n<td>ARP<\/td>\n<td>Support<\/td>\n<\/tr>\n<tr>\n<td>DHCP Snooping<\/td>\n<td>Support<\/td>\n<\/tr>\n<tr>\n<td>IP Source Guard<\/td>\n<td>Support<\/td>\n<\/tr>\n<tr>\n<td>Port Security<\/td>\n<td>Support<\/td>\n<\/tr>\n<tr>\n<td>Protected Ports<\/td>\n<td>Support<\/td>\n<\/tr>\n<tr>\n<td>Storm control<\/td>\n<td>Support<\/td>\n<\/tr>\n<tr>\n<td colspan=\"2\"><\/td>\n<\/tr>\n<tr>\n<td colspan=\"2\"><strong>Equipment diagnosis<\/strong><\/td>\n<\/tr>\n<tr>\n<td>Console log<\/td>\n<td>Support<\/td>\n<\/tr>\n<tr>\n<td>RMA log<\/td>\n<td>Support<\/td>\n<\/tr>\n<tr>\n<td>Flash log<\/td>\n<td>Support<\/td>\n<\/tr>\n<tr>\n<td>Port mirroring<\/td>\n<td>Support 1:1 or 1:M<\/td>\n<\/tr>\n<tr>\n<td>Ping<\/td>\n<td>Support<\/td>\n<\/tr>\n<tr>\n<td>Traceroute<\/td>\n<td>Support<\/td>\n<\/tr>\n<tr>\n<td>Copper port test<\/td>\n<td>Support<\/td>\n<\/tr>\n<tr>\n<td>SFP transceiver information<\/td>\n<td>Support<\/td>\n<\/tr>\n<tr>\n<td>UDLD protocol<\/td>\n<td>Support<\/td>\n<\/tr>\n<tr>\n<td colspan=\"2\"><\/td>\n<\/tr>\n<tr>\n<td colspan=\"2\"><strong>Environment<\/strong><\/td>\n<\/tr>\n<tr>\n<td>Operate temperature<\/td>\n<td>-10\u00baC to 50\u00baC<\/td>\n<\/tr>\n<tr>\n<td>Depolama s\u0131cakl\u0131\u011f\u0131<\/td>\n<td>-40\u00baC to 85\u00baC<\/td>\n<\/tr>\n<tr>\n<td>Relative humidity<\/td>\n<td>10% to 90% RH<\/td>\n<\/tr>\n<tr>\n<td>Heat Dissipation Method<\/td>\n<td>Fanless, natural cooling<\/td>\n<\/tr>\n<tr>\n<td>MTBF<\/td>\n<td>100,000H<\/td>\n<\/tr>\n<tr>\n<td colspan=\"2\"><\/td>\n<\/tr>\n<tr>\n<td colspan=\"2\"><strong>Mechanical Dimensions<\/strong><\/td>\n<\/tr>\n<tr>\n<td>Dimensions (WxHxD):<\/td>\n<td>220*161*44mm<\/td>\n<\/tr>\n<tr>\n<td>Mounting<\/td>\n<td>Desktop<\/td>\n<\/tr>\n<tr>\n<td>A\u011f\u0131rl\u0131k<\/td>\n<td>1kg<\/td>\n<\/tr>\n<tr>\n<td colspan=\"2\"><\/td>\n<\/tr>\n<tr>\n<td colspan=\"2\"><strong>EMC &amp; INGRESS PROTECTION<\/strong><\/td>\n<\/tr>\n<tr>\n<td>Surge protection of Power<\/td>\n<td>Common mode 6KV; differential mode: 4KV<\/td>\n<\/tr>\n<tr>\n<td>Surge protection of Ethernet<\/td>\n<td>Common mode 6KV; differential mode: 4KV<\/td>\n<\/tr>\n<tr>\n<td>Electrostatic discharge (ESD)<\/td>\n<td>8 kV contact discharge\uff0c15 kV air discharge<\/td>\n<\/tr>\n<tr>\n<td>Free fall<\/td>\n<td>0.5m<\/td>\n<\/tr>\n<tr>\n<td colspan=\"2\"><\/td>\n<\/tr>\n<tr>\n<td colspan=\"2\"><strong>Accessories<\/strong><\/td>\n<\/tr>\n<tr>\n<td>Accessories<\/td>\n<td>Device, Power cord, User manual<\/td>\n<\/tr>\n<\/tbody>\n<\/table>\n<p><img loading=\"lazy\" decoding=\"async\" width=\"1645\" height=\"122\" class=\"wp-image-13221\" src=\"https:\/\/www.beinghd.com\/wp-content\/uploads\/2026\/01\/4-1.png\" alt=\"4\" srcset=\"https:\/\/beinghd.com\/wp-content\/uploads\/2026\/01\/4-1.png 1645w, https:\/\/beinghd.com\/wp-content\/uploads\/2026\/01\/4-1-300x22.png 300w, https:\/\/beinghd.com\/wp-content\/uploads\/2026\/01\/4-1-1024x76.png 1024w, https:\/\/beinghd.com\/wp-content\/uploads\/2026\/01\/4-1-768x57.png 768w, https:\/\/beinghd.com\/wp-content\/uploads\/2026\/01\/4-1-1536x114.png 1536w, https:\/\/beinghd.com\/wp-content\/uploads\/2026\/01\/4-1-18x1.png 18w, https:\/\/beinghd.com\/wp-content\/uploads\/2026\/01\/4-1-600x44.png 600w, https:\/\/beinghd.com\/wp-content\/uploads\/2026\/01\/4-1-1200x89.png 1200w\" sizes=\"(max-width: 1645px) 100vw, 1645px\" \/><\/p>\n<p><img loading=\"lazy\" decoding=\"async\" width=\"1111\" height=\"799\" class=\"wp-image-13222\" src=\"https:\/\/www.beinghd.com\/wp-content\/uploads\/2026\/01\/word-image-13217-5.png\" srcset=\"https:\/\/beinghd.com\/wp-content\/uploads\/2026\/01\/word-image-13217-5.png 1111w, https:\/\/beinghd.com\/wp-content\/uploads\/2026\/01\/word-image-13217-5-300x216.png 300w, https:\/\/beinghd.com\/wp-content\/uploads\/2026\/01\/word-image-13217-5-1024x736.png 1024w, https:\/\/beinghd.com\/wp-content\/uploads\/2026\/01\/word-image-13217-5-768x552.png 768w, https:\/\/beinghd.com\/wp-content\/uploads\/2026\/01\/word-image-13217-5-18x12.png 18w, https:\/\/beinghd.com\/wp-content\/uploads\/2026\/01\/word-image-13217-5-600x432.png 600w\" sizes=\"(max-width: 1111px) 100vw, 1111px\" \/><\/p>\n<p>Left view<\/p>\n<p>Back view<\/p>\n<p>Top view<\/p>\n<p>Front view<\/p>\n<p>Right view<\/p>\n<p>&nbsp;<\/p>","protected":false},"excerpt":{"rendered":"<p><strong><b>Input Voltage\uff1a<\/b><\/strong>AC 100-240V \u00a050\/60Hz<\/p>\n<p><strong><b>\u00c7al\u0131\u015fma S\u0131cakl\u0131\u011f\u0131<\/b><\/strong>\uff1a-10\u2103\u00a0~ +50\u2103<\/p>\n<p><strong><b>Heat Dissipation\uff1a<\/b><\/strong>Fan cooling<\/p>\n<p><strong><b>Certification<\/b><\/strong>\uff1aCCC\/CE\/FCC\/RoHS<\/p>\n<p><strong><b>ESD\uff1a<\/b><\/strong>8KV-15KV<\/p>\n<p><strong><b>MTBF\uff1a<\/b><\/strong>100000H<\/p>","protected":false},"featured_media":13223,"comment_status":"open","ping_status":"closed","template":"","meta":{"site-sidebar-layout":"default","site-content-layout":"","ast-site-content-layout":"default","site-content-style":"default","site-sidebar-style":"default","ast-global-header-display":"","ast-banner-title-visibility":"","ast-main-header-display":"","ast-hfb-above-header-display":"","ast-hfb-below-header-display":"","ast-hfb-mobile-header-display":"","site-post-title":"","ast-breadcrumbs-content":"","ast-featured-img":"","footer-sml-layout":"","theme-transparent-header-meta":"default","adv-header-id-meta":"","stick-header-meta":"default","header-above-stick-meta":"","header-main-stick-meta":"","header-below-stick-meta":"","astra-migrate-meta-layouts":"set","ast-page-background-enabled":"default","ast-page-background-meta":{"desktop":{"background-color":"","background-image":"","background-repeat":"repeat","background-position":"center center","background-size":"auto","background-attachment":"scroll","background-type":"","background-media":"","overlay-type":"","overlay-color":"","overlay-opacity":"","overlay-gradient":""},"tablet":{"background-color":"","background-image":"","background-repeat":"repeat","background-position":"center center","background-size":"auto","background-attachment":"scroll","background-type":"","background-media":"","overlay-type":"","overlay-color":"","overlay-opacity":"","overlay-gradient":""},"mobile":{"background-color":"","background-image":"","background-repeat":"repeat","background-position":"center center","background-size":"auto","background-attachment":"scroll","background-type":"","background-media":"","overlay-type":"","overlay-color":"","overlay-opacity":"","overlay-gradient":""}},"ast-content-background-meta":{"desktop":{"background-color":"var(--ast-global-color-5)","background-image":"","background-repeat":"repeat","background-position":"center center","background-size":"auto","background-attachment":"scroll","background-type":"","background-media":"","overlay-type":"","overlay-color":"","overlay-opacity":"","overlay-gradient":""},"tablet":{"background-color":"var(--ast-global-color-5)","background-image":"","background-repeat":"repeat","background-position":"center center","background-size":"auto","background-attachment":"scroll","background-type":"","background-media":"","overlay-type":"","overlay-color":"","overlay-opacity":"","overlay-gradient":""},"mobile":{"background-color":"var(--ast-global-color-5)","background-image":"","background-repeat":"repeat","background-position":"center center","background-size":"auto","background-attachment":"scroll","background-type":"","background-media":"","overlay-type":"","overlay-color":"","overlay-opacity":"","overlay-gradient":""}}},"product_brand":[],"product_cat":[15,144,158],"product_tag":[],"class_list":{"0":"post-13217","1":"product","2":"type-product","3":"status-publish","4":"has-post-thumbnail","6":"product_cat-product","7":"product_cat-av-over-ip","8":"product_cat-poe-switch","9":"desktop-align-left","10":"tablet-align-left","11":"mobile-align-left","12":"ast-product-gallery-layout-horizontal-slider","13":"ast-product-tabs-layout-horizontal","15":"first","16":"instock","17":"shipping-taxable","18":"product-type-simple"},"_links":{"self":[{"href":"https:\/\/beinghd.com\/tr\/wp-json\/wp\/v2\/product\/13217","targetHints":{"allow":["GET"]}}],"collection":[{"href":"https:\/\/beinghd.com\/tr\/wp-json\/wp\/v2\/product"}],"about":[{"href":"https:\/\/beinghd.com\/tr\/wp-json\/wp\/v2\/types\/product"}],"replies":[{"embeddable":true,"href":"https:\/\/beinghd.com\/tr\/wp-json\/wp\/v2\/comments?post=13217"}],"version-history":[{"count":0,"href":"https:\/\/beinghd.com\/tr\/wp-json\/wp\/v2\/product\/13217\/revisions"}],"wp:featuredmedia":[{"embeddable":true,"href":"https:\/\/beinghd.com\/tr\/wp-json\/wp\/v2\/media\/13223"}],"wp:attachment":[{"href":"https:\/\/beinghd.com\/tr\/wp-json\/wp\/v2\/media?parent=13217"}],"wp:term":[{"taxonomy":"product_brand","embeddable":true,"href":"https:\/\/beinghd.com\/tr\/wp-json\/wp\/v2\/product_brand?post=13217"},{"taxonomy":"product_cat","embeddable":true,"href":"https:\/\/beinghd.com\/tr\/wp-json\/wp\/v2\/product_cat?post=13217"},{"taxonomy":"product_tag","embeddable":true,"href":"https:\/\/beinghd.com\/tr\/wp-json\/wp\/v2\/product_tag?post=13217"}],"curies":[{"name":"wp","href":"https:\/\/api.w.org\/{rel}","templated":true}]}}