{"id":14351,"date":"2026-01-22T09:12:51","date_gmt":"2026-01-22T14:12:51","guid":{"rendered":"https:\/\/beinghd.com\/?post_type=product&#038;p=14351"},"modified":"2026-02-02T03:20:19","modified_gmt":"2026-02-02T08:20:19","slug":"4k60-18gbps-8x8-kesintisiz-hdmi-matris-ile-video-duvari-coklu-goruntuleyici-olceklendirme-ve-appiriprs-232","status":"publish","type":"product","link":"https:\/\/beinghd.com\/tr\/%c3%bcr%c3%bcn\/4k60-18gbps-8x8-kesintisiz-hdmi-matris-ile-video-duvari-coklu-goruntuleyici-olceklendirme-ve-appiriprs-232\/","title":{"rendered":"4K60 18Gbps 8\u00d78 Video Duvar ve \u00c7oklu G\u00f6r\u00fcnt\u00fcleyici ve \u00d6l\u00e7ekleme ve APP ve IR ve IP ve RS-232 ile Kesintisiz HDMI Matrisi"},"content":{"rendered":"<p data-rm-block-id=\"block-1\"><img fetchpriority=\"high\" decoding=\"async\" class=\"alignnone wp-image-14380\" src=\"https:\/\/beinghd.com\/wp-content\/uploads\/2026\/01\/8x8-4k60appfix-mvm-800-4k60v2-v.png\" alt=\"4K60 18Gbps 8x8 Diki\u015fsiz HDMI Matrisi\" width=\"1265\" height=\"242\" srcset=\"https:\/\/beinghd.com\/wp-content\/uploads\/2026\/01\/8x8-4k60appfix-mvm-800-4k60v2-v.png 1265w, https:\/\/beinghd.com\/wp-content\/uploads\/2026\/01\/8x8-4k60appfix-mvm-800-4k60v2-v-300x57.png 300w, https:\/\/beinghd.com\/wp-content\/uploads\/2026\/01\/8x8-4k60appfix-mvm-800-4k60v2-v-1024x196.png 1024w, https:\/\/beinghd.com\/wp-content\/uploads\/2026\/01\/8x8-4k60appfix-mvm-800-4k60v2-v-768x147.png 768w, https:\/\/beinghd.com\/wp-content\/uploads\/2026\/01\/8x8-4k60appfix-mvm-800-4k60v2-v-18x3.png 18w, https:\/\/beinghd.com\/wp-content\/uploads\/2026\/01\/8x8-4k60appfix-mvm-800-4k60v2-v-600x115.png 600w, https:\/\/beinghd.com\/wp-content\/uploads\/2026\/01\/8x8-4k60appfix-mvm-800-4k60v2-v-1200x230.png 1200w\" sizes=\"(max-width: 1265px) 100vw, 1265px\" \/><\/p>\n<p data-rm-block-id=\"block-2\"><strong>Giri\u015f<br \/>\n<\/strong><\/p>\n<p>\u00a0 \u00a0 \u00a0 The 4K60 18Gbps Seamless HDMI Matrix (8&#215;8) supports video wall and 4-way HDMI 2.0 output, ideal for professional AV systems.<\/p>\n<p data-rm-block-id=\"block-3\">The 8&#215;8 4K60 Seamless Switching Split Splicing Matrix (APP Model) is a versatile 4&#215;4 Ultra HD audio and video HDMI seamless switching matrix suitable for various scenarios. It offers four HDMI 2.0 inputs and four HDMI 2.0 outputs, each supporting formats from 1080p to 4K60 4:4:4 Full HD, as well as all 3D formats.<\/p>\n<p data-rm-block-id=\"block-3\">\nOutputs can be configured in two modes: matrix splicing and splitting. It also supports embedding and de-embedding of four channels of 3.5mm analog audio. It supports independent EDID management and can be controlled via the remote control, RS-232, LAN port, and front panel buttons. A built-in TFT screen on the front panel displays operating status in real time.<\/p>\n<p data-rm-block-id=\"block-3\">\nThe 4K60 18Gbps 8&#215;8 Seamless HDMI Matrix is a high-performance AV switch designed for professional video wall applications.<br \/>\n4K60 18Gbps 8&#215;8 Seamless HDMI Matrix\u00a0 supports video wall and 4-way HDMI 2.0 output, ideal for professional AV systems.<\/p>\n<p data-rm-block-id=\"block-4\"><strong>\u00d6zellikler<\/strong><\/p>\n<ul>\n<li data-rm-block-id=\"block-5\">1U standart tasar\u0131m<\/li>\n<li data-rm-block-id=\"block-6\">4 y\u00f6nl\u00fc HDMI2.0 giri\u015fini ve 4 y\u00f6nl\u00fc HDMI2.0 \u00e7\u0131k\u0131\u015f\u0131n\u0131 destekler<\/li>\n<li data-rm-block-id=\"block-7\">1080p ila 4K60 4:4:4 Full HD formatlar\u0131n\u0131n yan\u0131 s\u0131ra t\u00fcm 3D formatlar\u0131n\u0131 destekler<\/li>\n<li data-rm-block-id=\"block-8\">2 \u00e7\u0131k\u0131\u015f modunu destekler: matris ekleme ve b\u00f6lme modu<\/li>\n<li data-rm-block-id=\"block-9\">Ses g\u00f6mme ve de-embedding deste\u011fi<\/li>\n<li data-rm-block-id=\"block-10\">Uzaktan kumanda, RS-232, LAN portu ve \u00f6n paneldeki d\u00fc\u011fmeler arac\u0131l\u0131\u011f\u0131yla kontrol\u00fc destekler<\/li>\n<li data-rm-block-id=\"block-11\">\u00c7\u0131k\u0131\u015f \u00e7\u00f6z\u00fcn\u00fcrl\u00fc\u011f\u00fc uyarlanabilir ayarlama sistemini destekler<\/li>\n<li data-rm-block-id=\"block-12\">\u00d6n paneldeki dahili TFT ekran \u00e7al\u0131\u015fma durumunu ger\u00e7ek zamanl\u0131 olarak g\u00f6sterir<\/li>\n<li data-rm-block-id=\"block-13\">4K60 18Gbps 8&#215;8 Seamless HDMI Matrix<\/li>\n<\/ul>\n<p data-rm-block-id=\"block-14\"><strong>\u015eartname<\/strong><\/p>\n<table>\n<tbody>\n<tr>\n<td data-rm-block-id=\"block-15\"><strong>\u0130sim<\/strong><\/td>\n<td data-rm-block-id=\"block-16\">4K60 18Gbps 8X8 Video Duvar\u0131 ve \u00c7oklu G\u00f6r\u00fcnt\u00fcleyici ve \u00c7oklu G\u00f6r\u00fcnt\u00fcleyici ve \u00d6l\u00e7eklendirme ile Kesintisiz HDMI Matrisi<\/td>\n<\/tr>\n<tr>\n<td data-rm-block-id=\"block-17\"><strong>\u00c7\u00f6z\u00fcn\u00fcrl\u00fck <\/strong><\/td>\n<td>\n<p data-rm-block-id=\"block-18\">4K@60Hz, YUV4:4:4 8 bit, 4K@30Hz\/1080P\/1080i\/720P<\/p>\n<p data-rm-block-id=\"block-19\">4k@30Hz\/1080P\/1080i\/720P<\/p>\n<\/td>\n<\/tr>\n<tr>\n<td data-rm-block-id=\"block-20\"><strong>Giri\u015f portlar\u0131<\/strong><\/td>\n<td data-rm-block-id=\"block-21\">8*HDMI2.0 ile 8*3.5mm<\/td>\n<\/tr>\n<tr>\n<td data-rm-block-id=\"block-22\"><strong>\u00c7\u0131k\u0131\u015f portlar\u0131<\/strong><\/td>\n<td data-rm-block-id=\"block-23\">8*HDMI2.0 ile 8*3.5mm ses<\/td>\n<\/tr>\n<tr>\n<td data-rm-block-id=\"block-24\"><strong>\u0130letim mesafesi<\/strong><\/td>\n<td data-rm-block-id=\"block-25\">4K60 i\u00e7in 10m\/30ft, 1080P@60Hz i\u00e7in 15m\/45ft (nitelikli HDMI kablolar\u0131 ile)<\/td>\n<\/tr>\n<tr>\n<td data-rm-block-id=\"block-26\"><strong>Bant Geni\u015fli\u011fi<\/strong><\/td>\n<td data-rm-block-id=\"block-27\">18Gbps<\/td>\n<\/tr>\n<tr>\n<td data-rm-block-id=\"block-28\"><strong>HDCP Uyumlu<\/strong><\/td>\n<td data-rm-block-id=\"block-29\">HDCP 2.2 ve HDCP 1.4<\/td>\n<\/tr>\n<tr>\n<td data-rm-block-id=\"block-30\"><strong>Kontrol<\/strong><\/td>\n<td data-rm-block-id=\"block-31\">\u00d6n panel butonlar\u0131, IR Remote, RS232, TCP\/IP ve APP<\/td>\n<\/tr>\n<tr>\n<td data-rm-block-id=\"block-32\"><strong>G\u00fc\u00e7<\/strong> <strong>T\u00fcketim<\/strong><\/td>\n<td data-rm-block-id=\"block-33\">12V\/3A<\/td>\n<\/tr>\n<tr>\n<td data-rm-block-id=\"block-34\"><strong>Boyut (mm)<\/strong><\/td>\n<td data-rm-block-id=\"block-35\">440 mm (G) *2 79 mm (D) * 44 mm (Y)<\/td>\n<\/tr>\n<tr>\n<td data-rm-block-id=\"block-36\"><strong>A\u011f\u0131rl\u0131k<\/strong><\/td>\n<td data-rm-block-id=\"block-37\">7Kg<\/td>\n<\/tr>\n<tr>\n<td data-rm-block-id=\"block-38\"><strong>\u00c7al\u0131\u015fma S\u0131cakl\u0131\u011f\u0131<\/strong><\/td>\n<td data-rm-block-id=\"block-39\">-5 ila +40\u00b0C (23 ila +104 \u00b0F)<\/td>\n<\/tr>\n<tr>\n<td data-rm-block-id=\"block-40\"><strong>Depolama S\u0131cakl\u0131\u011f\u0131<\/strong><\/td>\n<td data-rm-block-id=\"block-41\">-10 ila +60\u00b0C (-14 ila +140 \u00b0F)<\/td>\n<\/tr>\n<\/tbody>\n<\/table>\n<p data-rm-block-id=\"block-42\"><a id=\"post-14351-OLE_LINK1\"><\/a><strong>Ba\u011flant\u0131 \u015femas\u0131<\/strong><\/p>\n<figure id=\"attachment_14381\" aria-describedby=\"caption-attachment-14381\" style=\"width: 1265px\" class=\"wp-caption alignnone\"><img decoding=\"async\" class=\"wp-image-14381\" src=\"https:\/\/beinghd.com\/wp-content\/uploads\/2026\/01\/word-image-14351-2-1.png\" alt=\"4K60 18Gbps 8x8 Diki\u015fsiz HDMI Matrisi\" width=\"1265\" height=\"624\" srcset=\"https:\/\/beinghd.com\/wp-content\/uploads\/2026\/01\/word-image-14351-2-1.png 1265w, https:\/\/beinghd.com\/wp-content\/uploads\/2026\/01\/word-image-14351-2-1-300x148.png 300w, https:\/\/beinghd.com\/wp-content\/uploads\/2026\/01\/word-image-14351-2-1-1024x505.png 1024w, https:\/\/beinghd.com\/wp-content\/uploads\/2026\/01\/word-image-14351-2-1-768x379.png 768w, https:\/\/beinghd.com\/wp-content\/uploads\/2026\/01\/word-image-14351-2-1-18x9.png 18w, https:\/\/beinghd.com\/wp-content\/uploads\/2026\/01\/word-image-14351-2-1-600x296.png 600w, https:\/\/beinghd.com\/wp-content\/uploads\/2026\/01\/word-image-14351-2-1-1200x592.png 1200w\" sizes=\"(max-width: 1265px) 100vw, 1265px\" \/><figcaption id=\"caption-attachment-14381\" class=\"wp-caption-text\">4K60 18Gbps 8&#215;8 Seamless HDMI Matrix<\/figcaption><\/figure>\n<p data-rm-block-id=\"block-44\"><strong>\u00dcr\u00fcn boyutlar\u0131 (mm)<\/strong><\/p>\n<p data-rm-block-id=\"block-45\"><img decoding=\"async\" width=\"1546\" height=\"1095\" class=\"wp-image-14382\" src=\"https:\/\/beinghd.com\/wp-content\/uploads\/2026\/01\/e34579af7bcaa51eec04f6bff44d3e6-3.png\" alt=\"e34579af7bcaa51eec04f6bff44d3e6\" srcset=\"https:\/\/beinghd.com\/wp-content\/uploads\/2026\/01\/e34579af7bcaa51eec04f6bff44d3e6-3.png 1546w, https:\/\/beinghd.com\/wp-content\/uploads\/2026\/01\/e34579af7bcaa51eec04f6bff44d3e6-3-300x212.png 300w, https:\/\/beinghd.com\/wp-content\/uploads\/2026\/01\/e34579af7bcaa51eec04f6bff44d3e6-3-1024x725.png 1024w, https:\/\/beinghd.com\/wp-content\/uploads\/2026\/01\/e34579af7bcaa51eec04f6bff44d3e6-3-768x544.png 768w, https:\/\/beinghd.com\/wp-content\/uploads\/2026\/01\/e34579af7bcaa51eec04f6bff44d3e6-3-1536x1088.png 1536w, https:\/\/beinghd.com\/wp-content\/uploads\/2026\/01\/e34579af7bcaa51eec04f6bff44d3e6-3-18x12.png 18w, https:\/\/beinghd.com\/wp-content\/uploads\/2026\/01\/e34579af7bcaa51eec04f6bff44d3e6-3-600x425.png 600w, https:\/\/beinghd.com\/wp-content\/uploads\/2026\/01\/e34579af7bcaa51eec04f6bff44d3e6-3-1200x850.png 1200w\" sizes=\"(max-width: 1546px) 100vw, 1546px\" \/><\/p>","protected":false},"excerpt":{"rendered":"<ul>\n<li>MODEL: FIX-MVM-400-4K60V2<\/li>\n<li>1U standart tasar\u0131m<\/li>\n<li>4 y\u00f6nl\u00fc 0 giri\u015fi ve 4 y\u00f6nl\u00fc HDMI2.0 \u00e7\u0131k\u0131\u015f\u0131n\u0131 destekler<\/li>\n<li>1080p ila 4K60 4:4:4 Full HD formatlar\u0131n\u0131n yan\u0131 s\u0131ra t\u00fcm 3D formatlar\u0131n\u0131 destekler<\/li>\n<li>2 \u00e7\u0131k\u0131\u015f modunu destekler: matris ekleme ve b\u00f6lme modu<\/li>\n<li>Ses g\u00f6mme ve de-embedding deste\u011fi<\/li>\n<li>Uzaktan kumanda, RS-232, LAN portu ve \u00f6n paneldeki d\u00fc\u011fmeler arac\u0131l\u0131\u011f\u0131yla kontrol\u00fc destekler<\/li>\n<li>\u00c7\u0131k\u0131\u015f \u00e7\u00f6z\u00fcn\u00fcrl\u00fc\u011f\u00fc uyarlanabilir ayarlama sistemini destekler<\/li>\n<li>\u00d6n paneldeki dahili TFT ekran \u00e7al\u0131\u015fma durumunu ger\u00e7ek zamanl\u0131 olarak g\u00f6sterir<\/li>\n<\/ul>","protected":false},"featured_media":14384,"comment_status":"open","ping_status":"closed","template":"","meta":{"site-sidebar-layout":"default","site-content-layout":"","ast-site-content-layout":"default","site-content-style":"default","site-sidebar-style":"default","ast-global-header-display":"","ast-banner-title-visibility":"","ast-main-header-display":"","ast-hfb-above-header-display":"","ast-hfb-below-header-display":"","ast-hfb-mobile-header-display":"","site-post-title":"","ast-breadcrumbs-content":"","ast-featured-img":"","footer-sml-layout":"","theme-transparent-header-meta":"default","adv-header-id-meta":"","stick-header-meta":"default","header-above-stick-meta":"","header-main-stick-meta":"","header-below-stick-meta":"","astra-migrate-meta-layouts":"set","ast-page-background-enabled":"default","ast-page-background-meta":{"desktop":{"background-color":"","background-image":"","background-repeat":"repeat","background-position":"center center","background-size":"auto","background-attachment":"scroll","background-type":"","background-media":"","overlay-type":"","overlay-color":"","overlay-opacity":"","overlay-gradient":""},"tablet":{"background-color":"","background-image":"","background-repeat":"repeat","background-position":"center center","background-size":"auto","background-attachment":"scroll","background-type":"","background-media":"","overlay-type":"","overlay-color":"","overlay-opacity":"","overlay-gradient":""},"mobile":{"background-color":"","background-image":"","background-repeat":"repeat","background-position":"center center","background-size":"auto","background-attachment":"scroll","background-type":"","background-media":"","overlay-type":"","overlay-color":"","overlay-opacity":"","overlay-gradient":""}},"ast-content-background-meta":{"desktop":{"background-color":"var(--ast-global-color-5)","background-image":"","background-repeat":"repeat","background-position":"center center","background-size":"auto","background-attachment":"scroll","background-type":"","background-media":"","overlay-type":"","overlay-color":"","overlay-opacity":"","overlay-gradient":""},"tablet":{"background-color":"var(--ast-global-color-5)","background-image":"","background-repeat":"repeat","background-position":"center center","background-size":"auto","background-attachment":"scroll","background-type":"","background-media":"","overlay-type":"","overlay-color":"","overlay-opacity":"","overlay-gradient":""},"mobile":{"background-color":"var(--ast-global-color-5)","background-image":"","background-repeat":"repeat","background-position":"center center","background-size":"auto","background-attachment":"scroll","background-type":"","background-media":"","overlay-type":"","overlay-color":"","overlay-opacity":"","overlay-gradient":""}}},"product_brand":[],"product_cat":[15,141,154],"product_tag":[],"class_list":{"0":"post-14351","1":"product","2":"type-product","3":"status-publish","4":"has-post-thumbnail","6":"product_cat-product","7":"product_cat-hdmi-matrix-switcher","8":"product_cat-4k60-hdmi-matrix-switcher","9":"desktop-align-left","10":"tablet-align-left","11":"mobile-align-left","12":"ast-product-gallery-layout-horizontal-slider","13":"ast-product-tabs-layout-horizontal","15":"first","16":"instock","17":"shipping-taxable","18":"product-type-simple"},"_links":{"self":[{"href":"https:\/\/beinghd.com\/tr\/wp-json\/wp\/v2\/product\/14351","targetHints":{"allow":["GET"]}}],"collection":[{"href":"https:\/\/beinghd.com\/tr\/wp-json\/wp\/v2\/product"}],"about":[{"href":"https:\/\/beinghd.com\/tr\/wp-json\/wp\/v2\/types\/product"}],"replies":[{"embeddable":true,"href":"https:\/\/beinghd.com\/tr\/wp-json\/wp\/v2\/comments?post=14351"}],"version-history":[{"count":0,"href":"https:\/\/beinghd.com\/tr\/wp-json\/wp\/v2\/product\/14351\/revisions"}],"wp:featuredmedia":[{"embeddable":true,"href":"https:\/\/beinghd.com\/tr\/wp-json\/wp\/v2\/media\/14384"}],"wp:attachment":[{"href":"https:\/\/beinghd.com\/tr\/wp-json\/wp\/v2\/media?parent=14351"}],"wp:term":[{"taxonomy":"product_brand","embeddable":true,"href":"https:\/\/beinghd.com\/tr\/wp-json\/wp\/v2\/product_brand?post=14351"},{"taxonomy":"product_cat","embeddable":true,"href":"https:\/\/beinghd.com\/tr\/wp-json\/wp\/v2\/product_cat?post=14351"},{"taxonomy":"product_tag","embeddable":true,"href":"https:\/\/beinghd.com\/tr\/wp-json\/wp\/v2\/product_tag?post=14351"}],"curies":[{"name":"wp","href":"https:\/\/api.w.org\/{rel}","templated":true}]}}