{"id":14364,"date":"2026-01-22T09:37:28","date_gmt":"2026-01-22T14:37:28","guid":{"rendered":"https:\/\/beinghd.com\/?post_type=product&#038;p=14364"},"modified":"2026-02-02T02:49:21","modified_gmt":"2026-02-02T07:49:21","slug":"sdvoe-fiber-genisletici-ips-1000tr","status":"publish","type":"product","link":"https:\/\/beinghd.com\/tr\/%c3%bcr%c3%bcn\/sdvoe-fiber-genisletici-ips-1000tr\/","title":{"rendered":"SDVoE Fiber Geni\u015fletici IPS-1000TR"},"content":{"rendered":"<p data-rm-block-id=\"block-1\"><img fetchpriority=\"high\" decoding=\"async\" class=\"alignnone wp-image-14365\" src=\"https:\/\/beinghd.com\/wp-content\/uploads\/2026\/01\/word-image-14364-1.png\" alt=\"SDVoE Fiber Geni\u015fletici IPS-1000TR\" width=\"1914\" height=\"396\" srcset=\"https:\/\/beinghd.com\/wp-content\/uploads\/2026\/01\/word-image-14364-1.png 1914w, https:\/\/beinghd.com\/wp-content\/uploads\/2026\/01\/word-image-14364-1-300x62.png 300w, https:\/\/beinghd.com\/wp-content\/uploads\/2026\/01\/word-image-14364-1-1024x212.png 1024w, https:\/\/beinghd.com\/wp-content\/uploads\/2026\/01\/word-image-14364-1-768x159.png 768w, https:\/\/beinghd.com\/wp-content\/uploads\/2026\/01\/word-image-14364-1-1536x318.png 1536w, https:\/\/beinghd.com\/wp-content\/uploads\/2026\/01\/word-image-14364-1-18x4.png 18w, https:\/\/beinghd.com\/wp-content\/uploads\/2026\/01\/word-image-14364-1-600x124.png 600w, https:\/\/beinghd.com\/wp-content\/uploads\/2026\/01\/word-image-14364-1-1200x248.png 1200w\" sizes=\"(max-width: 1914px) 100vw, 1914px\" \/><\/p>\n<p data-rm-block-id=\"block-2\"><strong>Giri\u015f<br \/>\nThe SDVoE Fiber Extender IPS-1000TR is a high-performance AV over IP solution designed for long-distance transmission&#8230;<br \/>\n<\/strong><\/p>\n<p data-rm-block-id=\"block-3\">SDVoE Fiber Extender IPS-1000TR is a zero-latency, ultra-low compression rate long-distance transmitter with an industrial-grade design that combines a premium feel with robust internal protection, and is easy to install. It utilizes the industry&#8217;s most advanced video processing chip, boasting powerful functionality, high image fidelity, long transmission distance, and low power consumption. It can be used in numerous locations including conference rooms, exhibition halls, shopping malls, stadiums, power plants, schools, hospitals, and coal mines. The fiber optic transmission distance can support up to 10 kilometers, and it features HDMI input and output, ensuring zero latency, no compression, and no image artifacts.<\/p>\n<p data-rm-block-id=\"block-4\"><strong>\u00d6zellikler<\/strong><\/p>\n<ul>\n<li data-rm-block-id=\"block-5\">4096*2160@60HZ 4:4:4 8bit (4:2:2 10bit, 4:2:0 12bit) ve HDR \u00e7\u00f6z\u00fcn\u00fcrl\u00fckleri destekler<\/li>\n<li data-rm-block-id=\"block-6\">Noktadan noktaya 10 kilometreye kadar iletim;<\/li>\n<li data-rm-block-id=\"block-7\">Renk alan\u0131 d\u00f6n\u00fc\u015ft\u00fcrme ve frekans \u00e7arpma i\u015flevlerini destekler;<\/li>\n<li data-rm-block-id=\"block-8\">HDMI 2.0 ve HDCP 2.2'yi destekler;<\/li>\n<li data-rm-block-id=\"block-9\">RS-232 sinyal iletimini destekler;<\/li>\n<li data-rm-block-id=\"block-10\">D\u00fc\u015f\u00fck g\u00fc\u00e7 t\u00fcketimi, t\u00fcm cihaz yakla\u015f\u0131k 5W t\u00fcketir<\/li>\n<li data-rm-block-id=\"block-11\">SDVoE Fiber Geni\u015fletici IPS-1000TR<\/li>\n<\/ul>\n<p data-rm-block-id=\"block-12\"><strong>\u015eartname<\/strong><\/p>\n<table>\n<tbody>\n<tr>\n<td colspan=\"2\" data-rm-block-id=\"block-13\"><strong>Aray\u00fcz<\/strong><\/td>\n<\/tr>\n<tr>\n<td data-rm-block-id=\"block-14\">Video<\/td>\n<td data-rm-block-id=\"block-15\">HDMI V2.0<\/td>\n<\/tr>\n<tr>\n<td data-rm-block-id=\"block-16\">HDCP<\/td>\n<td data-rm-block-id=\"block-17\">HPCP 2.2<\/td>\n<\/tr>\n<tr>\n<td data-rm-block-id=\"block-18\">RS 232 - Kontrol<\/td>\n<td data-rm-block-id=\"block-19\">Maksimum 115200 baud h\u0131z\u0131 ile \u00e7ift y\u00f6nl\u00fc RS - 232 iletimini destekler.<\/td>\n<\/tr>\n<tr>\n<td colspan=\"2\" data-rm-block-id=\"block-20\"><strong>G\u00f6stergeler<\/strong><\/td>\n<\/tr>\n<tr>\n<td data-rm-block-id=\"block-21\">HDMI giri\u015fi\/\u00e7\u0131k\u0131\u015f\u0131<\/td>\n<td data-rm-block-id=\"block-22\">HDMI Tip-A aray\u00fcz\u00fc<\/td>\n<\/tr>\n<tr>\n<td data-rm-block-id=\"block-23\">RS 232<\/td>\n<td>\n<p data-rm-block-id=\"block-24\">1 x 3 pimli 3,5 mm standart, Phoenix konekt\u00f6r<\/p>\n<p data-rm-block-id=\"block-25\">Phoenix1844223 ile birlikte kullan\u0131l\u0131r<\/p>\n<\/td>\n<\/tr>\n<tr>\n<td colspan=\"2\" data-rm-block-id=\"block-26\"><strong>Video format\u0131<\/strong><\/td>\n<\/tr>\n<tr>\n<td data-rm-block-id=\"block-27\">Saat<\/td>\n<td data-rm-block-id=\"block-28\">596MHz'e kadar desteklenen piksel saat h\u0131zlar\u0131<\/td>\n<\/tr>\n<tr>\n<td data-rm-block-id=\"block-29\">Kararlar<\/td>\n<td data-rm-block-id=\"block-30\">Desteklenen en y\u00fcksek \u00e7\u00f6z\u00fcn\u00fcrl\u00fck 4096*2160@60HZ (4:4:4) 8 bittir.<\/td>\n<\/tr>\n<tr>\n<td data-rm-block-id=\"block-31\">Video sinyali gecikmesi<\/td>\n<td data-rm-block-id=\"block-32\">&lt;1ms<\/td>\n<\/tr>\n<tr>\n<td data-rm-block-id=\"block-33\">\u0130letim mesafesi<\/td>\n<td data-rm-block-id=\"block-34\">Optik mod\u00fcl tipiyle s\u0131n\u0131rl\u0131 olarak, maksimum iletim mesafesi 10KM'dir.<\/td>\n<\/tr>\n<tr>\n<td data-rm-block-id=\"block-35\">G\u00fc\u00e7 kayna\u011f\u0131<\/td>\n<td data-rm-block-id=\"block-36\">Giri\u015f\/\u00e7\u0131k\u0131\u015f aray\u00fcz birimi: \u22645W<\/td>\n<\/tr>\n<tr>\n<td data-rm-block-id=\"block-37\">AC adapt\u00f6r<\/td>\n<td data-rm-block-id=\"block-38\">Giri\u015f: 100-240VAC, 50-60HZ \/ \u00c7\u0131k\u0131\u015f: +12VDC@2.0A<\/td>\n<\/tr>\n<tr>\n<td data-rm-block-id=\"block-39\">\u00dcr\u00fcn Boyutlar\u0131<\/td>\n<td data-rm-block-id=\"block-40\">143mm*88mm*21mm<\/td>\n<\/tr>\n<tr>\n<td data-rm-block-id=\"block-41\">\u00dcr\u00fcn a\u011f\u0131rl\u0131\u011f\u0131<\/td>\n<td data-rm-block-id=\"block-42\">Birim a\u011f\u0131rl\u0131k: 0.3KG<\/td>\n<\/tr>\n<tr>\n<td data-rm-block-id=\"block-43\">\u00c7al\u0131\u015fma s\u0131cakl\u0131\u011f\u0131<\/td>\n<td data-rm-block-id=\"block-44\">+32\u00b0 ila 104\u00b0F (0\u00b0t + 40\u00b0C)<\/td>\n<\/tr>\n<tr>\n<td data-rm-block-id=\"block-45\">Y\u00fczey s\u0131cakl\u0131\u011f\u0131<\/td>\n<td data-rm-block-id=\"block-46\">Tx eleman\u0131: 98,6\u00b0F (37\u00b0C); Rx eleman\u0131: 105,8\u00b0F (41\u00b0C)<\/td>\n<\/tr>\n<tr>\n<td data-rm-block-id=\"block-47\">Depolama s\u0131cakl\u0131\u011f\u0131<\/td>\n<td data-rm-block-id=\"block-48\">-4\u00b0 ila +158\u00b0F (-20\u00b0 ila +70\u00b0C)<\/td>\n<\/tr>\n<tr>\n<td data-rm-block-id=\"block-49\">\u00c7al\u0131\u015fma\/Depolama Nemi<\/td>\n<td data-rm-block-id=\"block-50\">10% ila 90% (kat\u0131la\u015fmayan)<\/td>\n<\/tr>\n<\/tbody>\n<\/table>\n<p data-rm-block-id=\"block-51\">","protected":false},"excerpt":{"rendered":"<ul>\n<li style=\"list-style-type: none;\"><\/li>\n<li>MODEL:\u00a0 IPS-1000TR<\/li>\n<li>4096*2160@60HZ 4:4:4 8bit (4:2:2 10bit, 4:2:0 12bit) ve HDR \u00e7\u00f6z\u00fcn\u00fcrl\u00fckleri destekler<\/li>\n<li>Noktadan noktaya 10 kilometreye kadar iletim;<\/li>\n<li>Renk alan\u0131 d\u00f6n\u00fc\u015ft\u00fcrme ve frekans \u00e7arpma i\u015flevlerini destekler;<\/li>\n<li>HDMI 2.0 ve HDCP 2.2'yi destekler;<\/li>\n<li>RS-232 sinyal iletimini destekler;<\/li>\n<li>D\u00fc\u015f\u00fck g\u00fc\u00e7 t\u00fcketimi, t\u00fcm cihaz yakla\u015f\u0131k 5W t\u00fcketir<\/li>\n<\/ul>","protected":false},"featured_media":14366,"comment_status":"open","ping_status":"closed","template":"","meta":{"site-sidebar-layout":"default","site-content-layout":"","ast-site-content-layout":"default","site-content-style":"default","site-sidebar-style":"default","ast-global-header-display":"","ast-banner-title-visibility":"","ast-main-header-display":"","ast-hfb-above-header-display":"","ast-hfb-below-header-display":"","ast-hfb-mobile-header-display":"","site-post-title":"","ast-breadcrumbs-content":"","ast-featured-img":"","footer-sml-layout":"","theme-transparent-header-meta":"default","adv-header-id-meta":"","stick-header-meta":"default","header-above-stick-meta":"","header-main-stick-meta":"","header-below-stick-meta":"","astra-migrate-meta-layouts":"set","ast-page-background-enabled":"default","ast-page-background-meta":{"desktop":{"background-color":"","background-image":"","background-repeat":"repeat","background-position":"center center","background-size":"auto","background-attachment":"scroll","background-type":"","background-media":"","overlay-type":"","overlay-color":"","overlay-opacity":"","overlay-gradient":""},"tablet":{"background-color":"","background-image":"","background-repeat":"repeat","background-position":"center center","background-size":"auto","background-attachment":"scroll","background-type":"","background-media":"","overlay-type":"","overlay-color":"","overlay-opacity":"","overlay-gradient":""},"mobile":{"background-color":"","background-image":"","background-repeat":"repeat","background-position":"center center","background-size":"auto","background-attachment":"scroll","background-type":"","background-media":"","overlay-type":"","overlay-color":"","overlay-opacity":"","overlay-gradient":""}},"ast-content-background-meta":{"desktop":{"background-color":"var(--ast-global-color-5)","background-image":"","background-repeat":"repeat","background-position":"center center","background-size":"auto","background-attachment":"scroll","background-type":"","background-media":"","overlay-type":"","overlay-color":"","overlay-opacity":"","overlay-gradient":""},"tablet":{"background-color":"var(--ast-global-color-5)","background-image":"","background-repeat":"repeat","background-position":"center center","background-size":"auto","background-attachment":"scroll","background-type":"","background-media":"","overlay-type":"","overlay-color":"","overlay-opacity":"","overlay-gradient":""},"mobile":{"background-color":"var(--ast-global-color-5)","background-image":"","background-repeat":"repeat","background-position":"center center","background-size":"auto","background-attachment":"scroll","background-type":"","background-media":"","overlay-type":"","overlay-color":"","overlay-opacity":"","overlay-gradient":""}}},"product_brand":[],"product_cat":[15,144,159],"product_tag":[],"class_list":{"0":"post-14364","1":"product","2":"type-product","3":"status-publish","4":"has-post-thumbnail","6":"product_cat-product","7":"product_cat-av-over-ip","8":"product_cat-sdvoe","9":"desktop-align-left","10":"tablet-align-left","11":"mobile-align-left","12":"ast-product-gallery-layout-horizontal-slider","13":"ast-product-tabs-layout-horizontal","15":"first","16":"instock","17":"shipping-taxable","18":"product-type-simple"},"_links":{"self":[{"href":"https:\/\/beinghd.com\/tr\/wp-json\/wp\/v2\/product\/14364","targetHints":{"allow":["GET"]}}],"collection":[{"href":"https:\/\/beinghd.com\/tr\/wp-json\/wp\/v2\/product"}],"about":[{"href":"https:\/\/beinghd.com\/tr\/wp-json\/wp\/v2\/types\/product"}],"replies":[{"embeddable":true,"href":"https:\/\/beinghd.com\/tr\/wp-json\/wp\/v2\/comments?post=14364"}],"version-history":[{"count":0,"href":"https:\/\/beinghd.com\/tr\/wp-json\/wp\/v2\/product\/14364\/revisions"}],"wp:featuredmedia":[{"embeddable":true,"href":"https:\/\/beinghd.com\/tr\/wp-json\/wp\/v2\/media\/14366"}],"wp:attachment":[{"href":"https:\/\/beinghd.com\/tr\/wp-json\/wp\/v2\/media?parent=14364"}],"wp:term":[{"taxonomy":"product_brand","embeddable":true,"href":"https:\/\/beinghd.com\/tr\/wp-json\/wp\/v2\/product_brand?post=14364"},{"taxonomy":"product_cat","embeddable":true,"href":"https:\/\/beinghd.com\/tr\/wp-json\/wp\/v2\/product_cat?post=14364"},{"taxonomy":"product_tag","embeddable":true,"href":"https:\/\/beinghd.com\/tr\/wp-json\/wp\/v2\/product_tag?post=14364"}],"curies":[{"name":"wp","href":"https:\/\/api.w.org\/{rel}","templated":true}]}}