{"id":15378,"date":"2026-02-14T22:41:48","date_gmt":"2026-02-15T03:41:48","guid":{"rendered":"https:\/\/beinghd.com\/?post_type=product&#038;p=15378"},"modified":"2026-02-14T22:41:48","modified_gmt":"2026-02-15T03:41:48","slug":"fiber-4k60-2kt-r-ael","status":"publish","type":"product","link":"https:\/\/beinghd.com\/tr\/%c3%bcr%c3%bcn\/fiber-4k60-2kt-r-ael\/","title":{"rendered":"FIBER-4K60-2KT\/R-AEL"},"content":{"rendered":"<p><img fetchpriority=\"high\" decoding=\"async\" width=\"622\" height=\"227\" class=\"wp-image-15379\" src=\"https:\/\/beinghd.com\/wp-content\/uploads\/2026\/02\/1e6ed4787edcea844b9806c26ad91f9.png\" alt=\"1e6ed4787edcea844b9806c26ad91f9\" srcset=\"https:\/\/beinghd.com\/wp-content\/uploads\/2026\/02\/1e6ed4787edcea844b9806c26ad91f9.png 622w, https:\/\/beinghd.com\/wp-content\/uploads\/2026\/02\/1e6ed4787edcea844b9806c26ad91f9-300x109.png 300w, https:\/\/beinghd.com\/wp-content\/uploads\/2026\/02\/1e6ed4787edcea844b9806c26ad91f9-18x7.png 18w, https:\/\/beinghd.com\/wp-content\/uploads\/2026\/02\/1e6ed4787edcea844b9806c26ad91f9-600x219.png 600w\" sizes=\"(max-width: 622px) 100vw, 622px\" \/> <img decoding=\"async\" width=\"629\" height=\"228\" class=\"wp-image-15380\" src=\"https:\/\/beinghd.com\/wp-content\/uploads\/2026\/02\/5fd7daca03e5263ac505542f3c0e563.png\" alt=\"5fd7daca03e5263ac505542f3c0e563\" srcset=\"https:\/\/beinghd.com\/wp-content\/uploads\/2026\/02\/5fd7daca03e5263ac505542f3c0e563.png 629w, https:\/\/beinghd.com\/wp-content\/uploads\/2026\/02\/5fd7daca03e5263ac505542f3c0e563-300x109.png 300w, https:\/\/beinghd.com\/wp-content\/uploads\/2026\/02\/5fd7daca03e5263ac505542f3c0e563-18x7.png 18w, https:\/\/beinghd.com\/wp-content\/uploads\/2026\/02\/5fd7daca03e5263ac505542f3c0e563-600x217.png 600w\" sizes=\"(max-width: 629px) 100vw, 629px\" \/><\/p>\n<p><strong>Giri\u015f<\/strong><\/p>\n<p>This is an uncompressed HDMI2.0 4K60 Fiber Extender, the resolution can up to 3840*2160@60Hz 4:4:4, the bandwidth is 18GBPS, the distance can up to 2km over one single LC single mode fiber cable, compatible with both single-mode and multi-mode fiber optic cable, the connector is using the LC type.<\/p>\n<p>This 4K60 fiber optic extender is using CWDM technology with 6 wavelength lasers i. The data rates of the 1270nm\/1290nm\/1310nm\/1330nm lasers are 6Gb\/s, these 4 CWDM lasers transmit the HDMI TMDS signal from TX to RX unit, The 1490nm\/1550nm laser data rate is 1.25Gb\/s, which transmit the EDID, HDCP2.2, audio bidirectionally. With the 4-PIN DIP switch to support the EDID management, it can be more compatible to different applications.<\/p>\n<p><strong>\u00d6zellikler<\/strong><\/p>\n<ul>\n<li>Using the CWDM Single Fiber Technology.<\/li>\n<li>With 1270\/1290\/1310\/1330\/1490\/1550nm DFB lasers inside<\/li>\n<li>Compliant with HDMI2.0, HDMI1.4, HDCP2.2<\/li>\n<li>The distance up to 2km over one single-mode or OM3 multi-mode Fiber Cable<\/li>\n<li>Uncompressed resolution 3840&#215;2160@60Hz\/4:4:4, 18Gb\/s(600M Hz pixel clock);<\/li>\n<li>1xLC Fiber Connector;<\/li>\n<li>Support 3.5mm audio embedded and HDMI loop out on the TX<\/li>\n<li>Support 3.5mm audio de-embedded and dual HDMI output on the RX<\/li>\n<li>Zero frame delay;<\/li>\n<li>Supports EDID management by DIP switch<\/li>\n<\/ul>\n<p><strong>\u015eartname<\/strong><\/p>\n<table>\n<tbody>\n<tr>\n<td><\/td>\n<td><strong>Parameter <\/strong><\/td>\n<td><strong>Specifications <\/strong><\/td>\n<\/tr>\n<tr>\n<td><strong>\u00c7\u00f6z\u00fcn\u00fcrl\u00fck<\/strong><\/td>\n<td>4K60Hz<\/td>\n<td>3840&#215;2160@ 60Hz (4:4:4)<\/td>\n<\/tr>\n<tr>\n<td rowspan=\"3\"><strong>Components <\/strong><\/td>\n<td>Laser Diodes<\/td>\n<td>1270\/1290\/1310\/1330nm 10Gb\/s CWDM DFB Lasers.<\/p>\n<p>1490nm\/1550nm 1.25Gb\/s CWDM DFB lasers<\/td>\n<\/tr>\n<tr>\n<td>Photo Diodes in Rx Module<\/td>\n<td>1100nm~1620nm PIN Photo Detector<\/td>\n<\/tr>\n<tr>\n<td>WDM filter<\/td>\n<td>1270nm\/1290nm\/1310nm\/1330nm\/1490nm\/1550nm filter<\/td>\n<\/tr>\n<tr>\n<td rowspan=\"5\"><strong>Electrical <\/strong><\/td>\n<td>Input and Output Signals<\/td>\n<td>TMDS Level (complying with HDMI2.0)<\/td>\n<\/tr>\n<tr>\n<td>Data Transfer Rate (Graphic Data)<\/td>\n<td>Max. 10.0Gbps<\/td>\n<\/tr>\n<tr>\n<td>Maximum Video Bit Rate<\/td>\n<td>18Gb\/s<\/td>\n<\/tr>\n<tr>\n<td>Total Jitter at the end of Rx output<\/td>\n<td>Max. 0.6UI<\/td>\n<\/tr>\n<tr>\n<td>Skew inter-channels<\/td>\n<td>Max. 2ns<\/td>\n<\/tr>\n<tr>\n<td><strong>Optical <\/strong><\/td>\n<td>Link Power Budget<\/td>\n<td>Min 8dB<\/td>\n<\/tr>\n<tr>\n<td><strong>Mechanical <\/strong><\/td>\n<td>Module dimension (mm)<\/td>\n<td>152\u00d7100\u00d727<\/td>\n<\/tr>\n<tr>\n<td rowspan=\"2\"><strong>Connector<\/strong><\/td>\n<td>Optical Connector<\/td>\n<td>1X LC connector<\/td>\n<\/tr>\n<tr>\n<td>Recommended Fiber Cable<\/td>\n<td>OM3 MM Fiber or Single-mode Fiber<\/td>\n<\/tr>\n<tr>\n<td><strong>Extend Distance<\/strong><\/td>\n<td><\/td>\n<td>2km<\/td>\n<\/tr>\n<\/tbody>\n<\/table>\n<p><strong>Application Diagram<img decoding=\"async\" width=\"1594\" height=\"742\" class=\"wp-image-15381\" src=\"https:\/\/beinghd.com\/wp-content\/uploads\/2026\/02\/2a32108c31976389e17cbbe2b98d5d2.png\" alt=\"2a32108c31976389e17cbbe2b98d5d2\" srcset=\"https:\/\/beinghd.com\/wp-content\/uploads\/2026\/02\/2a32108c31976389e17cbbe2b98d5d2.png 1594w, https:\/\/beinghd.com\/wp-content\/uploads\/2026\/02\/2a32108c31976389e17cbbe2b98d5d2-300x140.png 300w, https:\/\/beinghd.com\/wp-content\/uploads\/2026\/02\/2a32108c31976389e17cbbe2b98d5d2-1024x477.png 1024w, https:\/\/beinghd.com\/wp-content\/uploads\/2026\/02\/2a32108c31976389e17cbbe2b98d5d2-768x358.png 768w, https:\/\/beinghd.com\/wp-content\/uploads\/2026\/02\/2a32108c31976389e17cbbe2b98d5d2-1536x715.png 1536w, https:\/\/beinghd.com\/wp-content\/uploads\/2026\/02\/2a32108c31976389e17cbbe2b98d5d2-18x8.png 18w, https:\/\/beinghd.com\/wp-content\/uploads\/2026\/02\/2a32108c31976389e17cbbe2b98d5d2-600x279.png 600w, https:\/\/beinghd.com\/wp-content\/uploads\/2026\/02\/2a32108c31976389e17cbbe2b98d5d2-1200x559.png 1200w\" sizes=\"(max-width: 1594px) 100vw, 1594px\" \/> <\/strong><\/p>\n<p><strong><img loading=\"lazy\" decoding=\"async\" width=\"1140\" height=\"1025\" class=\"wp-image-15382\" src=\"https:\/\/beinghd.com\/wp-content\/uploads\/2026\/02\/bef58e538c34c3c5dea3115f71d10ce.png\" alt=\"bef58e538c34c3c5dea3115f71d10ce\" srcset=\"https:\/\/beinghd.com\/wp-content\/uploads\/2026\/02\/bef58e538c34c3c5dea3115f71d10ce.png 1140w, https:\/\/beinghd.com\/wp-content\/uploads\/2026\/02\/bef58e538c34c3c5dea3115f71d10ce-300x270.png 300w, https:\/\/beinghd.com\/wp-content\/uploads\/2026\/02\/bef58e538c34c3c5dea3115f71d10ce-1024x921.png 1024w, https:\/\/beinghd.com\/wp-content\/uploads\/2026\/02\/bef58e538c34c3c5dea3115f71d10ce-768x691.png 768w, https:\/\/beinghd.com\/wp-content\/uploads\/2026\/02\/bef58e538c34c3c5dea3115f71d10ce-13x12.png 13w, https:\/\/beinghd.com\/wp-content\/uploads\/2026\/02\/bef58e538c34c3c5dea3115f71d10ce-600x539.png 600w\" sizes=\"(max-width: 1140px) 100vw, 1140px\" \/>Dimensions(mm)<\/strong><\/p>","protected":false},"excerpt":{"rendered":"<ul>\n<li>Using the CWDM Single Fiber Technology.<\/li>\n<li>With 1270\/1290\/1310\/1330\/1490\/1550nm DFB lasers inside<\/li>\n<li>Compliant with HDMI2.0, HDMI1.4, HDCP2.2<\/li>\n<li>The distance up to 2km over one single-mode or OM3 multi-mode Fiber Cable<\/li>\n<li>Uncompressed resolution 3840&#215;2160@60Hz\/4:4:4, 18Gb\/s(600M Hz pixel clock);<\/li>\n<li>1xLC Fiber Connector;<\/li>\n<li>Support 3.5mm audio embedded and HDMI loop out on the TX<\/li>\n<li>Support 3.5mm audio de-embedded and dual HDMI output on the RX<\/li>\n<li>Zero frame delay;<\/li>\n<li>Supports EDID management by DIP switch<\/li>\n<\/ul>","protected":false},"featured_media":15383,"comment_status":"open","ping_status":"closed","template":"","meta":{"site-sidebar-layout":"default","site-content-layout":"","ast-site-content-layout":"default","site-content-style":"default","site-sidebar-style":"default","ast-global-header-display":"","ast-banner-title-visibility":"","ast-main-header-display":"","ast-hfb-above-header-display":"","ast-hfb-below-header-display":"","ast-hfb-mobile-header-display":"","site-post-title":"","ast-breadcrumbs-content":"","ast-featured-img":"","footer-sml-layout":"","theme-transparent-header-meta":"default","adv-header-id-meta":"","stick-header-meta":"default","header-above-stick-meta":"","header-main-stick-meta":"","header-below-stick-meta":"","astra-migrate-meta-layouts":"set","ast-page-background-enabled":"default","ast-page-background-meta":{"desktop":{"background-color":"","background-image":"","background-repeat":"repeat","background-position":"center center","background-size":"auto","background-attachment":"scroll","background-type":"","background-media":"","overlay-type":"","overlay-color":"","overlay-opacity":"","overlay-gradient":""},"tablet":{"background-color":"","background-image":"","background-repeat":"repeat","background-position":"center center","background-size":"auto","background-attachment":"scroll","background-type":"","background-media":"","overlay-type":"","overlay-color":"","overlay-opacity":"","overlay-gradient":""},"mobile":{"background-color":"","background-image":"","background-repeat":"repeat","background-position":"center center","background-size":"auto","background-attachment":"scroll","background-type":"","background-media":"","overlay-type":"","overlay-color":"","overlay-opacity":"","overlay-gradient":""}},"ast-content-background-meta":{"desktop":{"background-color":"var(--ast-global-color-5)","background-image":"","background-repeat":"repeat","background-position":"center center","background-size":"auto","background-attachment":"scroll","background-type":"","background-media":"","overlay-type":"","overlay-color":"","overlay-opacity":"","overlay-gradient":""},"tablet":{"background-color":"var(--ast-global-color-5)","background-image":"","background-repeat":"repeat","background-position":"center center","background-size":"auto","background-attachment":"scroll","background-type":"","background-media":"","overlay-type":"","overlay-color":"","overlay-opacity":"","overlay-gradient":""},"mobile":{"background-color":"var(--ast-global-color-5)","background-image":"","background-repeat":"repeat","background-position":"center center","background-size":"auto","background-attachment":"scroll","background-type":"","background-media":"","overlay-type":"","overlay-color":"","overlay-opacity":"","overlay-gradient":""}}},"product_brand":[],"product_cat":[15,167,171],"product_tag":[],"class_list":{"0":"post-15378","1":"product","2":"type-product","3":"status-publish","4":"has-post-thumbnail","6":"product_cat-product","7":"product_cat-extenderscables","8":"product_cat-fiber-optic-extenders","9":"desktop-align-left","10":"tablet-align-left","11":"mobile-align-left","12":"ast-product-gallery-layout-horizontal-slider","13":"ast-product-tabs-layout-horizontal","15":"first","16":"instock","17":"shipping-taxable","18":"product-type-simple"},"_links":{"self":[{"href":"https:\/\/beinghd.com\/tr\/wp-json\/wp\/v2\/product\/15378","targetHints":{"allow":["GET"]}}],"collection":[{"href":"https:\/\/beinghd.com\/tr\/wp-json\/wp\/v2\/product"}],"about":[{"href":"https:\/\/beinghd.com\/tr\/wp-json\/wp\/v2\/types\/product"}],"replies":[{"embeddable":true,"href":"https:\/\/beinghd.com\/tr\/wp-json\/wp\/v2\/comments?post=15378"}],"version-history":[{"count":0,"href":"https:\/\/beinghd.com\/tr\/wp-json\/wp\/v2\/product\/15378\/revisions"}],"wp:featuredmedia":[{"embeddable":true,"href":"https:\/\/beinghd.com\/tr\/wp-json\/wp\/v2\/media\/15383"}],"wp:attachment":[{"href":"https:\/\/beinghd.com\/tr\/wp-json\/wp\/v2\/media?parent=15378"}],"wp:term":[{"taxonomy":"product_brand","embeddable":true,"href":"https:\/\/beinghd.com\/tr\/wp-json\/wp\/v2\/product_brand?post=15378"},{"taxonomy":"product_cat","embeddable":true,"href":"https:\/\/beinghd.com\/tr\/wp-json\/wp\/v2\/product_cat?post=15378"},{"taxonomy":"product_tag","embeddable":true,"href":"https:\/\/beinghd.com\/tr\/wp-json\/wp\/v2\/product_tag?post=15378"}],"curies":[{"name":"wp","href":"https:\/\/api.w.org\/{rel}","templated":true}]}}