{"id":15431,"date":"2026-02-15T04:25:48","date_gmt":"2026-02-15T09:25:48","guid":{"rendered":"https:\/\/beinghd.com\/?post_type=product&#038;p=15431"},"modified":"2026-02-15T04:25:51","modified_gmt":"2026-02-15T09:25:51","slug":"hdbt-wall-h-70","status":"publish","type":"product","link":"https:\/\/beinghd.com\/tr\/%c3%bcr%c3%bcn\/hdbt-wall-h-70\/","title":{"rendered":"HDBT-WALL-H-70"},"content":{"rendered":"<p><img fetchpriority=\"high\" decoding=\"async\" class=\"wp-image-15432 aligncenter\" src=\"https:\/\/beinghd.com\/wp-content\/uploads\/2026\/02\/b557c01e620316eb3fadba5a1b85a32.png\" alt=\"b557c01e620316eb3fadba5a1b85a32\" width=\"806\" height=\"806\" srcset=\"https:\/\/beinghd.com\/wp-content\/uploads\/2026\/02\/b557c01e620316eb3fadba5a1b85a32.png 1018w, https:\/\/beinghd.com\/wp-content\/uploads\/2026\/02\/b557c01e620316eb3fadba5a1b85a32-300x300.png 300w, https:\/\/beinghd.com\/wp-content\/uploads\/2026\/02\/b557c01e620316eb3fadba5a1b85a32-150x150.png 150w, https:\/\/beinghd.com\/wp-content\/uploads\/2026\/02\/b557c01e620316eb3fadba5a1b85a32-768x768.png 768w, https:\/\/beinghd.com\/wp-content\/uploads\/2026\/02\/b557c01e620316eb3fadba5a1b85a32-12x12.png 12w, https:\/\/beinghd.com\/wp-content\/uploads\/2026\/02\/b557c01e620316eb3fadba5a1b85a32-600x600.png 600w, https:\/\/beinghd.com\/wp-content\/uploads\/2026\/02\/b557c01e620316eb3fadba5a1b85a32-100x100.png 100w\" sizes=\"(max-width: 806px) 100vw, 806px\" \/><\/p>\n<p><strong>Giri\u015f<\/strong><\/p>\n<p>It&#8217;s an HDBaseT Wallplate Receiver which supports 1*4K HD output and LED indicators, the resolution can up to 4k@30hz, for the transmission distance it can up to 70m at 1080P60, and for 4K30Hz it can up to 35m over single Cat5e\/6\/7 cable. Please noted that this Wallplate Receiver doesn\u2019t support POC function, will have to use the power adapter to power on it and also the working temperature is warm.<\/p>\n<p><strong>\u00d6zellikler<\/strong><\/p>\n<ul>\n<li><a id=\"post-15431-_Toc393183494\"><\/a> UK\/US single-gang size wallplate Receiver<\/li>\n<li>Support POC function<\/li>\n<li>Supports HDMI output<\/li>\n<li>Supports HDCP1.4<\/li>\n<li>Transmission distance: 220ft\/70m at 1080P60, 110ft\/35m at 4K30 via Cat5e\/Cat6<\/li>\n<li>LED working indicator<\/li>\n<\/ul>\n<p><strong>\u015eartname<\/strong><\/p>\n<table>\n<tbody>\n<tr>\n<td><strong>Product name<\/strong><\/td>\n<td><strong>4K HD HDBaseT Wallplate Transmitter<\/strong><\/td>\n<\/tr>\n<tr>\n<td>\u00c7\u0131kt\u0131<\/td>\n<td>1*4K HD<\/td>\n<\/tr>\n<tr>\n<td>Giri\u015f<\/td>\n<td>1*HDBaseT(RJ45)<\/td>\n<\/tr>\n<tr>\n<td>Transmission\u00a0distance<\/td>\n<td>220ft\/70m\u00a0at\u00a01080P60,\u00a0110ft\/35m\u00a0at\u00a04K30\u00a0via\u00a0Cat5e\/Cat6<\/td>\n<\/tr>\n<tr>\n<td>Bant Geni\u015fli\u011fi<\/td>\n<td>10.2Gbps<\/td>\n<\/tr>\n<tr>\n<td>Power\u00a0Supply<\/td>\n<td>DC\u00a012V\u00a01.5A<\/td>\n<\/tr>\n<tr>\n<td rowspan=\"2\">Dimension\u00a0(WxHxD)<\/td>\n<td>Product\u00a0back size: 69*63*32mm\/ 2.72*2.48*1.26inch<\/td>\n<\/tr>\n<tr>\n<td>UK panel Size: 88*88*40mm\/ 3.46*3.46*1.57inch<\/td>\n<\/tr>\n<tr>\n<td>\u00dcr\u00fcn a\u011f\u0131rl\u0131\u011f\u0131<\/td>\n<td>200g\/0.45lb<\/td>\n<\/tr>\n<tr>\n<td>Operating\u00a0Temperature<\/td>\n<td>-10\u2103\u00a0to\u00a040\u2103<\/td>\n<\/tr>\n<tr>\n<td>Depolama S\u0131cakl\u0131\u011f\u0131<\/td>\n<td>-25\u2103\u00a0to\u00a055\u2103<\/td>\n<\/tr>\n<\/tbody>\n<\/table>\n<p>&nbsp;<\/p>","protected":false},"excerpt":{"rendered":"<ul>\n<li>UK\/US single-gang size wallplate Receiver<\/li>\n<li>Support POC function<\/li>\n<li>Supports HDMI output<\/li>\n<li>Supports HDCP1.4<\/li>\n<li>Transmission distance: 220ft\/70m at 1080P60, 110ft\/35m at 4K30 via Cat5e\/Cat6<\/li>\n<li>LED working indicator<\/li>\n<\/ul>","protected":false},"featured_media":15433,"comment_status":"open","ping_status":"closed","template":"","meta":{"site-sidebar-layout":"default","site-content-layout":"","ast-site-content-layout":"default","site-content-style":"default","site-sidebar-style":"default","ast-global-header-display":"","ast-banner-title-visibility":"","ast-main-header-display":"","ast-hfb-above-header-display":"","ast-hfb-below-header-display":"","ast-hfb-mobile-header-display":"","site-post-title":"","ast-breadcrumbs-content":"","ast-featured-img":"","footer-sml-layout":"","theme-transparent-header-meta":"default","adv-header-id-meta":"","stick-header-meta":"default","header-above-stick-meta":"","header-main-stick-meta":"","header-below-stick-meta":"","astra-migrate-meta-layouts":"set","ast-page-background-enabled":"default","ast-page-background-meta":{"desktop":{"background-color":"","background-image":"","background-repeat":"repeat","background-position":"center center","background-size":"auto","background-attachment":"scroll","background-type":"","background-media":"","overlay-type":"","overlay-color":"","overlay-opacity":"","overlay-gradient":""},"tablet":{"background-color":"","background-image":"","background-repeat":"repeat","background-position":"center center","background-size":"auto","background-attachment":"scroll","background-type":"","background-media":"","overlay-type":"","overlay-color":"","overlay-opacity":"","overlay-gradient":""},"mobile":{"background-color":"","background-image":"","background-repeat":"repeat","background-position":"center center","background-size":"auto","background-attachment":"scroll","background-type":"","background-media":"","overlay-type":"","overlay-color":"","overlay-opacity":"","overlay-gradient":""}},"ast-content-background-meta":{"desktop":{"background-color":"var(--ast-global-color-5)","background-image":"","background-repeat":"repeat","background-position":"center center","background-size":"auto","background-attachment":"scroll","background-type":"","background-media":"","overlay-type":"","overlay-color":"","overlay-opacity":"","overlay-gradient":""},"tablet":{"background-color":"var(--ast-global-color-5)","background-image":"","background-repeat":"repeat","background-position":"center center","background-size":"auto","background-attachment":"scroll","background-type":"","background-media":"","overlay-type":"","overlay-color":"","overlay-opacity":"","overlay-gradient":""},"mobile":{"background-color":"var(--ast-global-color-5)","background-image":"","background-repeat":"repeat","background-position":"center center","background-size":"auto","background-attachment":"scroll","background-type":"","background-media":"","overlay-type":"","overlay-color":"","overlay-opacity":"","overlay-gradient":""}}},"product_brand":[],"product_cat":[15,167,168],"product_tag":[],"class_list":{"0":"post-15431","1":"product","2":"type-product","3":"status-publish","4":"has-post-thumbnail","6":"product_cat-product","7":"product_cat-extenderscables","8":"product_cat-hdbaset-extenders","9":"desktop-align-left","10":"tablet-align-left","11":"mobile-align-left","12":"ast-product-gallery-layout-horizontal-slider","13":"ast-product-tabs-layout-horizontal","15":"first","16":"instock","17":"shipping-taxable","18":"product-type-simple"},"_links":{"self":[{"href":"https:\/\/beinghd.com\/tr\/wp-json\/wp\/v2\/product\/15431","targetHints":{"allow":["GET"]}}],"collection":[{"href":"https:\/\/beinghd.com\/tr\/wp-json\/wp\/v2\/product"}],"about":[{"href":"https:\/\/beinghd.com\/tr\/wp-json\/wp\/v2\/types\/product"}],"replies":[{"embeddable":true,"href":"https:\/\/beinghd.com\/tr\/wp-json\/wp\/v2\/comments?post=15431"}],"version-history":[{"count":0,"href":"https:\/\/beinghd.com\/tr\/wp-json\/wp\/v2\/product\/15431\/revisions"}],"wp:featuredmedia":[{"embeddable":true,"href":"https:\/\/beinghd.com\/tr\/wp-json\/wp\/v2\/media\/15433"}],"wp:attachment":[{"href":"https:\/\/beinghd.com\/tr\/wp-json\/wp\/v2\/media?parent=15431"}],"wp:term":[{"taxonomy":"product_brand","embeddable":true,"href":"https:\/\/beinghd.com\/tr\/wp-json\/wp\/v2\/product_brand?post=15431"},{"taxonomy":"product_cat","embeddable":true,"href":"https:\/\/beinghd.com\/tr\/wp-json\/wp\/v2\/product_cat?post=15431"},{"taxonomy":"product_tag","embeddable":true,"href":"https:\/\/beinghd.com\/tr\/wp-json\/wp\/v2\/product_tag?post=15431"}],"curies":[{"name":"wp","href":"https:\/\/api.w.org\/{rel}","templated":true}]}}